{"id":47230,"date":"2024-01-19T16:05:19","date_gmt":"2024-01-19T15:05:19","guid":{"rendered":"https:\/\/pfatubeshop.com\/product\/pfa-slang-451-hog-renhet-1-16%e2%80%b3-x-1-8%e2%80%b3-16-mm-x-32-mm\/"},"modified":"2024-06-24T19:48:24","modified_gmt":"2024-06-24T17:48:24","slug":"pfa-slang-451-hog-renhet-1-16%e2%80%b3-x-1-8%e2%80%b3-16-mm-x-32-mm","status":"publish","type":"product","link":"https:\/\/pfatubeshop.com\/sv\/produkt\/pfa-slang-451-hog-renhet-1-16%e2%80%b3-x-1-8%e2%80%b3-16-mm-x-32-mm\/","title":{"rendered":"PFA-slang 451 H\u00f6g renhet 1\/16\u2033 x 1\/8\u2033 &#8211; 1,6 mm x 3,2 mm"},"content":{"rendered":"<h1>PFA-slang med h\u00f6g renhet 1\/16\u2033 x 1\/8\u2033- (1,6 mm x 3,2 mm)<\/h1>\n<p>Denna PFA-slang \u00e4r tillverkad av <strong>Chemours 451 HP-granulat <\/strong>. Slangen har en ytterdiameter p\u00e5 3,2 mm (OD), en innerdiameter p\u00e5 1,6 mm (ID) och en v\u00e4ggtjocklek p\u00e5 0,8 mm.<\/p>\n<p>PFA 451HP-slangar anv\u00e4nds ofta som r\u00f6r f\u00f6r produktion av ultrarena kemikalier, komponenter f\u00f6r transport av v\u00e4tskor inom halvledarindustrin och h\u00f6gpresterande kemiska doseringssystem d\u00e4r renhet \u00e4r det h\u00f6gsta kravet.<\/p>\n<p>PFA 451HP-slangar har \u00e4nnu b\u00e4ttre ytj\u00e4mnhet j\u00e4mf\u00f6rt med PFA-standardslangar och anv\u00e4nds d\u00e4r h\u00f6gsta niv\u00e5 av kemisk best\u00e4ndighet och renhet kr\u00e4vs.<\/p>\n<p>Produkter tillverkade av PFA 451HP granulat\/resin uppfyller kraven f\u00f6r kontakt med livsmedel enligt FDA 21 CFR 177.1550 och den europeiska f\u00f6rordningen (EU) nr 10\/2011. Fullst\u00e4ndig information finns p\u00e5 <a href=\"https:\/\/www.teflon.com\/en\/-\/media\/files\/teflon\/teflon-pfa-451hp-product-info.pdf?rev=1a7aa238a39543218468304f57b6c73c&amp;hash=0E3C9255CCAC4D0E33F6B2AD380CE8ED\" rel=\"noopener\">Chemours<\/a> webbplats.<\/p>\n<p><strong>Denna PFA-slang med h\u00f6g renhet har f\u00f6ljande egenskaper:<\/strong><\/p>\n<ul>\n<li>Inv\u00e4ndig diameter (ID): 1,6 mm +\/- 0,1 mm<\/li>\n<li>Utv\u00e4ndig diameter (OD): 3,2 mm +\/- 0,1 mm<\/li>\n<li>V\u00e4ggtjocklek: 0,8 mm +\/- 0,1 mm<\/li>\n<li>Temperaturomr\u00e5de: minus 200\u00b0C till plus 260\u00b0C<\/li>\n<li>B\u00f6jningsradie: 10 &#8211; 12 mm<\/li>\n<li>F\u00e4rg: Transparent<\/li>\n<li>Form: Sl\u00e4t<\/li>\n<li>FDA-godk\u00e4nnande: Ja<\/li>\n<li>Vikt per 100 meter: 1,34 kg<\/li>\n<li>Burst-tryck i Bar (20\u00b0C): 165 Bar<\/li>\n<li>Arbetstryck (20\u00b0C): 33 Bar*.<\/li>\n<\/ul>\n<p>PFA (perfluoroalkoxy) har unika egenskaper:<\/p>\n<ul>\n<li>Transparent<\/li>\n<li>Sm\u00e4ltbar \/ svetsbar<\/li>\n<li>Kemiskt inert<\/li>\n<li>Brett temperaturomr\u00e5de -200C till +260C<\/li>\n<li>Ingen vidh\u00e4ftning \/ mycket l\u00e5g friktion<\/li>\n<li>Vattenavvisande<\/li>\n<li>FDA-godk\u00e4nd<\/li>\n<li>Bra isoleringsv\u00e4rden<\/li>\n<\/ul>\n<p style=\"text-align: center;\"><b>Alla produktegenskaper \u00e4r referensv\u00e4rden, anv\u00e4ndningsf\u00f6rh\u00e5llanden kan p\u00e5verka och d\u00e4rf\u00f6r rekommenderar vi alltid omfattande tester.<\/b><\/p>\n<p>* F\u00f6rh\u00e5llandet mellan spr\u00e4ngningstryck och arbetstryck \u00e4r i allm\u00e4nhet 3 till 1 eller 5 till 1 beroende p\u00e5 temperatur, mediet som \u00e4r i kontakt med PFA-slangen, riskanalys och andra faktorer.<\/p>\n<p><span style=\"color: #1a1a1a; font-size: 1.4rem; letter-spacing: -0.02em;\">Best\u00e4ll 1\/16\u2033 x 1\/8\u2033- (1,6 mm x 3,2 mm) PFA-slang med h\u00f6g renhet och 8 f\u00f6rdelar \u01c0 PTFEtubeshop.com<\/span><\/p>\n<p>Denna Teflon PFA-slang 1\/16\u2033 x 1\/8\u2033- (1,6 mm x 3,2 mm) uppfyller v\u00e5ra 8 k\u00e4rnv\u00e4rden:<\/p>\n<p>1) Frakt inom 24 timmar om det finns i lager<br \/>\n2) PFA-slang, f\u00f6rstklassig kvalitet med sn\u00e4va toleranser<br \/>\n3) Best\u00e4ll online fr\u00e5n 1 meter eller fr\u00e5ga om skr\u00e4ddarsydda slangalternativ<br \/>\n4) Kundspecifikt lager och just-in-time-leverans; <a href=\"https:\/\/pfatubeshop.com\/contact\/\">kontakta<\/a> oss f\u00f6r att diskutera alternativ<br \/>\n5) Leverans p\u00e5 faktura. H\u00f6r av dig eller mejla en ink\u00f6psorder s\u00e5 ser vi om vi kan b\u00f6rja leverera p\u00e5 faktura<br \/>\n6) Leverans \u00f6ver hela v\u00e4rlden, ange leveransadressen vid utcheckningen och systemet ber\u00e4knar fraktkostnaderna<br \/>\n7) CO2-reduktion, vi planterar ett tr\u00e4d f\u00f6r varje 20 kilo material vi s\u00e4ljer<br \/>\n8) Pris, ifall v\u00e5rt pris trots allt inte \u00e4r r\u00e4tt. L\u00e5t oss veta s\u00e5 kan vi se om vi kan tillgodose dina \u00f6nskem\u00e5l.<\/p>\n<p>Uppt\u00e4ck den o\u00f6vertr\u00e4ffade prestandan och h\u00e5llbarheten hos v\u00e5ra h\u00f6gkvalitativa PFA HP-slangar. Oavsett om du \u00e4r verksam inom kemi-, l\u00e4kemedels-, flyg- eller andra kr\u00e4vande industrier erbjuder v\u00e5ra PFA-slangar tillf\u00f6rlitliga l\u00f6sningar f\u00f6r dina kritiska applikationer. Med utm\u00e4rkt kemikaliebest\u00e4ndighet, tolerans mot extrema temperaturer och ett brett utbud av tillg\u00e4ngliga storlekar och l\u00e4ngder uppfyller v\u00e5ra produkter de h\u00f6gsta kraven p\u00e5 prestanda och tillf\u00f6rlitlighet. Om du har n\u00e5gra ytterligare fr\u00e5gor eller letar efter en alternativ diameter, kontakta <a style=\"font-size: 16px;\" href=\"https:\/\/pfatubeshop.com\/offerte-aanvragen\/\">oss<\/a> idag f\u00f6r<span style=\"font-size: 16px;\"> mer information<\/span>.<\/p>\n<h3>Teflon\u2122 PFA<\/h3>\n<p>Teflon\u2122 \u00e4r ett registrerat varum\u00e4rke som tillh\u00f6r Chemours f\u00f6r dess fluoroplastiska granulat, bel\u00e4ggningar och filmer etc. Varum\u00e4rket Teflon\u2122 \u00e4r licensierat av Chemours i samband med godk\u00e4nda applikationer. Utan en varum\u00e4rkeslicens f\u00e5r vi inte identifiera v\u00e5ra produkter med varum\u00e4rket Teflon, eftersom vi inte har n\u00e5gon varum\u00e4rkeslicens f\u00f6r Teflon. D\u00e4rf\u00f6r anv\u00e4nder vi endast materialkoden Chemours 451HP f\u00f6r v\u00e5ra slangar med h\u00f6g renhet och inte Teflon 451HP.<\/p>\n<h3>Pristabell PFA-slang HP451 1\/16\u2033 x 1\/8\u2033- (1,6mm x 3,2mm)<\/h3>\n<div id=\"ConnectiveDocSignExtentionInstalled\" data-extension-version=\"1.0.4\"><\/div>\n","protected":false},"excerpt":{"rendered":"<p><strong><span style=\"color: #c51230;\"><i class=\"far fa-check\"><\/i> \u221a Chemours PFA-material <\/span> <\/strong><br \/>\n<i class=\"far fa-check\"><\/i><\/p>\n<p><strong><span style=\"color: #c51230;\">\u221a<\/span> 451 HP granulat &#8211; h\u00f6g renhet<\/strong><br \/>\n<i class=\"far fa-check\"><\/i><\/p>\n<p><strong><span style=\"color: #c51230;\">\u221a <\/span>Skickas inom 24 timmar fr\u00e5n 1 meter<\/strong><br \/>\n<i class=\"far fa-check\"><\/i><\/p>\n<p><strong><span style=\"color: #c51230;\">\u221a <\/span>Mycket sn\u00e4va <\/strong><b>toleranser<\/b><\/p>\n<div id=\"ConnectiveDocSignExtentionInstalled\" data-extension-version=\"1.0.4\"><\/div>\n","protected":false},"featured_media":41456,"template":"","meta":[],"product_brand":[],"product_cat":[13085],"product_tag":[14281],"class_list":{"0":"post-47230","1":"product","2":"type-product","3":"status-publish","4":"has-post-thumbnail","6":"type-high-purity-pfa-sv","7":"sizing-inch-sv","8":"product_cat-produkter","9":"product_tag-pfa-ror-16x32-mm","11":"first","12":"instock","13":"taxable","14":"shipping-taxable","15":"purchasable","16":"product-type-variable"},"_links":{"self":[{"href":"https:\/\/pfatubeshop.com\/sv\/wp-json\/wp\/v2\/product\/47230","targetHints":{"allow":["GET"]}}],"collection":[{"href":"https:\/\/pfatubeshop.com\/sv\/wp-json\/wp\/v2\/product"}],"about":[{"href":"https:\/\/pfatubeshop.com\/sv\/wp-json\/wp\/v2\/types\/product"}],"wp:featuredmedia":[{"embeddable":true,"href":"https:\/\/pfatubeshop.com\/sv\/wp-json\/wp\/v2\/media\/41456"}],"wp:attachment":[{"href":"https:\/\/pfatubeshop.com\/sv\/wp-json\/wp\/v2\/media?parent=47230"}],"wp:term":[{"taxonomy":"product_brand","embeddable":true,"href":"https:\/\/pfatubeshop.com\/sv\/wp-json\/wp\/v2\/product_brand?post=47230"},{"taxonomy":"product_cat","embeddable":true,"href":"https:\/\/pfatubeshop.com\/sv\/wp-json\/wp\/v2\/product_cat?post=47230"},{"taxonomy":"product_tag","embeddable":true,"href":"https:\/\/pfatubeshop.com\/sv\/wp-json\/wp\/v2\/product_tag?post=47230"}],"curies":[{"name":"wp","href":"https:\/\/api.w.org\/{rel}","templated":true}]}}