{"id":44258,"date":"2023-10-23T15:41:14","date_gmt":"2023-10-23T13:41:14","guid":{"rendered":"https:\/\/pfatubeshop.com\/?post_type=product&#038;p=44258"},"modified":"2024-04-08T21:54:10","modified_gmt":"2024-04-08T19:54:10","slug":"pfa-slang-1-mm-x-2-mm","status":"publish","type":"product","link":"https:\/\/pfatubeshop.com\/sv\/produkt\/pfa-slang-1-mm-x-2-mm\/","title":{"rendered":"PFA-slang 1 mm x 2 mm"},"content":{"rendered":"<h1>PFA-Slang 1 mm x 2 mm<\/h1>\n<p>Denna PFA-slang har en ytterdiameter p\u00e5 2 mm (OD), en innerdiameter p\u00e5 1 mm (ID) och en v\u00e4ggtjocklek p\u00e5 0,5 mm. V\u00e5ra PFA-slangar \u00e4r uteslutande tillverkade av 100-procent rent PFA-granulat. PFA-slangar (perfluorerade alkylsubstanser) \u00e4r en typ av r\u00f6r som anv\u00e4nds i olika applikationer, s\u00e4rskilt i industriella och kemiska milj\u00f6er, p\u00e5 grund av dess unika egenskaper:<\/p>\n<ul>\n<li>Genomskinlig<\/li>\n<li>Sm\u00e4ltbar\/svetsbar<\/li>\n<li>Kemiskt inert<\/li>\n<li>Brett temperaturintervall -200\u00b0C till +260\u00b0C<\/li>\n<li>Icke-vidh\u00e4ftande\/mycket l\u00e5g friktion<\/li>\n<li>Hydrofob (vattenavvisande)<\/li>\n<li>Godk\u00e4nd av FDA<\/li>\n<li>Goda isoleringsegenskaper<\/li>\n<\/ul>\n<p>&nbsp;<\/p>\n<p>PFA har bred till\u00e4mpning inom olika sektorer, inklusive den medicinska industrin, flygindustrin, petrokemi, halvledarindustrin samt f\u00f6rpacknings- och livsmedelsindustrin.<\/p>\n<h4>Denna PFA-slang har f\u00f6ljande produktegenskaper:<\/h4>\n<ul>\n<li>Innerdiameter (ID): 1,0 mm +\/- 0,1 mm<\/li>\n<li>Ytterdiameter (OD): 2,0 mm +\/- 0,1 mm<\/li>\n<li>V\u00e4ggtjocklek: 0,5 mm +\/- 0,1 mm<\/li>\n<li>Temperaturintervall: -200\u00b0C till +260\u00b0C<\/li>\n<li>B\u00f6jningsradie: 10 \u2013 12 mm<\/li>\n<li>F\u00e4rg: Genomskinligt<\/li>\n<li>Form: Sl\u00e4t<\/li>\n<li>Godk\u00e4nd av FDA: Ja<\/li>\n<li>Vikt per 100 meter: 0,52 kg<\/li>\n<li>Spr\u00e4ngtryck i bar (vid 20\u00b0C): 165 bar<\/li>\n<li>Arbetstryck (vid 20\u00b0C): 33 bar*<\/li>\n<\/ul>\n<p>&nbsp;<\/p>\n<p style=\"text-align: center;\"><b>Alla produktfunktioner \u00e4r endast f\u00f6r referens; Driftsf\u00f6rh\u00e5llandena kan p\u00e5verka, s\u00e5 vi<br \/>\nrekommenderar alltid noggranna tester.<\/b><\/p>\n<p>* F\u00f6rh\u00e5llandet mellan spr\u00e4ngtryck och arbetstryck \u00e4r i allm\u00e4nhet 3 till 1 eller 5 till 1, beroende p\u00e5 temperatur, mediet i kontakt med PFA-r\u00f6ret, riskanalys och andra faktorer.<\/p>\n<p>Om du letar efter mer information om det unika materialet PFA kan den fullst\u00e4ndiga beskrivningen p\u00e5 Wikipedia av PFA-egenskaperna vara av intresse: <a href=\"https:\/\/en.wikipedia.org\/wiki\/Perfluoroalkoxy_alkane\" rel=\"noopener\">Perfluoroalkoxy alkane &#8211; Wikipedia<\/a><\/p>\n<h3>Best\u00e4ll 1 x 2 mm PFA-slangar med 8 f\u00f6rdelar | PTFEtubeshop.com<\/h3>\n<p>Denna 1 x 2 mm PFA-slang levereras i linje med v\u00e5ra \u00e5tta grundl\u00e4ggande v\u00e4rderingar:<\/p>\n<p>1) Skickas inom 24 timmar, om den finns p\u00e5 lager.<br \/>\n2) PFA-slang av f\u00f6rstklassig kvalitet med strikta toleranser.<br \/>\n3) Tillg\u00e4nglig f\u00f6r online-best\u00e4llningar fr\u00e5n 1 meter, eller efterfr\u00e5ga alternativen f\u00f6r att best\u00e4lla specialtillskurna r\u00f6r.<br \/>\n4) Kundspecifikt lager och just-in-time-leveranser; <a href=\"https:\/\/pfatubeshop.com\/sv\/kontakt\/\">Kontakta oss<\/a> f\u00f6r att diskutera m\u00f6jligheterna.<br \/>\n5) Leverans p\u00e5 kredit. Kontakta oss eller skicka en ink\u00f6psorder, s\u00e5 ska vi f\u00f6rs\u00f6ka leverera med en 30-dagars faktura.<br \/>\n6) Frakt \u00f6ver hela v\u00e4rlden \u2013 ange leveransadressen i kassan s\u00e5 ber\u00e4knar systemet fraktkostnaderna.<br \/>\n7) CO2-reduktion \u2013 vi planterar ett tr\u00e4d f\u00f6r varje 20 kilo material vi s\u00e4ljer.<br \/>\n8) Pris &#8211; om v\u00e5rt pris inte \u00e4r konkurrenskraftigt, l\u00e5t oss veta, s\u00e5 ska vi f\u00f6rs\u00f6ka tillgodose dig.<\/p>\n<p>Uppt\u00e4ck den o\u00f6vertr\u00e4ffade prestandan och h\u00e5llbarheten hos v\u00e5ra h\u00f6gkvalitativa PFA-slangar. Oavsett om du \u00e4r verksam inom den kemiska industrin, l\u00e4kemedelssektorn, flygindustrin eller andra kr\u00e4vande omr\u00e5den, erbjuder v\u00e5ra PFA-slangar tillf\u00f6rlitliga l\u00f6sningar f\u00f6r dina kritiska applikationer. Med utm\u00e4rkt kemisk best\u00e4ndighet, extrem temperaturtolerans och en rad tillg\u00e4ngliga storlekar och l\u00e4ngder uppfyller v\u00e5ra produkter de h\u00f6gsta kraven p\u00e5 prestanda och tillf\u00f6rlitlighet. Om du har ytterligare fr\u00e5gor eller letar efter en alternativ diameter, <a href=\"https:\/\/pfatubeshop.com\/sv\/begar-en-offert\/\">kontakta oss<\/a> idag f\u00f6r mer information.<\/p>\n<h3>Pristabell f\u00f6r 1 x 2 mm PFA-slangar<\/h3>\n","protected":false},"excerpt":{"rendered":"<p><strong><span style=\"color: #c51230;\">\u221a<i class=\"far fa-check\"><\/i> <\/span>Tillverkad av 100-procent rent PFA<\/strong><br \/>\n<i class=\"far fa-check\"><\/i><\/p>\n<p><strong><span style=\"color: #c51230;\">\u221a <\/span>Tillg\u00e4ngligt i l\u00e4ngder fr\u00e5n 1 meter<\/strong><br \/>\n<i class=\"far fa-check\"><\/i><\/p>\n<p><strong><span style=\"color: #c51230;\">\u221a\u00a0<\/span>Sn\u00e4v diametertolerans<\/strong><br \/>\n<i class=\"far fa-check\"><\/i><\/p>\n<p><strong><span style=\"color: #c51230;\">\u221a\u00a0<\/span>Skickas inom 24 timmar<\/strong><\/p>\n<div id=\"ConnectiveDocSignExtentionInstalled\" data-extension-version=\"1.0.4\"><\/div>\n","protected":false},"featured_media":41456,"template":"","meta":[],"product_brand":[],"product_cat":[13085],"product_tag":[],"class_list":{"0":"post-44258","1":"product","2":"type-product","3":"status-publish","4":"has-post-thumbnail","6":"type-standard-pfa-sv","7":"sizing-mm-sv","8":"product_cat-produkter","10":"first","11":"instock","12":"taxable","13":"shipping-taxable","14":"purchasable","15":"product-type-variable"},"_links":{"self":[{"href":"https:\/\/pfatubeshop.com\/sv\/wp-json\/wp\/v2\/product\/44258","targetHints":{"allow":["GET"]}}],"collection":[{"href":"https:\/\/pfatubeshop.com\/sv\/wp-json\/wp\/v2\/product"}],"about":[{"href":"https:\/\/pfatubeshop.com\/sv\/wp-json\/wp\/v2\/types\/product"}],"wp:featuredmedia":[{"embeddable":true,"href":"https:\/\/pfatubeshop.com\/sv\/wp-json\/wp\/v2\/media\/41456"}],"wp:attachment":[{"href":"https:\/\/pfatubeshop.com\/sv\/wp-json\/wp\/v2\/media?parent=44258"}],"wp:term":[{"taxonomy":"product_brand","embeddable":true,"href":"https:\/\/pfatubeshop.com\/sv\/wp-json\/wp\/v2\/product_brand?post=44258"},{"taxonomy":"product_cat","embeddable":true,"href":"https:\/\/pfatubeshop.com\/sv\/wp-json\/wp\/v2\/product_cat?post=44258"},{"taxonomy":"product_tag","embeddable":true,"href":"https:\/\/pfatubeshop.com\/sv\/wp-json\/wp\/v2\/product_tag?post=44258"}],"curies":[{"name":"wp","href":"https:\/\/api.w.org\/{rel}","templated":true}]}}