{"id":47822,"date":"2024-06-07T12:35:10","date_gmt":"2024-06-07T10:35:10","guid":{"rendered":"https:\/\/pfatubeshop.com\/integritetspolicy\/"},"modified":"2024-06-07T12:35:11","modified_gmt":"2024-06-07T10:35:11","slug":"integritetspolicy","status":"publish","type":"page","link":"https:\/\/pfatubeshop.com\/sv\/integritetspolicy\/","title":{"rendered":"Integritetspolicy"},"content":{"rendered":"\n<h1>V\u00e4lkommen till v\u00e5r integritetspolicy<\/h1>\n<h3>Din integritet \u00e4r viktig f\u00f6r oss<\/h3>\n<p>PFA Tube Shop \u00e4r bel\u00e4get p\u00e5:<\/p>\n<address>PFA r\u00f6rbutik<br\/>Baarschot 20B Breda<br\/>4817 ZZ &#8211; Norra Brabant, Nederl\u00e4nderna<br\/>+31 76 201 1487<\/address>\n<p>Det \u00e4r PFA Tube Shops policy att respektera din integritet n\u00e4r det g\u00e4ller all information som vi kan samla in n\u00e4r du anv\u00e4nder v\u00e5r webbplats. Denna sekretesspolicy g\u00e4ller f\u00f6r <a href=\"https:\/\/pfatubeshop.com\/sv\/\">pfatubeshop.com<\/a> (nedan kallad &#8221;oss&#8221;, &#8221;vi&#8221; eller &#8221;pfatubeshop.com&#8221;). Vi respekterar din integritet och \u00e4r fast beslutna att skydda all personligt identifierbar information som du kan komma att l\u00e4mna till oss via webbplatsen. Vi har antagit denna sekretesspolicy (&#8221;Sekretesspolicy&#8221;) f\u00f6r att f\u00f6rklara vilken information som kan samlas in p\u00e5 v\u00e5r webbplats, hur vi anv\u00e4nder den informationen och under vilka omst\u00e4ndigheter vi kan l\u00e4mna ut informationen till tredje part. Denna sekretesspolicy g\u00e4ller endast information som vi samlar in via webbplatsen och g\u00e4ller inte f\u00f6r v\u00e5r insamling av information fr\u00e5n andra k\u00e4llor.<\/p>\n<p>Detta integritetsmeddelande, tillsammans med de villkor som publiceras p\u00e5 v\u00e5r webbplats, anger de allm\u00e4nna regler och policyer som g\u00e4ller f\u00f6r din anv\u00e4ndning av v\u00e5r webbplats. Beroende p\u00e5 vad du g\u00f6r n\u00e4r du bes\u00f6ker v\u00e5r webbplats kan du beh\u00f6va godk\u00e4nna ytterligare anv\u00e4ndarvillkor.<\/p>\n<h2>Bes\u00f6kare p\u00e5 webbplatsen<\/h2>\n<p>Som de flesta webbplatsoperat\u00f6rer samlar PFA Tube Shop in icke-personligt identifierande information av den typ som webbl\u00e4sare och servrar vanligtvis g\u00f6r tillg\u00e4ngliga, till exempel webbl\u00e4sartyp, spr\u00e5kpreferens, referenswebbplats och datum och tid f\u00f6r varje bes\u00f6kares beg\u00e4ran. PFA Tube Shops syfte med att samla in icke-personligt identifierbar information \u00e4r att b\u00e4ttre f\u00f6rst\u00e5 hur PFA Tube Shops bes\u00f6kare anv\u00e4nder webbplatsen. Ibland kan PFA Tube Shop publicera icke-personligt identifierbar information i samlad form, till exempel genom att publicera en rapport om trender i webbplatsanv\u00e4ndningen.<\/p>\n<p>PFA Tube Shop samlar ocks\u00e5 in potentiellt personligt identifierande information som IP-adresser f\u00f6r inloggade anv\u00e4ndare och f\u00f6r anv\u00e4ndare som l\u00e4mnar kommentarer till blogginl\u00e4gg p\u00e5 https:\/\/pfatubeshop.com\/. PFA Tube Shop avsl\u00f6jar endast IP-adresser f\u00f6r inloggade anv\u00e4ndare och kommentatorer under samma omst\u00e4ndigheter som den anv\u00e4nder och avsl\u00f6jar personligt identifierande information enligt beskrivningen nedan.<\/p>\n<h2>Insamling av personligt identifierbar information<\/h2>\n<p>Vissa bes\u00f6kare p\u00e5 PFA Tube Shops webbplatser v\u00e4ljer att interagera med PFA Tube Shop p\u00e5 s\u00e4tt som kr\u00e4ver att PFA Tube Shop samlar in personligt identifierande information. M\u00e4ngden och typen av information som samlas in av PFA Tube Shop beror p\u00e5 interaktionens natur. Vi ber till exempel bes\u00f6kare som prenumererar p\u00e5 en blogg p\u00e5 https:\/\/pfatubeshop.com\/ att ange ett anv\u00e4ndarnamn och en e-postadress.<\/p>\n<h2>S\u00e4kerhet<\/h2>\n<p>S\u00e4kerheten f\u00f6r din personliga information \u00e4r viktig f\u00f6r oss, men kom ih\u00e5g att ingen metod f\u00f6r \u00f6verf\u00f6ring via internet eller metod f\u00f6r elektronisk lagring \u00e4r 100% s\u00e4ker. Vi str\u00e4var efter att anv\u00e4nda kommersiellt godtagbara metoder f\u00f6r att skydda dina personuppgifter, men vi kan inte garantera att de \u00e4r helt s\u00e4kra.<\/p>\n<h2>Annonser<\/h2>\n<p>Annonser som visas p\u00e5 v\u00e5r webbplats kan levereras till anv\u00e4ndare av reklampartners, som kan st\u00e4lla in cookies. Dessa cookies g\u00f6r det m\u00f6jligt f\u00f6r annonsservern att k\u00e4nna igen din dator varje g\u00e5ng de skickar en onlineannons till dig och samla in information om dig eller andra som anv\u00e4nder din dator. Denna information g\u00f6r det m\u00f6jligt f\u00f6r annonsn\u00e4tverk att bland annat leverera riktade annonser som de tror kommer att vara av st\u00f6rst intresse f\u00f6r dig. Denna sekretesspolicy t\u00e4cker anv\u00e4ndningen av cookies av PFA Tube Shop och t\u00e4cker inte anv\u00e4ndningen av cookies av annons\u00f6rer.<\/p>\n<h2>L\u00e4nkar till externa webbplatser<\/h2>\n<p>V\u00e5r tj\u00e4nst kan inneh\u00e5lla l\u00e4nkar till externa webbplatser som inte drivs av oss. Om du klickar p\u00e5 en l\u00e4nk fr\u00e5n tredje part kommer du att omdirigeras till den tredje partens webbplats. Vi rekommenderar starkt att du l\u00e4ser igenom sekretesspolicyn och de allm\u00e4nna villkoren f\u00f6r varje webbplats som du bes\u00f6ker.<\/p>\n<p>Vi har ingen kontroll \u00f6ver och tar inget ansvar f\u00f6r inneh\u00e5ll, integritetspolicyer eller praxis p\u00e5 externa webbplatser, produkter eller tj\u00e4nster.<\/p>\n<h2>PFA Tube Shop anv\u00e4nder Google AdWords f\u00f6r remarketing<\/h2>\n<p>PFA Tube Shop anv\u00e4nder remarketingtj\u00e4nster f\u00f6r att annonsera p\u00e5 tredjepartswebbplatser (inklusive Google) till bes\u00f6kare som tidigare har bes\u00f6kt v\u00e5r webbplats. Detta kan inneb\u00e4ra annonsering till bes\u00f6kare som inte har slutf\u00f6rt en uppgift p\u00e5 v\u00e5r webbplats, till exempel att anv\u00e4nda kontaktformul\u00e4ret f\u00f6r att st\u00e4lla en fr\u00e5ga. Det kan vara i form av en annons p\u00e5 Googles s\u00f6kresultatsida eller p\u00e5 en webbplats i Googles Display-n\u00e4tverk. Tredje part, inklusive Google, anv\u00e4nder cookies f\u00f6r att visa annonser baserat p\u00e5 tidigare bes\u00f6k. Naturligtvis kommer alla uppgifter som samlas in att anv\u00e4ndas i enlighet med v\u00e5r egen integritetspolicy och Googles integritetspolicy.<\/p>\n<p>Du kan st\u00e4lla in preferenser f\u00f6r hur Google annonserar till dig via Google Ad\n\nOm du vill kan du v\u00e4lja bort intressebaserade annonser helt och h\u00e5llet via cookie-inst\u00e4llningar eller permanent med hj\u00e4lp av ett webbl\u00e4sartill\u00e4gg.<\/p>\n<h2>Aggregerad statistik<\/h2>\n<p>PFA Tube Shop kan samla in statistik om bes\u00f6karnas beteende p\u00e5 sin webbplats. PFA Tube Shop kan visa denna information offentligt eller tillhandah\u00e5lla den till andra. PFA Tube Shop l\u00e4mnar dock inte ut n\u00e5gon personligt identifierbar information om dig.<\/p>\n<h2>Kakor<\/h2>\n<p>F\u00f6r att berika och f\u00f6rb\u00e4ttra din onlineupplevelse anv\u00e4nder PFA Tube Shop &#8221;cookies&#8221;, liknande tekniker och tj\u00e4nster som tillhandah\u00e5lls av andra f\u00f6r att visa personligt inneh\u00e5ll, visa l\u00e4mpliga annonser och lagra dina preferenser p\u00e5 din dator.<\/p>\n<p>En cookie \u00e4r en str\u00e4ng med information som en webbplats lagrar p\u00e5 en bes\u00f6kares dator och som bes\u00f6karens webbl\u00e4sare tillhandah\u00e5ller webbplatsen varje g\u00e5ng han eller hon bes\u00f6ker webbplatsen. PFA Tube Shop anv\u00e4nder cookies f\u00f6r att identifiera och sp\u00e5ra bes\u00f6kare, deras anv\u00e4ndning av https:\/\/pfatubeshop.com\/ och deras preferenser f\u00f6r att komma \u00e5t webbplatsen. Bes\u00f6kare p\u00e5 PFA Tube Shop som inte vill ha cookies placerade p\u00e5 sina datorer b\u00f6r st\u00e4lla in sina webbl\u00e4sare f\u00f6r att v\u00e4gra cookies innan de anv\u00e4nder PFA Tube Shop-webbplatser, med nackdelen att vissa funktioner p\u00e5 PFA Tube Shop-webbplatser kanske inte fungerar korrekt utan hj\u00e4lp av cookies.<\/p>\n<p>Genom att forts\u00e4tta anv\u00e4nda v\u00e5r webbplats utan att \u00e4ndra dina cookieinst\u00e4llningar bekr\u00e4ftar och godk\u00e4nner du PFA Tube Shops anv\u00e4ndning av cookies.<\/p>\n<h2>E-handel<\/h2>\n<p>De som ing\u00e5r transaktioner med PFA Tube Shop &#8211; genom att k\u00f6pa PFA Tube Shops tj\u00e4nster eller produkter, uppmanas att tillhandah\u00e5lla ytterligare information, inklusive den personliga och finansiella information som kr\u00e4vs f\u00f6r att behandla dessa transaktioner. I varje fall samlar PFA Tube Shop s\u00e5dan information endast i den utstr\u00e4ckning som \u00e4r n\u00f6dv\u00e4ndig eller l\u00e4mplig f\u00f6r att uppfylla syftet med bes\u00f6karens interaktion med PFA Tube Shop. PFA Tube Shop l\u00e4mnar ut personligt identifierbar information endast enligt beskrivningen nedan. Bes\u00f6kare kan alltid v\u00e4gra att l\u00e4mna ut personlig information, men d\u00e5 kan det h\u00e4nda att de inte kan delta i vissa aktiviteter som \u00e4r relaterade till webbplatsen.<\/p>\n<h2>\u00c4ndringar i sekretesspolicyn<\/h2>\n<p>\u00c4ven om de flesta \u00e4ndringar sannolikt kommer att vara mindre, kan PFA Tube Shop \u00e4ndra sin sekretesspolicy fr\u00e5n tid till annan och efter PFA Tube Shops eget gottfinnande. PFA Tube Shop uppmuntrar bes\u00f6kare att ofta kontrollera denna sida f\u00f6r eventuella \u00e4ndringar i sekretesspolicyn. Fortsatt anv\u00e4ndning av denna webbplats efter en \u00e4ndring av denna integritetspolicy inneb\u00e4r att du godk\u00e4nner \u00e4ndringen.<\/p>\n<h2>Kredit- och kontaktinformation<\/h2>\nOm du har n\u00e5gra fr\u00e5gor om v\u00e5r integritetspolicy, v\u00e4nligen kontakta oss via <a href=\"mailto:info@pfatubeshop.com\">e-post<\/a> eller <a href=\"tel:+312076202%2076%\">telefon<\/a>.\n","protected":false},"excerpt":{"rendered":"<p>V\u00e4lkommen till v\u00e5r integritetspolicy Din integritet \u00e4r viktig f\u00f6r oss PFA Tube Shop \u00e4r bel\u00e4get p\u00e5: PFA r\u00f6rbutikBaarschot 20B Breda4817 ZZ &#8211; Norra Brabant, Nederl\u00e4nderna+31 76 201 1487 Det \u00e4r PFA Tube Shops policy att respektera din integritet n\u00e4r det g\u00e4ller all information som vi kan samla in n\u00e4r du anv\u00e4nder v\u00e5r webbplats. Denna sekretesspolicy [&hellip;]<\/p>\n","protected":false},"author":2,"featured_media":0,"parent":0,"menu_order":0,"comment_status":"closed","ping_status":"open","template":"","meta":{"footnotes":""},"class_list":["post-47822","page","type-page","status-publish","hentry"],"_links":{"self":[{"href":"https:\/\/pfatubeshop.com\/sv\/wp-json\/wp\/v2\/pages\/47822","targetHints":{"allow":["GET"]}}],"collection":[{"href":"https:\/\/pfatubeshop.com\/sv\/wp-json\/wp\/v2\/pages"}],"about":[{"href":"https:\/\/pfatubeshop.com\/sv\/wp-json\/wp\/v2\/types\/page"}],"author":[{"embeddable":true,"href":"https:\/\/pfatubeshop.com\/sv\/wp-json\/wp\/v2\/users\/2"}],"replies":[{"embeddable":true,"href":"https:\/\/pfatubeshop.com\/sv\/wp-json\/wp\/v2\/comments?post=47822"}],"version-history":[{"count":0,"href":"https:\/\/pfatubeshop.com\/sv\/wp-json\/wp\/v2\/pages\/47822\/revisions"}],"wp:attachment":[{"href":"https:\/\/pfatubeshop.com\/sv\/wp-json\/wp\/v2\/media?parent=47822"}],"curies":[{"name":"wp","href":"https:\/\/api.w.org\/{rel}","templated":true}]}}