{"id":47774,"date":"2024-06-07T12:33:56","date_gmt":"2024-06-07T10:33:56","guid":{"rendered":"https:\/\/pfatubeshop.com\/aterkomst\/"},"modified":"2024-06-07T12:34:00","modified_gmt":"2024-06-07T10:34:00","slug":"aterkomst","status":"publish","type":"page","link":"https:\/\/pfatubeshop.com\/sv\/aterkomst\/","title":{"rendered":"\u00c5terkomst"},"content":{"rendered":"\n<p><strong>Kan jag returnera mina varor?<\/strong><\/p>\n\n<p>Vi anv\u00e4nder tv\u00e5 kategorier: tillskurna bitar och hela rullar.<\/p>\n\n<p>H\u00e4mtade fr\u00e5n <strong>\n  <em>tillskurna bitar<\/em>\n<\/strong> kan i princip inte \u00e5terl\u00e4mnas. Dessa kommer att skr\u00e4ddarsys f\u00f6r dig. Undantaget \u00e4r om fel l\u00e4ngdm\u00e5tt eller fel diameter levereras.<\/p>\n\n<p>F\u00f6r <strong>\n  <em>hela rullar<\/em>\n<\/strong> kan \u00e5terl\u00e4mnas. Detta g\u00e4ller med f\u00f6rbeh\u00e5ll f\u00f6r en lagstadgad tidsfrist p\u00e5 14 dagar efter mottagandet. Hela rullar \u00e4r 50 meter l\u00e5nga eller multiplar d\u00e4rav.<\/p>\n\n<p><strong>\u00c4r returer kostnadsfria?<\/strong><\/p>\n\n<p>Nej, kostnaden f\u00f6r returer betalas av k\u00f6paren.<\/p>\n\n<p><strong>N\u00e4r kommer jag att f\u00e5 tillbaka pengarna?<\/strong><\/p>\n\n<p>N\u00e4r returen har tagits emot och godk\u00e4nts \u00e5terbetalar vi returbeloppet inom 5 arbetsdagar.<\/p>\n\n<p><strong>Kan jag avbest\u00e4lla en order?<\/strong><\/p>\n\n<p>Ja, s\u00e5 l\u00e4nge varan inte har skickats eller kapats till r\u00e4tt storlek kan du \u00e5ngra k\u00f6pet. Men vi arbetar blixtsnabbt, s\u00e5 i det h\u00e4r fallet \u00e4r det bekv\u00e4mast att kontakta oss via telefon.<\/p>\n","protected":false},"excerpt":{"rendered":"<p>Kan jag returnera mina varor? Vi anv\u00e4nder tv\u00e5 kategorier: tillskurna bitar och hela rullar. H\u00e4mtade fr\u00e5n tillskurna bitar kan i princip inte \u00e5terl\u00e4mnas. Dessa kommer att skr\u00e4ddarsys f\u00f6r dig. Undantaget \u00e4r om fel l\u00e4ngdm\u00e5tt eller fel diameter levereras. F\u00f6r hela rullar kan \u00e5terl\u00e4mnas. Detta g\u00e4ller med f\u00f6rbeh\u00e5ll f\u00f6r en lagstadgad tidsfrist p\u00e5 14 dagar efter [&hellip;]<\/p>\n","protected":false},"author":2,"featured_media":0,"parent":0,"menu_order":0,"comment_status":"closed","ping_status":"closed","template":"","meta":{"footnotes":""},"class_list":["post-47774","page","type-page","status-publish","hentry"],"_links":{"self":[{"href":"https:\/\/pfatubeshop.com\/sv\/wp-json\/wp\/v2\/pages\/47774","targetHints":{"allow":["GET"]}}],"collection":[{"href":"https:\/\/pfatubeshop.com\/sv\/wp-json\/wp\/v2\/pages"}],"about":[{"href":"https:\/\/pfatubeshop.com\/sv\/wp-json\/wp\/v2\/types\/page"}],"author":[{"embeddable":true,"href":"https:\/\/pfatubeshop.com\/sv\/wp-json\/wp\/v2\/users\/2"}],"replies":[{"embeddable":true,"href":"https:\/\/pfatubeshop.com\/sv\/wp-json\/wp\/v2\/comments?post=47774"}],"version-history":[{"count":0,"href":"https:\/\/pfatubeshop.com\/sv\/wp-json\/wp\/v2\/pages\/47774\/revisions"}],"wp:attachment":[{"href":"https:\/\/pfatubeshop.com\/sv\/wp-json\/wp\/v2\/media?parent=47774"}],"curies":[{"name":"wp","href":"https:\/\/api.w.org\/{rel}","templated":true}]}}