{"id":47763,"date":"2024-06-07T12:33:06","date_gmt":"2024-06-07T10:33:06","guid":{"rendered":"https:\/\/pfatubeshop.com\/tack-for-offertforfragan\/"},"modified":"2024-06-07T12:33:06","modified_gmt":"2024-06-07T10:33:06","slug":"tack-for-offertforfragan","status":"publish","type":"page","link":"https:\/\/pfatubeshop.com\/sv\/tack-for-offertforfragan\/","title":{"rendered":"Tack f\u00f6r offertf\u00f6rfr\u00e5gan"},"content":{"rendered":"<p>Tack f\u00f6r din f\u00f6rfr\u00e5gan, vi kommer att kontakta dig s\u00e5 snart som m\u00f6jligt f\u00f6r alternativ.<\/p>\n","protected":false},"excerpt":{"rendered":"<p>Tack f\u00f6r din f\u00f6rfr\u00e5gan, vi kommer att kontakta dig s\u00e5 snart som m\u00f6jligt f\u00f6r alternativ.<\/p>\n","protected":false},"author":2,"featured_media":0,"parent":0,"menu_order":0,"comment_status":"closed","ping_status":"closed","template":"","meta":{"footnotes":""},"class_list":["post-47763","page","type-page","status-publish","hentry"],"_links":{"self":[{"href":"https:\/\/pfatubeshop.com\/sv\/wp-json\/wp\/v2\/pages\/47763","targetHints":{"allow":["GET"]}}],"collection":[{"href":"https:\/\/pfatubeshop.com\/sv\/wp-json\/wp\/v2\/pages"}],"about":[{"href":"https:\/\/pfatubeshop.com\/sv\/wp-json\/wp\/v2\/types\/page"}],"author":[{"embeddable":true,"href":"https:\/\/pfatubeshop.com\/sv\/wp-json\/wp\/v2\/users\/2"}],"replies":[{"embeddable":true,"href":"https:\/\/pfatubeshop.com\/sv\/wp-json\/wp\/v2\/comments?post=47763"}],"version-history":[{"count":0,"href":"https:\/\/pfatubeshop.com\/sv\/wp-json\/wp\/v2\/pages\/47763\/revisions"}],"wp:attachment":[{"href":"https:\/\/pfatubeshop.com\/sv\/wp-json\/wp\/v2\/media?parent=47763"}],"curies":[{"name":"wp","href":"https:\/\/api.w.org\/{rel}","templated":true}]}}