{"id":47680,"date":"2024-06-07T12:27:19","date_gmt":"2024-06-07T10:27:19","guid":{"rendered":"https:\/\/pfatubeshop.com\/korg\/"},"modified":"2024-06-07T12:27:20","modified_gmt":"2024-06-07T10:27:20","slug":"korg","status":"publish","type":"page","link":"https:\/\/pfatubeshop.com\/sv\/korg\/","title":{"rendered":"Korg"},"content":{"rendered":"\t\t<div data-elementor-type=\"wp-page\" data-elementor-id=\"47680\" class=\"elementor elementor-47680 elementor-10\" data-elementor-post-type=\"page\">\n\t\t\t\t<div class=\"elementor-element elementor-element-fb01104 e-flex e-con-boxed e-con e-parent\" data-id=\"fb01104\" data-element_type=\"container\" data-e-type=\"container\">\n\t\t\t\t\t<div class=\"e-con-inner\">\n\t\t\t\t\t<\/div>\n\t\t\t\t<\/div>\n\t\t<div class=\"elementor-element elementor-element-408614b e-flex e-con-boxed e-con e-parent\" data-id=\"408614b\" data-element_type=\"container\" data-e-type=\"container\">\n\t\t\t\t\t<div class=\"e-con-inner\">\n\t\t\t\t<div class=\"elementor-element elementor-element-422e42c elementor-widget elementor-widget-text-editor\" data-id=\"422e42c\" data-element_type=\"widget\" data-e-type=\"widget\" data-widget_type=\"text-editor.default\">\n\t\t\t\t<div class=\"elementor-widget-container\">\n\t\t\t\t\t\t\t\t\t<h2> <\/h2>\n<h2 class=\"elementor-heading-title elementor-size-default\" style=\"text-align: center;\"><strong>K\u00f6p PFA-slang med dessa 8 f\u00f6rdelar<\/strong><\/h2>\n<\/p>\n<ol>\n<li>Snabb och effektiv <strong>leverans inom 1 arbetsdag<\/strong><\/li>\n<li>Premiumkvalitet med sn\u00e4va <strong>toleranser<\/strong><\/li>\n<li>L\u00e4ngder <strong>fr\u00e5n 1 meter<\/strong><\/li>\n<li>Kundspecifika lager och Just-in-Time-leveranser<\/li>\n<li>Fakturering p\u00e5 konto<\/li>\n<li>Global leverans<\/li>\n<li>H\u00e5llbarhet och <strong>CO2-reduktion<\/strong><\/li>\n<li><strong>H\u00f6ga priser<\/strong><\/li>\n<\/ol>\n\t\t\t\t\t\t\t\t<\/div>\n\t\t\t\t<\/div>\n\t\t\t\t\t<\/div>\n\t\t\t\t<\/div>\n\t\t\t\t<\/div>\n\t\t","protected":false},"excerpt":{"rendered":"<p>K\u00f6p PFA-slang med dessa 8 f\u00f6rdelar Snabb och effektiv leverans inom 1 arbetsdag Premiumkvalitet med sn\u00e4va toleranser L\u00e4ngder fr\u00e5n 1 meter Kundspecifika lager och Just-in-Time-leveranser Fakturering p\u00e5 konto Global leverans H\u00e5llbarhet och CO2-reduktion H\u00f6ga priser<\/p>\n","protected":false},"author":2,"featured_media":0,"parent":0,"menu_order":0,"comment_status":"closed","ping_status":"closed","template":"","meta":{"footnotes":""},"class_list":["post-47680","page","type-page","status-publish","hentry"],"_links":{"self":[{"href":"https:\/\/pfatubeshop.com\/sv\/wp-json\/wp\/v2\/pages\/47680","targetHints":{"allow":["GET"]}}],"collection":[{"href":"https:\/\/pfatubeshop.com\/sv\/wp-json\/wp\/v2\/pages"}],"about":[{"href":"https:\/\/pfatubeshop.com\/sv\/wp-json\/wp\/v2\/types\/page"}],"author":[{"embeddable":true,"href":"https:\/\/pfatubeshop.com\/sv\/wp-json\/wp\/v2\/users\/2"}],"replies":[{"embeddable":true,"href":"https:\/\/pfatubeshop.com\/sv\/wp-json\/wp\/v2\/comments?post=47680"}],"version-history":[{"count":0,"href":"https:\/\/pfatubeshop.com\/sv\/wp-json\/wp\/v2\/pages\/47680\/revisions"}],"wp:attachment":[{"href":"https:\/\/pfatubeshop.com\/sv\/wp-json\/wp\/v2\/media?parent=47680"}],"curies":[{"name":"wp","href":"https:\/\/api.w.org\/{rel}","templated":true}]}}