{"id":47623,"date":"2024-06-07T12:24:12","date_gmt":"2024-06-07T10:24:12","guid":{"rendered":"https:\/\/pfatubeshop.com\/betalningsalternativ\/"},"modified":"2026-03-25T12:40:36","modified_gmt":"2026-03-25T11:40:36","slug":"betalningsalternativ","status":"publish","type":"page","link":"https:\/\/pfatubeshop.com\/sv\/betalningsalternativ\/","title":{"rendered":"Betalningsalternativ"},"content":{"rendered":"\n<p>Vi anv\u00e4nder f\u00f6ljande alternativ f\u00f6r att betala s\u00e4kert online:<\/p>\n\n<ul class=\"wp-block-list\">\n<li>iDEAL | Wero<\/li>\n\n\n\n<li>Kreditkort<\/li>\n\n\n\n<li>Sepa-\u00f6verf\u00f6ring<\/li>\n\n\n\n<li>Belfius Direkt<\/li>\n\n\n\n<li>PayPal<\/li>\n<\/ul>\n\n<p>Alla dessa betalningar g\u00e5r via v\u00e5r betalningspartner Mollie, som garanterar en s\u00e4ker och enkel betalningsl\u00f6sning.<\/p>\n\n<p><strong>Betalning p\u00e5 konto:<\/strong><\/p>\n\n<p>Kanske \u00e4r ditt f\u00f6retag ber\u00e4ttigat till leverans mot faktura. Om du vill betala p\u00e5 konto kan vi eventuellt \u00f6ppna ett konto med 30 dagars kredit \u00e5t dig. Baserat p\u00e5 resultatet av en kreditupplysning kommer det att avg\u00f6ras om detta ocks\u00e5 \u00e4r m\u00f6jligt f\u00f6r din organisation.<\/p>\n\n<p>V\u00e4nligen returnera den ifyllda och undertecknade filen f\u00f6r <a href=\"https:\/\/pfatubeshop.com\/wp-content\/uploads\/2019\/11\/PTFE-op-rekening.docx\">betalning p\u00e5 konto<\/a> till <a href=\"mailto:info@pfatubeshop.com\">info@pfatubeshop.com<\/a><\/p>\n\n<p>Om det \u00e4r mycket br\u00e5dskande rekommenderar vi att du betalar din f\u00f6rsta order online, eftersom godk\u00e4nnandet tar 1-2 dagar.<\/p>\n\n<p><strong>Faktura<\/strong><\/p>\n\n<p>Varje leverans kommer att \u00e5tf\u00f6ljas av en korrekt faktura. Dessutom skickas fakturan \u00e4ven via e-post. Om det inte \u00e4r helt klart kan du naturligtvis alltid kontakta oss<\/p>\n\n<p><strong>Momsbefrielse<\/strong><\/p>\n\n<p>F\u00f6retagsleveranser till utlandet kan ofta undantas fr\u00e5n merv\u00e4rdesskatt. V\u00e5rt best\u00e4llningssystem online m\u00f6jligg\u00f6r \u00e4ven detta.<\/p>\n\n<p>Om du anger ett korrekt momsnummer n\u00e4r du checkar ut, kommer systemet automatiskt att avg\u00f6ra om moms ska debiteras<\/p>\n","protected":false},"excerpt":{"rendered":"<p>Vi anv\u00e4nder f\u00f6ljande alternativ f\u00f6r att betala s\u00e4kert online: Alla dessa betalningar g\u00e5r via v\u00e5r betalningspartner Mollie, som garanterar en s\u00e4ker och enkel betalningsl\u00f6sning. Betalning p\u00e5 konto: Kanske \u00e4r ditt f\u00f6retag ber\u00e4ttigat till leverans mot faktura. Om du vill betala p\u00e5 konto kan vi eventuellt \u00f6ppna ett konto med 30 dagars kredit \u00e5t dig. Baserat [&hellip;]<\/p>\n","protected":false},"author":2,"featured_media":0,"parent":0,"menu_order":0,"comment_status":"closed","ping_status":"closed","template":"","meta":{"footnotes":""},"class_list":["post-47623","page","type-page","status-publish","hentry"],"_links":{"self":[{"href":"https:\/\/pfatubeshop.com\/sv\/wp-json\/wp\/v2\/pages\/47623","targetHints":{"allow":["GET"]}}],"collection":[{"href":"https:\/\/pfatubeshop.com\/sv\/wp-json\/wp\/v2\/pages"}],"about":[{"href":"https:\/\/pfatubeshop.com\/sv\/wp-json\/wp\/v2\/types\/page"}],"author":[{"embeddable":true,"href":"https:\/\/pfatubeshop.com\/sv\/wp-json\/wp\/v2\/users\/2"}],"replies":[{"embeddable":true,"href":"https:\/\/pfatubeshop.com\/sv\/wp-json\/wp\/v2\/comments?post=47623"}],"version-history":[{"count":2,"href":"https:\/\/pfatubeshop.com\/sv\/wp-json\/wp\/v2\/pages\/47623\/revisions"}],"predecessor-version":[{"id":49552,"href":"https:\/\/pfatubeshop.com\/sv\/wp-json\/wp\/v2\/pages\/47623\/revisions\/49552"}],"wp:attachment":[{"href":"https:\/\/pfatubeshop.com\/sv\/wp-json\/wp\/v2\/media?parent=47623"}],"curies":[{"name":"wp","href":"https:\/\/api.w.org\/{rel}","templated":true}]}}