{"id":47590,"date":"2024-06-07T12:23:40","date_gmt":"2024-06-07T10:23:40","guid":{"rendered":"https:\/\/pfatubeshop.com\/bestallning-och-leverans-f-a-q\/"},"modified":"2024-06-07T12:23:45","modified_gmt":"2024-06-07T10:23:45","slug":"bestallning-och-leverans-f-a-q","status":"publish","type":"page","link":"https:\/\/pfatubeshop.com\/sv\/bestallning-och-leverans-f-a-q\/","title":{"rendered":"Best\u00e4llning och leverans &#8211; F.A.Q."},"content":{"rendered":"\n<p><strong>N\u00e4r kommer jag att f\u00e5 min best\u00e4llning?<\/strong><\/p>\n\n<p>Vi str\u00e4var efter att erbjuda din best\u00e4llning till PostNL eller GLS inom 24 timmar efter mottagandet av betalningen, om den finns i lager. Beroende p\u00e5 leveransland tillkommer ett antal leveransdagar. N\u00e4r vi har skickat paketet f\u00e5r du en sp\u00e5rningskod som g\u00f6r det m\u00f6jligt f\u00f6r dig att sp\u00e5ra paketet.<\/p>\n\n<p><strong>Vilka \u00e4r kostnaderna f\u00f6r sm\u00e5 best\u00e4llningar?<\/strong><\/p>\n\n<p>F\u00f6r best\u00e4llningar under 20 euro tillkommer en avgift p\u00e5 10 euro f\u00f6r mindre best\u00e4llningar. Tips: det \u00e4r ofta f\u00f6rdelaktigt att best\u00e4lla lite mer s\u00e5 att dessa faller bort.<\/p>\n\n<p><strong>Hur snart kommer jag att f\u00e5 min best\u00e4llning?<\/strong><\/p>\n\n<p>Paket inom Europa skickas i regel med GLS. Alla kuvert och paket utanf\u00f6r Europa med Postnl.<\/p>\n\n<p>Se aktuella leveranstider per transport\u00f6r h\u00e4r:<\/p>\n\n<ul class=\"wp-block-list\">\n<li><a href=\"https:\/\/gls-group.eu\/NL\/nl\/verzendinformatie\/verzenden-binnen-de-eu\" target=\"_blank\" rel=\"noreferrer noopener\">GLS<\/a><\/li>\n\n\n\n<li><a href=\"https:\/\/www.postnl.nl\/versturen\/pakket-versturen\/pakket-buitenland\/bezorgtijd-naar-buitenland\/\" target=\"_blank\" rel=\"noreferrer noopener\">PostNL<\/a><\/li>\n<\/ul>\n\n<p><strong>Jag beh\u00f6ver f\u00e5 mitt paket snabbare, \u00e4r det m\u00f6jligt?<\/strong><\/p>\n\n<p>Om du vill f\u00e5 ett paket snabbare kan vi boka det via andra, snabbare logistikpartners eller p\u00e5 din transport\u00f6rs kontonummer. Eventuella ytterligare kostnader ska b\u00e4ras av k\u00f6paren.<\/p>\n\n<p><strong>Hur dyrt \u00e4r det att leverera?<\/strong><\/p>\n\n<p>Inom Europeiska unionen till\u00e4mpar vi fasta l\u00e5ga r\u00e4ntor. Det spelar ingen roll om du l\u00e4gger en liten order eller en mycket stor order.<\/p>\n\n<figure class=\"wp-block-table\"><table><tbody><tr><td>Nederl\u00e4nderna<\/td><td>  \u20ac 6,25<\/td><td><\/td><td>Irland<\/td><td>  \u20ac 16,95<\/td><td><\/td><td>Ungern<\/td><td>  \u20ac 22,50<\/td><\/tr><tr><td>Belgien<\/td><td>  \u20ac 7,50<\/td><td><\/td><td>Italien<\/td><td>  \u20ac 16,95<\/td><td><\/td><td>Kroatien<\/td><td>  \u20ac 22,50<\/td><\/tr><tr><td>Tyskland<\/td><td>  \u20ac 8,70<\/td><td><\/td><td>Polen<\/td><td>  \u20ac 16,95<\/td><td><\/td><td>Lettland<\/td><td>  \u20ac 22,50<\/td><\/tr><tr><td>Danmark<\/td><td>  \u20ac 12,50<\/td><td><\/td><td>Portugal<\/td><td>  \u20ac 16,95<\/td><td><\/td><td>Litauen<\/td><td>  \u20ac 22,50<\/td><\/tr><tr><td>Frankrike<\/td><td>  \u20ac 12,50<\/td><td><\/td><td>Spanien<\/td><td>  \u20ac 16,95<\/td><td><\/td><td>Rum\u00e4nien<\/td><td>  \u20ac 22,50<\/td><\/tr><tr><td>Luxemburg<\/td><td>  \u20ac 12,50<\/td><td><\/td><td>Sverige<\/td><td>  \u20ac 22,50<\/td><td><\/td><td>Slovenien<\/td><td>  \u20ac 22,50<\/td><\/tr><tr><td>\u00d6sterrike<\/td><td>  \u20ac 12,50<\/td><td><\/td><td>Bulgarien<\/td><td>  \u20ac 22,50<\/td><td><\/td><td>Slovakien<\/td><td>  \u20ac 22,50<\/td><\/tr><tr><td>F\u00f6renade kungariket<\/td><td>  \u20ac 12,50<\/td><td><\/td><td>Estland<\/td><td>  \u20ac 22,50<\/td><td><\/td><td>Tjeckien<\/td><td>  \u20ac 22,50<\/td><\/tr><tr><td>Finland<\/td><td>  \u20ac 16,95<\/td><td><\/td><td><\/td><td><\/td><td><\/td><td><\/td><td><\/td><\/tr><\/tbody><\/table><\/figure>\n\n<p>Utanf\u00f6r Europeiska unionen ber\u00e4knas fraktkostnaderna efter vikt:<\/p>\n\n<figure class=\"wp-block-table\"><table><tbody><tr><td>0 till 999 gr<\/td><td>  \u20ac 50,00<\/td><td><\/td><td>8 kg. upp till 8999 gr<\/td><td>  \u20ac 103,00<\/td><\/tr><tr><td>1 kg. upp till 1999 gr<\/td><td>  \u20ac 55,00<\/td><td><\/td><td>9 kg. upp till 9999 gr<\/td><td>  \u20ac 107,00<\/td><\/tr><tr><td>2 kg. upp till 2999 gr<\/td><td>  \u20ac 60,00<\/td><td><\/td><td>10 kg. upp till 10999 gr<\/td><td>  \u20ac 117,00<\/td><\/tr><tr><td>3 kg. upp till 3999 gr<\/td><td>  \u20ac 65,00<\/td><td><\/td><td>11 kg. upp till 11999 gr<\/td><td>  \u20ac 122,00<\/td><\/tr><tr><td>4 kg. upp till 4999 gr<\/td><td>  \u20ac 73,80<\/td><td><\/td><td>12 kg. upp till 12999 gr<\/td><td>  \u20ac 135,00<\/td><\/tr><tr><td>5 kg. upp till 5999 gr<\/td><td>  \u20ac 78,00<\/td><td><\/td><td>13 kg. upp till 13999 gr<\/td><td>  \u20ac 137,00<\/td><\/tr><tr><td>6 kg. upp till 6999 gr<\/td><td>  \u20ac 84,00<\/td><td><\/td><td>14 kg. upp till 14999 gr<\/td><td>  \u20ac 142,00<\/td><\/tr><tr><td>7 kg. upp till 7999 gr<\/td><td>  \u20ac 93,00<\/td><td><\/td><td>15 kg. upp till 15999 gr<\/td><td>  \u20ac 148,00<\/td><\/tr><\/tbody><\/table><\/figure>\n\n<p><strong>Jag skulle vilja best\u00e4lla men det m\u00e5ste vara p\u00e5 konto?<\/strong><\/p>\n\n<p>Detta \u00e4r i allm\u00e4nhet inget problem. Baserat p\u00e5 en kreditupplysning ser vi om vi kan leverera p\u00e5 konto. Om detta godk\u00e4nns kommer du helt enkelt att f\u00e5 en r\u00e4kning som ska betalas inom 30 dagar. Skicka oss ett e-postmeddelande med dina f\u00f6retagsuppgifter och ink\u00f6psordern s\u00e5 \u00f6ppnar vi ett konto \u00e5t dig!<\/p>\n\n<p><strong>F\u00e5r jag alltid slangen levererad i ett stycke?<\/strong><\/p>\n\n<p>Vi str\u00e4var efter att leverera din order i s\u00e5 f\u00e5 delar som m\u00f6jligt, men det \u00e4r inte alltid m\u00f6jligt att leverera i 1 del. Det kan allts\u00e5 h\u00e4nda att en order p\u00e5 t.ex. 70 meter levereras i en 50-metersbit och en 20-metersbit eller 40 + 30 meter beroende p\u00e5 lagerniv\u00e5erna. I allm\u00e4nhet \u00e4r v\u00e5ra fulla rullar 50 eller 100 meter l\u00e5nga beroende p\u00e5 vilken diameter som efterfr\u00e5gas.<\/p>\n","protected":false},"excerpt":{"rendered":"<p>N\u00e4r kommer jag att f\u00e5 min best\u00e4llning? Vi str\u00e4var efter att erbjuda din best\u00e4llning till PostNL eller GLS inom 24 timmar efter mottagandet av betalningen, om den finns i lager. Beroende p\u00e5 leveransland tillkommer ett antal leveransdagar. N\u00e4r vi har skickat paketet f\u00e5r du en sp\u00e5rningskod som g\u00f6r det m\u00f6jligt f\u00f6r dig att sp\u00e5ra paketet. [&hellip;]<\/p>\n","protected":false},"author":2,"featured_media":0,"parent":0,"menu_order":0,"comment_status":"closed","ping_status":"closed","template":"","meta":{"footnotes":""},"class_list":["post-47590","page","type-page","status-publish","hentry"],"_links":{"self":[{"href":"https:\/\/pfatubeshop.com\/sv\/wp-json\/wp\/v2\/pages\/47590","targetHints":{"allow":["GET"]}}],"collection":[{"href":"https:\/\/pfatubeshop.com\/sv\/wp-json\/wp\/v2\/pages"}],"about":[{"href":"https:\/\/pfatubeshop.com\/sv\/wp-json\/wp\/v2\/types\/page"}],"author":[{"embeddable":true,"href":"https:\/\/pfatubeshop.com\/sv\/wp-json\/wp\/v2\/users\/2"}],"replies":[{"embeddable":true,"href":"https:\/\/pfatubeshop.com\/sv\/wp-json\/wp\/v2\/comments?post=47590"}],"version-history":[{"count":0,"href":"https:\/\/pfatubeshop.com\/sv\/wp-json\/wp\/v2\/pages\/47590\/revisions"}],"wp:attachment":[{"href":"https:\/\/pfatubeshop.com\/sv\/wp-json\/wp\/v2\/media?parent=47590"}],"curies":[{"name":"wp","href":"https:\/\/api.w.org\/{rel}","templated":true}]}}