{"id":45467,"date":"2023-10-31T15:03:08","date_gmt":"2023-10-31T14:03:08","guid":{"rendered":"https:\/\/pfatubeshop.com\/over-ons\/"},"modified":"2024-06-24T21:47:23","modified_gmt":"2024-06-24T19:47:23","slug":"om-oss","status":"publish","type":"page","link":"https:\/\/pfatubeshop.com\/sv\/om-oss\/","title":{"rendered":"Om oss"},"content":{"rendered":"\t\t<div data-elementor-type=\"wp-page\" data-elementor-id=\"45467\" class=\"elementor elementor-45467 elementor-35961\" data-elementor-post-type=\"page\">\n\t\t\t\t<div class=\"elementor-element elementor-element-3c847250 e-con-full e-flex e-con e-parent\" data-id=\"3c847250\" data-element_type=\"container\" data-e-type=\"container\">\n\t\t\t\t<div class=\"elementor-element elementor-element-234a7da4 elementor-widget elementor-widget-text-editor\" data-id=\"234a7da4\" data-element_type=\"widget\" data-e-type=\"widget\" data-widget_type=\"text-editor.default\">\n\t\t\t\t<div class=\"elementor-widget-container\">\n\t\t\t\t\t\t\t\t\t<h1 style=\"text-align: center;\">Specialist p\u00e5 PFA-r\u00f6r och slangar<\/h1>\n<\/p>\n<p>PFA Tube Shop \u00e4r en grundlig f\u00f6rl\u00e4ngning av<span style=\"text-decoration: underline;\"><a href=\"https:\/\/ptfetubeshop.com\/\" rel=\"noopener\">PT<img fetchpriority=\"high\" decoding=\"async\" class=\" wp-image-28753 alignright\" src=\"https:\/\/pfatubeshop.com\/wp-content\/uploads\/2022\/09\/Jeroen_productspecialist_PTFE-Tube-Shop-6.jpg\" alt=\"\" width=\"517\" height=\"919\" srcset=\"https:\/\/pfatubeshop.com\/wp-content\/uploads\/2022\/09\/Jeroen_productspecialist_PTFE-Tube-Shop-6.jpg 1152w, https:\/\/pfatubeshop.com\/wp-content\/uploads\/2022\/09\/Jeroen_productspecialist_PTFE-Tube-Shop-6-600x1067.jpg 600w, https:\/\/pfatubeshop.com\/wp-content\/uploads\/2022\/09\/Jeroen_productspecialist_PTFE-Tube-Shop-6-169x300.jpg 169w, https:\/\/pfatubeshop.com\/wp-content\/uploads\/2022\/09\/Jeroen_productspecialist_PTFE-Tube-Shop-6-576x1024.jpg 576w\" sizes=\"(max-width: 517px) 100vw, 517px\" \/>FE Tube Shop<\/a><\/span>och utg\u00f6r en specialiserad gren inom v\u00e5rt f\u00f6retag som helt fokuserar p\u00e5 att leverera h\u00f6gkvalitativa PFA-r\u00f6r och slangar. Som ett dedikerat segment av v\u00e5r organisation \u00e4r v\u00e5rt m\u00e5l att uppfylla v\u00e5ra kunders behov av PFA-material med h\u00f6gsta precision och snabbhet.<\/p>\n<h3>PFA-slang levereras fr\u00e5n lager:<\/h3>\n<p>Vi har ett stort lager av b\u00e5de standard PFA-slangar och PFA-slangar med h\u00f6g renhet. Finns i tum- och metriska storlekar:<\/p>\n<\/p>\n<ul>\n<li><span style=\"text-decoration: underline;\"><a href=\"https:\/\/pfatubeshop.com\/type\/standard-pfa\/?_sizing=mm\">Standard PFA-slang Metrisk<\/a><\/span><\/li>\n<li><span style=\"text-decoration: underline;\"><a href=\"https:\/\/pfatubeshop.com\/type\/standard-pfa\/?_sizing=mm\">Standard PFA-slang i tum<\/a><\/span><\/li>\n<li><span style=\"text-decoration: underline;\"><a href=\"https:\/\/pfatubeshop.com\/type\/high-purity-pfa\/?_sizing=mm\">PFA-slang med h\u00f6g renhet Metrisk<\/a><\/span><\/li>\n<li><span style=\"text-decoration: underline;\"><a href=\"https:\/\/pfatubeshop.com\/type\/high-purity-pfa\/?_sizing=inch\">PFA-slang med h\u00f6g renhet i tum<\/a><\/span><\/li>\n<\/ul>\n<h3> <\/h3>\n<h3>Varf\u00f6r PFA Tube Shop?<\/h3>\n<p>PFA Tube Shop \u00e4r din p\u00e5litliga partner f\u00f6r h\u00f6gkvalitativa PFA-slangar:<\/p>\n<ul>\n<li><em>PFA-slangar av utm\u00e4rkt kvalitet och PFA-slangar med h\u00f6g renhet<\/em><\/li>\n<li><em>Skickas inom 1 arbetsdag<\/em><\/li>\n<li><em>Leverans fr\u00e5n 1 meter<\/em><\/li>\n<li><em>Enkel onlinebest\u00e4llning eller p\u00e5 konto om s\u00e5 \u00f6nskas<\/em><\/li>\n<li><em>Snygga priser och brett sortiment<\/em><\/li>\n<\/ul>\n<p>Vi \u00e4r stolta \u00f6ver att f\u00f6rtj\u00e4na ditt f\u00f6rtroende genom att tillhandah\u00e5lla produkter av h\u00f6gsta kvalitet, o\u00f6vertr\u00e4ffad kundservice och effektiva, snabba leveranser. Naturligtvis finns v\u00e5ra produktspecialister Paul &amp; Jeroen alltid till hands f\u00f6r att hj\u00e4lpa dig n\u00e4r du har fr\u00e5gor eller beh\u00f6ver teknisk support.<\/p>\n<p>Med m\u00e5nga \u00e5rs erfarenhet och djup kompetens inom arbete med fluorpolymerer, inklusive PFA, f\u00f6rst\u00e5r vi de unika kraven och utmaningarna inom branscher som str\u00e4cker sig fr\u00e5n kemisk bearbetning och l\u00e4kemedel till flyg- och rymdindustrin och halvledartillverkning. V\u00e5rt engagemang f\u00f6r kvalitet \u00e5terspeglas inte bara i v\u00e5rt omfattande sortiment av PFA-r\u00f6r och slangar med olika diametrar och v\u00e4ggtjocklekar, utan ocks\u00e5 i v\u00e5r f\u00f6rm\u00e5ga att tillhandah\u00e5lla kundanpassade l\u00f6sningar som exakt matchar v\u00e5ra kunders specifikationer och krav.<\/p>\n<p>P\u00e5 PFA Tube Shop har vi ett syns\u00e4tt som str\u00e4cker sig l\u00e4ngre \u00e4n att bara leverera produkter. V\u00e5ra dedikerade produktspecialister Paul &amp; Jeroen \u00e4r redo att ge dig teknisk support, r\u00e5d och v\u00e4gledning genom hela ditt projekt.<\/p>\n<h2>Stort lager av PFA-r\u00f6r och slangar<\/h2>\n<p>P\u00e5 PFA Tube Shop str\u00e4var vi st\u00e4ndigt efter att ha de r\u00e4tta r\u00f6ren p\u00e5 lager. Om r\u00e4tt slang \u00e4nd\u00e5 inte finns tillg\u00e4nglig, v\u00e4nligen kontakta <span style=\"text-decoration: underline;\"><a href=\"https:\/\/pfatubeshop.com\/contact\/\">kontakta<\/a><\/span>oss s\u00e5 att vi kan ge dig ett l\u00e4mpligt erbjudande.<\/p>\n\t\t\t\t\t\t\t\t<\/div>\n\t\t\t\t<\/div>\n\t\t\t\t<\/div>\n\t\t<div class=\"elementor-element elementor-element-9c27782 e-flex e-con-boxed e-con e-parent\" data-id=\"9c27782\" data-element_type=\"container\" data-e-type=\"container\">\n\t\t\t\t\t<div class=\"e-con-inner\">\n\t\t\t\t\t<\/div>\n\t\t\t\t<\/div>\n\t\t\t\t<\/div>\n\t\t","protected":false},"excerpt":{"rendered":"<p>Specialist p\u00e5 PFA-r\u00f6r och slangar PFA Tube Shop \u00e4r en grundlig f\u00f6rl\u00e4ngning avPTFE Tube Shopoch utg\u00f6r en specialiserad gren inom v\u00e5rt f\u00f6retag som helt fokuserar p\u00e5 att leverera h\u00f6gkvalitativa PFA-r\u00f6r och slangar. Som ett dedikerat segment av v\u00e5r organisation \u00e4r v\u00e5rt m\u00e5l att uppfylla v\u00e5ra kunders behov av PFA-material med h\u00f6gsta precision och snabbhet. PFA-slang [&hellip;]<\/p>\n","protected":false},"author":2,"featured_media":0,"parent":0,"menu_order":0,"comment_status":"closed","ping_status":"closed","template":"","meta":{"footnotes":""},"class_list":["post-45467","page","type-page","status-publish","hentry"],"_links":{"self":[{"href":"https:\/\/pfatubeshop.com\/sv\/wp-json\/wp\/v2\/pages\/45467","targetHints":{"allow":["GET"]}}],"collection":[{"href":"https:\/\/pfatubeshop.com\/sv\/wp-json\/wp\/v2\/pages"}],"about":[{"href":"https:\/\/pfatubeshop.com\/sv\/wp-json\/wp\/v2\/types\/page"}],"author":[{"embeddable":true,"href":"https:\/\/pfatubeshop.com\/sv\/wp-json\/wp\/v2\/users\/2"}],"replies":[{"embeddable":true,"href":"https:\/\/pfatubeshop.com\/sv\/wp-json\/wp\/v2\/comments?post=45467"}],"version-history":[{"count":0,"href":"https:\/\/pfatubeshop.com\/sv\/wp-json\/wp\/v2\/pages\/45467\/revisions"}],"wp:attachment":[{"href":"https:\/\/pfatubeshop.com\/sv\/wp-json\/wp\/v2\/media?parent=45467"}],"curies":[{"name":"wp","href":"https:\/\/api.w.org\/{rel}","templated":true}]}}