{"id":46835,"date":"2024-01-19T16:05:19","date_gmt":"2024-01-19T15:05:19","guid":{"rendered":"https:\/\/pfatubeshop.com\/product\/furtun-pfa-451-de-inalta-puritate-1-16%e2%80%b3-x-1-8%e2%80%b3-16-mm-x-32-mm\/"},"modified":"2024-06-05T13:40:45","modified_gmt":"2024-06-05T11:40:45","slug":"furtun-pfa-451-de-inalta-puritate-1-16%e2%80%b3-x-1-8%e2%80%b3-16-mm-x-32-mm","status":"publish","type":"product","link":"https:\/\/pfatubeshop.com\/ro\/produs\/furtun-pfa-451-de-inalta-puritate-1-16%e2%80%b3-x-1-8%e2%80%b3-16-mm-x-32-mm\/","title":{"rendered":"Furtun PFA 451 de \u00eenalt\u0103 puritate 1\/16\u2033 x 1\/8\u2033 &#8211; 1,6 mm x 3,2 mm"},"content":{"rendered":"<h1>Furtun PFA de \u00eenalt\u0103 puritate 1\/16\u2033 x 1\/8\u2033- (1,6 mm x 3,2 mm)<\/h1>\n<p>Acest furtun PFA este fabricat din <strong>granulat Chemours 451 HP <\/strong>. Furtunul are un diametru exterior de 3,2 mm (OD), un diametru interior de 1,6 mm (ID) \u0219i o grosime a peretelui de 0,8 mm.<\/p>\n<p>Furtunurile PFA 451HP sunt adesea utilizate ca \u021bevi pentru produc\u021bia de substan\u021be chimice ultrapure, componente pentru transportul lichidelor \u00een industria semiconductorilor \u0219i sisteme de dozare a substan\u021belor chimice de \u00eenalt\u0103 performan\u021b\u0103, unde puritatea este cea mai mare cerin\u021b\u0103.<\/p>\n<p>Furtunurile PFA 451HP au o netezime a suprafe\u021bei \u0219i mai bun\u0103 \u00een compara\u021bie cu furtunurile PFA standard \u0219i sunt utilizate acolo unde sunt necesare cele mai \u00eenalte niveluri de rezisten\u021b\u0103 chimic\u0103 \u0219i puritate.<\/p>\n<p>Produsele fabricate din granule\/rezin\u0103 PFA 451HP \u00eendeplinesc cerin\u021bele privind contactul cu alimentele \u00een conformitate cu FDA 21 CFR 177.1550 \u0219i cu Regulamentul european (UE) nr. 10\/2011. Informa\u021bii complete pot fi g\u0103site pe site-ul <a href=\"https:\/\/www.teflon.com\/en\/-\/media\/files\/teflon\/teflon-pfa-451hp-product-info.pdf?rev=1a7aa238a39543218468304f57b6c73c&amp;hash=0E3C9255CCAC4D0E33F6B2AD380CE8ED\" rel=\"noopener\">Chemours<\/a>.<\/p>\n<p><strong>Acest furtun PFA de \u00eenalt\u0103 puritate are urm\u0103toarele caracteristici:<\/strong><\/p>\n<ul>\n<li>Diametrul interior (ID): 1,6 mm +\/- 0,1 mm<\/li>\n<li>Diametrul exterior (OD): 3,2 mm +\/- 0,1 mm<\/li>\n<li>Grosimea peretelui: 0,8 mm +\/- 0,1 mm<\/li>\n<li>Interval de temperatur\u0103: minus 200\u00b0C p\u00e2n\u0103 la plus 260\u00b0C<\/li>\n<li>Raza de curbur\u0103: 10 &#8211; 12 mm<\/li>\n<li>Culoare: Transparent<\/li>\n<li>Form\u0103: Neted\u0103<\/li>\n<li>Aprobarea FDA: Da<\/li>\n<li>Greutate la 100 de metri: 1,34 kg<\/li>\n<li>Presiunea de spargere \u00een Bar (20\u00b0C): 165 Bar<\/li>\n<li>Presiunea de lucru (20\u00b0C): 33 Bar*.<\/li>\n<\/ul>\n<p>PFA (perfluoroalcoxi) are propriet\u0103\u021bi unice:<\/p>\n<ul>\n<li>Transparent<\/li>\n<li>Fuzibil \/ sudabil<\/li>\n<li>Iner\u021bi din punct de vedere chimic<\/li>\n<li>Gam\u0103 larg\u0103 de temperaturi de la -200C la +260C<\/li>\n<li>F\u0103r\u0103 aderen\u021b\u0103 \/ frecare foarte sc\u0103zut\u0103<\/li>\n<li>Hidrofug\u0103<\/li>\n<li>Aprobat de FDA<\/li>\n<li>Valori bune de izolare<\/li>\n<\/ul>\n<p style=\"text-align: center;\"><b>Toate caracteristicile produsului sunt pentru referin\u021b\u0103, condi\u021biile de utilizare pot afecta, de aceea recomand\u0103m \u00eentotdeauna teste extinse.<\/b><\/p>\n<p>* Raportul dintre presiunea de spargere \u0219i presiunea de lucru este, \u00een general, de 3 la 1 sau 5 la 1, \u00een func\u021bie de temperatur\u0103, de mediul \u00een contact cu tubulatura PFA, de analiza de risc \u0219i de al\u021bi factori.<\/p>\n<p><span style=\"color: #1a1a1a; font-size: 1.4rem; letter-spacing: -0.02em;\">Comanda\u021bi 1\/16\u2033 x 1\/8\u2033- (1.6mm x 3.2mm) Furtun PFA de \u00eenalt\u0103 puritate cu 8 beneficii \u01c0 PTFEtubeshop.com<\/span><\/p>\n<p>Acest furtun de teflon PFA 1\/16\u2033 x 1\/8\u2033- (1,6 mm x 3,2 mm) corespunde celor 8 valori fundamentale ale noastre:<\/p>\n<p>1) Expediere \u00een termen de 24 de ore dac\u0103 este \u00een stoc<br \/>\n2) Furtun PFA, calitate de prim\u0103 clas\u0103 cu toleran\u021be str\u00e2nse<br \/>\n3) Comanda\u021bi online de la 1 metru sau \u00eentreba\u021bi despre op\u021biunile de furtunuri personalizate<br \/>\n4) Stoc specific clientului \u0219i livrare just-in-time; lua\u021bi <a href=\"https:\/\/pfatubeshop.com\/contact\/\">leg\u0103tura<\/a> pentru a discuta op\u021biunile.<br \/>\n5) Livrare \u00een cont. Contacta\u021bi-ne sau trimite\u021bi prin e-mail o comand\u0103 de achizi\u021bie \u0219i vom vedea dac\u0103 putem \u00eencepe s\u0103 livr\u0103m \u00een cont.<br \/>\n6) Livrare la nivel mondial, introduce\u021bi adresa de expediere la check-out \u0219i sistemul va calcula costurile de expediere.<br \/>\n7) Reducerea emisiilor de CO2, plant\u0103m un copac la fiecare 20 kg de material pe care \u00eel vindem.<br \/>\n8) Pre\u021bul, \u00een cazul \u00een care pre\u021bul nostru nu este corect p\u00e2n\u0103 la urm\u0103. Anun\u021ba\u021bi-ne \u0219i vom vedea dac\u0103 v\u0103 putem ajuta.<\/p>\n<p>Descoperi\u021bi performan\u021ba \u0219i durabilitatea de neegalat a furtunurilor noastre PFA HP de \u00eenalt\u0103 calitate. Fie c\u0103 lucra\u021bi \u00een industria chimic\u0103, farmaceutic\u0103, aerospa\u021bial\u0103 sau \u00een alte industrii solicitante, furtunurile noastre PFA ofer\u0103 solu\u021bii fiabile pentru aplica\u021biile dumneavoastr\u0103 critice. Cu o rezisten\u021b\u0103 chimic\u0103 excelent\u0103, toleran\u021b\u0103 la temperaturi extreme \u0219i o gam\u0103 de dimensiuni \u0219i lungimi disponibile, produsele noastre \u00eendeplinesc cele mai \u00eenalte standarde de performan\u021b\u0103 \u0219i fiabilitate. Dac\u0103 ave\u021bi \u00eentreb\u0103ri suplimentare sau sunte\u021bi \u00een c\u0103utarea unui diametru alternativ, <a style=\"font-size: 16px;\" href=\"https:\/\/pfatubeshop.com\/offerte-aanvragen\/\">contacta\u021bi-ne<\/a> ast\u0103zi<span style=\"font-size: 16px;\"> pentru mai multe informa\u021bii<\/span>.<\/p>\n<h3>Teflon\u2122 PFA<\/h3>\n<p>Teflon\u2122 este o marc\u0103 comercial\u0103 \u00eenregistrat\u0103 a Chemours pentru granulele, acoperirile \u0219i foliile sale fluoroplastice etc. Numele de marc\u0103 Teflon\u2122 este licen\u021biat de Chemours \u00een leg\u0103tur\u0103 cu aplica\u021biile aprobate. F\u0103r\u0103 o licen\u021b\u0103 de marc\u0103 comercial\u0103, nu putem identifica produsele noastre cu marca Teflon, deoarece nu avem o licen\u021b\u0103 de marc\u0103 comercial\u0103 Teflon. Prin urmare, folosim doar codul de material Chemours 451HP pentru furtunurile noastre de \u00eenalt\u0103 puritate \u0219i nu Teflon 451HP.<\/p>\n<h3>Tabel de pre\u021buri Furtun PFA HP451 1\/16\u2033 x 1\/8\u2033- (1,6mm x 3,2mm)<\/h3>\n<div id=\"ConnectiveDocSignExtentionInstalled\" data-extension-version=\"1.0.4\"><\/div>\n","protected":false},"excerpt":{"rendered":"<p><strong><span style=\"color: #c51230;\"><i class=\"far fa-check\"><\/i> \u221a Material Chemours PFA <\/span><span style=\"color: #c51230;\"> <\/span><\/strong><br \/>\n<i class=\"far fa-check\"><\/i><\/p>\n<p><strong><span style=\"color: #c51230;\">\u221a<\/span> 451 HP granulat &#8211; PURITATE \u00ceNALT\u0102<\/strong><br \/>\n<i class=\"far fa-check\"><\/i><\/p>\n<p><strong><span style=\"color: #c51230;\">\u221a <\/span>Trimis \u00een 24 de ore de la 1 metru<\/strong><br \/>\n<i class=\"far fa-check\"><\/i><\/p>\n<p><strong><span style=\"color: #c51230;\">\u221a <\/span>Foarte str\u00e2ns <\/strong><b>toleran\u021be foarte str\u00e2nse<\/b><\/p>\n<div id=\"ConnectiveDocSignExtentionInstalled\" data-extension-version=\"1.0.4\"><\/div>\n","protected":false},"featured_media":41454,"template":"","meta":[],"product_brand":[],"product_cat":[13083],"product_tag":[14270],"class_list":{"0":"post-46835","1":"product","2":"type-product","3":"status-publish","4":"has-post-thumbnail","6":"type-high-purity-pfa-ro","7":"sizing-inch-ro","8":"product_cat-produse","9":"product_tag-tub-pfa-1-6x3-2mm","11":"first","12":"instock","13":"taxable","14":"shipping-taxable","15":"purchasable","16":"product-type-variable"},"_links":{"self":[{"href":"https:\/\/pfatubeshop.com\/ro\/wp-json\/wp\/v2\/product\/46835","targetHints":{"allow":["GET"]}}],"collection":[{"href":"https:\/\/pfatubeshop.com\/ro\/wp-json\/wp\/v2\/product"}],"about":[{"href":"https:\/\/pfatubeshop.com\/ro\/wp-json\/wp\/v2\/types\/product"}],"wp:featuredmedia":[{"embeddable":true,"href":"https:\/\/pfatubeshop.com\/ro\/wp-json\/wp\/v2\/media\/41454"}],"wp:attachment":[{"href":"https:\/\/pfatubeshop.com\/ro\/wp-json\/wp\/v2\/media?parent=46835"}],"wp:term":[{"taxonomy":"product_brand","embeddable":true,"href":"https:\/\/pfatubeshop.com\/ro\/wp-json\/wp\/v2\/product_brand?post=46835"},{"taxonomy":"product_cat","embeddable":true,"href":"https:\/\/pfatubeshop.com\/ro\/wp-json\/wp\/v2\/product_cat?post=46835"},{"taxonomy":"product_tag","embeddable":true,"href":"https:\/\/pfatubeshop.com\/ro\/wp-json\/wp\/v2\/product_tag?post=46835"}],"curies":[{"name":"wp","href":"https:\/\/api.w.org\/{rel}","templated":true}]}}