{"id":43465,"date":"2023-10-17T16:09:33","date_gmt":"2023-10-17T14:09:33","guid":{"rendered":"https:\/\/pfatubeshop.com\/?post_type=product&#038;p=43465"},"modified":"2024-04-04T07:44:25","modified_gmt":"2024-04-04T05:44:25","slug":"tub-pfa-3-mm-x-4-mm","status":"publish","type":"product","link":"https:\/\/pfatubeshop.com\/ro\/produs\/tub-pfa-3-mm-x-4-mm\/","title":{"rendered":"Tub PFA 3 mm x 4 mm"},"content":{"rendered":"<h1>Tub PFA 3 mm x 4 mm<\/h1>\n<p>Acest tub PFA are un diametru exterior de 4 mm (DE), un diametru interior de 3 mm (DI) \u0219i o grosime a peretelui de 0,5 mm. Tuburile noastre PFA sunt fabricate exclusiv din granule PFA 100% pure. Tubul PFA (perfluoro-alcoxi) este un tub utilizat \u00een diverse aplica\u021bii, \u00een special \u00een medii industriale \u0219i chimice, datorit\u0103 propriet\u0103\u021bilor sale unice:<\/p>\n<ul>\n<li>Transparent<\/li>\n<li>Fuzibil\/sudabil<\/li>\n<li>Inert din punct de vedere chimic<\/li>\n<li>Gam\u0103 larg\u0103 de temperaturi \u00eentre -200\u00b0C \u0219i +260\u00b0C<\/li>\n<li>Neaderent\/cu frecare foarte redus\u0103<\/li>\n<li>Hidrofob (respinge apa)<\/li>\n<li>Aprobat FDA<\/li>\n<li>Propriet\u0103\u021bi bune de izolare<\/li>\n<\/ul>\n<p>&nbsp;<\/p>\n<p>PFA are o larg\u0103 utilizare \u00een diverse sectoare, inclusiv \u00een industria medical\u0103, aerospa\u021bial\u0103, petrochimic\u0103, industria semiconductorilor \u0219i \u00een industria ambalajelor \u0219i cea alimentar\u0103.<\/p>\n<h4>Acest tub PFA are urm\u0103toarele caracteristici de produs:<\/h4>\n<ul>\n<li>Diametru interior (DI): 3,0 mm +\/- 0,15 mm<\/li>\n<li>Diametrul exterior (DE): 4,0 mm +\/- 0,15 mm<\/li>\n<li>Grosimea peretelui: 0,5 mm +\/- 0,1 mm<\/li>\n<li>Interval de temperatur\u0103: -200\u00b0C p\u00e2n\u0103 la +260\u00b0C<\/li>\n<li>Raza de curbur\u0103: 10 \u2013 12 mm<\/li>\n<li>Culoare: Transparent<\/li>\n<li>Form\u0103: Neted<\/li>\n<li>Aprobare FDA: Da<\/li>\n<li>Greutate pentru 100 de metri: 1,22 kg<\/li>\n<li>Presiunea de rupere \u00een bari (20\u00b0C): 77 Bar<\/li>\n<li>Presiune de lucru (20\u00b0C): 15 Bar*<\/li>\n<\/ul>\n<p>&nbsp;<\/p>\n<h4 style=\"text-align: center;\">Toate caracteristicile produsului sunt doar de referin\u021b\u0103; condi\u021biile de func\u021bionare pot avea un<br \/>\nimpact, astfel c\u0103 recomand\u0103m \u00eentotdeauna efectuarea unor teste detaliate.<\/h4>\n<p>* Raportul dintre presiunea de spargere \u0219i presiunea de lucru este, \u00een general, de 3 la 1 sau 5 la 1, \u00een func\u021bie de temperatur\u0103, de mediul care vine \u00een contact cu tubul PFA, de analiza riscurilor \u0219i de al\u021bi factori.<\/p>\n<p>Dac\u0103 sunte\u021bi \u00een c\u0103utarea mai multor informa\u021bii despre materialul unic PFA, descrierea complet\u0103 a propriet\u0103\u021bilor PFA pe Wikipedia ar putea fi de interes: <a href=\"https:\/\/en.wikipedia.org\/wiki\/Perfluoroalkoxy_alkane\" rel=\"noopener\">Perfluoroalkoxy alkane &#8211; Wikipedia<\/a><\/p>\n<h3>Comanda\u021bi tub PFA de 3 mm x 4 mm cu 8 beneficii | PTFEtubeshop.com<\/h3>\n<p>Acest tub PFA, 3 mm x 4 mm, este livrat \u00een conformitate cu cele 8 valori de baz\u0103 ale noastre:<\/p>\n<p>1) Livrare \u00een 24 de ore, dac\u0103 este \u00een stoc.<br \/>\n2) Tub PFA, calitate de top cu toleran\u021be stricte.<br \/>\n3) Disponibil pentru comenzi online \u00eencep\u00e2nd de la 1 metru, sau \u00eentreba\u021bi despre op\u021biuni pentru a comanda tuburi t\u0103iate la comand\u0103.<br \/>\n4) Stocuri specifice clientului \u0219i livrare la timp; contacta\u021bi-ne pentru a discuta posibilit\u0103\u021bile.<br \/>\n5) Livrare \u00een cont. V\u0103 rug\u0103m s\u0103 ne contacta\u021bi sau s\u0103 ne trimite\u021bi o comand\u0103 de achizi\u021bie, iar noi vom lua \u00een considerare livrarea pe o factur\u0103 la 30 de zile.<br \/>\n6) Livrare \u00een toat\u0103 lumea &#8211; la finalizarea comenzii, introduce\u021bi adresa de livrare, iar sistemul va calcula costurile de livrare.<br \/>\n7) Reducerea emisiilor de CO2 &#8211; plant\u0103m un copac la fiecare 20 de kilograme de material pe care \u00eel vindem.<br \/>\n8) Pre\u021b &#8211; dac\u0103 pre\u021bul nostru nu este competitiv, anun\u021ba\u021bi-ne \u0219i vom vedea dac\u0103 putem ajunge la un acord.<\/p>\n<p>Descoperi\u021bi performan\u021ba \u0219i durabilitatea de neegalat a tuburilor noastre PFA de \u00eenalt\u0103 calitate. Indiferent dac\u0103 activa\u021bi \u00een industria chimic\u0103, sectorul farmaceutic, industria aerospa\u021bial\u0103 sau \u00een alte domenii solicitante, tuburile noastre PFA ofer\u0103 solu\u021bii fiabile pentru aplica\u021biile dvs. critice. Cu o rezisten\u021b\u0103 chimic\u0103 excelent\u0103, toleran\u021b\u0103 la temperaturi extreme \u0219i o gam\u0103 de dimensiuni \u0219i lungimi disponibile, produsele noastre \u00eendeplinesc cele mai \u00eenalte standarde de performan\u021b\u0103 \u0219i fiabilitate. Dac\u0103 ave\u021bi \u00eentreb\u0103ri suplimentare sau dac\u0103 sunte\u021bi \u00een c\u0103utarea unui diametru alternativ, v\u0103 rug\u0103m s\u0103 ne contacta\u021bi ast\u0103zi pentru mai multe informa\u021bii.<\/p>\n<h3>Tabel de pre\u021buri pentru tubul PFA 3 mm x 4 mm<\/h3>\n","protected":false},"excerpt":{"rendered":"<p><strong><span style=\"color: #c51230;\">\u221a<i class=\"far fa-check\"><\/i> <\/span>Fabricat cu PFA 100% pur<\/strong><br \/>\n<i class=\"far fa-check\"><\/i><\/p>\n<p><strong><span style=\"color: #c51230;\">\u221a <\/span>Disponibil de la 1 metru<\/strong><br \/>\n<i class=\"far fa-check\"><\/i><\/p>\n<p><strong><span style=\"color: #c51230;\">\u221a\u00a0<\/span>Toleran\u021b\u0103 str\u00e2ns\u0103 pentru diametru<\/strong><br \/>\n<i class=\"far fa-check\"><\/i><\/p>\n<p><strong><span style=\"color: #c51230;\">\u221a\u00a0<\/span>Livrare \u00een termen de 24 de ore<\/strong><\/p>\n","protected":false},"featured_media":41454,"template":"","meta":[],"product_brand":[],"product_cat":[13083],"product_tag":[],"class_list":{"0":"post-43465","1":"product","2":"type-product","3":"status-publish","4":"has-post-thumbnail","6":"type-standard-pfa-ro","7":"sizing-mm-ro","8":"product_cat-produse","10":"first","11":"instock","12":"taxable","13":"shipping-taxable","14":"purchasable","15":"product-type-variable"},"_links":{"self":[{"href":"https:\/\/pfatubeshop.com\/ro\/wp-json\/wp\/v2\/product\/43465","targetHints":{"allow":["GET"]}}],"collection":[{"href":"https:\/\/pfatubeshop.com\/ro\/wp-json\/wp\/v2\/product"}],"about":[{"href":"https:\/\/pfatubeshop.com\/ro\/wp-json\/wp\/v2\/types\/product"}],"wp:featuredmedia":[{"embeddable":true,"href":"https:\/\/pfatubeshop.com\/ro\/wp-json\/wp\/v2\/media\/41454"}],"wp:attachment":[{"href":"https:\/\/pfatubeshop.com\/ro\/wp-json\/wp\/v2\/media?parent=43465"}],"wp:term":[{"taxonomy":"product_brand","embeddable":true,"href":"https:\/\/pfatubeshop.com\/ro\/wp-json\/wp\/v2\/product_brand?post=43465"},{"taxonomy":"product_cat","embeddable":true,"href":"https:\/\/pfatubeshop.com\/ro\/wp-json\/wp\/v2\/product_cat?post=43465"},{"taxonomy":"product_tag","embeddable":true,"href":"https:\/\/pfatubeshop.com\/ro\/wp-json\/wp\/v2\/product_tag?post=43465"}],"curies":[{"name":"wp","href":"https:\/\/api.w.org\/{rel}","templated":true}]}}