{"id":47813,"date":"2024-06-07T12:34:25","date_gmt":"2024-06-07T10:34:25","guid":{"rendered":"https:\/\/pfatubeshop.com\/politica-de-confidentialitate\/"},"modified":"2024-06-07T12:34:28","modified_gmt":"2024-06-07T10:34:28","slug":"politica-de-confidentialitate","status":"publish","type":"page","link":"https:\/\/pfatubeshop.com\/ro\/politica-de-confidentialitate\/","title":{"rendered":"Politica de confiden\u021bialitate"},"content":{"rendered":"\n<h1>Bine a\u021bi venit la Declara\u021bia noastr\u0103 de confiden\u021bialitate<\/h1>\n<h3>Confiden\u021bialitatea dvs. este important\u0103 pentru noi<\/h3>\n<p>Magazinul PFA Tube Shop este situat la:<\/p>\n<address>Magazin de tuburi PFA<br\/>Baarschot 20B Breda<br\/>4817 ZZ &#8211; Brabantul de Nord, \u021a\u0103rile de Jos<br\/>+31 76 201 1487<\/address>\n<p>Este politica PFA Tube Shop de a v\u0103 respecta confiden\u021bialitatea \u00een ceea ce prive\u0219te orice informa\u021bii pe care le putem colecta atunci c\u00e2nd utiliz\u0103m site-ul nostru. Aceast\u0103 Declara\u021bie de confiden\u021bialitate se aplic\u0103 la <a href=\"https:\/\/pfatubeshop.com\/ro\/\">pfatubeshop<\/a>.com (\u00een continuare &#8222;noi&#8221;, &#8222;noi&#8221; sau &#8222;pfatubeshop.com&#8221;). Respect\u0103m confiden\u021bialitatea dvs. \u0219i ne angaj\u0103m s\u0103 protej\u0103m orice informa\u021bii de identificare personal\u0103 pe care ni le pute\u021bi furniza prin intermediul site-ului web. Am adoptat aceast\u0103 declara\u021bie de confiden\u021bialitate (&#8222;Declara\u021bia de confiden\u021bialitate&#8221;) pentru a explica ce informa\u021bii pot fi colectate pe site-ul nostru, cum folosim aceste informa\u021bii \u0219i \u00een ce circumstan\u021be putem dezv\u0103lui informa\u021biile unor ter\u021be p\u0103r\u021bi. Aceast\u0103 Declara\u021bie de confiden\u021bialitate se aplic\u0103 numai informa\u021biilor pe care le colect\u0103m prin intermediul site-ului web \u0219i nu se aplic\u0103 la colectarea de informa\u021bii din alte surse.<\/p>\n<p>Aceast\u0103 Declara\u021bie de confiden\u021bialitate, \u00eempreun\u0103 cu Termenii \u0219i condi\u021biile postate pe site-ul nostru web, stabilesc regulile \u0219i politicile generale privind utilizarea de c\u0103tre dvs. a site-ului nostru web. \u00cen func\u021bie de activit\u0103\u021bile pe care le desf\u0103\u0219ura\u021bi atunci c\u00e2nd vizita\u021bi site-ul nostru web, este posibil s\u0103 trebuiasc\u0103 s\u0103 accepta\u021bi termeni suplimentari ai serviciului.<\/p>\n<h2>Vizitatorii site-ului web<\/h2>\n<p>La fel ca majoritatea operatorilor de site-uri web, PFA Tube Shop colecteaz\u0103 informa\u021bii de identificare non-personal\u0103 de genul celor pe care browserele \u0219i serverele web le pun la dispozi\u021bie, cum ar fi tipul de browser, preferin\u021bele lingvistice, site-ul de referin\u021b\u0103, precum \u0219i data \u0219i ora fiec\u0103rei solicit\u0103ri a vizitatorilor. Scopul PFA Tube Shop \u00een colectarea informa\u021biilor care nu permit identificarea personal\u0103 este de a \u00een\u021belege mai bine modul \u00een care vizitatorii PFA Tube Shop utilizeaz\u0103 site-ul web. Din c\u00e2nd \u00een c\u00e2nd, PFA Tube Shop poate publica informa\u021bii care nu permit identificarea personal\u0103 \u00eentr-o form\u0103 agregat\u0103, de exemplu prin publicarea unui raport privind tendin\u021bele de utilizare a site-ului web.<\/p>\n<p>PFA Tube Shop colecteaz\u0103, de asemenea, informa\u021bii cu poten\u021bial de identificare personal\u0103, cum ar fi adresele IP pentru utilizatorii conecta\u021bi \u0219i pentru utilizatorii care las\u0103 comentarii pe posturile de blog la https:\/\/pfatubeshop.com\/. PFA Tube Shop dezv\u0103luie doar adresele IP ale utilizatorilor conecta\u021bi \u0219i ale comentatorilor \u00een acelea\u0219i circumstan\u021be \u00een care utilizeaz\u0103 \u0219i dezv\u0103luie informa\u021bii de identificare personal\u0103, a\u0219a cum este descris mai jos.<\/p>\n<h2>Colectarea de informa\u021bii care permit identificarea personal\u0103<\/h2>\n<p>Unii vizitatori ai site-urilor web ale PFA Tube Shop aleg s\u0103 interac\u021bioneze cu PFA Tube Shop \u00een moduri care necesit\u0103 ca PFA Tube Shop s\u0103 colecteze informa\u021bii de identificare personal\u0103. Cantitatea \u0219i tipul de informa\u021bii colectate de PFA Tube Shop depind de natura interac\u021biunii. De exemplu, solicit\u0103m vizitatorilor care se aboneaz\u0103 la un blog de pe https:\/\/pfatubeshop.com\/ s\u0103 furnizeze un nume de utilizator \u0219i o adres\u0103 de e-mail.<\/p>\n<h2>Securitate<\/h2>\n<p>Securitatea informa\u021biilor dvs. personale este important\u0103 pentru noi, dar v\u0103 rug\u0103m s\u0103 re\u021bine\u021bi c\u0103 nicio metod\u0103 de transmitere pe internet sau metod\u0103 de stocare electronic\u0103 nu este 100% sigur\u0103. De\u0219i ne str\u0103duim s\u0103 folosim mijloace acceptabile din punct de vedere comercial pentru a v\u0103 proteja informa\u021biile personale, nu putem garanta securitatea absolut\u0103 a acestora.<\/p>\n<h2>Anun\u021buri<\/h2>\n<p>Anun\u021burile publicitare care apar pe site-ul nostru pot fi transmise utilizatorilor de c\u0103tre partenerii publicitari, care pot seta module cookie. Aceste module cookie permit serverului de anun\u021buri s\u0103 v\u0103 recunoasc\u0103 computerul de fiecare dat\u0103 c\u00e2nd v\u0103 trimite un anun\u021b online \u0219i s\u0103 colecteze informa\u021bii despre dumneavoastr\u0103 sau despre alte persoane care v\u0103 folosesc computerul. Aceste informa\u021bii permit re\u021belelor de publicitate s\u0103 furnizeze, printre altele, anun\u021buri direc\u021bionate care, \u00een opinia lor, v\u0103 vor interesa cel mai mult. Aceast\u0103 Declara\u021bie de confiden\u021bialitate se refer\u0103 la utilizarea cookie-urilor de c\u0103tre PFA Tube Shop \u0219i nu acoper\u0103 utilizarea cookie-urilor de c\u0103tre agen\u021bii de publicitate.<\/p>\n<h2>Leg\u0103turi c\u0103tre site-uri externe<\/h2>\n<p>Serviciul nostru poate con\u021bine linkuri c\u0103tre site-uri web externe care nu sunt operate de noi. Dac\u0103 face\u021bi clic pe un link al unei ter\u021be p\u0103r\u021bi, ve\u021bi fi redirec\u021bionat c\u0103tre site-ul web al acelei ter\u021be p\u0103r\u021bi. V\u0103 \u00eencuraj\u0103m cu t\u0103rie s\u0103 consulta\u021bi Declara\u021bia de confiden\u021bialitate \u0219i Termenii \u0219i condi\u021biile fiec\u0103rui site pe care \u00eel vizita\u021bi.<\/p>\n<p>Nu avem niciun control \u0219i nu ne asum\u0103m nicio responsabilitate pentru con\u021binutul, politicile de confiden\u021bialitate sau practicile site-urilor web, produselor sau serviciilor externe.<\/p>\n<h2>PFA Tube Shop utilizeaz\u0103 Google AdWords pentru remarketing<\/h2>\n<p>PFA Tube Shop utilizeaz\u0103 servicii de remarketing pentru a face publicitate pe site-uri web ter\u021be (inclusiv Google) pentru vizitatorii care au vizitat anterior site-ul nostru. Acest lucru ar putea \u00eensemna publicitate pentru vizitatorii care nu au finalizat o sarcin\u0103 pe site-ul nostru, cum ar fi utilizarea formularului de contact pentru a pune o \u00eentrebare. Acest lucru poate fi sub forma unui anun\u021b pe pagina de rezultate de c\u0103utare Google sau pe un site din re\u021beaua Google Display Network. Ter\u021bele p\u0103r\u021bi, inclusiv Google, utilizeaz\u0103 cookie-uri pentru a afi\u0219a anun\u021buri pe baza vizitelor anterioare. Desigur, toate datele colectate vor fi utilizate \u00een conformitate cu politica noastr\u0103 de confiden\u021bialitate \u0219i cu politica de confiden\u021bialitate a Google.<\/p>\n<p>Pute\u021bi seta preferin\u021bele pentru modul \u00een care Google v\u0103 face publicitate prin intermediul Google Ad\n\n\u0219i, dac\u0103 dori\u021bi, pute\u021bi renun\u021ba complet la anun\u021burile bazate pe interes prin intermediul set\u0103rilor cookie-urilor sau folosind permanent un plugin pentru browser.<\/p>\n<h2>Statistici agregate<\/h2>\n<p>PFA Tube Shop poate colecta statistici despre comportamentul vizitatorilor pe site-ul s\u0103u web. PFA Tube Shop poate afi\u0219a aceste informa\u021bii \u00een mod public sau le poate furniza altora. Cu toate acestea, PFA Tube Shop nu divulg\u0103 nicio informa\u021bie care s\u0103 v\u0103 identifice personal.<\/p>\n<h2>Cookie-uri<\/h2>\n<p>Pentru a v\u0103 \u00eembog\u0103\u021bi \u0219i \u00eembun\u0103t\u0103\u021bi experien\u021ba online, PFA Tube Shop utilizeaz\u0103 &#8222;cookie-uri&#8221;, tehnologii similare \u0219i servicii furnizate de al\u021bii pentru a afi\u0219a con\u021binut personalizat, a afi\u0219a reclame adecvate \u0219i a stoca preferin\u021bele dvs. pe computerul dvs.<\/p>\n<p>Un cookie este un \u0219ir de informa\u021bii pe care un site web \u00eel stocheaz\u0103 pe computerul unui vizitator \u0219i pe care browserul vizitatorului \u00eel furnizeaz\u0103 site-ului web de fiecare dat\u0103 c\u00e2nd acesta viziteaz\u0103 site-ul web. PFA Tube Shop utilizeaz\u0103 cookie-uri pentru a identifica \u0219i urm\u0103ri vizitatorii, utilizarea de c\u0103tre ace\u0219tia a https:\/\/pfatubeshop.com\/ \u0219i preferin\u021bele lor de acces la site. Vizitatorii magazinului PFA Tube Shop care nu doresc s\u0103 fie plasate cookie-uri pe computerele lor ar trebui s\u0103 \u00ee\u0219i seteze browserele pentru a refuza cookie-urile \u00eenainte de a utiliza site-urile PFA Tube Shop, cu dezavantajul c\u0103 anumite caracteristici ale site-urilor PFA Tube Shop ar putea s\u0103 nu func\u021bioneze corect f\u0103r\u0103 ajutorul cookie-urilor.<\/p>\n<p>Continu\u00e2nd s\u0103 utiliza\u021bi site-ul nostru web f\u0103r\u0103 a schimba set\u0103rile cookie-urilor, recunoa\u0219te\u021bi \u0219i sunte\u021bi de acord cu utilizarea cookie-urilor de c\u0103tre PFA Tube Shop.<\/p>\n<h2>Comer\u021b electronic<\/h2>\n<p>Cei care intr\u0103 \u00een tranzac\u021bii cu PFA Tube Shop &#8211; prin achizi\u021bionarea de servicii sau produse PFA Tube Shop, sunt ruga\u021bi s\u0103 furnizeze informa\u021bii suplimentare, inclusiv informa\u021biile personale \u0219i financiare necesare pentru a procesa aceste tranzac\u021bii. \u00cen fiecare caz, PFA Tube Shop colecteaz\u0103 astfel de informa\u021bii numai \u00een m\u0103sura \u00een care este necesar sau adecvat pentru a \u00eendeplini scopul interac\u021biunii vizitatorului cu PFA Tube Shop. PFA Tube Shop divulg\u0103 informa\u021bii de identificare personal\u0103 numai a\u0219a cum este descris mai jos. De asemenea, vizitatorii pot refuza oric\u00e2nd s\u0103 furnizeze informa\u021bii de identificare personal\u0103, \u021bin\u00e2nd cont de faptul c\u0103 acest lucru \u00eei poate \u00eempiedica s\u0103 participe la anumite activit\u0103\u021bi legate de site-ul web.<\/p>\n<h2>Modific\u0103ri ale politicii de confiden\u021bialitate<\/h2>\n<p>De\u0219i cele mai multe modific\u0103ri sunt probabil minore, PFA Tube Shop poate modifica Declara\u021bia de confiden\u021bialitate din c\u00e2nd \u00een c\u00e2nd \u0219i la discre\u021bia exclusiv\u0103 a PFA Tube Shop. PFA Tube Shop \u00eencurajeaz\u0103 vizitatorii s\u0103 verifice \u00een mod frecvent aceast\u0103 pagin\u0103 pentru orice modific\u0103ri ale politicii de confiden\u021bialitate. Utilizarea \u00een continuare a acestui site dup\u0103 o modificare a acestei Politici de confiden\u021bialitate va constitui acceptarea de c\u0103tre dumneavoastr\u0103 a modific\u0103rii respective.<\/p>\n<h2>Informa\u021bii de credit \u0219i de contact<\/h2>\nDac\u0103 ave\u021bi \u00eentreb\u0103ri cu privire la politica noastr\u0103 de confiden\u021bialitate, v\u0103 rug\u0103m s\u0103 ne contacta\u021bi prin <a href=\"mailto:info@pfatubeshop.com\">e-mail<\/a> sau <a href=\"tel:+312076202%2076%\">telefonic<\/a>.\n","protected":false},"excerpt":{"rendered":"<p>Bine a\u021bi venit la Declara\u021bia noastr\u0103 de confiden\u021bialitate Confiden\u021bialitatea dvs. este important\u0103 pentru noi Magazinul PFA Tube Shop este situat la: Magazin de tuburi PFABaarschot 20B Breda4817 ZZ &#8211; Brabantul de Nord, \u021a\u0103rile de Jos+31 76 201 1487 Este politica PFA Tube Shop de a v\u0103 respecta confiden\u021bialitatea \u00een ceea ce prive\u0219te orice informa\u021bii pe [&hellip;]<\/p>\n","protected":false},"author":2,"featured_media":0,"parent":0,"menu_order":0,"comment_status":"closed","ping_status":"open","template":"","meta":{"footnotes":""},"class_list":["post-47813","page","type-page","status-publish","hentry"],"_links":{"self":[{"href":"https:\/\/pfatubeshop.com\/ro\/wp-json\/wp\/v2\/pages\/47813","targetHints":{"allow":["GET"]}}],"collection":[{"href":"https:\/\/pfatubeshop.com\/ro\/wp-json\/wp\/v2\/pages"}],"about":[{"href":"https:\/\/pfatubeshop.com\/ro\/wp-json\/wp\/v2\/types\/page"}],"author":[{"embeddable":true,"href":"https:\/\/pfatubeshop.com\/ro\/wp-json\/wp\/v2\/users\/2"}],"replies":[{"embeddable":true,"href":"https:\/\/pfatubeshop.com\/ro\/wp-json\/wp\/v2\/comments?post=47813"}],"version-history":[{"count":0,"href":"https:\/\/pfatubeshop.com\/ro\/wp-json\/wp\/v2\/pages\/47813\/revisions"}],"wp:attachment":[{"href":"https:\/\/pfatubeshop.com\/ro\/wp-json\/wp\/v2\/media?parent=47813"}],"curies":[{"name":"wp","href":"https:\/\/api.w.org\/{rel}","templated":true}]}}