{"id":47786,"date":"2024-06-07T12:33:59","date_gmt":"2024-06-07T10:33:59","guid":{"rendered":"https:\/\/pfatubeshop.com\/return\/"},"modified":"2024-06-07T12:34:01","modified_gmt":"2024-06-07T10:34:01","slug":"return","status":"publish","type":"page","link":"https:\/\/pfatubeshop.com\/ro\/return\/","title":{"rendered":"Return"},"content":{"rendered":"\n<p><strong>Pot s\u0103 returnez articolele mele?<\/strong><\/p>\n\n<p>Folosim 2 categorii, buc\u0103\u021bi t\u0103iate la dimensiune \u0219i rulouri complete.<\/p>\n\n<p>Recuperat din <strong>\n  <em>piese t\u0103iate la dimensiune<\/em>\n<\/strong> nu pot fi returnate \u00een principiu. Acestea vor fi personalizate pentru dumneavoastr\u0103. Excep\u021bie face cazul \u00een care este furnizat\u0103 o lungime sau un diametru gre\u0219it.<\/p>\n\n<p>Pentru <strong>\n  <em>rulouri complete<\/em>\n<\/strong> acestea pot fi returnate. Acest lucru este supus unui termen legal de 14 zile de la primire. Rulourile complete au o lungime de 50 de metri sau mai mul\u021bi.<\/p>\n\n<p><strong>Return\u0103rile sunt gratuite?<\/strong><\/p>\n\n<p>Nu, costul returului este suportat de c\u0103tre cump\u0103r\u0103tor.<\/p>\n\n<p><strong>C\u00e2nd voi primi banii \u00eenapoi?<\/strong><\/p>\n\n<p>Odat\u0103 ce returnarea este primit\u0103 \u0219i acceptat\u0103, vom rambursa suma returnat\u0103 \u00een termen de 5 zile lucr\u0103toare.<\/p>\n\n<p><strong>Pot s\u0103 anulez o comand\u0103?<\/strong><\/p>\n\n<p>Da, pute\u021bi anula, at\u00e2ta timp c\u00e2t articolul nu a fost expediat sau t\u0103iat la dimensiune. Dar noi lucr\u0103m la viteza luminii, a\u0219a c\u0103, \u00een acest caz, cel mai convenabil este s\u0103 ne contacta\u021bi prin telefon.<\/p>\n","protected":false},"excerpt":{"rendered":"<p>Pot s\u0103 returnez articolele mele? Folosim 2 categorii, buc\u0103\u021bi t\u0103iate la dimensiune \u0219i rulouri complete. Recuperat din piese t\u0103iate la dimensiune nu pot fi returnate \u00een principiu. Acestea vor fi personalizate pentru dumneavoastr\u0103. Excep\u021bie face cazul \u00een care este furnizat\u0103 o lungime sau un diametru gre\u0219it. Pentru rulouri complete acestea pot fi returnate. Acest lucru [&hellip;]<\/p>\n","protected":false},"author":2,"featured_media":0,"parent":0,"menu_order":0,"comment_status":"closed","ping_status":"closed","template":"","meta":{"footnotes":""},"class_list":["post-47786","page","type-page","status-publish","hentry"],"_links":{"self":[{"href":"https:\/\/pfatubeshop.com\/ro\/wp-json\/wp\/v2\/pages\/47786","targetHints":{"allow":["GET"]}}],"collection":[{"href":"https:\/\/pfatubeshop.com\/ro\/wp-json\/wp\/v2\/pages"}],"about":[{"href":"https:\/\/pfatubeshop.com\/ro\/wp-json\/wp\/v2\/types\/page"}],"author":[{"embeddable":true,"href":"https:\/\/pfatubeshop.com\/ro\/wp-json\/wp\/v2\/users\/2"}],"replies":[{"embeddable":true,"href":"https:\/\/pfatubeshop.com\/ro\/wp-json\/wp\/v2\/comments?post=47786"}],"version-history":[{"count":0,"href":"https:\/\/pfatubeshop.com\/ro\/wp-json\/wp\/v2\/pages\/47786\/revisions"}],"wp:attachment":[{"href":"https:\/\/pfatubeshop.com\/ro\/wp-json\/wp\/v2\/media?parent=47786"}],"curies":[{"name":"wp","href":"https:\/\/api.w.org\/{rel}","templated":true}]}}