{"id":47666,"date":"2024-06-07T12:27:16","date_gmt":"2024-06-07T10:27:16","guid":{"rendered":"https:\/\/pfatubeshop.com\/cos\/"},"modified":"2024-06-07T12:27:19","modified_gmt":"2024-06-07T10:27:19","slug":"cos","status":"publish","type":"page","link":"https:\/\/pfatubeshop.com\/ro\/cos\/","title":{"rendered":"Co\u0219"},"content":{"rendered":"\t\t<div data-elementor-type=\"wp-page\" data-elementor-id=\"47666\" class=\"elementor elementor-47666 elementor-10\" data-elementor-post-type=\"page\">\n\t\t\t\t<div class=\"elementor-element elementor-element-fb01104 e-flex e-con-boxed e-con e-parent\" data-id=\"fb01104\" data-element_type=\"container\" data-e-type=\"container\">\n\t\t\t\t\t<div class=\"e-con-inner\">\n\t\t\t\t\t<\/div>\n\t\t\t\t<\/div>\n\t\t<div class=\"elementor-element elementor-element-408614b e-flex e-con-boxed e-con e-parent\" data-id=\"408614b\" data-element_type=\"container\" data-e-type=\"container\">\n\t\t\t\t\t<div class=\"e-con-inner\">\n\t\t\t\t<div class=\"elementor-element elementor-element-422e42c elementor-widget elementor-widget-text-editor\" data-id=\"422e42c\" data-element_type=\"widget\" data-e-type=\"widget\" data-widget_type=\"text-editor.default\">\n\t\t\t\t<div class=\"elementor-widget-container\">\n\t\t\t\t\t\t\t\t\t<h2> <\/h2>\n<h2 class=\"elementor-heading-title elementor-size-default\" style=\"text-align: center;\"><strong>Cump\u0103ra\u021bi furtun PFA cu aceste 8 beneficii<\/strong><\/h2>\n<\/p>\n<ol>\n<li><strong>Livrare<\/strong> rapid\u0103 \u0219i eficient\u0103 <strong>\u00een termen de 1 zi lucr\u0103toare<\/strong><\/li>\n<li>Calitate premium cu <strong>toleran\u021be str\u00e2nse<\/strong><\/li>\n<li>Lungimi <strong>de la 1 metru<\/strong><\/li>\n<li>Stocuri specifice clientului \u0219i livrare &#8222;Just-in-Time<\/li>\n<li>Facturarea \u00een cont<\/li>\n<li>Livrare global\u0103<\/li>\n<li>Sustenabilitate \u0219i <strong>reducerea emisiilor de CO2<\/strong><\/li>\n<li><strong>Pre\u021buri ascu\u021bite<\/strong><\/li>\n<\/ol>\n\t\t\t\t\t\t\t\t<\/div>\n\t\t\t\t<\/div>\n\t\t\t\t\t<\/div>\n\t\t\t\t<\/div>\n\t\t\t\t<\/div>\n\t\t","protected":false},"excerpt":{"rendered":"<p>Cump\u0103ra\u021bi furtun PFA cu aceste 8 beneficii Livrare rapid\u0103 \u0219i eficient\u0103 \u00een termen de 1 zi lucr\u0103toare Calitate premium cu toleran\u021be str\u00e2nse Lungimi de la 1 metru Stocuri specifice clientului \u0219i livrare &#8222;Just-in-Time Facturarea \u00een cont Livrare global\u0103 Sustenabilitate \u0219i reducerea emisiilor de CO2 Pre\u021buri ascu\u021bite<\/p>\n","protected":false},"author":2,"featured_media":0,"parent":0,"menu_order":0,"comment_status":"closed","ping_status":"closed","template":"","meta":{"footnotes":""},"class_list":["post-47666","page","type-page","status-publish","hentry"],"_links":{"self":[{"href":"https:\/\/pfatubeshop.com\/ro\/wp-json\/wp\/v2\/pages\/47666","targetHints":{"allow":["GET"]}}],"collection":[{"href":"https:\/\/pfatubeshop.com\/ro\/wp-json\/wp\/v2\/pages"}],"about":[{"href":"https:\/\/pfatubeshop.com\/ro\/wp-json\/wp\/v2\/types\/page"}],"author":[{"embeddable":true,"href":"https:\/\/pfatubeshop.com\/ro\/wp-json\/wp\/v2\/users\/2"}],"replies":[{"embeddable":true,"href":"https:\/\/pfatubeshop.com\/ro\/wp-json\/wp\/v2\/comments?post=47666"}],"version-history":[{"count":0,"href":"https:\/\/pfatubeshop.com\/ro\/wp-json\/wp\/v2\/pages\/47666\/revisions"}],"wp:attachment":[{"href":"https:\/\/pfatubeshop.com\/ro\/wp-json\/wp\/v2\/media?parent=47666"}],"curies":[{"name":"wp","href":"https:\/\/api.w.org\/{rel}","templated":true}]}}