{"id":47614,"date":"2024-06-07T12:24:00","date_gmt":"2024-06-07T10:24:00","guid":{"rendered":"https:\/\/pfatubeshop.com\/optiuni-de-plata\/"},"modified":"2026-03-25T12:40:36","modified_gmt":"2026-03-25T11:40:36","slug":"optiuni-de-plata","status":"publish","type":"page","link":"https:\/\/pfatubeshop.com\/ro\/optiuni-de-plata\/","title":{"rendered":"Op\u021biuni de plat\u0103"},"content":{"rendered":"\n<p>Utiliz\u0103m urm\u0103toarele op\u021biuni pentru a pl\u0103ti online \u00een condi\u021bii de siguran\u021b\u0103:<\/p>\n\n<ul class=\"wp-block-list\">\n<li>iDEAL | Wero<\/li>\n\n\n\n<li>Card de credit<\/li>\n\n\n\n<li>Transfer Sepa<\/li>\n\n\n\n<li>Belfius Direct<\/li>\n\n\n\n<li>PayPal<\/li>\n<\/ul>\n\n<p>Toate aceste pl\u0103\u021bi sunt efectuate prin intermediul partenerului nostru de plat\u0103 Mollie, care garanteaz\u0103 o solu\u021bie de plat\u0103 sigur\u0103 \u0219i simpl\u0103.<\/p>\n\n<p><strong>Plata \u00een cont:<\/strong><\/p>\n\n<p>Poate c\u0103 societatea dumneavoastr\u0103 este eligibil\u0103 pentru livrarea \u00een cont. Dac\u0103 dori\u021bi s\u0103 pl\u0103ti\u021bi \u00een cont, este posibil s\u0103 v\u0103 putem deschide un cont cu un credit de 30 de zile. Pe baza rezultatului unei verific\u0103ri a creditului, se va decide dac\u0103 acest lucru este posibil \u0219i pentru organiza\u021bia dumneavoastr\u0103.<\/p>\n\n<p>V\u0103 rug\u0103m s\u0103 returna\u021bi dosarul de <a href=\"https:\/\/pfatubeshop.com\/wp-content\/uploads\/2019\/11\/PTFE-op-rekening.docx\">plat\u0103 \u00een cont<\/a> completat \u0219i semnat la adresa <a href=\"mailto:info@pfatubeshop.com\">info@pfatubeshop.com<\/a><\/p>\n\n<p>Dac\u0103 ave\u021bi o urgen\u021b\u0103 mare, v\u0103 recomand\u0103m s\u0103 pl\u0103ti\u021bi prima comand\u0103 online, deoarece aprobarea va dura \u00eentre 1 \u0219i 2 zile.<\/p>\n\n<p><strong>Factura<\/strong><\/p>\n\n<p>Fiecare livrare va fi \u00eenso\u021bit\u0103 de o factur\u0103 corect\u0103. \u00cen plus, factura este trimis\u0103 \u0219i prin e-mail. Dac\u0103 nu este complet clar, ne pute\u021bi contacta oric\u00e2nd.<\/p>\n\n<p><strong>Scutire de TVA<\/strong><\/p>\n\n<p>Livr\u0103rile comerciale c\u0103tre \u021b\u0103ri str\u0103ine pot fi adesea scutite de T.V.A. Sistemul nostru de comand\u0103 online prevede \u0219i acest lucru.<\/p>\n\n<p>Dac\u0103 furniza\u021bi un num\u0103r de TVA corect \u00een momentul efectu\u0103rii comenzii, sistemul va determina automat dac\u0103 trebuie s\u0103 se perceap\u0103 TVA.<\/p>\n","protected":false},"excerpt":{"rendered":"<p>Utiliz\u0103m urm\u0103toarele op\u021biuni pentru a pl\u0103ti online \u00een condi\u021bii de siguran\u021b\u0103: Toate aceste pl\u0103\u021bi sunt efectuate prin intermediul partenerului nostru de plat\u0103 Mollie, care garanteaz\u0103 o solu\u021bie de plat\u0103 sigur\u0103 \u0219i simpl\u0103. Plata \u00een cont: Poate c\u0103 societatea dumneavoastr\u0103 este eligibil\u0103 pentru livrarea \u00een cont. Dac\u0103 dori\u021bi s\u0103 pl\u0103ti\u021bi \u00een cont, este posibil s\u0103 v\u0103 [&hellip;]<\/p>\n","protected":false},"author":2,"featured_media":0,"parent":0,"menu_order":0,"comment_status":"closed","ping_status":"closed","template":"","meta":{"footnotes":""},"class_list":["post-47614","page","type-page","status-publish","hentry"],"_links":{"self":[{"href":"https:\/\/pfatubeshop.com\/ro\/wp-json\/wp\/v2\/pages\/47614","targetHints":{"allow":["GET"]}}],"collection":[{"href":"https:\/\/pfatubeshop.com\/ro\/wp-json\/wp\/v2\/pages"}],"about":[{"href":"https:\/\/pfatubeshop.com\/ro\/wp-json\/wp\/v2\/types\/page"}],"author":[{"embeddable":true,"href":"https:\/\/pfatubeshop.com\/ro\/wp-json\/wp\/v2\/users\/2"}],"replies":[{"embeddable":true,"href":"https:\/\/pfatubeshop.com\/ro\/wp-json\/wp\/v2\/comments?post=47614"}],"version-history":[{"count":2,"href":"https:\/\/pfatubeshop.com\/ro\/wp-json\/wp\/v2\/pages\/47614\/revisions"}],"predecessor-version":[{"id":49554,"href":"https:\/\/pfatubeshop.com\/ro\/wp-json\/wp\/v2\/pages\/47614\/revisions\/49554"}],"wp:attachment":[{"href":"https:\/\/pfatubeshop.com\/ro\/wp-json\/wp\/v2\/media?parent=47614"}],"curies":[{"name":"wp","href":"https:\/\/api.w.org\/{rel}","templated":true}]}}