{"id":47584,"date":"2024-06-07T12:23:12","date_gmt":"2024-06-07T10:23:12","guid":{"rendered":"https:\/\/pfatubeshop.com\/comanda-si-livrare-f-a-q\/"},"modified":"2024-06-07T12:23:15","modified_gmt":"2024-06-07T10:23:15","slug":"comanda-si-livrare-f-a-q","status":"publish","type":"page","link":"https:\/\/pfatubeshop.com\/ro\/comanda-si-livrare-f-a-q\/","title":{"rendered":"Comand\u0103 \u0219i livrare &#8211; F.A.Q."},"content":{"rendered":"\n<p><strong>C\u00e2nd voi primi comanda mea?<\/strong><\/p>\n\n<p>Ne propunem s\u0103 v\u0103 oferim comanda la PostNL sau GLS \u00een termen de 24 de ore de la primirea pl\u0103\u021bii, dac\u0103 este \u00een stoc. \u00cen func\u021bie de \u021bara de livrare, se adaug\u0103 un num\u0103r de zile de livrare. Dup\u0103 ce am expediat coletul, ve\u021bi primi un cod de urm\u0103rire care v\u0103 permite s\u0103 urm\u0103ri\u021bi coletul.<\/p>\n\n<p><strong>Care sunt costurile pentru comenzi mici?<\/strong><\/p>\n\n<p>Comenzile mai mici de 20 de euro sunt supuse unei taxe de 10 euro pentru comenzi mici. Sfat: Adesea este avantajos s\u0103 comanda\u021bi pu\u021bin mai mult, astfel \u00eenc\u00e2t s\u0103 se renun\u021be la acestea.<\/p>\n\n<p><strong>\u00cen c\u00e2t timp voi primi comanda mea?<\/strong><\/p>\n\n<p>Coletele \u00een Europa sunt trimise \u00een general prin GLS. Toate plicurile \u0219i coletele \u00een afara Europei cu Postnl.<\/p>\n\n<p>Vizualiza\u021bi aici timpii de livrare actuali \u00een func\u021bie de transportator:<\/p>\n\n<ul class=\"wp-block-list\">\n<li><a href=\"https:\/\/gls-group.eu\/NL\/nl\/verzendinformatie\/verzenden-binnen-de-eu\" target=\"_blank\" rel=\"noreferrer noopener\">GLS<\/a><\/li>\n\n\n\n<li><a href=\"https:\/\/www.postnl.nl\/versturen\/pakket-versturen\/pakket-buitenland\/bezorgtijd-naar-buitenland\/\" target=\"_blank\" rel=\"noreferrer noopener\">PostNL<\/a><\/li>\n<\/ul>\n\n<p><strong>Am nevoie s\u0103 primesc coletul meu mai repede, este posibil?<\/strong><\/p>\n\n<p>Dac\u0103 dori\u021bi s\u0103 primi\u021bi un colet mai repede, \u00eel putem rezerva prin intermediul altor parteneri logistici mai rapizi sau pe baza num\u0103rului de cont al transportatorului dumneavoastr\u0103. Orice costuri suplimentare vor fi suportate de c\u0103tre cump\u0103r\u0103tor.<\/p>\n\n<p><strong>C\u00e2t de scump\u0103 este livrarea?<\/strong><\/p>\n\n<p>\u00cen cadrul Uniunii Europene, aplic\u0103m rate fixe sc\u0103zute. Nu conteaz\u0103 dac\u0103 plasa\u021bi o comand\u0103 mic\u0103 sau una foarte mare.<\/p>\n\n<figure class=\"wp-block-table\"><table><tbody><tr><td>Olanda<\/td><td>  \u20ac 6,25<\/td><td><\/td><td>Irlanda<\/td><td>  \u20ac 16,95<\/td><td><\/td><td>Ungaria<\/td><td>  \u20ac 22,50<\/td><\/tr><tr><td>Belgia<\/td><td>  \u20ac 7,50<\/td><td><\/td><td>Italia<\/td><td>  \u20ac 16,95<\/td><td><\/td><td>Croa\u021bia<\/td><td>  \u20ac 22,50<\/td><\/tr><tr><td>Germania<\/td><td>  \u20ac 8,70<\/td><td><\/td><td>Polonia<\/td><td>  \u20ac 16,95<\/td><td><\/td><td>Letonia<\/td><td>  \u20ac 22,50<\/td><\/tr><tr><td>Danemarca<\/td><td>  \u20ac 12,50<\/td><td><\/td><td>Portugalia<\/td><td>  \u20ac 16,95<\/td><td><\/td><td>Lituania<\/td><td>  \u20ac 22,50<\/td><\/tr><tr><td>Fran\u021ba<\/td><td>  \u20ac 12,50<\/td><td><\/td><td>Spania<\/td><td>  \u20ac 16,95<\/td><td><\/td><td>Rom\u00e2nia<\/td><td>  \u20ac 22,50<\/td><\/tr><tr><td>Luxemburg<\/td><td>  \u20ac 12,50<\/td><td><\/td><td>Suedia<\/td><td>  \u20ac 22,50<\/td><td><\/td><td>Slovenia<\/td><td>  \u20ac 22,50<\/td><\/tr><tr><td>Austria<\/td><td>  \u20ac 12,50<\/td><td><\/td><td>Bulgaria<\/td><td>  \u20ac 22,50<\/td><td><\/td><td>Slovacia<\/td><td>  \u20ac 22,50<\/td><\/tr><tr><td>Regatul Unit<\/td><td>  \u20ac 12,50<\/td><td><\/td><td>Estonia<\/td><td>  \u20ac 22,50<\/td><td><\/td><td>Republica Ceh\u0103<\/td><td>  \u20ac 22,50<\/td><\/tr><tr><td>Finlanda<\/td><td>  \u20ac 16,95<\/td><td><\/td><td><\/td><td><\/td><td><\/td><td><\/td><td><\/td><\/tr><\/tbody><\/table><\/figure>\n\n<p>\u00cen afara Uniunii Europene, taxele de livrare sunt calculate \u00een func\u021bie de greutate:<\/p>\n\n<figure class=\"wp-block-table\"><table><tbody><tr><td>0 p\u00e2n\u0103 la 999 gr<\/td><td>  \u20ac 50,00<\/td><td><\/td><td>8 kg. p\u00e2n\u0103 la 8999 gr<\/td><td>  \u20ac 103,00<\/td><\/tr><tr><td>1 kg. p\u00e2n\u0103 la 1999 gr<\/td><td>  \u20ac 55,00<\/td><td><\/td><td>9 kg. p\u00e2n\u0103 la 9999 gr<\/td><td>  \u20ac 107,00<\/td><\/tr><tr><td>2 kg. p\u00e2n\u0103 la 2999 gr<\/td><td>  \u20ac 60,00<\/td><td><\/td><td>10 kg. p\u00e2n\u0103 la 10999 gr<\/td><td>  \u20ac 117,00<\/td><\/tr><tr><td>3 kg. p\u00e2n\u0103 la 3999 gr<\/td><td>  \u20ac 65,00<\/td><td><\/td><td>11 kg. p\u00e2n\u0103 la 11999 gr<\/td><td>  \u20ac 122,00<\/td><\/tr><tr><td>4 kg. p\u00e2n\u0103 la 4999 gr<\/td><td>  \u20ac 73,80<\/td><td><\/td><td>12 kg. p\u00e2n\u0103 la 12999 gr<\/td><td>  \u20ac 135,00<\/td><\/tr><tr><td>5 kg. p\u00e2n\u0103 la 5999 gr<\/td><td>  \u20ac 78,00<\/td><td><\/td><td>13 kg. p\u00e2n\u0103 la 13999 gr<\/td><td>  \u20ac 137,00<\/td><\/tr><tr><td>6 kg. p\u00e2n\u0103 la 6999 gr<\/td><td>  \u20ac 84,00<\/td><td><\/td><td>14 kg. p\u00e2n\u0103 la 14999 gr<\/td><td>  \u20ac 142,00<\/td><\/tr><tr><td>7 kg. p\u00e2n\u0103 la 7999 gr<\/td><td>  \u20ac 93,00<\/td><td><\/td><td>15 kg. p\u00e2n\u0103 la 15999 gr<\/td><td>  \u20ac 148,00<\/td><\/tr><\/tbody><\/table><\/figure>\n\n<p><strong>A\u0219 dori s\u0103 comand, dar trebuie s\u0103 fie \u00een cont?<\/strong><\/p>\n\n<p>\u00cen general, acest lucru nu reprezint\u0103 o problem\u0103. Pe baza unei verific\u0103ri a creditului, vedem dac\u0103 putem livra \u00een cont. \u00cen cazul \u00een care este aprobat\u0103, ve\u021bi primi o factur\u0103 care va fi pl\u0103tit\u0103 \u00een termen de 30 de zile. Trimite\u021bi-ne un e-mail cu datele companiei dvs. \u0219i comanda de achizi\u021bie \u0219i v\u0103 vom deschide un cont!<\/p>\n\n<p><strong>\u00centotdeauna primesc furtunul livrat \u00eentr-o singur\u0103 bucat\u0103?<\/strong><\/p>\n\n<p>Ne str\u0103duim s\u0103 v\u0103 livr\u0103m comanda \u00een c\u00e2t mai pu\u021bine buc\u0103\u021bi, \u00eens\u0103 nu este \u00eentotdeauna posibil s\u0103 o livr\u0103m \u00eentr-o singur\u0103 bucat\u0103. Astfel, se poate \u00eent\u00e2mpla ca o comand\u0103 de, s\u0103 zicem, 70 de metri s\u0103 fie livrat\u0103 \u00eentr-o bucat\u0103 de 50 de metri \u0219i una de 20 de metri sau 40 + 30 de metri, \u00een func\u021bie de nivelul stocurilor. \u00cen general, rolele noastre complete au o lungime de 50 sau 100 de metri, \u00een func\u021bie de diametrul solicitat.<\/p>\n","protected":false},"excerpt":{"rendered":"<p>C\u00e2nd voi primi comanda mea? Ne propunem s\u0103 v\u0103 oferim comanda la PostNL sau GLS \u00een termen de 24 de ore de la primirea pl\u0103\u021bii, dac\u0103 este \u00een stoc. \u00cen func\u021bie de \u021bara de livrare, se adaug\u0103 un num\u0103r de zile de livrare. Dup\u0103 ce am expediat coletul, ve\u021bi primi un cod de urm\u0103rire care [&hellip;]<\/p>\n","protected":false},"author":2,"featured_media":0,"parent":0,"menu_order":0,"comment_status":"closed","ping_status":"closed","template":"","meta":{"footnotes":""},"class_list":["post-47584","page","type-page","status-publish","hentry"],"_links":{"self":[{"href":"https:\/\/pfatubeshop.com\/ro\/wp-json\/wp\/v2\/pages\/47584","targetHints":{"allow":["GET"]}}],"collection":[{"href":"https:\/\/pfatubeshop.com\/ro\/wp-json\/wp\/v2\/pages"}],"about":[{"href":"https:\/\/pfatubeshop.com\/ro\/wp-json\/wp\/v2\/types\/page"}],"author":[{"embeddable":true,"href":"https:\/\/pfatubeshop.com\/ro\/wp-json\/wp\/v2\/users\/2"}],"replies":[{"embeddable":true,"href":"https:\/\/pfatubeshop.com\/ro\/wp-json\/wp\/v2\/comments?post=47584"}],"version-history":[{"count":0,"href":"https:\/\/pfatubeshop.com\/ro\/wp-json\/wp\/v2\/pages\/47584\/revisions"}],"wp:attachment":[{"href":"https:\/\/pfatubeshop.com\/ro\/wp-json\/wp\/v2\/media?parent=47584"}],"curies":[{"name":"wp","href":"https:\/\/api.w.org\/{rel}","templated":true}]}}