{"id":45479,"date":"2023-10-31T15:03:08","date_gmt":"2023-10-31T14:03:08","guid":{"rendered":"https:\/\/pfatubeshop.com\/over-ons\/"},"modified":"2024-06-24T21:47:27","modified_gmt":"2024-06-24T19:47:27","slug":"despre-noi","status":"publish","type":"page","link":"https:\/\/pfatubeshop.com\/ro\/despre-noi\/","title":{"rendered":"Despre noi"},"content":{"rendered":"\t\t<div data-elementor-type=\"wp-page\" data-elementor-id=\"45479\" class=\"elementor elementor-45479 elementor-35961\" data-elementor-post-type=\"page\">\n\t\t\t\t<div class=\"elementor-element elementor-element-3c847250 e-con-full e-flex e-con e-parent\" data-id=\"3c847250\" data-element_type=\"container\" data-e-type=\"container\">\n\t\t\t\t<div class=\"elementor-element elementor-element-234a7da4 elementor-widget elementor-widget-text-editor\" data-id=\"234a7da4\" data-element_type=\"widget\" data-e-type=\"widget\" data-widget_type=\"text-editor.default\">\n\t\t\t\t<div class=\"elementor-widget-container\">\n\t\t\t\t\t\t\t\t\t<h1 style=\"text-align: center;\">Specialist \u00een \u021bevi \u0219i furtunuri PFA<\/h1>\n<\/p>\n<p>PFA Tube Shop este o extensie solid\u0103 a<span style=\"text-decoration: underline;\"><a href=\"https:\/\/ptfetubeshop.com\/\" rel=\"noopener\">PT<img fetchpriority=\"high\" decoding=\"async\" class=\" wp-image-28753 alignright\" src=\"https:\/\/pfatubeshop.com\/wp-content\/uploads\/2022\/09\/Jeroen_productspecialist_PTFE-Tube-Shop-6.jpg\" alt=\"\" width=\"517\" height=\"919\" srcset=\"https:\/\/pfatubeshop.com\/wp-content\/uploads\/2022\/09\/Jeroen_productspecialist_PTFE-Tube-Shop-6.jpg 1152w, https:\/\/pfatubeshop.com\/wp-content\/uploads\/2022\/09\/Jeroen_productspecialist_PTFE-Tube-Shop-6-600x1067.jpg 600w, https:\/\/pfatubeshop.com\/wp-content\/uploads\/2022\/09\/Jeroen_productspecialist_PTFE-Tube-Shop-6-169x300.jpg 169w, https:\/\/pfatubeshop.com\/wp-content\/uploads\/2022\/09\/Jeroen_productspecialist_PTFE-Tube-Shop-6-576x1024.jpg 576w\" sizes=\"(max-width: 517px) 100vw, 517px\" \/>FE Tube Shop<\/a><\/span>, \u0219i formeaz\u0103 o ramur\u0103 specializat\u0103 \u00een cadrul companiei noastre care se concentreaz\u0103 \u00een \u00eentregime pe furnizarea de tuburi \u0219i furtunuri PFA de \u00eenalt\u0103 calitate. Fiind un segment dedicat al organiza\u021biei noastre, obiectivul nostru este de a satisface nevoile clien\u021bilor no\u0219tri \u00een ceea ce prive\u0219te materialele PFA cu cea mai mare precizie \u0219i rapiditate.<\/p>\n<h3>Furtun PFA furnizat din stoc:<\/h3>\n<p>P\u0103str\u0103m un stoc mare de furtunuri PFA at\u00e2t standard, c\u00e2t \u0219i de \u00eenalt\u0103 puritate. Disponibil \u00een m\u0103rimi \u00een inci \u0219i metrice:<\/p>\n<\/p>\n<ul>\n<li><span style=\"text-decoration: underline;\"><a href=\"https:\/\/pfatubeshop.com\/type\/standard-pfa\/?_sizing=mm\">Furtun standard PFA Metric<\/a><\/span><\/li>\n<li><span style=\"text-decoration: underline;\"><a href=\"https:\/\/pfatubeshop.com\/type\/standard-pfa\/?_sizing=mm\">Furtun standard PFA \u00een inci<\/a><\/span><\/li>\n<li><span style=\"text-decoration: underline;\"><a href=\"https:\/\/pfatubeshop.com\/type\/high-purity-pfa\/?_sizing=mm\">Furtun PFA de \u00eenalt\u0103 puritate Metric<\/a><\/span><\/li>\n<li><span style=\"text-decoration: underline;\"><a href=\"https:\/\/pfatubeshop.com\/type\/high-purity-pfa\/?_sizing=inch\">Furtun PFA de \u00eenalt\u0103 puritate \u00een inci<\/a><\/span><\/li>\n<\/ul>\n<h3> <\/h3>\n<h3>De ce PFA Tube Shop?<\/h3>\n<p>PFA Tube Shop este partenerul dumneavoastr\u0103 de \u00eencredere pentru furtunuri PFA de \u00eenalt\u0103 calitate:<\/p>\n<ul>\n<li><em>Furtunuri PFA de calitate excelent\u0103 \u0219i furtunuri PFA de \u00eenalt\u0103 puritate<\/em><\/li>\n<li><em>Trimis \u00een termen de 1 zi lucr\u0103toare<\/em><\/li>\n<li><em>Livrare de la 1 metru<\/em><\/li>\n<li><em>Comand\u0103 online u\u0219oar\u0103 sau \u00een cont, dac\u0103 se dore\u0219te<\/em><\/li>\n<li><em>Pre\u021buri clare \u0219i gam\u0103 larg\u0103<\/em><\/li>\n<\/ul>\n<p>Ne m\u00e2ndrim cu m\u00e2ndria de a v\u0103 c\u00e2\u0219tiga \u00eencrederea prin oferirea de produse de cea mai \u00eenalt\u0103 calitate, servicii pentru clien\u021bi de neegalat \u0219i livr\u0103ri rapide \u0219i eficiente. Bine\u00een\u021beles, speciali\u0219tii no\u0219tri \u00een produse, Paul \u0219i Jeroen, sunt \u00eentotdeauna la \u00eendem\u00e2n\u0103 pentru a v\u0103 ajuta ori de c\u00e2te ori ave\u021bi \u00eentreb\u0103ri sau ave\u021bi nevoie de asisten\u021b\u0103 tehnic\u0103.<\/p>\n<p>Cu ani de experien\u021b\u0103 \u0219i o expertiz\u0103 profund\u0103 \u00een lucrul cu fluoropolimeri, inclusiv PFA, \u00een\u021belegem cerin\u021bele \u0219i provoc\u0103rile unice ale industriilor care variaz\u0103 de la procesarea chimic\u0103 \u0219i farmaceutic\u0103 p\u00e2n\u0103 la industria aerospa\u021bial\u0103 \u0219i produc\u021bia de semiconductori. Angajamentul nostru fa\u021b\u0103 de calitate nu se reflect\u0103 doar \u00een gama noastr\u0103 extins\u0103 de \u021bevi \u0219i furtunuri PFA cu diferite diametre \u0219i grosimi de perete, ci \u0219i \u00een capacitatea noastr\u0103 de a oferi solu\u021bii personalizate care corespund cu precizie specifica\u021biilor \u0219i cerin\u021belor clien\u021bilor no\u0219tri.<\/p>\n<p>La PFA Tube Shop, avem o abordare care merge dincolo de simpla furnizare de produse. Speciali\u0219tii no\u0219tri dedica\u021bi \u00een produse, Paul \u0219i Jeroen, sunt gata s\u0103 v\u0103 ofere asisten\u021b\u0103 tehnic\u0103, consiliere \u0219i \u00eendrumare pe tot parcursul proiectului dumneavoastr\u0103.<\/p>\n<h2>Stoc mare de tuburi \u0219i furtunuri PFA<\/h2>\n<p>La PFA Tube Shop, ne str\u0103duim \u00een mod constant s\u0103 avem \u00een stoc tuburile potrivite. Cu toate acestea, \u00een cazul \u00een care furtunul potrivit nu este disponibil, v\u0103 rug\u0103m s\u0103 contacta\u021bi <span style=\"text-decoration: underline;\"><a href=\"https:\/\/pfatubeshop.com\/contact\/\">contacta\u021bi<\/a><\/span>ne pentru a v\u0103 putea face o ofert\u0103 adecvat\u0103.<\/p>\n\t\t\t\t\t\t\t\t<\/div>\n\t\t\t\t<\/div>\n\t\t\t\t<\/div>\n\t\t<div class=\"elementor-element elementor-element-9c27782 e-flex e-con-boxed e-con e-parent\" data-id=\"9c27782\" data-element_type=\"container\" data-e-type=\"container\">\n\t\t\t\t\t<div class=\"e-con-inner\">\n\t\t\t\t\t<\/div>\n\t\t\t\t<\/div>\n\t\t\t\t<\/div>\n\t\t","protected":false},"excerpt":{"rendered":"<p>Specialist \u00een \u021bevi \u0219i furtunuri PFA PFA Tube Shop este o extensie solid\u0103 aPTFE Tube Shop, \u0219i formeaz\u0103 o ramur\u0103 specializat\u0103 \u00een cadrul companiei noastre care se concentreaz\u0103 \u00een \u00eentregime pe furnizarea de tuburi \u0219i furtunuri PFA de \u00eenalt\u0103 calitate. Fiind un segment dedicat al organiza\u021biei noastre, obiectivul nostru este de a satisface nevoile clien\u021bilor [&hellip;]<\/p>\n","protected":false},"author":2,"featured_media":0,"parent":0,"menu_order":0,"comment_status":"closed","ping_status":"closed","template":"","meta":{"footnotes":""},"class_list":["post-45479","page","type-page","status-publish","hentry"],"_links":{"self":[{"href":"https:\/\/pfatubeshop.com\/ro\/wp-json\/wp\/v2\/pages\/45479","targetHints":{"allow":["GET"]}}],"collection":[{"href":"https:\/\/pfatubeshop.com\/ro\/wp-json\/wp\/v2\/pages"}],"about":[{"href":"https:\/\/pfatubeshop.com\/ro\/wp-json\/wp\/v2\/types\/page"}],"author":[{"embeddable":true,"href":"https:\/\/pfatubeshop.com\/ro\/wp-json\/wp\/v2\/users\/2"}],"replies":[{"embeddable":true,"href":"https:\/\/pfatubeshop.com\/ro\/wp-json\/wp\/v2\/comments?post=45479"}],"version-history":[{"count":0,"href":"https:\/\/pfatubeshop.com\/ro\/wp-json\/wp\/v2\/pages\/45479\/revisions"}],"wp:attachment":[{"href":"https:\/\/pfatubeshop.com\/ro\/wp-json\/wp\/v2\/media?parent=45479"}],"curies":[{"name":"wp","href":"https:\/\/api.w.org\/{rel}","templated":true}]}}