{"id":46813,"date":"2024-01-19T16:05:19","date_gmt":"2024-01-19T15:05:19","guid":{"rendered":"https:\/\/pfatubeshop.com\/product\/mangueira-pfa-451-de-alta-pureza-1-16%e2%80%b3-x-1-8%e2%80%b3-16-mm-x-32-mm\/"},"modified":"2024-06-05T15:04:32","modified_gmt":"2024-06-05T13:04:32","slug":"mangueira-pfa-451-de-alta-pureza-1-16%e2%80%b3-x-1-8%e2%80%b3-16-mm-x-32-mm","status":"publish","type":"product","link":"https:\/\/pfatubeshop.com\/pt-pt\/produto\/mangueira-pfa-451-de-alta-pureza-1-16%e2%80%b3-x-1-8%e2%80%b3-16-mm-x-32-mm\/","title":{"rendered":"Mangueira PFA 451 de alta pureza 1\/16\u2033 x 1\/8\u2033 &#8211; 1,6 mm x 3,2 mm"},"content":{"rendered":"<h1>Mangueira de PFA de ALTA PUREZA 1\/16\u2033 x 1\/8\u2033- (1,6 mm x 3,2 mm)<\/h1>\n<p>Esta mangueira de PFA \u00e9 feita de <strong>granulado Chemours 451 HP. <\/strong>A mangueira tem um di\u00e2metro externo de 3,2 mm (OD), um di\u00e2metro interno de 1,6 mm (ID) e uma espessura de parede de 0,8 mm.<\/p>\n<p>As mangueiras PFA 451HP s\u00e3o frequentemente utilizadas como tubos para a produ\u00e7\u00e3o de produtos qu\u00edmicos ultra-puros, componentes para o transporte de l\u00edquidos na ind\u00fastria de semicondutores e sistemas de dosagem de produtos qu\u00edmicos de alto desempenho, onde a pureza \u00e9 o maior requisito.<\/p>\n<p>As mangueiras PFA 451HP t\u00eam uma suavidade de superf\u00edcie ainda melhor em compara\u00e7\u00e3o com as mangueiras PFA padr\u00e3o e s\u00e3o utilizadas quando s\u00e3o necess\u00e1rios n\u00edveis mais elevados de resist\u00eancia qu\u00edmica e pureza.<\/p>\n<p>Os produtos fabricados com gr\u00e2nulos\/resina PFA 451HP cumprem os requisitos de contacto com alimentos de acordo com a norma FDA 21 CFR 177.1550 e o Regulamento Europeu (UE) n.\u00ba 10\/2011. Encontra todas as informa\u00e7\u00f5es no s\u00edtio Web da <a href=\"https:\/\/www.teflon.com\/en\/-\/media\/files\/teflon\/teflon-pfa-451hp-product-info.pdf?rev=1a7aa238a39543218468304f57b6c73c&amp;hash=0E3C9255CCAC4D0E33F6B2AD380CE8ED\" rel=\"noopener\">Chemours.<\/a><\/p>\n<p><strong>Esta mangueira PFA de alta pureza tem as seguintes caracter\u00edsticas:<\/strong><\/p>\n<ul>\n<li>Di\u00e2metro interior (ID): 1,6 mm +\/- 0,1 mm<\/li>\n<li>Di\u00e2metro exterior (DE): 3,2 mm +\/- 0,1 mm<\/li>\n<li>Espessura da parede: 0,8 mm +\/- 0,1 mm<\/li>\n<li>Gama de temperaturas: menos 200\u00b0C a mais 260\u00b0C<\/li>\n<li>Raio de curvatura: 10 &#8211; 12 mm<\/li>\n<li>Cor: Transparente<\/li>\n<li>Forma: lisa<\/li>\n<li>Aprova\u00e7\u00e3o da FDA: Sim<\/li>\n<li>Peso por 100 metros: 1,34 kg<\/li>\n<li>Press\u00e3o de rutura em Bar (20\u00b0C): 165 Bar<\/li>\n<li>Press\u00e3o de trabalho (20\u00b0C): 33 Bar*.<\/li>\n<\/ul>\n<p>O PFA (perfluoroalcoxi) tem propriedades \u00fanicas:<\/p>\n<ul>\n<li>Transparente<\/li>\n<li>Fus\u00edvel \/ sold\u00e1vel<\/li>\n<li>Quimicamente inerte<\/li>\n<li>Ampla gama de temperaturas -200C a +260C<\/li>\n<li>Sem ader\u00eancia \/ fric\u00e7\u00e3o muito reduzida<\/li>\n<li>Repelente de \u00e1gua<\/li>\n<li>Aprovado pela FDA<\/li>\n<li>Bons valores de isolamento<\/li>\n<\/ul>\n<p style=\"text-align: center;\"><b>Todas as caracter\u00edsticas do produto s\u00e3o para refer\u00eancia, as condi\u00e7\u00f5es de utiliza\u00e7\u00e3o podem afetar, pelo que recomendamos sempre um teste exaustivo.<\/b><\/p>\n<p>* A rela\u00e7\u00e3o entre a press\u00e3o de rutura e a press\u00e3o de funcionamento \u00e9 geralmente de 3 para 1 ou 5 para 1, dependendo da temperatura, do meio em contacto com a tubagem PFA, da an\u00e1lise de risco e de outros factores.<\/p>\n<p><span style=\"color: #1a1a1a; font-size: 1.4rem; letter-spacing: -0.02em;\">Encomenda uma mangueira PFA de alta pureza de 1\/16\u2033 x 1\/8\u2033- (1,6 mm x 3,2 mm) com 8 vantagens \u01c0 PTFEtubeshop.com<\/span><\/p>\n<p>Esta mangueira de Teflon PFA 1\/16\u2033 x 1\/8\u2033- (1,6 mm x 3,2 mm) corresponde aos nossos 8 valores fundamentais:<\/p>\n<p>1) Envio em 24 horas se tiveres em stock<br \/>\n2) Mangueira PFA, qualidade de primeira classe com toler\u00e2ncias apertadas<br \/>\n3) Encomenda online a partir de 1 metro ou pergunta pelas op\u00e7\u00f5es de mangueiras personalizadas<br \/>\n4) Stock espec\u00edfico para o cliente e entrega just-in-time; <a href=\"https:\/\/pfatubeshop.com\/contact\/\">entra em contacto<\/a> para discutir as op\u00e7\u00f5es<br \/>\n5) Entrega por conta. Entra em contacto connosco ou envia-nos uma ordem de compra por e-mail e veremos se podemos come\u00e7ar a entregar por conta<br \/>\n6) Entrega em todo o mundo, introduz o endere\u00e7o de entrega no check-out e o sistema calcular\u00e1 os custos de envio<br \/>\n7) Redu\u00e7\u00e3o de CO2, plantamos uma \u00e1rvore por cada 20 kg de material que vendemos<br \/>\n8) Pre\u00e7o, para o caso de o nosso pre\u00e7o n\u00e3o ser o correto. Informa-nos e veremos se te podemos atender<\/p>\n<p>Descobre o desempenho e a durabilidade inigual\u00e1veis das nossas mangueiras PFA HP de alta qualidade. Quer operes nas ind\u00fastrias qu\u00edmica, farmac\u00eautica, aeroespacial ou noutras ind\u00fastrias exigentes, as nossas mangueiras PFA oferecem solu\u00e7\u00f5es fi\u00e1veis para as tuas aplica\u00e7\u00f5es cr\u00edticas. Com uma excelente resist\u00eancia qu\u00edmica, toler\u00e2ncia a temperaturas extremas e uma gama de tamanhos e comprimentos dispon\u00edveis, os nossos produtos cumprem os mais elevados padr\u00f5es de desempenho e fiabilidade. Se tiveres mais perguntas ou procurares um di\u00e2metro alternativo, <a style=\"font-size: 16px;\" href=\"https:\/\/pfatubeshop.com\/offerte-aanvragen\/\">contacta-nos<\/a> hoje<span style=\"font-size: 16px;\"> para mais informa\u00e7\u00f5es<\/span>.<\/p>\n<h3>Teflon\u2122 PFA<\/h3>\n<p>Teflon\u2122 \u00e9 uma marca registada da Chemours para os seus gr\u00e2nulos, revestimentos e pel\u00edculas fluoropl\u00e1sticos, etc. O nome da marca Teflon\u2122 \u00e9 licenciado pela Chemours em conjunto com aplica\u00e7\u00f5es aprovadas. Sem uma licen\u00e7a de marca registada, n\u00e3o podemos identificar os nossos produtos com a marca Teflon, uma vez que n\u00e3o temos uma licen\u00e7a de marca registada Teflon. Por isso, utilizamos apenas o c\u00f3digo de material Chemours 451HP para as nossas mangueiras de alta pureza e n\u00e3o Teflon 451HP.<\/p>\n<h3>Tabela de pre\u00e7os Mangueira PFA HP451 1\/16\u2033 x 1\/8\u2033- (1,6 mm x 3,2 mm)<\/h3>\n<div id=\"ConnectiveDocSignExtentionInstalled\" data-extension-version=\"1.0.4\"><\/div>\n","protected":false},"excerpt":{"rendered":"<p><strong><span style=\"color: #c51230;\"><i class=\"far fa-check\"><\/i> \u221a Material PFA da Chemours <\/span><span style=\"color: #c51230;\"> <\/span><\/strong><br \/>\n<i class=\"far fa-check\"><\/i><\/p>\n<p><strong><span style=\"color: #c51230;\">\u221a<\/span> 451 HP granulado &#8211; ALTA PUREZA<\/strong><br \/>\n<i class=\"far fa-check\"><\/i><\/p>\n<p><strong><span style=\"color: #c51230;\">\u221a <\/span>Enviado em 24 horas a partir de 1 metro<\/strong><br \/>\n<i class=\"far fa-check\"><\/i><\/p>\n<p><strong><span style=\"color: #c51230;\">\u221a <\/span>Toler\u00e2ncias muito apertadas <\/strong><b>toler\u00e2ncias<\/b><\/p>\n<div id=\"ConnectiveDocSignExtentionInstalled\" data-extension-version=\"1.0.4\"><\/div>\n","protected":false},"featured_media":41453,"template":"","meta":[],"product_brand":[],"product_cat":[13082],"product_tag":[14269],"class_list":{"0":"post-46813","1":"product","2":"type-product","3":"status-publish","4":"has-post-thumbnail","6":"type-high-purity-pfa-pt","7":"sizing-inch-pt-pt","8":"product_cat-produtos","9":"product_tag-tubo-pfa-16x32mm","11":"first","12":"instock","13":"taxable","14":"shipping-taxable","15":"purchasable","16":"product-type-variable"},"_links":{"self":[{"href":"https:\/\/pfatubeshop.com\/pt-pt\/wp-json\/wp\/v2\/product\/46813","targetHints":{"allow":["GET"]}}],"collection":[{"href":"https:\/\/pfatubeshop.com\/pt-pt\/wp-json\/wp\/v2\/product"}],"about":[{"href":"https:\/\/pfatubeshop.com\/pt-pt\/wp-json\/wp\/v2\/types\/product"}],"wp:featuredmedia":[{"embeddable":true,"href":"https:\/\/pfatubeshop.com\/pt-pt\/wp-json\/wp\/v2\/media\/41453"}],"wp:attachment":[{"href":"https:\/\/pfatubeshop.com\/pt-pt\/wp-json\/wp\/v2\/media?parent=46813"}],"wp:term":[{"taxonomy":"product_brand","embeddable":true,"href":"https:\/\/pfatubeshop.com\/pt-pt\/wp-json\/wp\/v2\/product_brand?post=46813"},{"taxonomy":"product_cat","embeddable":true,"href":"https:\/\/pfatubeshop.com\/pt-pt\/wp-json\/wp\/v2\/product_cat?post=46813"},{"taxonomy":"product_tag","embeddable":true,"href":"https:\/\/pfatubeshop.com\/pt-pt\/wp-json\/wp\/v2\/product_tag?post=46813"}],"curies":[{"name":"wp","href":"https:\/\/api.w.org\/{rel}","templated":true}]}}