{"id":43214,"date":"2023-07-29T19:11:56","date_gmt":"2023-07-29T17:11:56","guid":{"rendered":"https:\/\/pfatubeshop.com\/?post_type=product&#038;p=43214"},"modified":"2024-03-29T16:11:46","modified_gmt":"2024-03-29T15:11:46","slug":"tubo-de-pfa-de-20-mm-x-22-mm","status":"publish","type":"product","link":"https:\/\/pfatubeshop.com\/pt-pt\/produto\/tubo-de-pfa-de-20-mm-x-22-mm\/","title":{"rendered":"Tubo de PFA de 20 mm x 22 mm"},"content":{"rendered":"<h1>Tubo de PFA de 20 mm x 22 mm<\/h1>\n<p>Este tubo de PFA tem um di\u00e2metro exterior de 22 mm (DE), um di\u00e2metro interior de 20 mm (DI) e uma espessura da parede de 1 mm. Os nossos tubos de PFA s\u00e3o feitos exclusivamente de gr\u00e2nulos de PFA 100% puros. O tubo de PFA (alcano perfluoroalc\u00f3xico) \u00e9 um tipo de tubo utilizado em v\u00e1rias aplica\u00e7\u00f5es, especialmente em ambientes industriais e qu\u00edmicos, devido \u00e0s suas propriedades \u00fanicas:<\/p>\n<ul>\n<li>Transparente<\/li>\n<li>Pode ser derretido\/soldado<\/li>\n<li>Quimicamente inerte<\/li>\n<li>Intervalo de temperatura amplo de -200 \u00b0C a +260 \u00b0C<\/li>\n<li>N\u00e3o adesivo\/fric\u00e7\u00e3o muito baixa<\/li>\n<li>Hidr\u00f3fugo (repelente \u00e0 \u00e1gua)<\/li>\n<li>Aprovado pela FDA<\/li>\n<li>Boas propriedades de isolamento<\/li>\n<\/ul>\n<p>&nbsp;<\/p>\n<p>O PFA tem vastas aplica\u00e7\u00f5es em diversos setores, incluindo as ind\u00fastrias m\u00e9dica, aeroespacial, petroqu\u00edmica, de semicondutores, embalagens e alimentar.<\/p>\n<h4>Este tubo de PFA tem as seguintes caracter\u00edsticas do produto:<\/h4>\n<ul>\n<li>Di\u00e2metro interior (DI): 20,0 mm +\/- 0,30 mm<\/li>\n<li>Di\u00e2metro exterior (DE): 22,0 mm +\/- 0,30 mm<\/li>\n<li>Espessura da parede: 1 mm +\/- 0,1 mm<\/li>\n<li>Intervalo de temperatura: -200 \u00b0C a +260 \u00b0C<\/li>\n<li>Raio de curvatura: 150\u2013 200 mm<\/li>\n<li>Cor: Transparente<\/li>\n<li>Forma: Suave<\/li>\n<li>Aprova\u00e7\u00e3o da FDA: Sim<\/li>\n<li>Peso por 100 metros: 14,62 kg<\/li>\n<li>Press\u00e3o de rutura em Bares (20 \u00b0C): 26 Bares<\/li>\n<li><span class=\"zw-portion zw-text-portion\" data-text-len=\"42\">Press\u00e3o de funcionamento (20 \u00b0C): 5 Bares<\/span><span class=\"zw-portion zeroSize\" data-text-len=\"1\"><img id=\"zw_bm_0\" class=\"spacer zw-range-start bookmark\" data-bookmark-name=\"_Hlk149145542\" \/><\/span><span class=\"zw-portion zw-text-portion\" data-text-len=\"1\">*<\/span><\/li>\n<\/ul>\n<p>&nbsp;<\/p>\n<h4 style=\"text-align: center;\">Todas as caracter\u00edsticas do produto s\u00e3o indicadas apenas para fins de refer\u00eancia; as condi\u00e7\u00f5es de funcionamento podem ter impacto, por isso, recomendamos sempre a realiza\u00e7\u00e3o de testes exaustivos.<\/h4>\n<p>* Regra geral, o r\u00e1cio entre a press\u00e3o de rutura e a press\u00e3o de funcionamento \u00e9 de 3 para 1 ou 5 para 1, dependendo da temperatura, do meio em contacto com o tubo de PFA, da an\u00e1lise de riscos e de outros fatores.<\/p>\n<p>Se procura mais informa\u00e7\u00f5es sobre o material \u00fanico PFA, a descri\u00e7\u00e3o completa das propriedades do PFA na Wikipedia talvez seja do seu interesse: <a href=\"https:\/\/en.wikipedia.org\/wiki\/Perfluoroalkoxy_alkane\" rel=\"noopener\">Perfluoroalkoxy alkane &#8211; Wikipedia<\/a><\/p>\n<h3>Encomendar Tubo de PFA de 20 mm x 22 mm com 8 Benef\u00edcios | PTFEtubeshop.com<\/h3>\n<p>Este tubo de PFA, de 20 mm x 22 mm, \u00e9 entregue em linha com os nossos 8 valores fundamentais:<\/p>\n<p>1) Envio no prazo de 24 horas, se houver em stock.<br \/>\n2) Tubo de PFA, m\u00e1xima qualidade com toler\u00e2ncias estritas.<br \/>\n3) Dispon\u00edvel para encomendas online a partir de 1 metro; ou ent\u00e3o, pergunte sobre as op\u00e7\u00f5es para encomendar tubos cortados \u00e0 medida.<br \/>\n4) Stock espec\u00edfico do cliente e entrega em tempo oportuno (\u201cjust-in-time\u201d); contacte-nos para discutir as possibilidades.<br \/>\n5) Entrega por conta. Contacte-nos ou envie-nos uma nota de encomenda e consideraremos entregar com fatura a liquidar no prazo de 30 dias.<br \/>\n6) Envios para todo o mundo \u2013 ao finalizar a compra, introduza o endere\u00e7o de envio e o sistema ir\u00e1 calcular os custos de envio.<br \/>\n7) Redu\u00e7\u00e3o do CO2 \u2013 plantamos uma \u00e1rvore por cada 20 quilogramas de material que vendemos.<br \/>\n8) Pre\u00e7o \u2013 se o nosso pre\u00e7o n\u00e3o for competitivo, indique-nos e tentaremos ir ao encontro das suas expetativas.<\/p>\n<p>Descubra o desempenho e a durabilidade sem paralelo dos nossos tubos de PFA de alta qualidade. Quer trabalhe na ind\u00fastria qu\u00edmica, no setor farmac\u00eautico, aeroespacial, ou outros dom\u00ednios exigentes, os nossos tubos de PFA oferecem solu\u00e7\u00f5es fi\u00e1veis para as suas aplica\u00e7\u00f5es essenciais. Com excelente resist\u00eancia qu\u00edmica, toler\u00e2ncia a temperaturas extremas e uma vasta gama de tamanhos e comprimentos dispon\u00edveis, os nossos produtos cumprem os mais elevados padr\u00f5es em termos de desempenho e fiabilidade. Em caso de d\u00favidas ou se procura um di\u00e2metro alternativo, <a href=\"https:\/\/pfatubeshop.com\/pt-pt\/pedir-um-orcamento\/\">contacte-nos<\/a> hoje para obter mais informa\u00e7\u00f5es.<\/p>\n<h3>Tabela de Pre\u00e7os para Tubo de PFA de 20 mm x 22 mm<\/h3>\n","protected":false},"excerpt":{"rendered":"<p><strong><span style=\"color: #c51230;\">\u221a<i class=\"far fa-check\"><\/i> <\/span>Feito com PFA 100% puro<\/strong><br \/>\n<i class=\"far fa-check\"><\/i><\/p>\n<p><strong><span style=\"color: #c51230;\">\u221a <\/span>Dispon\u00edvel a partir de 1 metro<\/strong><br \/>\n<i class=\"far fa-check\"><\/i><\/p>\n<p><strong><span style=\"color: #c51230;\">\u221a <\/span>Toler\u00e2ncia apertada ao n\u00edvel do di\u00e2metro<\/strong><br \/>\n<i class=\"far fa-check\"><\/i><\/p>\n<p><strong><span style=\"color: #c51230;\">\u221a\u00a0<\/span>Enviado em 24 horas<\/strong><\/p>\n<div id=\"ConnectiveDocSignExtentionInstalled\" data-extension-version=\"1.0.4\"><\/div>\n","protected":false},"featured_media":41453,"template":"","meta":[],"product_brand":[],"product_cat":[13082],"product_tag":[],"class_list":{"0":"post-43214","1":"product","2":"type-product","3":"status-publish","4":"has-post-thumbnail","6":"type-standard-pfa-pt-pt","7":"sizing-mm-pt-pt","8":"product_cat-produtos","10":"first","11":"instock","12":"taxable","13":"shipping-taxable","14":"purchasable","15":"product-type-variable"},"_links":{"self":[{"href":"https:\/\/pfatubeshop.com\/pt-pt\/wp-json\/wp\/v2\/product\/43214","targetHints":{"allow":["GET"]}}],"collection":[{"href":"https:\/\/pfatubeshop.com\/pt-pt\/wp-json\/wp\/v2\/product"}],"about":[{"href":"https:\/\/pfatubeshop.com\/pt-pt\/wp-json\/wp\/v2\/types\/product"}],"wp:featuredmedia":[{"embeddable":true,"href":"https:\/\/pfatubeshop.com\/pt-pt\/wp-json\/wp\/v2\/media\/41453"}],"wp:attachment":[{"href":"https:\/\/pfatubeshop.com\/pt-pt\/wp-json\/wp\/v2\/media?parent=43214"}],"wp:term":[{"taxonomy":"product_brand","embeddable":true,"href":"https:\/\/pfatubeshop.com\/pt-pt\/wp-json\/wp\/v2\/product_brand?post=43214"},{"taxonomy":"product_cat","embeddable":true,"href":"https:\/\/pfatubeshop.com\/pt-pt\/wp-json\/wp\/v2\/product_cat?post=43214"},{"taxonomy":"product_tag","embeddable":true,"href":"https:\/\/pfatubeshop.com\/pt-pt\/wp-json\/wp\/v2\/product_tag?post=43214"}],"curies":[{"name":"wp","href":"https:\/\/api.w.org\/{rel}","templated":true}]}}