{"id":47810,"date":"2024-06-07T12:34:24","date_gmt":"2024-06-07T10:34:24","guid":{"rendered":"https:\/\/pfatubeshop.com\/politica-de-privacidade\/"},"modified":"2024-06-07T12:34:27","modified_gmt":"2024-06-07T10:34:27","slug":"politica-de-privacidade","status":"publish","type":"page","link":"https:\/\/pfatubeshop.com\/pt-pt\/politica-de-privacidade\/","title":{"rendered":"Pol\u00edtica de privacidade"},"content":{"rendered":"\n<h1>Bem-vindo \u00e0 nossa Declara\u00e7\u00e3o de Privacidade<\/h1>\n<h3>A tua privacidade \u00e9 importante para n\u00f3s<\/h3>\n<p>A PFA Tube Shop est\u00e1 localizada em:<\/p>\n<address>Loja de tubos PFA<br\/>Baarschot 20B Breda<br\/>4817 ZZ &#8211; Brabante do Norte, Pa\u00edses Baixos<br\/>+31 76 201 1487<\/address>\n<p>\u00c9 pol\u00edtica da PFA Tube Shop respeitar a tua privacidade em rela\u00e7\u00e3o a qualquer informa\u00e7\u00e3o que possamos recolher ao usar o nosso site. Esta Declara\u00e7\u00e3o de Privacidade aplica-se a <a href=\"https:\/\/pfatubeshop.com\/pt-pt\/\">pfatubeshop.com<\/a> (doravante &#8220;n\u00f3s&#8221;, &#8220;nos&#8221; ou &#8220;pfatubeshop.com&#8221;). Respeitamos a tua privacidade e estamos empenhados em proteger qualquer informa\u00e7\u00e3o pessoal identific\u00e1vel que nos possas fornecer atrav\u00e9s do Website. Adopt\u00e1mos esta declara\u00e7\u00e3o de privacidade (&#8220;Declara\u00e7\u00e3o de privacidade&#8221;) para explicar que informa\u00e7\u00f5es podem ser recolhidas no nosso s\u00edtio Web, como utilizamos essas informa\u00e7\u00f5es e em que circunst\u00e2ncias podemos divulgar as informa\u00e7\u00f5es a terceiros. Esta Declara\u00e7\u00e3o de Privacidade aplica-se apenas \u00e0s informa\u00e7\u00f5es que recolhemos atrav\u00e9s do S\u00edtio Web e n\u00e3o se aplica \u00e0 nossa recolha de informa\u00e7\u00f5es de outras fontes.<\/p>\n<p>A presente Declara\u00e7\u00e3o de Privacidade, juntamente com os Termos e Condi\u00e7\u00f5es publicados no nosso Website, estabelecem as regras e pol\u00edticas gerais relativas \u00e0 tua utiliza\u00e7\u00e3o do nosso Website. Dependendo das tuas actividades quando visitas o nosso Website, podes ter de concordar com termos de servi\u00e7o adicionais.<\/p>\n<h2>Visitantes do s\u00edtio Web<\/h2>\n<p>Tal como a maioria dos operadores de s\u00edtios Web, a PFA Tube Shop recolhe informa\u00e7\u00f5es de identifica\u00e7\u00e3o n\u00e3o pessoal do tipo que os navegadores e servidores Web normalmente disponibilizam, tais como o tipo de navegador, a prefer\u00eancia de idioma, o s\u00edtio de refer\u00eancia e a data e hora de cada pedido do visitante. O objetivo da PFA Tube Shop ao recolher informa\u00e7\u00e3o n\u00e3o pessoalmente identific\u00e1vel \u00e9 compreender melhor como os visitantes da PFA Tube Shop utilizam o website. De tempos a tempos, a PFA Tube Shop pode divulgar informa\u00e7\u00f5es n\u00e3o pessoalmente identific\u00e1veis de forma agregada, por exemplo, publicando um relat\u00f3rio sobre as tend\u00eancias de utiliza\u00e7\u00e3o do s\u00edtio Web.<\/p>\n<p>A PFA Tube Shop tamb\u00e9m recolhe informa\u00e7\u00f5es de identifica\u00e7\u00e3o pessoal, tais como os endere\u00e7os IP dos utilizadores registados e dos utilizadores que deixam coment\u00e1rios nos blogues em https:\/\/pfatubeshop.com\/. PFA Tube Shop s\u00f3 divulga endere\u00e7os IP de utilizadores registados e comentadores nas mesmas circunst\u00e2ncias em que usa e divulga informa\u00e7\u00f5es de identifica\u00e7\u00e3o pessoal conforme descrito abaixo.<\/p>\n<h2>Recolha de informa\u00e7\u00f5es de identifica\u00e7\u00e3o pessoal<\/h2>\n<p>Alguns visitantes dos sites da PFA Tube Shop optam por interagir com a PFA Tube Shop de formas que exigem que a PFA Tube Shop recolha informa\u00e7\u00f5es de identifica\u00e7\u00e3o pessoal. A quantidade e o tipo de informa\u00e7\u00f5es recolhidas pela PFA Tube Shop dependem da natureza da intera\u00e7\u00e3o. Por exemplo, pedimos aos visitantes que subscrevem um blogue em https:\/\/pfatubeshop.com\/ que forne\u00e7am um nome de utilizador e um endere\u00e7o de correio eletr\u00f3nico.<\/p>\n<h2>Seguran\u00e7a<\/h2>\n<p>A seguran\u00e7a das tuas informa\u00e7\u00f5es pessoais \u00e9 importante para n\u00f3s, mas lembra-te que nenhum m\u00e9todo de transmiss\u00e3o atrav\u00e9s da Internet ou m\u00e9todo de armazenamento eletr\u00f3nico \u00e9 100% seguro. Embora nos esforcemos por utilizar meios comercialmente aceit\u00e1veis para proteger as tuas informa\u00e7\u00f5es pessoais, n\u00e3o podemos garantir a sua seguran\u00e7a absoluta.<\/p>\n<h2>An\u00fancios<\/h2>\n<p>Os an\u00fancios que aparecem no nosso s\u00edtio Web podem ser entregues aos utilizadores por parceiros publicit\u00e1rios, que podem definir cookies. Estes cookies permitem ao servidor de an\u00fancios reconhecer o teu computador sempre que te enviam um an\u00fancio online e recolher informa\u00e7\u00f5es sobre ti ou outras pessoas que utilizem o teu computador. Estas informa\u00e7\u00f5es permitem que as redes de publicidade apresentem, entre outras coisas, an\u00fancios direccionados que acreditam ser do teu maior interesse. Esta Declara\u00e7\u00e3o de Privacidade cobre a utiliza\u00e7\u00e3o de cookies pela PFA Tube Shop e n\u00e3o cobre a utiliza\u00e7\u00e3o de cookies pelos anunciantes.<\/p>\n<h2>Liga\u00e7\u00f5es a s\u00edtios externos<\/h2>\n<p>O nosso Servi\u00e7o pode conter liga\u00e7\u00f5es a s\u00edtios Web externos que n\u00e3o s\u00e3o operados por n\u00f3s. Se clicares numa liga\u00e7\u00e3o de terceiros, ser\u00e1s redireccionado para o s\u00edtio Web desses terceiros. Recomendamos vivamente que revejas a Declara\u00e7\u00e3o de Privacidade e os Termos e Condi\u00e7\u00f5es de cada s\u00edtio que visitas.<\/p>\n<p>N\u00e3o temos qualquer controlo e n\u00e3o assumimos qualquer responsabilidade pelo conte\u00fado, pol\u00edticas de privacidade ou pr\u00e1ticas de websites, produtos ou servi\u00e7os externos.<\/p>\n<h2>A PFA Tube Shop utiliza o Google AdWords para remarketing<\/h2>\n<p>A PFA Tube Shop utiliza servi\u00e7os de remarketing para anunciar em s\u00edtios Web de terceiros (incluindo o Google) a visitantes que tenham visitado anteriormente o nosso s\u00edtio. Isto pode significar publicidade a visitantes que n\u00e3o tenham completado uma tarefa no nosso s\u00edtio, como utilizar o formul\u00e1rio de contacto para fazer uma pergunta. Pode ser sob a forma de um an\u00fancio na p\u00e1gina de resultados de pesquisa do Google ou num site da Rede de Display do Google. Terceiros, incluindo a Google, utilizam cookies para mostrar an\u00fancios com base em visitas anteriores. Naturalmente, todos os dados recolhidos ser\u00e3o utilizados de acordo com a nossa pr\u00f3pria pol\u00edtica de privacidade e com a pol\u00edtica de privacidade da Google.<\/p>\n<p>Podes definir prefer\u00eancias para a forma como o Google te anuncia atrav\u00e9s do Google Ad\n\ne, se desejares, podes optar por recusar completamente os an\u00fancios baseados em interesses atrav\u00e9s das defini\u00e7\u00f5es de cookies ou permanentemente utilizando um plug-in do browser.<\/p>\n<h2>Estat\u00edsticas agregadas<\/h2>\n<p>A PFA Tube Shop pode recolher estat\u00edsticas sobre o comportamento dos visitantes do seu s\u00edtio Web. A PFA Tube Shop pode exibir essas informa\u00e7\u00f5es publicamente ou fornec\u00ea-las a terceiros. No entanto, a PFA Tube Shop n\u00e3o divulga qualquer informa\u00e7\u00e3o pessoal identific\u00e1vel sobre ti.<\/p>\n<h2>Cookies<\/h2>\n<p>Para enriquecer e melhorar a tua experi\u00eancia online, a PFA Tube Shop utiliza &#8220;Cookies&#8221;, tecnologias semelhantes e servi\u00e7os fornecidos por terceiros para apresentar conte\u00fados personalizados, apresentar an\u00fancios adequados e guardar as tuas prefer\u00eancias no teu computador.<\/p>\n<p>Um cookie \u00e9 uma sequ\u00eancia de informa\u00e7\u00f5es que um s\u00edtio Web armazena no computador de um visitante e que o browser do visitante fornece ao s\u00edtio Web sempre que este o visita. A PFA Tube Shop utiliza cookies para identificar e seguir os visitantes, a sua utiliza\u00e7\u00e3o de https:\/\/pfatubeshop.com\/ e as suas prefer\u00eancias de acesso ao site. Os visitantes da Loja de Tubos PFA que n\u00e3o desejem que sejam colocados cookies nos seus computadores devem configurar os seus browsers para recusar cookies antes de utilizarem os sites da Loja de Tubos PFA, com a desvantagem de que certas caracter\u00edsticas dos sites da Loja de Tubos PFA podem n\u00e3o funcionar corretamente sem a assist\u00eancia de cookies.<\/p>\n<p>Ao continuar a utilizar o nosso site sem alterar as suas defini\u00e7\u00f5es de cookies, reconhece e concorda com a utiliza\u00e7\u00e3o de cookies pela PFA Tube Shop.<\/p>\n<h2>Com\u00e9rcio eletr\u00f3nico<\/h2>\n<p>Aqueles que realizam transac\u00e7\u00f5es com a PFA Tube Shop &#8211; atrav\u00e9s da compra de servi\u00e7os ou produtos da PFA Tube Shop, s\u00e3o convidados a fornecer informa\u00e7\u00f5es adicionais, incluindo as informa\u00e7\u00f5es pessoais e financeiras necess\u00e1rias para processar essas transac\u00e7\u00f5es. Em cada caso, a PFA Tube Shop recolhe essa informa\u00e7\u00e3o apenas na medida do necess\u00e1rio ou apropriado para cumprir o objetivo da intera\u00e7\u00e3o do visitante com a PFA Tube Shop. A PFA Tube Shop divulga informa\u00e7\u00e3o pessoal identific\u00e1vel apenas como descrito abaixo. E os visitantes podem sempre recusar-se a fornecer informa\u00e7\u00f5es de identifica\u00e7\u00e3o pessoal, tendo em conta que isso pode impedi-los de participar em determinadas actividades relacionadas com o s\u00edtio Web.<\/p>\n<h2>Altera\u00e7\u00f5es \u00e0 pol\u00edtica de privacidade<\/h2>\n<p>Embora a maioria das altera\u00e7\u00f5es sejam provavelmente menores, a PFA Tube Shop pode alterar a sua Declara\u00e7\u00e3o de Privacidade de tempos a tempos, e a crit\u00e9rio exclusivo da PFA Tube Shop. A PFA Tube Shop aconselha os visitantes a consultarem frequentemente esta p\u00e1gina para verificarem quaisquer altera\u00e7\u00f5es \u00e0 Pol\u00edtica de Privacidade. A continua\u00e7\u00e3o da utiliza\u00e7\u00e3o deste s\u00edtio ap\u00f3s uma altera\u00e7\u00e3o \u00e0 presente Pol\u00edtica de Privacidade constitui a tua aceita\u00e7\u00e3o dessa altera\u00e7\u00e3o.<\/p>\n<h2>Informa\u00e7\u00f5es de cr\u00e9dito e de contacto<\/h2>\nSe tiveres alguma d\u00favida sobre a nossa Pol\u00edtica de Privacidade, contacta-nos por <a href=\"mailto:info@pfatubeshop.com\">e-mail<\/a> ou <a href=\"tel:+312076202%2076%\">telefone<\/a>.\n","protected":false},"excerpt":{"rendered":"<p>Bem-vindo \u00e0 nossa Declara\u00e7\u00e3o de Privacidade A tua privacidade \u00e9 importante para n\u00f3s A PFA Tube Shop est\u00e1 localizada em: Loja de tubos PFABaarschot 20B Breda4817 ZZ &#8211; Brabante do Norte, Pa\u00edses Baixos+31 76 201 1487 \u00c9 pol\u00edtica da PFA Tube Shop respeitar a tua privacidade em rela\u00e7\u00e3o a qualquer informa\u00e7\u00e3o que possamos recolher ao [&hellip;]<\/p>\n","protected":false},"author":2,"featured_media":0,"parent":0,"menu_order":0,"comment_status":"closed","ping_status":"open","template":"","meta":{"footnotes":""},"class_list":["post-47810","page","type-page","status-publish","hentry"],"_links":{"self":[{"href":"https:\/\/pfatubeshop.com\/pt-pt\/wp-json\/wp\/v2\/pages\/47810","targetHints":{"allow":["GET"]}}],"collection":[{"href":"https:\/\/pfatubeshop.com\/pt-pt\/wp-json\/wp\/v2\/pages"}],"about":[{"href":"https:\/\/pfatubeshop.com\/pt-pt\/wp-json\/wp\/v2\/types\/page"}],"author":[{"embeddable":true,"href":"https:\/\/pfatubeshop.com\/pt-pt\/wp-json\/wp\/v2\/users\/2"}],"replies":[{"embeddable":true,"href":"https:\/\/pfatubeshop.com\/pt-pt\/wp-json\/wp\/v2\/comments?post=47810"}],"version-history":[{"count":0,"href":"https:\/\/pfatubeshop.com\/pt-pt\/wp-json\/wp\/v2\/pages\/47810\/revisions"}],"wp:attachment":[{"href":"https:\/\/pfatubeshop.com\/pt-pt\/wp-json\/wp\/v2\/media?parent=47810"}],"curies":[{"name":"wp","href":"https:\/\/api.w.org\/{rel}","templated":true}]}}