{"id":47798,"date":"2024-06-07T12:34:01","date_gmt":"2024-06-07T10:34:01","guid":{"rendered":"https:\/\/pfatubeshop.com\/regressa\/"},"modified":"2024-06-07T12:34:01","modified_gmt":"2024-06-07T10:34:01","slug":"regressa","status":"publish","type":"page","link":"https:\/\/pfatubeshop.com\/pt-pt\/regressa\/","title":{"rendered":"Regressa"},"content":{"rendered":"\n<p><strong>Posso devolver os meus artigos?<\/strong><\/p>\n\n<p>Utilizamos 2 categorias, pe\u00e7as cortadas \u00e0 medida e rolos completos.<\/p>\n\n<p>Recolhido de <strong>\n  <em>pe\u00e7as cortadas \u00e0 medida<\/em>\n<\/strong> n\u00e3o podem, em princ\u00edpio, ser devolvidas. Estes ser\u00e3o personalizados para ti. A exce\u00e7\u00e3o \u00e9 se for fornecido o comprimento ou o di\u00e2metro errado.<\/p>\n\n<p>Para <strong>\n  <em>rolos completos<\/em>\n<\/strong> podes devolv\u00ea-los. O prazo legal \u00e9 de 14 dias ap\u00f3s a rece\u00e7\u00e3o. Os rolos completos t\u00eam 50 metros de comprimento ou m\u00faltiplos.<\/p>\n\n<p><strong>As devolu\u00e7\u00f5es s\u00e3o gratuitas?<\/strong><\/p>\n\n<p>N\u00e3o, o custo das devolu\u00e7\u00f5es \u00e9 suportado pelo comprador.<\/p>\n\n<p><strong>Quando \u00e9 que me devolvem o dinheiro?<\/strong><\/p>\n\n<p>Assim que a devolu\u00e7\u00e3o for recebida e aceite, reembolsar-te-emos o montante da devolu\u00e7\u00e3o no prazo de 5 dias \u00fateis.<\/p>\n\n<p><strong>Posso cancelar uma encomenda?<\/strong><\/p>\n\n<p>Sim, podes, desde que o artigo n\u00e3o tenha sido enviado ou cortado \u00e0 medida, podes cancelar. Mas trabalhamos \u00e0 velocidade da luz, pelo que, neste caso, \u00e9 mais conveniente contactares-nos por telefone.<\/p>\n","protected":false},"excerpt":{"rendered":"<p>Posso devolver os meus artigos? Utilizamos 2 categorias, pe\u00e7as cortadas \u00e0 medida e rolos completos. Recolhido de pe\u00e7as cortadas \u00e0 medida n\u00e3o podem, em princ\u00edpio, ser devolvidas. Estes ser\u00e3o personalizados para ti. A exce\u00e7\u00e3o \u00e9 se for fornecido o comprimento ou o di\u00e2metro errado. Para rolos completos podes devolv\u00ea-los. O prazo legal \u00e9 de 14 [&hellip;]<\/p>\n","protected":false},"author":2,"featured_media":0,"parent":0,"menu_order":0,"comment_status":"closed","ping_status":"closed","template":"","meta":{"footnotes":""},"class_list":["post-47798","page","type-page","status-publish","hentry"],"_links":{"self":[{"href":"https:\/\/pfatubeshop.com\/pt-pt\/wp-json\/wp\/v2\/pages\/47798","targetHints":{"allow":["GET"]}}],"collection":[{"href":"https:\/\/pfatubeshop.com\/pt-pt\/wp-json\/wp\/v2\/pages"}],"about":[{"href":"https:\/\/pfatubeshop.com\/pt-pt\/wp-json\/wp\/v2\/types\/page"}],"author":[{"embeddable":true,"href":"https:\/\/pfatubeshop.com\/pt-pt\/wp-json\/wp\/v2\/users\/2"}],"replies":[{"embeddable":true,"href":"https:\/\/pfatubeshop.com\/pt-pt\/wp-json\/wp\/v2\/comments?post=47798"}],"version-history":[{"count":0,"href":"https:\/\/pfatubeshop.com\/pt-pt\/wp-json\/wp\/v2\/pages\/47798\/revisions"}],"wp:attachment":[{"href":"https:\/\/pfatubeshop.com\/pt-pt\/wp-json\/wp\/v2\/media?parent=47798"}],"curies":[{"name":"wp","href":"https:\/\/api.w.org\/{rel}","templated":true}]}}