{"id":47644,"date":"2024-06-07T12:26:29","date_gmt":"2024-06-07T10:26:29","guid":{"rendered":"https:\/\/pfatubeshop.com\/cesto\/"},"modified":"2024-06-07T12:26:32","modified_gmt":"2024-06-07T10:26:32","slug":"cesto","status":"publish","type":"page","link":"https:\/\/pfatubeshop.com\/pt-pt\/cesto\/","title":{"rendered":"Cesto"},"content":{"rendered":"\t\t<div data-elementor-type=\"wp-page\" data-elementor-id=\"47644\" class=\"elementor elementor-47644 elementor-10\" data-elementor-post-type=\"page\">\n\t\t\t\t<div class=\"elementor-element elementor-element-fb01104 e-flex e-con-boxed e-con e-parent\" data-id=\"fb01104\" data-element_type=\"container\" data-e-type=\"container\">\n\t\t\t\t\t<div class=\"e-con-inner\">\n\t\t\t\t\t<\/div>\n\t\t\t\t<\/div>\n\t\t<div class=\"elementor-element elementor-element-408614b e-flex e-con-boxed e-con e-parent\" data-id=\"408614b\" data-element_type=\"container\" data-e-type=\"container\">\n\t\t\t\t\t<div class=\"e-con-inner\">\n\t\t\t\t<div class=\"elementor-element elementor-element-422e42c elementor-widget elementor-widget-text-editor\" data-id=\"422e42c\" data-element_type=\"widget\" data-e-type=\"widget\" data-widget_type=\"text-editor.default\">\n\t\t\t\t<div class=\"elementor-widget-container\">\n\t\t\t\t\t\t\t\t\t<h2> <\/h2>\n<h2 class=\"elementor-heading-title elementor-size-default\" style=\"text-align: center;\"><strong>Compra mangueiras PFA com estas 8 vantagens<\/strong><\/h2>\n<\/p>\n<ol>\n<li><strong>Envio<\/strong> r\u00e1pido e eficiente <strong>no prazo de 1 dia \u00fatil<\/strong><\/li>\n<li>Qualidade superior com <strong>toler\u00e2ncias apertadas<\/strong><\/li>\n<li>Comprimentos <strong>a partir de 1 metro<\/strong><\/li>\n<li>Estoque espec\u00edfico do cliente e entrega just-in-time<\/li>\n<li>Fatura\u00e7\u00e3o por conta<\/li>\n<li>Entrega global<\/li>\n<li>Sustentabilidade e <strong>redu\u00e7\u00e3o de CO2<\/strong><\/li>\n<li><strong>Pre\u00e7os elevados<\/strong><\/li>\n<\/ol>\n\t\t\t\t\t\t\t\t<\/div>\n\t\t\t\t<\/div>\n\t\t\t\t\t<\/div>\n\t\t\t\t<\/div>\n\t\t\t\t<\/div>\n\t\t","protected":false},"excerpt":{"rendered":"<p>Compra mangueiras PFA com estas 8 vantagens Envio r\u00e1pido e eficiente no prazo de 1 dia \u00fatil Qualidade superior com toler\u00e2ncias apertadas Comprimentos a partir de 1 metro Estoque espec\u00edfico do cliente e entrega just-in-time Fatura\u00e7\u00e3o por conta Entrega global Sustentabilidade e redu\u00e7\u00e3o de CO2 Pre\u00e7os elevados<\/p>\n","protected":false},"author":2,"featured_media":0,"parent":0,"menu_order":0,"comment_status":"closed","ping_status":"closed","template":"","meta":{"footnotes":""},"class_list":["post-47644","page","type-page","status-publish","hentry"],"_links":{"self":[{"href":"https:\/\/pfatubeshop.com\/pt-pt\/wp-json\/wp\/v2\/pages\/47644","targetHints":{"allow":["GET"]}}],"collection":[{"href":"https:\/\/pfatubeshop.com\/pt-pt\/wp-json\/wp\/v2\/pages"}],"about":[{"href":"https:\/\/pfatubeshop.com\/pt-pt\/wp-json\/wp\/v2\/types\/page"}],"author":[{"embeddable":true,"href":"https:\/\/pfatubeshop.com\/pt-pt\/wp-json\/wp\/v2\/users\/2"}],"replies":[{"embeddable":true,"href":"https:\/\/pfatubeshop.com\/pt-pt\/wp-json\/wp\/v2\/comments?post=47644"}],"version-history":[{"count":0,"href":"https:\/\/pfatubeshop.com\/pt-pt\/wp-json\/wp\/v2\/pages\/47644\/revisions"}],"wp:attachment":[{"href":"https:\/\/pfatubeshop.com\/pt-pt\/wp-json\/wp\/v2\/media?parent=47644"}],"curies":[{"name":"wp","href":"https:\/\/api.w.org\/{rel}","templated":true}]}}