{"id":47617,"date":"2024-06-07T12:24:01","date_gmt":"2024-06-07T10:24:01","guid":{"rendered":"https:\/\/pfatubeshop.com\/opcoes-de-pagamento\/"},"modified":"2026-03-25T12:40:25","modified_gmt":"2026-03-25T11:40:25","slug":"opcoes-de-pagamento","status":"publish","type":"page","link":"https:\/\/pfatubeshop.com\/pt-pt\/opcoes-de-pagamento\/","title":{"rendered":"Op\u00e7\u00f5es de pagamento"},"content":{"rendered":"\n<p>Utiliza as seguintes op\u00e7\u00f5es para efetuar um pagamento seguro em linha:<\/p>\n\n<ul class=\"wp-block-list\">\n<li>iDEAL | Wero<\/li>\n\n\n\n<li>Cart\u00e3o de cr\u00e9dito<\/li>\n\n\n\n<li>Transfer\u00eancia Sepa<\/li>\n\n\n\n<li>Belfius Direct<\/li>\n\n\n\n<li>PayPal<\/li>\n<\/ul>\n\n<p>Todos estes pagamentos s\u00e3o efectuados atrav\u00e9s do nosso parceiro de pagamentos Mollie, que garante uma solu\u00e7\u00e3o de pagamento segura e simples.<\/p>\n\n<p><strong>Pagamento por conta:<\/strong><\/p>\n\n<p>Talvez a tua empresa seja eleg\u00edvel para a entrega por conta. Se quiseres pagar por conta, podemos abrir uma conta com um cr\u00e9dito de 30 dias para ti. Com base no resultado de uma verifica\u00e7\u00e3o de cr\u00e9dito, ser\u00e1 decidido se isto tamb\u00e9m \u00e9 poss\u00edvel para a tua organiza\u00e7\u00e3o.<\/p>\n\n<p>Devolve o ficheiro de <a href=\"https:\/\/pfatubeshop.com\/wp-content\/uploads\/2019\/11\/PTFE-op-rekening.docx\">pagamento por conta<\/a> preenchido e assinado para <a href=\"mailto:info@pfatubeshop.com\">info@pfatubeshop.com<\/a><\/p>\n\n<p>Se tiveres muita urg\u00eancia, recomendamos que pagues a tua primeira encomenda online, uma vez que a aprova\u00e7\u00e3o demorar\u00e1 1 a 2 dias.<\/p>\n\n<p><strong>Fatura<\/strong><\/p>\n\n<p>Cada entrega \u00e9 acompanhada de uma fatura correcta. Al\u00e9m disso, a fatura \u00e9 tamb\u00e9m enviada por correio eletr\u00f3nico. Se n\u00e3o estiveres completamente esclarecido, podes sempre contactar-nos<\/p>\n\n<p><strong>Isen\u00e7\u00e3o de IVA<\/strong><\/p>\n\n<p>As entregas comerciais para pa\u00edses estrangeiros podem muitas vezes ser isentas de IVA. O nosso sistema de encomendas online tamb\u00e9m o prev\u00ea.<\/p>\n\n<p>Se forneceres um n\u00famero de IVA correto no momento do check-out, o sistema determinar\u00e1 automaticamente se o IVA deve ser cobrado<\/p>\n","protected":false},"excerpt":{"rendered":"<p>Utiliza as seguintes op\u00e7\u00f5es para efetuar um pagamento seguro em linha: Todos estes pagamentos s\u00e3o efectuados atrav\u00e9s do nosso parceiro de pagamentos Mollie, que garante uma solu\u00e7\u00e3o de pagamento segura e simples. Pagamento por conta: Talvez a tua empresa seja eleg\u00edvel para a entrega por conta. Se quiseres pagar por conta, podemos abrir uma conta [&hellip;]<\/p>\n","protected":false},"author":2,"featured_media":0,"parent":0,"menu_order":0,"comment_status":"closed","ping_status":"closed","template":"","meta":{"footnotes":""},"class_list":["post-47617","page","type-page","status-publish","hentry"],"_links":{"self":[{"href":"https:\/\/pfatubeshop.com\/pt-pt\/wp-json\/wp\/v2\/pages\/47617","targetHints":{"allow":["GET"]}}],"collection":[{"href":"https:\/\/pfatubeshop.com\/pt-pt\/wp-json\/wp\/v2\/pages"}],"about":[{"href":"https:\/\/pfatubeshop.com\/pt-pt\/wp-json\/wp\/v2\/types\/page"}],"author":[{"embeddable":true,"href":"https:\/\/pfatubeshop.com\/pt-pt\/wp-json\/wp\/v2\/users\/2"}],"replies":[{"embeddable":true,"href":"https:\/\/pfatubeshop.com\/pt-pt\/wp-json\/wp\/v2\/comments?post=47617"}],"version-history":[{"count":2,"href":"https:\/\/pfatubeshop.com\/pt-pt\/wp-json\/wp\/v2\/pages\/47617\/revisions"}],"predecessor-version":[{"id":49548,"href":"https:\/\/pfatubeshop.com\/pt-pt\/wp-json\/wp\/v2\/pages\/47617\/revisions\/49548"}],"wp:attachment":[{"href":"https:\/\/pfatubeshop.com\/pt-pt\/wp-json\/wp\/v2\/media?parent=47617"}],"curies":[{"name":"wp","href":"https:\/\/api.w.org\/{rel}","templated":true}]}}