{"id":45494,"date":"2024-04-22T10:27:14","date_gmt":"2024-04-22T08:27:14","guid":{"rendered":"https:\/\/pfatubeshop.com\/sobre-nos\/"},"modified":"2024-06-24T21:53:03","modified_gmt":"2024-06-24T19:53:03","slug":"sobre-nos","status":"publish","type":"page","link":"https:\/\/pfatubeshop.com\/pt-pt\/sobre-nos\/","title":{"rendered":"Sobre n\u00f3s"},"content":{"rendered":"\t\t<div data-elementor-type=\"wp-page\" data-elementor-id=\"45494\" class=\"elementor elementor-45494 elementor-35961\" data-elementor-post-type=\"page\">\n\t\t\t\t<div class=\"elementor-element elementor-element-3c847250 e-con-full e-flex e-con e-parent\" data-id=\"3c847250\" data-element_type=\"container\" data-e-type=\"container\">\n\t\t\t\t<div class=\"elementor-element elementor-element-234a7da4 elementor-widget elementor-widget-text-editor\" data-id=\"234a7da4\" data-element_type=\"widget\" data-e-type=\"widget\" data-widget_type=\"text-editor.default\">\n\t\t\t\t<div class=\"elementor-widget-container\">\n\t\t\t\t\t\t\t\t\t<h1 style=\"text-align: center;\">Especialista em tubos e mangueiras PFA<\/h1>\n<\/p>\n<p>A PFA Tube Shop \u00e9 uma extens\u00e3o completa da<span style=\"text-decoration: underline;\"><a href=\"https:\/\/ptfetubeshop.com\/\" rel=\"noopener\">PT<img fetchpriority=\"high\" decoding=\"async\" class=\" wp-image-28753 alignright\" src=\"https:\/\/pfatubeshop.com\/wp-content\/uploads\/2022\/09\/Jeroen_productspecialist_PTFE-Tube-Shop-6.jpg\" alt=\"\" width=\"517\" height=\"919\" srcset=\"https:\/\/pfatubeshop.com\/wp-content\/uploads\/2022\/09\/Jeroen_productspecialist_PTFE-Tube-Shop-6.jpg 1152w, https:\/\/pfatubeshop.com\/wp-content\/uploads\/2022\/09\/Jeroen_productspecialist_PTFE-Tube-Shop-6-600x1067.jpg 600w, https:\/\/pfatubeshop.com\/wp-content\/uploads\/2022\/09\/Jeroen_productspecialist_PTFE-Tube-Shop-6-169x300.jpg 169w, https:\/\/pfatubeshop.com\/wp-content\/uploads\/2022\/09\/Jeroen_productspecialist_PTFE-Tube-Shop-6-576x1024.jpg 576w\" sizes=\"(max-width: 517px) 100vw, 517px\" \/>FE Tube Shop<\/a><\/span>e constitui um ramo especializado da nossa empresa que se concentra inteiramente no fornecimento de tubos e mangueiras de PFA de alta qualidade. Como um segmento dedicado da nossa organiza\u00e7\u00e3o, o nosso objetivo \u00e9 satisfazer as necessidades dos nossos clientes em termos de materiais PFA com a maior precis\u00e3o e rapidez.<\/p>\n<h3>Mangueira PFA fornecida em stock:<\/h3>\n<p>Mantemos um grande stock de mangueiras de PFA standard e de alta pureza. Dispon\u00edvel em tamanhos em polegadas e m\u00e9tricos:<\/p>\n<\/p>\n<ul>\n<li><span style=\"text-decoration: underline;\"><a href=\"https:\/\/pfatubeshop.com\/type\/standard-pfa\/?_sizing=mm\">Mangueira PFA padr\u00e3o M\u00e9trica<\/a><\/span><\/li>\n<li><span style=\"text-decoration: underline;\"><a href=\"https:\/\/pfatubeshop.com\/type\/standard-pfa\/?_sizing=mm\">Mangueira PFA padr\u00e3o em polegadas<\/a><\/span><\/li>\n<li><span style=\"text-decoration: underline;\"><a href=\"https:\/\/pfatubeshop.com\/type\/high-purity-pfa\/?_sizing=mm\">Mangueira PFA de alta pureza M\u00e9trica<\/a><\/span><\/li>\n<li><span style=\"text-decoration: underline;\"><a href=\"https:\/\/pfatubeshop.com\/type\/high-purity-pfa\/?_sizing=inch\">Mangueira de PFA de alta pureza em polegadas<\/a><\/span><\/li>\n<\/ul>\n<h3> <\/h3>\n<h3>Porqu\u00ea a PFA Tube Shop?<\/h3>\n<p>A PFA Tube Shop \u00e9 o teu parceiro fi\u00e1vel para mangueiras PFA de alta qualidade:<\/p>\n<ul>\n<li><em>Mangueiras PFA de excelente qualidade e mangueiras PFA de alta pureza<\/em><\/li>\n<li><em>Envio no prazo de 1 dia \u00fatil<\/em><\/li>\n<li><em>Entrega a partir de 1 metro<\/em><\/li>\n<li><em>Encomenda facilmente online ou por conta, se desejares<\/em><\/li>\n<li><em>Pre\u00e7os atractivos e uma vasta gama<\/em><\/li>\n<\/ul>\n<p>Temos orgulho em ganhar a tua confian\u00e7a, fornecendo produtos da mais alta qualidade, um servi\u00e7o ao cliente sem paralelo e entregas r\u00e1pidas e eficientes. Naturalmente, os nossos especialistas em produtos, Paul e Jeroen, est\u00e3o sempre dispon\u00edveis para te ajudar sempre que tiveres d\u00favidas ou precisares de apoio t\u00e9cnico.<\/p>\n<p>Com anos de experi\u00eancia e conhecimentos profundos no trabalho com fluoropol\u00edmeros, incluindo PFA, compreendemos os requisitos e desafios \u00fanicos de ind\u00fastrias que v\u00e3o desde o processamento qu\u00edmico e farmac\u00eautico at\u00e9 ao fabrico aeroespacial e de semicondutores. O nosso compromisso com a qualidade n\u00e3o se reflecte apenas na nossa vasta gama de Tubos e Mangueiras PFA com v\u00e1rios di\u00e2metros e espessuras de parede, mas tamb\u00e9m na nossa capacidade de fornecer solu\u00e7\u00f5es personalizadas que correspondem exatamente \u00e0s especifica\u00e7\u00f5es e requisitos dos nossos clientes.<\/p>\n<p>Na PFA Tube Shop, a nossa abordagem vai para al\u00e9m do simples fornecimento de produtos. Os nossos especialistas de produto dedicados, Paul e Jeroen, est\u00e3o prontos para lhe fornecer apoio t\u00e9cnico, aconselhamento e orienta\u00e7\u00e3o ao longo do seu projeto.<\/p>\n<h2>Grande stock de tubos e mangueiras PFA<\/h2>\n<p>Na PFA Tube Shop, esfor\u00e7amo-nos constantemente por ter os tubos certos em stock. No entanto, se a mangueira certa n\u00e3o estiver dispon\u00edvel, contacta <span style=\"text-decoration: underline;\"><a href=\"https:\/\/pfatubeshop.com\/contact\/\">contacta<\/a><\/span>para que possamos fazer uma oferta adequada.<\/p>\n\t\t\t\t\t\t\t\t<\/div>\n\t\t\t\t<\/div>\n\t\t\t\t<\/div>\n\t\t<div class=\"elementor-element elementor-element-9c27782 e-flex e-con-boxed e-con e-parent\" data-id=\"9c27782\" data-element_type=\"container\" data-e-type=\"container\">\n\t\t\t\t\t<div class=\"e-con-inner\">\n\t\t\t\t\t<\/div>\n\t\t\t\t<\/div>\n\t\t\t\t<\/div>\n\t\t","protected":false},"excerpt":{"rendered":"<p>Especialista em tubos e mangueiras PFA A PFA Tube Shop \u00e9 uma extens\u00e3o completa daPTFE Tube Shope constitui um ramo especializado da nossa empresa que se concentra inteiramente no fornecimento de tubos e mangueiras de PFA de alta qualidade. Como um segmento dedicado da nossa organiza\u00e7\u00e3o, o nosso objetivo \u00e9 satisfazer as necessidades dos nossos [&hellip;]<\/p>\n","protected":false},"author":2,"featured_media":0,"parent":0,"menu_order":0,"comment_status":"closed","ping_status":"closed","template":"","meta":{"footnotes":""},"class_list":["post-45494","page","type-page","status-publish","hentry"],"_links":{"self":[{"href":"https:\/\/pfatubeshop.com\/pt-pt\/wp-json\/wp\/v2\/pages\/45494","targetHints":{"allow":["GET"]}}],"collection":[{"href":"https:\/\/pfatubeshop.com\/pt-pt\/wp-json\/wp\/v2\/pages"}],"about":[{"href":"https:\/\/pfatubeshop.com\/pt-pt\/wp-json\/wp\/v2\/types\/page"}],"author":[{"embeddable":true,"href":"https:\/\/pfatubeshop.com\/pt-pt\/wp-json\/wp\/v2\/users\/2"}],"replies":[{"embeddable":true,"href":"https:\/\/pfatubeshop.com\/pt-pt\/wp-json\/wp\/v2\/comments?post=45494"}],"version-history":[{"count":0,"href":"https:\/\/pfatubeshop.com\/pt-pt\/wp-json\/wp\/v2\/pages\/45494\/revisions"}],"wp:attachment":[{"href":"https:\/\/pfatubeshop.com\/pt-pt\/wp-json\/wp\/v2\/media?parent=45494"}],"curies":[{"name":"wp","href":"https:\/\/api.w.org\/{rel}","templated":true}]}}