{"id":46631,"date":"2024-01-15T16:28:44","date_gmt":"2024-01-15T15:28:44","guid":{"rendered":"https:\/\/pfatubeshop.com\/product\/waz-pfa-451-o-wysokiej-czystosci-6-mm-x-8-mm\/"},"modified":"2024-06-05T15:14:17","modified_gmt":"2024-06-05T13:14:17","slug":"waz-pfa-451-o-wysokiej-czystosci-6-mm-x-8-mm","status":"publish","type":"product","link":"https:\/\/pfatubeshop.com\/pl\/produkt\/waz-pfa-451-o-wysokiej-czystosci-6-mm-x-8-mm\/","title":{"rendered":"W\u0105\u017c PFA 451 o wysokiej czysto\u015bci 6 mm x 8 mm"},"content":{"rendered":"<h1>W\u0105\u017c HIGH PURITY PFA 6 mm x 8 mm<\/h1>\n<p>Ten w\u0105\u017c PFA jest wykonany z <strong>granulatu Chemours 451 HP <\/strong>. W\u0105\u017c ma \u015brednic\u0119 zewn\u0119trzn\u0105 8 mm (OD), \u015brednic\u0119 wewn\u0119trzn\u0105 6 mm (ID) i grubo\u015b\u0107 \u015bcianki 1,0 mm.<\/p>\n<p>W\u0119\u017ce PFA 451HP s\u0105 cz\u0119sto stosowane jako rury do produkcji ultraczystych chemikali\u00f3w, komponenty do transportu cieczy w przemy\u015ble p\u00f3\u0142przewodnikowym oraz wysokowydajne systemy dozowania chemikali\u00f3w, w kt\u00f3rych czysto\u015b\u0107 jest najwy\u017cszym wymaganiem.<\/p>\n<p>W\u0119\u017ce PFA 451HP maj\u0105 jeszcze lepsz\u0105 g\u0142adko\u015b\u0107 powierzchni w por\u00f3wnaniu do standardowych w\u0119\u017cy PFA i s\u0105 stosowane tam, gdzie wymagany jest najwy\u017cszy poziom odporno\u015bci chemicznej i czysto\u015bci.<\/p>\n<p>Produkty wykonane z granulatu\/\u017cywicy PFA 451HP spe\u0142niaj\u0105 wymagania dotycz\u0105ce kontaktu z \u017cywno\u015bci\u0105 zgodnie z FDA 21 CFR 177.1550 i rozporz\u0105dzeniem europejskim (UE) nr 10\/2011. Pe\u0142ne informacje mo\u017cna znale\u017a\u0107 na stronie <a href=\"https:\/\/www.teflon.com\/en\/-\/media\/files\/teflon\/teflon-pfa-451hp-product-info.pdf?rev=1a7aa238a39543218468304f57b6c73c&amp;hash=0E3C9255CCAC4D0E33F6B2AD380CE8ED\" rel=\"noopener\">Chemours<\/a>.<\/p>\n<p><strong>Ten w\u0105\u017c o wysokiej czysto\u015bci PFA ma nast\u0119puj\u0105ce cechy:<\/strong><\/p>\n<ul>\n<li>\u015arednica wewn\u0119trzna (ID): 6,0 mm +\/- 0,15 mm<\/li>\n<li>\u015arednica zewn\u0119trzna (OD): 8,0 mm +\/- 0,15 mm<\/li>\n<li>Grubo\u015b\u0107 \u015bcianki: 1,0 mm +\/- 0,1 mm<\/li>\n<li>Zakres temperatur: od minus 200\u00b0C do plus 260\u00b0C<\/li>\n<li>Promie\u0144 gi\u0119cia: 14 &#8211; 18 mm<\/li>\n<li>Kolor: przezroczysty<\/li>\n<li>Kszta\u0142t: G\u0142adki<\/li>\n<li>Zatwierdzenie FDA: Tak<\/li>\n<li>Waga na 100 metr\u00f3w: 4,88 kg<\/li>\n<li>Ci\u015bnienie rozrywaj\u0105ce w barach (20\u00b0C): 77 bar\u00f3w<\/li>\n<li>Ci\u015bnienie robocze (20\u00b0C): 15 bar\u00f3w*.<\/li>\n<\/ul>\n<p>PFA (perfluoroalkoksy) ma unikalne w\u0142a\u015bciwo\u015bci:<\/p>\n<ul>\n<li>Przezroczysty<\/li>\n<li>Topliwy \/ spawalny<\/li>\n<li>Chemicznie oboj\u0119tny<\/li>\n<li>Szeroki zakres temperatur -200C do +260C<\/li>\n<li>Brak przyczepno\u015bci \/ bardzo niskie tarcie<\/li>\n<li>Wodoodporno\u015b\u0107<\/li>\n<li>Zatwierdzony przez FDA<\/li>\n<li>Dobre warto\u015bci izolacji<\/li>\n<\/ul>\n<p style=\"text-align: center;\"><b>Wszystkie cechy produktu maj\u0105 charakter pogl\u0105dowy, warunki u\u017cytkowania mog\u0105 mie\u0107 wp\u0142yw, dlatego zawsze zalecamy przeprowadzenie szczeg\u00f3\u0142owych test\u00f3w.<\/b><\/p>\n<p>* Stosunek ci\u015bnienia rozrywaj\u0105cego do ci\u015bnienia roboczego wynosi zazwyczaj 3 do 1 lub 5 do 1 w zale\u017cno\u015bci od temperatury, medium maj\u0105cego kontakt z rurk\u0105 PFA, analizy ryzyka i innych czynnik\u00f3w.<\/p>\n<p><span style=\"color: #1a1a1a; font-size: 1.4rem; letter-spacing: -0.02em;\">Zam\u00f3w w\u0105\u017c o wysokiej czysto\u015bci PFA 6 mm x 8 mm z 8 zaletami \u01c0 PTFEtubeshop.com<\/span><\/p>\n<p>Ten w\u0105\u017c PFA 6 mm x 8 mm jest dostarczany zgodnie z naszymi 8 podstawowymi warto\u015bciami:<\/p>\n<p>1) Wysy\u0142ka w ci\u0105gu 24 godzin, je\u015bli w magazynie<br \/>\n2) W\u0105\u017c PFA, pierwszorz\u0119dna jako\u015b\u0107 z w\u0105skimi tolerancjami<br \/>\n3) Zam\u00f3w online od 1 metra lub zapytaj o niestandardowe opcje w\u0119\u017cy.<br \/>\n4) Dostosowane do potrzeb klienta zapasy i dostawa just-in-time; <a href=\"https:\/\/pfatubeshop.com\/contact\/\">skontaktuj<\/a> si\u0119 z nami, aby om\u00f3wi\u0107 opcje<br \/>\n5) Dostawa na konto. Skontaktuj si\u0119 z nami lub wy\u015blij zam\u00f3wienie e-mailem, a my sprawdzimy, czy mo\u017cemy rozpocz\u0105\u0107 dostaw\u0119 na konto<br \/>\n6) Dostawa na ca\u0142y \u015bwiat, wprowad\u017a adres wysy\u0142ki podczas p\u0142atno\u015bci, a system obliczy koszty wysy\u0142ki.<br \/>\n7) Redukcja emisji CO2, sadzimy drzewo za ka\u017cde 20 kg sprzedanego materia\u0142u.<br \/>\n8) Cena, na wypadek gdyby nasza cena okaza\u0142a si\u0119 nieodpowiednia. Daj nam zna\u0107, a my sprawdzimy, czy mo\u017cemy Ci pom\u00f3c<\/p>\n<p>Odkryj niezr\u00f3wnan\u0105 wydajno\u015b\u0107 i trwa\u0142o\u015b\u0107 naszych wysokiej jako\u015bci w\u0119\u017cy PFA HP. Niezale\u017cnie od tego, czy dzia\u0142asz w bran\u017cy chemicznej, farmaceutycznej, lotniczej czy innej wymagaj\u0105cej bran\u017cy, nasze w\u0119\u017ce PFA oferuj\u0105 niezawodne rozwi\u0105zania do krytycznych zastosowa\u0144. Dzi\u0119ki doskona\u0142ej odporno\u015bci chemicznej, tolerancji na ekstremalne temperatury oraz szerokiej gamie dost\u0119pnych rozmiar\u00f3w i d\u0142ugo\u015bci, nasze produkty spe\u0142niaj\u0105 najwy\u017csze standardy wydajno\u015bci i niezawodno\u015bci. Je\u015bli masz dodatkowe pytania lub szukasz alternatywnej \u015brednicy, skontaktuj si\u0119 z <a style=\"font-size: 16px;\" href=\"https:\/\/pfatubeshop.com\/offerte-aanvragen\/\">nami<\/a> ju\u017c dzi\u015b<span style=\"font-size: 16px;\">, aby uzyska\u0107 wi\u0119cej informacji<\/span>.<\/p>\n<h3>Teflon\u2122 PFA<\/h3>\n<p>Teflon\u2122 jest zastrze\u017conym znakiem towarowym firmy Chemours dla jej fluoroplastycznych granulek, pow\u0142ok i folii itp. Marka Teflon\u2122 jest licencjonowana przez firm\u0119 Chemours w po\u0142\u0105czeniu z zatwierdzonymi zastosowaniami. Bez licencji na znak towarowy nie mo\u017cemy identyfikowa\u0107 naszych produkt\u00f3w z mark\u0105 Teflon, poniewa\u017c nie posiadamy licencji na znak towarowy Teflon. Dlatego do produkcji naszych w\u0119\u017cy o wysokiej czysto\u015bci u\u017cywamy wy\u0142\u0105cznie materia\u0142u o kodzie Chemours 451HP, a nie Teflon 451HP.<\/p>\n<h3>Tabela cen W\u0105\u017c PFA HP451 6 mm x 8 mm<\/h3>\n<div id=\"ConnectiveDocSignExtentionInstalled\" data-extension-version=\"1.0.4\"><\/div>\n","protected":false},"excerpt":{"rendered":"<p><strong><span style=\"color: #c51230;\"><i class=\"far fa-check\"><\/i> \u221a Materia\u0142 Chemours PFA <\/span><span style=\"color: #c51230;\"> <\/span><\/strong><br \/>\n<i class=\"far fa-check\"><\/i><\/p>\n<p><strong>\u221a Granulat 451 <span style=\"color: #c51230;\">HP<\/span> &#8211; WYSOKA CZYSTO\u015a\u0106<\/strong><br \/>\n<i class=\"far fa-check\"><\/i><\/p>\n<p><strong>\u221a Wys\u0142ane w ci\u0105gu 24 <span style=\"color: #c51230;\">godzin <\/span>z odleg\u0142o\u015bci 1 metra<\/strong><br \/>\n<i class=\"far fa-check\"><\/i><\/p>\n<p><strong>\u221a Bardzo w\u0105skie <\/strong><b>tolerancje<\/b><\/p>\n<div id=\"ConnectiveDocSignExtentionInstalled\" data-extension-version=\"1.0.4\"><\/div>\n","protected":false},"featured_media":41452,"template":"","meta":[],"product_brand":[],"product_cat":[13081],"product_tag":[14261,14263],"class_list":{"0":"post-46631","1":"product","2":"type-product","3":"status-publish","4":"has-post-thumbnail","6":"type-high-purity-pfa-pl","7":"sizing-mm-pl","8":"product_cat-produkty","9":"product_tag-rurka-hp-4x6-pfa","10":"product_tag-rurka-hp-6x8-pfa","12":"first","13":"instock","14":"taxable","15":"shipping-taxable","16":"purchasable","17":"product-type-variable"},"_links":{"self":[{"href":"https:\/\/pfatubeshop.com\/pl\/wp-json\/wp\/v2\/product\/46631","targetHints":{"allow":["GET"]}}],"collection":[{"href":"https:\/\/pfatubeshop.com\/pl\/wp-json\/wp\/v2\/product"}],"about":[{"href":"https:\/\/pfatubeshop.com\/pl\/wp-json\/wp\/v2\/types\/product"}],"wp:featuredmedia":[{"embeddable":true,"href":"https:\/\/pfatubeshop.com\/pl\/wp-json\/wp\/v2\/media\/41452"}],"wp:attachment":[{"href":"https:\/\/pfatubeshop.com\/pl\/wp-json\/wp\/v2\/media?parent=46631"}],"wp:term":[{"taxonomy":"product_brand","embeddable":true,"href":"https:\/\/pfatubeshop.com\/pl\/wp-json\/wp\/v2\/product_brand?post=46631"},{"taxonomy":"product_cat","embeddable":true,"href":"https:\/\/pfatubeshop.com\/pl\/wp-json\/wp\/v2\/product_cat?post=46631"},{"taxonomy":"product_tag","embeddable":true,"href":"https:\/\/pfatubeshop.com\/pl\/wp-json\/wp\/v2\/product_tag?post=46631"}],"curies":[{"name":"wp","href":"https:\/\/api.w.org\/{rel}","templated":true}]}}