{"id":43101,"date":"2023-10-01T07:34:36","date_gmt":"2023-10-01T05:34:36","guid":{"rendered":"https:\/\/pfatubeshop.com\/?post_type=product&#038;p=43101"},"modified":"2024-03-29T16:00:59","modified_gmt":"2024-03-29T15:00:59","slug":"rurka-pfa-5-8-x-3-4-159-mm-x-1905-mm","status":"publish","type":"product","link":"https:\/\/pfatubeshop.com\/pl\/produkt\/rurka-pfa-5-8-x-3-4-159-mm-x-1905-mm\/","title":{"rendered":"Rurka PFA 5\/8&#8243; x 3\/4&#8243; &#8211; (15,9 mm x 19,05 mm)"},"content":{"rendered":"<h1>Rurka PFA 5\/8&#8243; x 3\/4&#8243; &#8211; (15,9 mm x 19,05 mm)<\/h1>\n<p>\u015arednica zewn\u0119trzna tej rurki PFA wynosi 19,05 mm (OD), \u015brednica wewn\u0119trzna 15,9 mm (ID) &#8211; 5\/8\u2033 x 3\/4\u2033, a grubo\u015b\u0107 \u015bcianki 1,58 mm. Nasze rurki PFA s\u0105 wykonane wy\u0142\u0105cznie ze 100% czystego granulatu PFA. Rurka PFA (perfluoroalkoksy) posiada szeroki wachlarz zastosowa\u0144, zw\u0142aszcza w \u015brodowiskach przemys\u0142owych i chemicznych, ze wzgl\u0119du na jej wyj\u0105tkowe w\u0142a\u015bciwo\u015bci:<\/p>\n<div class=\"zw-paragraph\" data-width=\"604.992\" data-tabpoints=\"[{&quot;leader&quot;:0,&quot;id&quot;:&quot;0&quot;,&quot;align&quot;:0,&quot;point&quot;:&quot;0.491in&quot;}]\" data-textformat=\"{&quot;size&quot;:11}\">\n<div class=\"zw-line-div\">\n<ul>\n<li class=\"zw-line-content\"><span class=\"zw-portion zw-text-portion\" data-text-len=\"12\">przezroczyst<\/span><span class=\"zw-portion zw-text-portion\" data-text-len=\"2\">a,<\/span><\/li>\n<li class=\"zw-line-content\"><span class=\"zw-portion zw-text-portion\" data-text-len=\"6\">topliw<\/span><span class=\"zw-portion zw-text-portion\" data-text-len=\"1\">a<\/span><span class=\"zw-portion zw-text-portion\" data-text-len=\"8\">\/spawaln<\/span><span class=\"zw-portion zw-text-portion\" data-text-len=\"2\">a,<\/span><\/li>\n<li class=\"zw-line-content\"><span class=\"zw-portion zw-text-portion\" data-text-len=\"8\">chemiczn<\/span><span class=\"zw-portion zw-text-portion\" data-text-len=\"2\">ie<\/span><span class=\"zw-portion zw-text-portion\" data-text-len=\"8\">\u00a0oboj\u0119tn<\/span><span class=\"zw-portion zw-text-portion\" data-text-len=\"2\">a,<\/span><\/li>\n<li class=\"zw-line-content\"><span class=\"zw-portion zw-text-portion\" data-text-len=\"8\">posiada\u00a0<\/span><span class=\"zw-portion zw-text-portion\" data-text-len=\"14\">szeroki\u00a0zakres<\/span><span class=\"zw-portion zw-text-portion\" data-text-len=\"11\">\u00a0tolerancji<\/span><span class=\"zw-portion zw-text-portion\" data-text-len=\"11\">\u00a0temperatur<\/span><span class=\"zw-portion zw-text-portion\" data-text-len=\"1\">:<\/span><span class=\"zw-portion zw-text-portion\" data-text-len=\"20\">\u00a0od\u00a0-200\u00b0C\u00a0do\u00a0+260\u00b0C<\/span><span class=\"zw-portion zw-text-portion\" data-text-len=\"1\">,<\/span><\/li>\n<li class=\"zw-line-content\"><span class=\"zw-portion zw-text-portion\" data-text-len=\"44\">nieprzylepna\u00a0\/\u00a0o\u00a0niskim\u00a0wsp\u00f3\u0142czynniku\u00a0tarcia<\/span><span class=\"zw-portion zw-text-portion\" data-text-len=\"1\">,<\/span><\/li>\n<li class=\"zw-line-content\"><span class=\"zw-portion zw-text-portion\" data-text-len=\"10\">hydrofobow<\/span><span class=\"zw-portion zw-text-portion\" data-text-len=\"1\">a<\/span><span class=\"zw-portion zw-text-portion\" data-text-len=\"12\">\u00a0(wodoodporn<\/span><span class=\"zw-portion zw-text-portion\" data-text-len=\"1\">a<\/span><span class=\"zw-portion zw-text-portion\" data-text-len=\"1\">)<\/span><span class=\"zw-portion zw-text-portion\" data-text-len=\"1\">,<\/span><\/li>\n<li class=\"zw-line-content\"><span class=\"zw-portion zw-text-portion\" data-text-len=\"22\">zatwierdzona\u00a0przez\u00a0FDA<\/span><span class=\"zw-portion zw-text-portion\" data-text-len=\"1\">,<\/span><\/li>\n<li class=\"zw-line-content\"><span class=\"zw-portion zw-text-portion\" data-text-len=\"36\">posiada\u00a0dobre\u00a0w\u0142a\u015bciwo\u015bci\u00a0izolacyjne<\/span><\/li>\n<\/ul>\n<\/div>\n<\/div>\n<p>&nbsp;<\/p>\n<p>PFA znajduje szerokie zastosowanie w r\u00f3\u017cnych sektorach, w tym w przemy\u015ble medycznym, lotniczym, petrochemicznym, p\u00f3\u0142przewodnikowym oraz w przemy\u015ble opakowa\u0144 i w przemy\u015ble spo\u017cywczym.<\/p>\n<h4>Ta rurka PFA posiada nast\u0119puj\u0105ce cechy produktu:<\/h4>\n<div class=\"zw-paginated zw-page ui-1122-793-portrait\">\n<div class=\"zw-pagecontainer\">\n<div class=\"zw-content-wrapper\">\n<div class=\"selectableSection zw-contentpane\">\n<div class=\"zw-column-container\">\n<div class=\"zw-column\">\n<div class=\"zw-paragraph\" data-width=\"604.992\" data-tabpoints=\"[{&quot;leader&quot;:0,&quot;id&quot;:&quot;0&quot;,&quot;align&quot;:0,&quot;point&quot;:&quot;0.491in&quot;}]\" data-textformat=\"{&quot;size&quot;:11}\">\n<div class=\"zw-line-div\">\n<ul>\n<li><span class=\"zw-portion zw-text-portion\" data-text-len=\"43\">\u015brednica wewn\u0119trzna (ID): 15,90 mm +\/- 0,3 mm<\/span><\/li>\n<li><span class=\"zw-portion zw-text-portion\" data-text-len=\"43\">\u015brednica zewn\u0119trzna (OD): 19,05 mm +\/- 0,3 mm<\/span><\/li>\n<li>grubo\u015b\u0107 \u015bcianki: <span class=\"zw-portion zw-text-portion\" data-text-len=\"43\">1,58<\/span>\u00a0mm +\/- 0,1 mm<\/li>\n<li>zakres temperatur: od -200\u00b0C do +260\u00b0C<\/li>\n<li>promie\u0144 wygi\u0119cia: 110 \u2013 130 mm<\/li>\n<li>kolor: przezroczysta<\/li>\n<li>kszta\u0142t: g\u0142adka<\/li>\n<li>zatwierdzona przez FDA: tak<\/li>\n<li>waga na 100 metr\u00f3w: 19,16 kg<\/li>\n<li>ci\u015bnienie rozrywaj\u0105ce w barach (20\u00b0C): 49 bar<\/li>\n<li>ci\u015bnienie robocze (20\u00b0C): 9,80<span class=\"zw-portion zw-text-portion\" data-text-len=\"4\">bar*<\/span><span class=\"zw-portion zeroSize\" data-text-len=\"1\"><img class=\"spacer zw-range-end noprint\" \/><\/span><span class=\"EOP-readonly EOP\">\u00a0<\/span><\/li>\n<\/ul>\n<\/div>\n<\/div>\n<\/div>\n<\/div>\n<\/div>\n<\/div>\n<\/div>\n<\/div>\n<p>&nbsp;<\/p>\n<h4 style=\"text-align: center;\">Wszystkie cechy produktu maj\u0105 jedynie charakter informacyjny; warunki pracy mog\u0105 mie\u0107 wp\u0142yw na produkt, dlatego zawsze zalecamy przeprowadzanie dok\u0142adnych bada\u0144.<\/h4>\n<p>* Stosunek ci\u015bnienia rozrywaj\u0105cego do ci\u015bnienia roboczego wynosi zazwyczaj 3 do 1 lub 5 do 1, w zale\u017cno\u015bci od temperatury, medium stykaj\u0105cego si\u0119 z rurk\u0105 PFA, analizy ryzyka i innych czynnik\u00f3w.<\/p>\n<p>Je\u015bli szukaj\u0105 Pa\u0144stwo wi\u0119cej informacji na temat unikalnego materia\u0142u PFA, polecamy zapozna\u0107 si\u0119 z pe\u0142nym opisem w\u0142a\u015bciwo\u015bci PFA w Wikipedii: <a href=\"https:\/\/en.wikipedia.org\/wiki\/Perfluoroalkoxy_alkane\" rel=\"noopener\">Perfluoroalkoxy alkane &#8211; Wikipedia<\/a><\/p>\n<h3>Zam\u00f3w rurk\u0119 PFA 5\/8&#8243; x 3\/4&#8243; &#8211; (15,9 mm x 19,05 mm) z 8 korzy\u015bciami | PTFEtubeshop.com<\/h3>\n<p>Dostarczamy t\u0119 rurk\u0119 PFA o wymiarach 5\/8&#8243; x 3\/4&#8243; &#8211; (15,9 mm x 19,05 mm) zgodnie z naszymi 8 podstawowymi warto\u015bciami:<\/p>\n<p>1) Wysy\u0142ka w ci\u0105gu 24 godzin, je\u015bli jest w magazynie.<br \/>\n2) Rurka PFA, najwy\u017csza jako\u015b\u0107 i \u015bcis\u0142e tolerancje.<br \/>\n3) Dost\u0119pne dla zam\u00f3wie\u0144 online od 1 metra lub zapytaj o opcje zamawiania rur ci\u0119tych na zam\u00f3wienie.<br \/>\n4) Dostosowane do potrzeb klienta stany magazynowe i dostawy na czas; <a href=\"https:\/\/pfatubeshop.com\/pl\/kontakt\/\">skontaktuj<\/a> si\u0119 z nami, aby om\u00f3wi\u0107 szczeg\u00f3\u0142y.<br \/>\n5) Dostawa na rachunek. Skontaktuj si\u0119 z nami lub wy\u015blij zam\u00f3wienie, a my rozwa\u017cymy dostaw\u0119 na 30-dniow\u0105 faktur\u0119.<br \/>\n6) Wysy\u0142ka na ca\u0142y \u015bwiat \u2013 przy kasie wprowad\u017a adres wysy\u0142ki, a system obliczy koszty wysy\u0142ki.<br \/>\n7) Redukcja emisji CO2 \u2013 sadzimy drzewo za ka\u017cde 20 kilogram\u00f3w materia\u0142u, kt\u00f3ry sprzedajemy.<br \/>\n8) Cena \u2013 je\u015bli nasza cena nie jest konkurencyjna, daj nam zna\u0107, a sprawdzimy, czy mo\u017cemy j\u0105 dostosowa\u0107 dla Ciebie.<\/p>\n<p>Odkryj niezr\u00f3wnan\u0105 wydajno\u015b\u0107 i trwa\u0142o\u015b\u0107 naszych wysokiej jako\u015bci rurek PFA. Niezale\u017cnie od tego, czy dzia\u0142aj\u0105 Pa\u0144stwo w przemy\u015ble chemicznym, farmaceutycznym, lotniczym czy w innych wymagaj\u0105cych dziedzinach, nasze rurki PFA oferuj\u0105 niezawodne rozwi\u0105zania do zastosowa\u0144 o decyduj\u0105cym znaczeniu. Dzi\u0119ki doskona\u0142ej odporno\u015bci chemicznej, tolerancji na ekstremalne temperatury oraz szerokiej gamie dost\u0119pnych rozmiar\u00f3w i d\u0142ugo\u015bci, nasze produkty spe\u0142niaj\u0105 najwy\u017csze standardy wydajno\u015bci i niezawodno\u015bci. Je\u015bli maj\u0105 Pa\u0144stwo dodatkowe pytania lub szukaj\u0105 alternatywnej \u015brednicy, <a href=\"https:\/\/pfatubeshop.com\/pl\/popros-o-wycene\/\">prosimy o kontakt<\/a> ju\u017c dzi\u015b w celu uzyskania dalszych informacji.<\/p>\n<h3>Tabela cen dla rurki PFA 5\/8&#8243; x 3\/4&#8243; &#8211; (15,9 mm x 19,05 mm)<\/h3>\n","protected":false},"excerpt":{"rendered":"<p><strong><span style=\"color: #c51230;\">\u221a<i class=\"far fa-check\"><\/i> <\/span>wykonana w 100% z czystego PFA<\/strong><br \/>\n<i class=\"far fa-check\"><\/i><\/p>\n<p><strong><span style=\"color: #c51230;\">\u221a <\/span>dost\u0119pna od 1 metra<\/strong><br \/>\n<i class=\"far fa-check\"><\/i><\/p>\n<p><strong><span style=\"color: #c51230;\">\u221a <\/span>o \u015bcis\u0142ej tolerancji \u015brednicy<\/strong><br \/>\n<i class=\"far fa-check\"><\/i><\/p>\n<p><strong><span style=\"color: #c51230;\">\u221a <\/span>wysy\u0142ka w ci\u0105gu 24 godzin<\/strong><\/p>\n<div id=\"ConnectiveDocSignExtentionInstalled\" data-extension-version=\"1.0.4\"><\/div>\n","protected":false},"featured_media":41452,"template":"","meta":[],"product_brand":[],"product_cat":[13081],"product_tag":[],"class_list":{"0":"post-43101","1":"product","2":"type-product","3":"status-publish","4":"has-post-thumbnail","6":"type-standard-pfa-pl","7":"sizing-inch-pl","8":"product_cat-produkty","10":"first","11":"instock","12":"taxable","13":"shipping-taxable","14":"purchasable","15":"product-type-variable"},"_links":{"self":[{"href":"https:\/\/pfatubeshop.com\/pl\/wp-json\/wp\/v2\/product\/43101","targetHints":{"allow":["GET"]}}],"collection":[{"href":"https:\/\/pfatubeshop.com\/pl\/wp-json\/wp\/v2\/product"}],"about":[{"href":"https:\/\/pfatubeshop.com\/pl\/wp-json\/wp\/v2\/types\/product"}],"wp:featuredmedia":[{"embeddable":true,"href":"https:\/\/pfatubeshop.com\/pl\/wp-json\/wp\/v2\/media\/41452"}],"wp:attachment":[{"href":"https:\/\/pfatubeshop.com\/pl\/wp-json\/wp\/v2\/media?parent=43101"}],"wp:term":[{"taxonomy":"product_brand","embeddable":true,"href":"https:\/\/pfatubeshop.com\/pl\/wp-json\/wp\/v2\/product_brand?post=43101"},{"taxonomy":"product_cat","embeddable":true,"href":"https:\/\/pfatubeshop.com\/pl\/wp-json\/wp\/v2\/product_cat?post=43101"},{"taxonomy":"product_tag","embeddable":true,"href":"https:\/\/pfatubeshop.com\/pl\/wp-json\/wp\/v2\/product_tag?post=43101"}],"curies":[{"name":"wp","href":"https:\/\/api.w.org\/{rel}","templated":true}]}}