{"id":47819,"date":"2024-06-07T12:34:27","date_gmt":"2024-06-07T10:34:27","guid":{"rendered":"https:\/\/pfatubeshop.com\/polityka-prywatnosci\/"},"modified":"2024-06-07T12:34:28","modified_gmt":"2024-06-07T10:34:28","slug":"polityka-prywatnosci","status":"publish","type":"page","link":"https:\/\/pfatubeshop.com\/pl\/polityka-prywatnosci\/","title":{"rendered":"Polityka prywatno\u015bci"},"content":{"rendered":"\n<h1>Witamy w naszym o\u015bwiadczeniu o ochronie prywatno\u015bci<\/h1>\n<h3>Twoja prywatno\u015b\u0107 jest dla nas wa\u017cna<\/h3>\n<p>PFA Tube Shop znajduje si\u0119 pod adresem:<\/p>\n<address>PFA Tube Shop<br\/>Baarschot 20B Breda<br\/>4817 ZZ &#8211; Brabancja P\u00f3\u0142nocna, Holandia<br\/>+31 76 201 1487<\/address>\n<p>Polityk\u0105 PFA Tube Shop jest poszanowanie prywatno\u015bci u\u017cytkownika w odniesieniu do wszelkich informacji, kt\u00f3re mo\u017cemy gromadzi\u0107 podczas korzystania z naszej strony internetowej. O\u015bwiadczenie o ochronie prywatno\u015bci obowi\u0105zuje dla witryny <a href=\"https:\/\/pfatubeshop.com\/pl\/\">pfatubeshop.com<\/a> (zwanej dalej &#8222;my&#8221;, &#8222;nas&#8221; lub &#8221; <a href=\"https:\/\/pfatubeshop.com\/pl\/\">pfatubeshop<\/a>.com&#8221;). Szanujemy prywatno\u015b\u0107 u\u017cytkownik\u00f3w i jeste\u015bmy zobowi\u0105zani do ochrony wszelkich danych osobowych, kt\u00f3re mog\u0105 zosta\u0107 nam przekazane za po\u015brednictwem Witryny. Przyj\u0119li\u015bmy niniejsze o\u015bwiadczenie o ochronie prywatno\u015bci (&#8222;O\u015bwiadczenie o ochronie prywatno\u015bci&#8221;), aby wyja\u015bni\u0107, jakie informacje mog\u0105 by\u0107 gromadzone na naszej stronie internetowej, w jaki spos\u00f3b wykorzystujemy te informacje i w jakich okoliczno\u015bciach mo\u017cemy ujawnia\u0107 informacje stronom trzecim. Niniejsze O\u015bwiadczenie o ochronie prywatno\u015bci ma zastosowanie wy\u0142\u0105cznie do informacji gromadzonych przez nas za po\u015brednictwem Witryny i nie ma zastosowania do gromadzenia przez nas informacji z innych \u017ar\u00f3de\u0142.<\/p>\n<p>Niniejsze O\u015bwiadczenie o ochronie prywatno\u015bci, wraz z Regulaminem opublikowanym w naszej Witrynie, okre\u015bla og\u00f3lne zasady i polityki dotycz\u0105ce korzystania z naszej Witryny. W zale\u017cno\u015bci od dzia\u0142a\u0144 podejmowanych przez u\u017cytkownika podczas odwiedzania naszej Witryny, u\u017cytkownik mo\u017ce by\u0107 zmuszony do zaakceptowania dodatkowych warunk\u00f3w \u015bwiadczenia us\u0142ug.<\/p>\n<h2>Odwiedzaj\u0105cy witryn\u0119<\/h2>\n<p>Podobnie jak wi\u0119kszo\u015b\u0107 operator\u00f3w stron internetowych, PFA Tube Shop gromadzi informacje nieosobowe, takie jak te, kt\u00f3re zazwyczaj udost\u0119pniaj\u0105 przegl\u0105darki internetowe i serwery, takie jak typ przegl\u0105darki, preferencje j\u0119zykowe, witryna odsy\u0142aj\u0105ca oraz data i godzina ka\u017cdego \u017c\u0105dania odwiedzaj\u0105cego. Celem zbierania przez PFA Tube Shop informacji, kt\u00f3re nie pozwalaj\u0105 na identyfikacj\u0119 osoby, jest lepsze zrozumienie, w jaki spos\u00f3b odwiedzaj\u0105cy PFA Tube Shop korzystaj\u0105 ze strony internetowej. Od czasu do czasu PFA Tube Shop mo\u017ce udost\u0119pnia\u0107 informacje nieumo\u017cliwiaj\u0105ce identyfikacji u\u017cytkownika w formie zbiorczej, na przyk\u0142ad publikuj\u0105c raport na temat trend\u00f3w w korzystaniu z witryny.<\/p>\n<p>PFA Tube Shop gromadzi r\u00f3wnie\u017c potencjalnie identyfikuj\u0105ce dane osobowe informacje, takie jak adresy IP dla zalogowanych u\u017cytkownik\u00f3w i u\u017cytkownik\u00f3w, kt\u00f3rzy zostawiaj\u0105 komentarze do post\u00f3w na blogu pod adresem https:\/\/pfatubeshop.com\/. PFA Tube Shop ujawnia adresy IP zalogowanych u\u017cytkownik\u00f3w i komentuj\u0105cych wy\u0142\u0105cznie w tych samych okoliczno\u015bciach, w kt\u00f3rych wykorzystuje i ujawnia dane osobowe, jak opisano poni\u017cej.<\/p>\n<h2>Gromadzenie informacji umo\u017cliwiaj\u0105cych identyfikacj\u0119 u\u017cytkownika<\/h2>\n<p>Niekt\u00f3re osoby odwiedzaj\u0105ce strony internetowe PFA Tube Shop decyduj\u0105 si\u0119 na interakcj\u0119 z PFA Tube Shop w spos\u00f3b, kt\u00f3ry wymaga od PFA Tube Shop gromadzenia danych osobowych. Ilo\u015b\u0107 i rodzaj informacji gromadzonych przez PFA Tube Shop zale\u017cy od charakteru interakcji. Na przyk\u0142ad, prosimy odwiedzaj\u0105cych, kt\u00f3rzy subskrybuj\u0105 blog na https:\/\/pfatubeshop.com\/ o podanie nazwy u\u017cytkownika i adresu e-mail.<\/p>\n<h2>Bezpiecze\u0144stwo<\/h2>\n<p>Bezpiecze\u0144stwo Twoich danych osobowych jest dla nas wa\u017cne, ale pami\u0119taj, \u017ce \u017cadna metoda transmisji przez Internet ani metoda elektronicznego przechowywania danych nie jest w 100% bezpieczna. Chocia\u017c staramy si\u0119 wykorzystywa\u0107 komercyjnie akceptowalne \u015brodki w celu ochrony danych osobowych u\u017cytkownika, nie mo\u017cemy zagwarantowa\u0107 ich ca\u0142kowitego bezpiecze\u0144stwa.<\/p>\n<h2>Reklamy<\/h2>\n<p>Reklamy pojawiaj\u0105ce si\u0119 na naszej stronie internetowej mog\u0105 by\u0107 dostarczane u\u017cytkownikom przez partner\u00f3w reklamowych, kt\u00f3rzy mog\u0105 ustawia\u0107 pliki cookie. Te pliki cookie umo\u017cliwiaj\u0105 serwerowi reklam rozpoznanie komputera u\u017cytkownika za ka\u017cdym razem, gdy wysy\u0142aj\u0105 mu reklam\u0119 online i zbieraj\u0105 informacje o u\u017cytkowniku lub innych osobach korzystaj\u0105cych z komputera. Informacje te umo\u017cliwiaj\u0105 sieciom reklamowym mi\u0119dzy innymi dostarczanie ukierunkowanych reklam, kt\u00f3re ich zdaniem b\u0119d\u0105 najbardziej interesuj\u0105ce dla u\u017cytkownika. Niniejsze o\u015bwiadczenie o ochronie prywatno\u015bci obejmuje korzystanie z plik\u00f3w cookie przez PFA Tube Shop i nie obejmuje korzystania z plik\u00f3w cookie przez reklamodawc\u00f3w.<\/p>\n<h2>Linki do stron zewn\u0119trznych<\/h2>\n<p>Nasza us\u0142uga mo\u017ce zawiera\u0107 \u0142\u0105cza do zewn\u0119trznych stron internetowych, kt\u00f3re nie s\u0105 przez nas obs\u0142ugiwane. Klikni\u0119cie \u0142\u0105cza strony trzeciej spowoduje przekierowanie na jej stron\u0119 internetow\u0105. Zdecydowanie zach\u0119camy do zapoznania si\u0119 z O\u015bwiadczeniem o ochronie prywatno\u015bci i Regulaminem ka\u017cdej odwiedzanej witryny.<\/p>\n<p>Nie mamy kontroli i nie ponosimy odpowiedzialno\u015bci za tre\u015b\u0107, polityk\u0119 prywatno\u015bci lub praktyki zewn\u0119trznych witryn internetowych, produkt\u00f3w lub us\u0142ug.<\/p>\n<h2>PFA Tube Shop u\u017cywa Google AdWords do remarketingu<\/h2>\n<p>PFA Tube Shop korzysta z us\u0142ug remarketingowych w celu reklamowania si\u0119 na stronach internetowych os\u00f3b trzecich (w tym Google) u\u017cytkownikom, kt\u00f3rzy wcze\u015bniej odwiedzili nasz\u0105 witryn\u0119. Mo\u017ce to oznacza\u0107 wy\u015bwietlanie reklam odwiedzaj\u0105cym, kt\u00f3rzy nie uko\u0144czyli zadania na naszej stronie, takiego jak skorzystanie z formularza kontaktowego w celu zadania pytania. Mo\u017ce to mie\u0107 form\u0119 reklamy na stronie wynik\u00f3w wyszukiwania Google lub w witrynie w sieci reklamowej Google. Strony trzecie, w tym Google, u\u017cywaj\u0105 plik\u00f3w cookie do wy\u015bwietlania reklam na podstawie poprzednich wizyt. Oczywi\u015bcie wszystkie zebrane dane b\u0119d\u0105 wykorzystywane zgodnie z nasz\u0105 polityk\u0105 prywatno\u015bci i polityk\u0105 prywatno\u015bci Google.<\/p>\n<p>U\u017cytkownik mo\u017ce ustawi\u0107 preferencje dotycz\u0105ce sposobu wy\u015bwietlania reklam Google za po\u015brednictwem Google Ad\n\nJe\u015bli chcesz, mo\u017cesz ca\u0142kowicie zrezygnowa\u0107 z reklam opartych na zainteresowaniach za pomoc\u0105 ustawie\u0144 plik\u00f3w cookie lub na sta\u0142e za pomoc\u0105 wtyczki do przegl\u0105darki.<\/p>\n<h2>Zagregowane statystyki<\/h2>\n<p>PFA Tube Shop mo\u017ce gromadzi\u0107 statystyki dotycz\u0105ce zachowania odwiedzaj\u0105cych na swojej stronie internetowej. PFA Tube Shop mo\u017ce wy\u015bwietla\u0107 te informacje publicznie lub udost\u0119pnia\u0107 je innym. PFA Tube Shop nie ujawnia jednak \u017cadnych informacji umo\u017cliwiaj\u0105cych identyfikacj\u0119 u\u017cytkownika.<\/p>\n<h2>Pliki cookie<\/h2>\n<p>W celu wzbogacenia i ulepszenia do\u015bwiadcze\u0144 online u\u017cytkownika, PFA Tube Shop wykorzystuje pliki &#8222;cookie&#8221;, podobne technologie i us\u0142ugi \u015bwiadczone przez inne podmioty w celu wy\u015bwietlania spersonalizowanych tre\u015bci, wy\u015bwietlania odpowiednich reklam i zapisywania preferencji u\u017cytkownika na jego komputerze.<\/p>\n<p>Plik cookie to ci\u0105g informacji, kt\u00f3re strona internetowa przechowuje na komputerze u\u017cytkownika i kt\u00f3re przegl\u0105darka u\u017cytkownika przekazuje stronie internetowej za ka\u017cdym razem, gdy odwiedza on stron\u0119 internetow\u0105. PFA Tube Shop wykorzystuje pliki cookie do identyfikacji i \u015bledzenia odwiedzaj\u0105cych, ich korzystania z witryny https:\/\/pfatubeshop.com\/ oraz ich preferencji dotycz\u0105cych dost\u0119pu do witryny. Odwiedzaj\u0105cy PFA Tube Shop, kt\u00f3rzy nie \u017cycz\u0105 sobie umieszczania plik\u00f3w cookie na swoich komputerach, powinni ustawi\u0107 swoje przegl\u0105darki tak, aby odrzuca\u0142y pliki cookie przed korzystaniem ze stron internetowych PFA Tube Shop, z t\u0105 wad\u0105, \u017ce niekt\u00f3re funkcje stron internetowych PFA Tube Shop mog\u0105 nie dzia\u0142a\u0107 poprawnie bez pomocy plik\u00f3w cookie.<\/p>\n<p>Kontynuuj\u0105c korzystanie z naszej strony internetowej bez zmiany ustawie\u0144 dotycz\u0105cych plik\u00f3w cookie, u\u017cytkownik przyjmuje do wiadomo\u015bci i wyra\u017ca zgod\u0119 na korzystanie z plik\u00f3w cookie przez PFA Tube Shop.<\/p>\n<h2>Handel elektroniczny<\/h2>\n<p>Osoby zawieraj\u0105ce transakcje z PFA Tube Shop &#8211; poprzez zakup us\u0142ug lub produkt\u00f3w PFA Tube Shop &#8211; proszone s\u0105 o podanie dodatkowych informacji, w tym danych osobowych i finansowych wymaganych do przetwarzania tych transakcji. W ka\u017cdym przypadku PFA Tube Shop gromadzi takie informacje tylko w takim zakresie, w jakim jest to konieczne lub w\u0142a\u015bciwe do realizacji celu interakcji odwiedzaj\u0105cego z PFA Tube Shop. PFA Tube Shop ujawnia dane osobowe wy\u0142\u0105cznie w spos\u00f3b opisany poni\u017cej. Odwiedzaj\u0105cy zawsze mog\u0105 odm\u00f3wi\u0107 podania informacji umo\u017cliwiaj\u0105cych ich identyfikacj\u0119, pami\u0119taj\u0105c, \u017ce mo\u017ce to uniemo\u017cliwi\u0107 im udzia\u0142 w niekt\u00f3rych dzia\u0142aniach zwi\u0105zanych z witryn\u0105.<\/p>\n<h2>Zmiany w polityce prywatno\u015bci<\/h2>\n<p>Chocia\u017c wi\u0119kszo\u015b\u0107 zmian mo\u017ce by\u0107 niewielka, PFA Tube Shop mo\u017ce od czasu do czasu i wed\u0142ug w\u0142asnego uznania zmienia\u0107 swoje O\u015bwiadczenie o ochronie prywatno\u015bci. PFA Tube Shop zach\u0119ca odwiedzaj\u0105cych do cz\u0119stego sprawdzania tej strony pod k\u0105tem wszelkich zmian w Polityce prywatno\u015bci. Dalsze korzystanie z tej witryny po wprowadzeniu zmian w niniejszej Polityce prywatno\u015bci b\u0119dzie oznacza\u0107 akceptacj\u0119 tych zmian.<\/p>\n<h2>Informacje kredytowe i kontaktowe<\/h2>\nW przypadku jakichkolwiek pyta\u0144 dotycz\u0105cych naszej Polityki prywatno\u015bci prosimy o kontakt <a href=\"mailto:info@pfatubeshop.com\">mailowy<\/a> lub <a href=\"tel:+312076202%2076%\">telefoniczny<\/a>.\n","protected":false},"excerpt":{"rendered":"<p>Witamy w naszym o\u015bwiadczeniu o ochronie prywatno\u015bci Twoja prywatno\u015b\u0107 jest dla nas wa\u017cna PFA Tube Shop znajduje si\u0119 pod adresem: PFA Tube ShopBaarschot 20B Breda4817 ZZ &#8211; Brabancja P\u00f3\u0142nocna, Holandia+31 76 201 1487 Polityk\u0105 PFA Tube Shop jest poszanowanie prywatno\u015bci u\u017cytkownika w odniesieniu do wszelkich informacji, kt\u00f3re mo\u017cemy gromadzi\u0107 podczas korzystania z naszej strony internetowej. [&hellip;]<\/p>\n","protected":false},"author":2,"featured_media":0,"parent":0,"menu_order":0,"comment_status":"closed","ping_status":"open","template":"","meta":{"footnotes":""},"class_list":["post-47819","page","type-page","status-publish","hentry"],"_links":{"self":[{"href":"https:\/\/pfatubeshop.com\/pl\/wp-json\/wp\/v2\/pages\/47819","targetHints":{"allow":["GET"]}}],"collection":[{"href":"https:\/\/pfatubeshop.com\/pl\/wp-json\/wp\/v2\/pages"}],"about":[{"href":"https:\/\/pfatubeshop.com\/pl\/wp-json\/wp\/v2\/types\/page"}],"author":[{"embeddable":true,"href":"https:\/\/pfatubeshop.com\/pl\/wp-json\/wp\/v2\/users\/2"}],"replies":[{"embeddable":true,"href":"https:\/\/pfatubeshop.com\/pl\/wp-json\/wp\/v2\/comments?post=47819"}],"version-history":[{"count":0,"href":"https:\/\/pfatubeshop.com\/pl\/wp-json\/wp\/v2\/pages\/47819\/revisions"}],"wp:attachment":[{"href":"https:\/\/pfatubeshop.com\/pl\/wp-json\/wp\/v2\/media?parent=47819"}],"curies":[{"name":"wp","href":"https:\/\/api.w.org\/{rel}","templated":true}]}}