{"id":47780,"date":"2024-06-07T12:33:58","date_gmt":"2024-06-07T10:33:58","guid":{"rendered":"https:\/\/pfatubeshop.com\/powrot\/"},"modified":"2024-06-07T12:34:00","modified_gmt":"2024-06-07T10:34:00","slug":"powrot","status":"publish","type":"page","link":"https:\/\/pfatubeshop.com\/pl\/powrot\/","title":{"rendered":"Powr\u00f3t"},"content":{"rendered":"\n<p><strong>Czy mog\u0119 zwr\u00f3ci\u0107 moje produkty?<\/strong><\/p>\n\n<p>U\u017cywamy 2 kategorii, kawa\u0142k\u00f3w ci\u0119tych na wymiar i pe\u0142nych rolek.<\/p>\n\n<p>Pobrane z <strong>\n  <em>kawa\u0142ki przyci\u0119te na wymiar<\/em>\n<\/strong> zasadniczo nie mog\u0105 zosta\u0107 zwr\u00f3cone. Zostan\u0105 one dostosowane do Twoich potrzeb. Wyj\u0105tkiem jest sytuacja, w kt\u00f3rej dostarczony zostanie niew\u0142a\u015bciwy rozmiar lub \u015brednica.<\/p>\n\n<p>Dla <strong>\n  <em>pe\u0142ne rolki<\/em>\n<\/strong> mog\u0105 zosta\u0107 zwr\u00f3cone. Podlega to ustawowemu terminowi 14 dni od otrzymania. Pe\u0142ne rolki maj\u0105 d\u0142ugo\u015b\u0107 50 metr\u00f3w lub jej wielokrotno\u015b\u0107.<\/p>\n\n<p><strong>Czy zwroty s\u0105 bezp\u0142atne?<\/strong><\/p>\n\n<p>Nie, koszt zwrot\u00f3w ponosi kupuj\u0105cy.<\/p>\n\n<p><strong>Kiedy otrzymam zwrot pieni\u0119dzy?<\/strong><\/p>\n\n<p>Po otrzymaniu i zaakceptowaniu zwrotu zwr\u00f3cimy kwot\u0119 zwrotu w ci\u0105gu 5 dni roboczych.<\/p>\n\n<p><strong>Czy mog\u0119 anulowa\u0107 zam\u00f3wienie?<\/strong><\/p>\n\n<p>Tak, o ile przedmiot nie zosta\u0142 wys\u0142any lub przyci\u0119ty do rozmiaru, mo\u017cesz anulowa\u0107. Pracujemy jednak b\u0142yskawicznie, wi\u0119c w tym przypadku najwygodniej jest skontaktowa\u0107 si\u0119 z nami telefonicznie.<\/p>\n","protected":false},"excerpt":{"rendered":"<p>Czy mog\u0119 zwr\u00f3ci\u0107 moje produkty? U\u017cywamy 2 kategorii, kawa\u0142k\u00f3w ci\u0119tych na wymiar i pe\u0142nych rolek. Pobrane z kawa\u0142ki przyci\u0119te na wymiar zasadniczo nie mog\u0105 zosta\u0107 zwr\u00f3cone. Zostan\u0105 one dostosowane do Twoich potrzeb. Wyj\u0105tkiem jest sytuacja, w kt\u00f3rej dostarczony zostanie niew\u0142a\u015bciwy rozmiar lub \u015brednica. Dla pe\u0142ne rolki mog\u0105 zosta\u0107 zwr\u00f3cone. Podlega to ustawowemu terminowi 14 dni [&hellip;]<\/p>\n","protected":false},"author":2,"featured_media":0,"parent":0,"menu_order":0,"comment_status":"closed","ping_status":"closed","template":"","meta":{"footnotes":""},"class_list":["post-47780","page","type-page","status-publish","hentry"],"_links":{"self":[{"href":"https:\/\/pfatubeshop.com\/pl\/wp-json\/wp\/v2\/pages\/47780","targetHints":{"allow":["GET"]}}],"collection":[{"href":"https:\/\/pfatubeshop.com\/pl\/wp-json\/wp\/v2\/pages"}],"about":[{"href":"https:\/\/pfatubeshop.com\/pl\/wp-json\/wp\/v2\/types\/page"}],"author":[{"embeddable":true,"href":"https:\/\/pfatubeshop.com\/pl\/wp-json\/wp\/v2\/users\/2"}],"replies":[{"embeddable":true,"href":"https:\/\/pfatubeshop.com\/pl\/wp-json\/wp\/v2\/comments?post=47780"}],"version-history":[{"count":0,"href":"https:\/\/pfatubeshop.com\/pl\/wp-json\/wp\/v2\/pages\/47780\/revisions"}],"wp:attachment":[{"href":"https:\/\/pfatubeshop.com\/pl\/wp-json\/wp\/v2\/media?parent=47780"}],"curies":[{"name":"wp","href":"https:\/\/api.w.org\/{rel}","templated":true}]}}