{"id":47740,"date":"2024-06-07T12:32:35","date_gmt":"2024-06-07T10:32:35","guid":{"rendered":"https:\/\/pfatubeshop.com\/prosba-o-wycene-dzieki\/"},"modified":"2024-06-07T12:32:35","modified_gmt":"2024-06-07T10:32:35","slug":"prosba-o-wycene-dzieki","status":"publish","type":"page","link":"https:\/\/pfatubeshop.com\/pl\/prosba-o-wycene-dzieki\/","title":{"rendered":"Pro\u015bba o wycen\u0119 dzi\u0119ki"},"content":{"rendered":"<p>Dzi\u0119kujemy za zg\u0142oszenie, skontaktujemy si\u0119 z Tob\u0105 tak szybko, jak to mo\u017cliwe, aby om\u00f3wi\u0107 dost\u0119pne opcje.<\/p>\n","protected":false},"excerpt":{"rendered":"<p>Dzi\u0119kujemy za zg\u0142oszenie, skontaktujemy si\u0119 z Tob\u0105 tak szybko, jak to mo\u017cliwe, aby om\u00f3wi\u0107 dost\u0119pne opcje.<\/p>\n","protected":false},"author":2,"featured_media":0,"parent":0,"menu_order":0,"comment_status":"closed","ping_status":"closed","template":"","meta":{"footnotes":""},"class_list":["post-47740","page","type-page","status-publish","hentry"],"_links":{"self":[{"href":"https:\/\/pfatubeshop.com\/pl\/wp-json\/wp\/v2\/pages\/47740","targetHints":{"allow":["GET"]}}],"collection":[{"href":"https:\/\/pfatubeshop.com\/pl\/wp-json\/wp\/v2\/pages"}],"about":[{"href":"https:\/\/pfatubeshop.com\/pl\/wp-json\/wp\/v2\/types\/page"}],"author":[{"embeddable":true,"href":"https:\/\/pfatubeshop.com\/pl\/wp-json\/wp\/v2\/users\/2"}],"replies":[{"embeddable":true,"href":"https:\/\/pfatubeshop.com\/pl\/wp-json\/wp\/v2\/comments?post=47740"}],"version-history":[{"count":0,"href":"https:\/\/pfatubeshop.com\/pl\/wp-json\/wp\/v2\/pages\/47740\/revisions"}],"wp:attachment":[{"href":"https:\/\/pfatubeshop.com\/pl\/wp-json\/wp\/v2\/media?parent=47740"}],"curies":[{"name":"wp","href":"https:\/\/api.w.org\/{rel}","templated":true}]}}