{"id":47656,"date":"2024-06-07T12:26:32","date_gmt":"2024-06-07T10:26:32","guid":{"rendered":"https:\/\/pfatubeshop.com\/kosz\/"},"modified":"2024-06-07T12:26:33","modified_gmt":"2024-06-07T10:26:33","slug":"kosz","status":"publish","type":"page","link":"https:\/\/pfatubeshop.com\/pl\/kosz\/","title":{"rendered":"Kosz"},"content":{"rendered":"\t\t<div data-elementor-type=\"wp-page\" data-elementor-id=\"47656\" class=\"elementor elementor-47656 elementor-10\" data-elementor-post-type=\"page\">\n\t\t\t\t<div class=\"elementor-element elementor-element-fb01104 e-flex e-con-boxed e-con e-parent\" data-id=\"fb01104\" data-element_type=\"container\" data-e-type=\"container\">\n\t\t\t\t\t<div class=\"e-con-inner\">\n\t\t\t\t\t<\/div>\n\t\t\t\t<\/div>\n\t\t<div class=\"elementor-element elementor-element-408614b e-flex e-con-boxed e-con e-parent\" data-id=\"408614b\" data-element_type=\"container\" data-e-type=\"container\">\n\t\t\t\t\t<div class=\"e-con-inner\">\n\t\t\t\t<div class=\"elementor-element elementor-element-422e42c elementor-widget elementor-widget-text-editor\" data-id=\"422e42c\" data-element_type=\"widget\" data-e-type=\"widget\" data-widget_type=\"text-editor.default\">\n\t\t\t\t<div class=\"elementor-widget-container\">\n\t\t\t\t\t\t\t\t\t<h2> <\/h2>\n<h2 class=\"elementor-heading-title elementor-size-default\" style=\"text-align: center;\"><strong>Kup w\u0105\u017c PFA z tymi 8 zaletami<\/strong><\/h2>\n<\/p>\n<ol>\n<li>Szybka i sprawna <strong>wysy\u0142ka w ci\u0105gu 1 dnia roboczego<\/strong><\/li>\n<li>Najwy\u017csza jako\u015b\u0107 z <strong>w\u0105skimi tolerancjami<\/strong><\/li>\n<li>D\u0142ugo\u015bci <strong>od 1 metra<\/strong><\/li>\n<li>Zapasy magazynowe dostosowane do potrzeb klienta i dostawy Just-in-Time<\/li>\n<li>Rozliczenia na koncie<\/li>\n<li>Globalna dostawa<\/li>\n<li>Zr\u00f3wnowa\u017cony rozw\u00f3j i <strong>redukcja emisji CO2<\/strong><\/li>\n<li><strong>Ostre ceny<\/strong><\/li>\n<\/ol>\n\t\t\t\t\t\t\t\t<\/div>\n\t\t\t\t<\/div>\n\t\t\t\t\t<\/div>\n\t\t\t\t<\/div>\n\t\t\t\t<\/div>\n\t\t","protected":false},"excerpt":{"rendered":"<p>Kup w\u0105\u017c PFA z tymi 8 zaletami Szybka i sprawna wysy\u0142ka w ci\u0105gu 1 dnia roboczego Najwy\u017csza jako\u015b\u0107 z w\u0105skimi tolerancjami D\u0142ugo\u015bci od 1 metra Zapasy magazynowe dostosowane do potrzeb klienta i dostawy Just-in-Time Rozliczenia na koncie Globalna dostawa Zr\u00f3wnowa\u017cony rozw\u00f3j i redukcja emisji CO2 Ostre ceny<\/p>\n","protected":false},"author":2,"featured_media":0,"parent":0,"menu_order":0,"comment_status":"closed","ping_status":"closed","template":"","meta":{"footnotes":""},"class_list":["post-47656","page","type-page","status-publish","hentry"],"_links":{"self":[{"href":"https:\/\/pfatubeshop.com\/pl\/wp-json\/wp\/v2\/pages\/47656","targetHints":{"allow":["GET"]}}],"collection":[{"href":"https:\/\/pfatubeshop.com\/pl\/wp-json\/wp\/v2\/pages"}],"about":[{"href":"https:\/\/pfatubeshop.com\/pl\/wp-json\/wp\/v2\/types\/page"}],"author":[{"embeddable":true,"href":"https:\/\/pfatubeshop.com\/pl\/wp-json\/wp\/v2\/users\/2"}],"replies":[{"embeddable":true,"href":"https:\/\/pfatubeshop.com\/pl\/wp-json\/wp\/v2\/comments?post=47656"}],"version-history":[{"count":0,"href":"https:\/\/pfatubeshop.com\/pl\/wp-json\/wp\/v2\/pages\/47656\/revisions"}],"wp:attachment":[{"href":"https:\/\/pfatubeshop.com\/pl\/wp-json\/wp\/v2\/media?parent=47656"}],"curies":[{"name":"wp","href":"https:\/\/api.w.org\/{rel}","templated":true}]}}