{"id":47611,"date":"2024-06-07T12:23:59","date_gmt":"2024-06-07T10:23:59","guid":{"rendered":"https:\/\/pfatubeshop.com\/opcje-platnosci\/"},"modified":"2026-03-25T12:40:36","modified_gmt":"2026-03-25T11:40:36","slug":"opcje-platnosci","status":"publish","type":"page","link":"https:\/\/pfatubeshop.com\/pl\/opcje-platnosci\/","title":{"rendered":"Opcje p\u0142atno\u015bci"},"content":{"rendered":"\n<p>Korzystamy z nast\u0119puj\u0105cych opcji bezpiecznej p\u0142atno\u015bci online:<\/p>\n\n<ul class=\"wp-block-list\">\n<li>iDEAL | Wero<\/li>\n\n\n\n<li>Karta kredytowa<\/li>\n\n\n\n<li>Transfer Sepa<\/li>\n\n\n\n<li>Belfius Direct<\/li>\n\n\n\n<li>PayPal<\/li>\n<\/ul>\n\n<p>Wszystkie te p\u0142atno\u015bci przechodz\u0105 przez naszego partnera p\u0142atniczego Mollie, kt\u00f3ry gwarantuje bezpieczne i proste rozwi\u0105zanie p\u0142atnicze.<\/p>\n\n<p><strong>P\u0142atno\u015b\u0107 na konto:<\/strong><\/p>\n\n<p>By\u0107 mo\u017ce Twoja firma kwalifikuje si\u0119 do dostawy na konto. Je\u015bli chcesz zap\u0142aci\u0107 na konto, mo\u017cemy otworzy\u0107 dla Ciebie konto z 30-dniowym kredytem. Na podstawie wynik\u00f3w kontroli kredytowej zostanie podj\u0119ta decyzja, czy jest to mo\u017cliwe r\u00f3wnie\u017c w przypadku Twojej organizacji.<\/p>\n\n<p>Prosimy o odes\u0142anie wype\u0142nionego i podpisanego pliku <a href=\"https:\/\/pfatubeshop.com\/wp-content\/uploads\/2019\/11\/PTFE-op-rekening.docx\">p\u0142atno\u015bci na<\/a> konto na adres <a href=\"mailto:info@pfatubeshop.com\">info@pfatubeshop.com<\/a>.<\/p>\n\n<p>W pilnych przypadkach zalecamy op\u0142acenie pierwszego zam\u00f3wienia online, poniewa\u017c jego zatwierdzenie zajmie od 1 do 2 dni.<\/p>\n\n<p><strong>Faktura<\/strong><\/p>\n\n<p>Do ka\u017cdej dostawy do\u0142\u0105czona jest odpowiednia faktura. Ponadto faktura jest r\u00f3wnie\u017c wysy\u0142ana poczt\u0105 elektroniczn\u0105. Je\u015bli nie jest to ca\u0142kowicie jasne, oczywi\u015bcie zawsze mo\u017cesz si\u0119 z nami skontaktowa\u0107<\/p>\n\n<p><strong>Zwolnienie z podatku VAT<\/strong><\/p>\n\n<p>Dostawy biznesowe do innych kraj\u00f3w cz\u0119sto mog\u0105 by\u0107 zwolnione z podatku V.A.T. Nasz system zam\u00f3wie\u0144 online r\u00f3wnie\u017c to umo\u017cliwia.<\/p>\n\n<p>Je\u015bli u\u017cytkownik poda prawid\u0142owy numer V.A.T. podczas dokonywania p\u0142atno\u015bci, system automatycznie okre\u015bli, czy nale\u017cy naliczy\u0107 podatek V.A.T.<\/p>\n","protected":false},"excerpt":{"rendered":"<p>Korzystamy z nast\u0119puj\u0105cych opcji bezpiecznej p\u0142atno\u015bci online: Wszystkie te p\u0142atno\u015bci przechodz\u0105 przez naszego partnera p\u0142atniczego Mollie, kt\u00f3ry gwarantuje bezpieczne i proste rozwi\u0105zanie p\u0142atnicze. P\u0142atno\u015b\u0107 na konto: By\u0107 mo\u017ce Twoja firma kwalifikuje si\u0119 do dostawy na konto. Je\u015bli chcesz zap\u0142aci\u0107 na konto, mo\u017cemy otworzy\u0107 dla Ciebie konto z 30-dniowym kredytem. Na podstawie wynik\u00f3w kontroli kredytowej zostanie [&hellip;]<\/p>\n","protected":false},"author":2,"featured_media":0,"parent":0,"menu_order":0,"comment_status":"closed","ping_status":"closed","template":"","meta":{"footnotes":""},"class_list":["post-47611","page","type-page","status-publish","hentry"],"_links":{"self":[{"href":"https:\/\/pfatubeshop.com\/pl\/wp-json\/wp\/v2\/pages\/47611","targetHints":{"allow":["GET"]}}],"collection":[{"href":"https:\/\/pfatubeshop.com\/pl\/wp-json\/wp\/v2\/pages"}],"about":[{"href":"https:\/\/pfatubeshop.com\/pl\/wp-json\/wp\/v2\/types\/page"}],"author":[{"embeddable":true,"href":"https:\/\/pfatubeshop.com\/pl\/wp-json\/wp\/v2\/users\/2"}],"replies":[{"embeddable":true,"href":"https:\/\/pfatubeshop.com\/pl\/wp-json\/wp\/v2\/comments?post=47611"}],"version-history":[{"count":2,"href":"https:\/\/pfatubeshop.com\/pl\/wp-json\/wp\/v2\/pages\/47611\/revisions"}],"predecessor-version":[{"id":49556,"href":"https:\/\/pfatubeshop.com\/pl\/wp-json\/wp\/v2\/pages\/47611\/revisions\/49556"}],"wp:attachment":[{"href":"https:\/\/pfatubeshop.com\/pl\/wp-json\/wp\/v2\/media?parent=47611"}],"curies":[{"name":"wp","href":"https:\/\/api.w.org\/{rel}","templated":true}]}}