{"id":47587,"date":"2024-06-07T12:23:14","date_gmt":"2024-06-07T10:23:14","guid":{"rendered":"https:\/\/pfatubeshop.com\/zamawianie-i-dostawa-f-a-q\/"},"modified":"2024-06-07T12:23:15","modified_gmt":"2024-06-07T10:23:15","slug":"zamawianie-i-dostawa-f-a-q","status":"publish","type":"page","link":"https:\/\/pfatubeshop.com\/pl\/zamawianie-i-dostawa-f-a-q\/","title":{"rendered":"Zamawianie i dostawa &#8211; F.A.Q."},"content":{"rendered":"\n<p><strong>Kiedy otrzymam moje zam\u00f3wienie?<\/strong><\/p>\n\n<p>Naszym celem jest wys\u0142anie zam\u00f3wienia do PostNL lub GLS w ci\u0105gu 24 godzin od otrzymania p\u0142atno\u015bci, je\u015bli jest w magazynie. W zale\u017cno\u015bci od kraju dostawy dodawana jest liczba dni dostawy. Po wys\u0142aniu paczki otrzymasz kod \u015bledzenia, kt\u00f3ry umo\u017cliwi Ci \u015bledzenie przesy\u0142ki.<\/p>\n\n<p><strong>Jakie s\u0105 koszty ma\u0142ych zam\u00f3wie\u0144?<\/strong><\/p>\n\n<p>Zam\u00f3wienia o warto\u015bci poni\u017cej 20 euro podlegaj\u0105 op\u0142acie za ma\u0142e zam\u00f3wienie w wysoko\u015bci 10 euro. Wskaz\u00f3wka: cz\u0119sto korzystne jest zam\u00f3wienie nieco wi\u0119kszej ilo\u015bci, aby je zrzuci\u0107.<\/p>\n\n<p><strong>Jak szybko otrzymam moje zam\u00f3wienie?<\/strong><\/p>\n\n<p>Paczki na terenie Europy s\u0105 zazwyczaj wysy\u0142ane przez GLS. Wszystkie koperty i paczki poza Europ\u0105 z Postnl.<\/p>\n\n<p>Aktualny czas dostawy wed\u0142ug przewo\u017anika mo\u017cna sprawdzi\u0107 tutaj:<\/p>\n\n<ul class=\"wp-block-list\">\n<li><a href=\"https:\/\/gls-group.eu\/NL\/nl\/verzendinformatie\/verzenden-binnen-de-eu\" target=\"_blank\" rel=\"noreferrer noopener\">GLS<\/a><\/li>\n\n\n\n<li><a href=\"https:\/\/www.postnl.nl\/versturen\/pakket-versturen\/pakket-buitenland\/bezorgtijd-naar-buitenland\/\" target=\"_blank\" rel=\"noreferrer noopener\">PostNL<\/a><\/li>\n<\/ul>\n\n<p><strong>Czy mog\u0119 szybciej otrzyma\u0107 przesy\u0142k\u0119?<\/strong><\/p>\n\n<p>Je\u015bli chcesz otrzyma\u0107 paczk\u0119 szybciej, mo\u017cemy zarezerwowa\u0107 j\u0105 za po\u015brednictwem innych, szybszych partner\u00f3w logistycznych lub na numer konta przewo\u017anika. Wszelkie dodatkowe koszty ponosi kupuj\u0105cy.<\/p>\n\n<p><strong>Jak droga jest dostawa?<\/strong><\/p>\n\n<p>W Unii Europejskiej stosujemy sta\u0142e, niskie stawki. Nie ma znaczenia, czy sk\u0142adasz ma\u0142e zam\u00f3wienie, czy bardzo du\u017ce.<\/p>\n\n<figure class=\"wp-block-table\"><table><tbody><tr><td>Holandia<\/td><td>  \u20ac 6,25<\/td><td><\/td><td>Irlandia<\/td><td>  \u20ac 16,95<\/td><td><\/td><td>W\u0119gry<\/td><td>  \u20ac 22,50<\/td><\/tr><tr><td>Belgia<\/td><td>  \u20ac 7,50<\/td><td><\/td><td>W\u0142ochy<\/td><td>  \u20ac 16,95<\/td><td><\/td><td>Chorwacja<\/td><td>  \u20ac 22,50<\/td><\/tr><tr><td>Niemcy<\/td><td>  \u20ac 8,70<\/td><td><\/td><td>Polska<\/td><td>  \u20ac 16,95<\/td><td><\/td><td>\u0141otwa<\/td><td>  \u20ac 22,50<\/td><\/tr><tr><td>Dania<\/td><td>  \u20ac 12,50<\/td><td><\/td><td>Portugalia<\/td><td>  \u20ac 16,95<\/td><td><\/td><td>Litwa<\/td><td>  \u20ac 22,50<\/td><\/tr><tr><td>Francja<\/td><td>  \u20ac 12,50<\/td><td><\/td><td>Hiszpania<\/td><td>  \u20ac 16,95<\/td><td><\/td><td>Rumunia<\/td><td>  \u20ac 22,50<\/td><\/tr><tr><td>Luksemburg<\/td><td>  \u20ac 12,50<\/td><td><\/td><td>Szwecja<\/td><td>  \u20ac 22,50<\/td><td><\/td><td>S\u0142owenia<\/td><td>  \u20ac 22,50<\/td><\/tr><tr><td>Austria<\/td><td>  \u20ac 12,50<\/td><td><\/td><td>Bu\u0142garia<\/td><td>  \u20ac 22,50<\/td><td><\/td><td>S\u0142owacja<\/td><td>  \u20ac 22,50<\/td><\/tr><tr><td>Wielka Brytania<\/td><td>  \u20ac 12,50<\/td><td><\/td><td>Estonia<\/td><td>  \u20ac 22,50<\/td><td><\/td><td>Republika Czeska<\/td><td>  \u20ac 22,50<\/td><\/tr><tr><td>Finlandia<\/td><td>  \u20ac 16,95<\/td><td><\/td><td><\/td><td><\/td><td><\/td><td><\/td><td><\/td><\/tr><\/tbody><\/table><\/figure>\n\n<p>Poza Uni\u0105 Europejsk\u0105 koszty dostawy s\u0105 obliczane wed\u0142ug wagi:<\/p>\n\n<figure class=\"wp-block-table\"><table><tbody><tr><td>0 do 999 gr<\/td><td>  \u20ac 50,00<\/td><td><\/td><td>8 kg. do 8999 gr<\/td><td>  \u20ac 103,00<\/td><\/tr><tr><td>1 kg. do 1999 gr<\/td><td>  \u20ac 55,00<\/td><td><\/td><td>9 kg. do 9999 gr<\/td><td>  \u20ac 107,00<\/td><\/tr><tr><td>2 kg. do 2999 gr<\/td><td>  \u20ac 60,00<\/td><td><\/td><td>10 kg. do 10999 gr<\/td><td>  \u20ac 117,00<\/td><\/tr><tr><td>3 kg. do 3999 gr<\/td><td>  \u20ac 65,00<\/td><td><\/td><td>11 kg. do 11999 gr<\/td><td>  \u20ac 122,00<\/td><\/tr><tr><td>4 kg. do 4999 gr<\/td><td>  \u20ac 73,80<\/td><td><\/td><td>12 kg. do 12999 gr<\/td><td>  \u20ac 135,00<\/td><\/tr><tr><td>5 kg. do 5999 gr<\/td><td>  \u20ac 78,00<\/td><td><\/td><td>13 kg. do 13999 gr<\/td><td>  \u20ac 137,00<\/td><\/tr><tr><td>6 kg. do 6999 gr<\/td><td>  \u20ac 84,00<\/td><td><\/td><td>14 kg. do 14999 gr<\/td><td>  \u20ac 142,00<\/td><\/tr><tr><td>7 kg. do 7999 gr<\/td><td>  \u20ac 93,00<\/td><td><\/td><td>15 kg. do 15999 gr<\/td><td>  \u20ac 148,00<\/td><\/tr><\/tbody><\/table><\/figure>\n\n<p><strong>Chcia\u0142bym zam\u00f3wi\u0107, ale to musi by\u0107 na konto?<\/strong><\/p>\n\n<p>Zazwyczaj nie stanowi to problemu. Na podstawie kontroli kredytowej sprawdzamy, czy mo\u017cemy dostarczy\u0107 towar na konto. Je\u015bli zostanie to zatwierdzone, otrzymasz po prostu rachunek do zap\u0142aty w ci\u0105gu 30 dni. Wy\u015blij nam wiadomo\u015b\u0107 e-mail z danymi Twojej firmy i zam\u00f3wieniem, a my otworzymy dla Ciebie konto!<\/p>\n\n<p><strong>Czy w\u0105\u017c jest zawsze dostarczany w jednym kawa\u0142ku?<\/strong><\/p>\n\n<p>Staramy si\u0119 dostarczy\u0107 zam\u00f3wienie w jak najmniejszej liczbie sztuk, jednak nie zawsze jest to mo\u017cliwe. Mo\u017ce si\u0119 wi\u0119c zdarzy\u0107, \u017ce zam\u00f3wienie o d\u0142ugo\u015bci, powiedzmy, 70 metr\u00f3w zostanie dostarczone w kawa\u0142ku 50-metrowym i 20-metrowym lub 40 + 30 metr\u00f3w, w zale\u017cno\u015bci od poziomu zapas\u00f3w. Zazwyczaj nasze pe\u0142ne rolki maj\u0105 d\u0142ugo\u015b\u0107 50 lub 100 metr\u00f3w, w zale\u017cno\u015bci od \u017c\u0105danej \u015brednicy.<\/p>\n","protected":false},"excerpt":{"rendered":"<p>Kiedy otrzymam moje zam\u00f3wienie? Naszym celem jest wys\u0142anie zam\u00f3wienia do PostNL lub GLS w ci\u0105gu 24 godzin od otrzymania p\u0142atno\u015bci, je\u015bli jest w magazynie. W zale\u017cno\u015bci od kraju dostawy dodawana jest liczba dni dostawy. Po wys\u0142aniu paczki otrzymasz kod \u015bledzenia, kt\u00f3ry umo\u017cliwi Ci \u015bledzenie przesy\u0142ki. Jakie s\u0105 koszty ma\u0142ych zam\u00f3wie\u0144? Zam\u00f3wienia o warto\u015bci poni\u017cej 20 [&hellip;]<\/p>\n","protected":false},"author":2,"featured_media":0,"parent":0,"menu_order":0,"comment_status":"closed","ping_status":"closed","template":"","meta":{"footnotes":""},"class_list":["post-47587","page","type-page","status-publish","hentry"],"_links":{"self":[{"href":"https:\/\/pfatubeshop.com\/pl\/wp-json\/wp\/v2\/pages\/47587","targetHints":{"allow":["GET"]}}],"collection":[{"href":"https:\/\/pfatubeshop.com\/pl\/wp-json\/wp\/v2\/pages"}],"about":[{"href":"https:\/\/pfatubeshop.com\/pl\/wp-json\/wp\/v2\/types\/page"}],"author":[{"embeddable":true,"href":"https:\/\/pfatubeshop.com\/pl\/wp-json\/wp\/v2\/users\/2"}],"replies":[{"embeddable":true,"href":"https:\/\/pfatubeshop.com\/pl\/wp-json\/wp\/v2\/comments?post=47587"}],"version-history":[{"count":0,"href":"https:\/\/pfatubeshop.com\/pl\/wp-json\/wp\/v2\/pages\/47587\/revisions"}],"wp:attachment":[{"href":"https:\/\/pfatubeshop.com\/pl\/wp-json\/wp\/v2\/media?parent=47587"}],"curies":[{"name":"wp","href":"https:\/\/api.w.org\/{rel}","templated":true}]}}