{"id":43731,"date":"2024-04-05T14:08:09","date_gmt":"2024-04-05T12:08:09","guid":{"rendered":"https:\/\/pfatubeshop.com\/o-nas\/"},"modified":"2024-06-24T21:47:09","modified_gmt":"2024-06-24T19:47:09","slug":"o-nas","status":"publish","type":"page","link":"https:\/\/pfatubeshop.com\/pl\/o-nas\/","title":{"rendered":"O nas"},"content":{"rendered":"\t\t<div data-elementor-type=\"wp-page\" data-elementor-id=\"43731\" class=\"elementor elementor-43731 elementor-35961\" data-elementor-post-type=\"page\">\n\t\t\t\t<div class=\"elementor-element elementor-element-3c847250 e-con-full e-flex e-con e-parent\" data-id=\"3c847250\" data-element_type=\"container\" data-e-type=\"container\">\n\t\t\t\t<div class=\"elementor-element elementor-element-234a7da4 elementor-widget elementor-widget-text-editor\" data-id=\"234a7da4\" data-element_type=\"widget\" data-e-type=\"widget\" data-widget_type=\"text-editor.default\">\n\t\t\t\t<div class=\"elementor-widget-container\">\n\t\t\t\t\t\t\t\t\t<h1 style=\"text-align: center;\">Specjalista w PFA Rury i W\u0119\u017ce<\/h1>\n<p>PFA Tube Shop jest solidnym przed\u0142u\u017ceniem <span style=\"text-decoration: underline;\"><a href=\"https:\/\/ptfetubeshop.com\/\" rel=\"noopener\">PT<img fetchpriority=\"high\" decoding=\"async\" class=\" wp-image-28753 alignright\" src=\"https:\/\/pfatubeshop.com\/wp-content\/uploads\/2022\/09\/Jeroen_productspecialist_PTFE-Tube-Shop-6.jpg\" alt=\"\" width=\"517\" height=\"919\" srcset=\"https:\/\/pfatubeshop.com\/wp-content\/uploads\/2022\/09\/Jeroen_productspecialist_PTFE-Tube-Shop-6.jpg 1152w, https:\/\/pfatubeshop.com\/wp-content\/uploads\/2022\/09\/Jeroen_productspecialist_PTFE-Tube-Shop-6-600x1067.jpg 600w, https:\/\/pfatubeshop.com\/wp-content\/uploads\/2022\/09\/Jeroen_productspecialist_PTFE-Tube-Shop-6-169x300.jpg 169w, https:\/\/pfatubeshop.com\/wp-content\/uploads\/2022\/09\/Jeroen_productspecialist_PTFE-Tube-Shop-6-576x1024.jpg 576w\" sizes=\"(max-width: 517px) 100vw, 517px\" \/>FE Tube Shop<\/a><\/span> i stanowi wyspecjalizowan\u0105 ga\u0142\u0105\u017a w naszej firmie, kt\u00f3ra koncentruje si\u0119 na dostarczaniu wysokiej jako\u015bci rur i w\u0119\u017cy PFA. Jako oddany segment naszej organizacji, postawili\u015bmy sobie za cel zaspokajanie potrzeb naszych klient\u00f3w w zakresie materia\u0142\u00f3w PFA z najwy\u017csz\u0105 precyzj\u0105 i szybko\u015bci\u0105.<\/p>\n<h3>W\u0105\u017c PFA dostarczany z magazynu:<\/h3>\n<p>Posiadamy du\u017cy zapas zar\u00f3wno standardowych, jak i wysokiej czysto\u015bci w\u0119\u017cy PFA. Dost\u0119pne w rozmiarach calowych i metrycznych:<\/p>\n<ul>\n<li><span style=\"text-decoration: underline;\"><a href=\"https:\/\/pfatubeshop.com\/type\/standard-pfa\/?_sizing=mm\">Standardowy w\u0105\u017c PFA metryczny<\/a><\/span><\/li>\n<li><span style=\"text-decoration: underline;\"><a href=\"https:\/\/pfatubeshop.com\/type\/standard-pfa\/?_sizing=mm\">Standardowy w\u0105\u017c PFA w calach<\/a><\/span><\/li>\n<li><span style=\"text-decoration: underline;\"><a href=\"https:\/\/pfatubeshop.com\/type\/high-purity-pfa\/?_sizing=mm\">W\u0105\u017c PFA wysokiej czysto\u015bci metryczny<\/a><\/span><\/li>\n<li><span style=\"text-decoration: underline;\"><a href=\"https:\/\/pfatubeshop.com\/type\/high-purity-pfa\/?_sizing=inch\">W\u0105\u017c PFA wysokiej czysto\u015bci w calach<\/a><\/span><\/li>\n<\/ul>\n<h3> <\/h3>\n<h3>Dlaczego PFA Tube Shop?<\/h3>\n<p>PFA Tube Shop to Tw\u00f3j zaufany partner w zakresie wysokiej jako\u015bci w\u0119\u017cy PFA:<\/p>\n<ul>\n<li><em>Doskona\u0142a jako\u015b\u0107 w\u0119\u017cy PFA i w\u0119\u017cy PFA wysokiej czysto\u015bci<\/em><\/li>\n<li><em>Wysy\u0142ka w ci\u0105gu 1 dnia roboczego<\/em><\/li>\n<li><em>Dostawa od 1 metra<\/em><\/li>\n<li><em>\u0141atwe zamawianie online lub na faktur\u0119, je\u015bli jest taka potrzeba<\/em><\/li>\n<li><em>Konkurencyjne ceny i szeroki asortyment<\/em><\/li>\n<\/ul>\n<p>Jeste\u015bmy dumni z zyskiwania Twojego zaufania poprzez dostarczanie produkt\u00f3w najwy\u017cszej jako\u015bci, niezr\u00f3wnanej obs\u0142ugi klienta i efektywnej, szybkiej dostawy. Oczywi\u015bcie, nasi specjali\u015bci ds. produkt\u00f3w, Paul i Jeroen, zawsze s\u0105 gotowi do pomocy, gdy masz pytania lub potrzebujesz wsparcia technicznego.<\/p>\n<p>Dzi\u0119ki wieloletniemu do\u015bwiadczeniu i dog\u0142\u0119bnej wiedzy w pracy z fluoropolimerami, w tym PFA, rozumiemy unikalne wymagania i wyzwania bran\u017c, od przetw\u00f3rstwa chemicznego i farmaceutyk\u00f3w po lotnictwo i produkcj\u0119 p\u00f3\u0142przewodnik\u00f3w. Nasze zaanga\u017cowanie w jako\u015b\u0107 przejawia si\u0119 nie tylko w szerokim asortymencie rur i w\u0119\u017cy PFA o r\u00f3\u017cnych \u015brednicach i grubo\u015bciach \u015bcianki, ale tak\u017ce w naszej zdolno\u015bci do oferowania rozwi\u0105za\u0144 dostosowanych do specyfikacji i wymaga\u0144 naszych klient\u00f3w.<\/p>\n<p>W PFA Tube Shop stosujemy podej\u015bcie, kt\u00f3re wykracza poza sam\u0105 dostaw\u0119 produkt\u00f3w. Nasi dedykowani specjali\u015bci ds. produkt\u00f3w, Paul i Jeroen, s\u0105 gotowi zapewni\u0107 wsparcie techniczne, doradztwo i pomoc w trakcie ca\u0142ego projektu.<\/p>\n<h2>Du\u017cy zapas rur i w\u0119\u017cy PFA<\/h2>\n<p>W PFA Tube Shop nieustannie d\u0105\u017cymy do tego, aby mie\u0107 odpowiednie rury na magazynie. Je\u015bli mimo to odpowiedni w\u0105\u017c nie jest dost\u0119pny, <span style=\"text-decoration: underline;\"><a href=\"https:\/\/pfatubeshop.com\/contact\/\">skontaktuj<\/a><\/span> si\u0119 z nami, aby\u015bmy mogli przygotowa\u0107 odpowiedni\u0105 ofert\u0119.<\/p>\n\t\t\t\t\t\t\t\t<\/div>\n\t\t\t\t<\/div>\n\t\t\t\t<\/div>\n\t\t<div class=\"elementor-element elementor-element-9c27782 e-flex e-con-boxed e-con e-parent\" data-id=\"9c27782\" data-element_type=\"container\" data-e-type=\"container\">\n\t\t\t\t\t<div class=\"e-con-inner\">\n\t\t\t\t\t<\/div>\n\t\t\t\t<\/div>\n\t\t\t\t<\/div>\n\t\t","protected":false},"excerpt":{"rendered":"<p>Specjalista w PFA Rury i W\u0119\u017ce PFA Tube Shop jest solidnym przed\u0142u\u017ceniem PTFE Tube Shop i stanowi wyspecjalizowan\u0105 ga\u0142\u0105\u017a w naszej firmie, kt\u00f3ra koncentruje si\u0119 na dostarczaniu wysokiej jako\u015bci rur i w\u0119\u017cy PFA. Jako oddany segment naszej organizacji, postawili\u015bmy sobie za cel zaspokajanie potrzeb naszych klient\u00f3w w zakresie materia\u0142\u00f3w PFA z najwy\u017csz\u0105 precyzj\u0105 i szybko\u015bci\u0105. [&hellip;]<\/p>\n","protected":false},"author":2,"featured_media":0,"parent":0,"menu_order":0,"comment_status":"closed","ping_status":"closed","template":"","meta":{"footnotes":""},"class_list":["post-43731","page","type-page","status-publish","hentry"],"_links":{"self":[{"href":"https:\/\/pfatubeshop.com\/pl\/wp-json\/wp\/v2\/pages\/43731","targetHints":{"allow":["GET"]}}],"collection":[{"href":"https:\/\/pfatubeshop.com\/pl\/wp-json\/wp\/v2\/pages"}],"about":[{"href":"https:\/\/pfatubeshop.com\/pl\/wp-json\/wp\/v2\/types\/page"}],"author":[{"embeddable":true,"href":"https:\/\/pfatubeshop.com\/pl\/wp-json\/wp\/v2\/users\/2"}],"replies":[{"embeddable":true,"href":"https:\/\/pfatubeshop.com\/pl\/wp-json\/wp\/v2\/comments?post=43731"}],"version-history":[{"count":0,"href":"https:\/\/pfatubeshop.com\/pl\/wp-json\/wp\/v2\/pages\/43731\/revisions"}],"wp:attachment":[{"href":"https:\/\/pfatubeshop.com\/pl\/wp-json\/wp\/v2\/media?parent=43731"}],"curies":[{"name":"wp","href":"https:\/\/api.w.org\/{rel}","templated":true}]}}