{"id":47781,"date":"2024-06-07T12:33:58","date_gmt":"2024-06-07T10:33:58","guid":{"rendered":"https:\/\/pfatubeshop.com\/ritorno\/"},"modified":"2024-06-07T12:34:01","modified_gmt":"2024-06-07T10:34:01","slug":"ritorno","status":"publish","type":"page","link":"https:\/\/pfatubeshop.com\/it\/ritorno\/","title":{"rendered":"Ritorno"},"content":{"rendered":"\n<p><strong>Posso restituire i miei articoli?<\/strong><\/p>\n\n<p>Utilizziamo due categorie: pezzi tagliati a misura e rotoli completi.<\/p>\n\n<p>Recuperati da <strong>\n  <em>pezzi tagliati su misura<\/em>\n<\/strong> in linea di principio non possono essere restituiti. Questi saranno personalizzati per te. Fa eccezione il caso in cui venga fornita una misura di lunghezza o diametro sbagliata.<\/p>\n\n<p>Per <strong>\n  <em>rotoli completi<\/em>\n<\/strong> possono essere restituiti. La scadenza prevista dalla legge \u00e8 di 14 giorni dal ricevimento. I rotoli completi sono lunghi 50 metri o multipli di essi.<\/p>\n\n<p><strong>I resi sono gratuiti?<\/strong><\/p>\n\n<p>No, il costo della restituzione \u00e8 a carico dell&#8217;acquirente.<\/p>\n\n<p><strong>Quando mi verr\u00e0 restituito il denaro?<\/strong><\/p>\n\n<p>Una volta ricevuto e accettato il reso, rimborseremo l&#8217;importo del reso entro 5 giorni lavorativi.<\/p>\n\n<p><strong>Posso cancellare un ordine?<\/strong><\/p>\n\n<p>S\u00ec, se l&#8217;articolo non \u00e8 stato spedito o tagliato a misura, puoi cancellarlo. Ma lavoriamo alla velocit\u00e0 della luce, quindi in questo caso \u00e8 pi\u00f9 conveniente contattarci per telefono.<\/p>\n","protected":false},"excerpt":{"rendered":"<p>Posso restituire i miei articoli? Utilizziamo due categorie: pezzi tagliati a misura e rotoli completi. Recuperati da pezzi tagliati su misura in linea di principio non possono essere restituiti. Questi saranno personalizzati per te. Fa eccezione il caso in cui venga fornita una misura di lunghezza o diametro sbagliata. Per rotoli completi possono essere restituiti. [&hellip;]<\/p>\n","protected":false},"author":2,"featured_media":0,"parent":0,"menu_order":0,"comment_status":"closed","ping_status":"closed","template":"","meta":{"footnotes":""},"class_list":["post-47781","page","type-page","status-publish","hentry"],"_links":{"self":[{"href":"https:\/\/pfatubeshop.com\/it\/wp-json\/wp\/v2\/pages\/47781","targetHints":{"allow":["GET"]}}],"collection":[{"href":"https:\/\/pfatubeshop.com\/it\/wp-json\/wp\/v2\/pages"}],"about":[{"href":"https:\/\/pfatubeshop.com\/it\/wp-json\/wp\/v2\/types\/page"}],"author":[{"embeddable":true,"href":"https:\/\/pfatubeshop.com\/it\/wp-json\/wp\/v2\/users\/2"}],"replies":[{"embeddable":true,"href":"https:\/\/pfatubeshop.com\/it\/wp-json\/wp\/v2\/comments?post=47781"}],"version-history":[{"count":0,"href":"https:\/\/pfatubeshop.com\/it\/wp-json\/wp\/v2\/pages\/47781\/revisions"}],"wp:attachment":[{"href":"https:\/\/pfatubeshop.com\/it\/wp-json\/wp\/v2\/media?parent=47781"}],"curies":[{"name":"wp","href":"https:\/\/api.w.org\/{rel}","templated":true}]}}