{"id":45648,"date":"2024-01-15T16:28:44","date_gmt":"2024-01-15T15:28:44","guid":{"rendered":"https:\/\/pfatubeshop.com\/?post_type=product&#038;p=45648"},"modified":"2024-04-24T09:03:57","modified_gmt":"2024-04-24T07:03:57","slug":"tube-pfa-451-haute-purete-6-mm-x-8-mm","status":"publish","type":"product","link":"https:\/\/pfatubeshop.com\/fr\/produit\/tube-pfa-451-haute-purete-6-mm-x-8-mm\/","title":{"rendered":"Tube PFA 451 Haute Puret\u00e9 6 mm x 8 mm"},"content":{"rendered":"<h1>Tube PFA HAUTE PURET\u00c9 6 mm x 8 mm<\/h1>\n<p>Ce tube PFA est fabriqu\u00e9 \u00e0 partir de granul\u00e9s Chemours 451 HP. Le tube a un diam\u00e8tre externe de 8 mm (OD), un diam\u00e8tre interne de 6 mm (ID) et une \u00e9paisseur de paroi de 1,0 mm.<\/p>\n<p>Les tubes PFA 451HP sont souvent utilis\u00e9s comme tuyaux de transport pour la production de produits chimiques ultra-purs, comme composants pour le transport de fluides dans le secteur des semi-conducteurs et comme syst\u00e8mes de dosage de produits chimiques haute performance o\u00f9 la puret\u00e9 est la plus grande exigence.<\/p>\n<p>Les tubes PFA 451HP ont une surface encore plus lisse que les tuyaux PFA standard et sont utilis\u00e9s lorsque les plus hauts niveaux de r\u00e9sistance chimique et de puret\u00e9 sont requis.<\/p>\n<p>Les produits fabriqu\u00e9s \u00e0 partir de granul\u00e9s ou r\u00e9sine PFA 451HP r\u00e9pondent aux exigences en mati\u00e8re de contact alimentaire conform\u00e9ment \u00e0 la disposition 21 CFR 177.1550 de la FDA et au r\u00e8glement europ\u00e9en (UE) n\u00b010\/2011. Vous trouverez de plus amples informations sur le site Web de\u00a0<a href=\"https:\/\/www.teflon.com\/en\/-\/media\/files\/teflon\/teflon-pfa-451hp-product-info.pdf?rev=1a7aa238a39543218468304f57b6c73c&amp;hash=0E3C9255CCAC4D0E33F6B2AD380CE8ED\" rel=\"noopener\">Chemours.<\/a><\/p>\n<h4>Ce tube PFA haute puret\u00e9 pr\u00e9sente les caract\u00e9ristiques suivantes:<\/h4>\n<ul>\n<li>Diam\u00e8tre int\u00e9rieur (ID): 6,0 mm +\/- 0,15 mm<\/li>\n<li>Diam\u00e8tre ext\u00e9rieur (OD): 8,0 mm +\/- 0,15 mm<\/li>\n<li>\u00c9paisseur de la paroi: 1,0 mm +\/- 0,1 mm<\/li>\n<li>Plage de temp\u00e9rature: minus 200\u00b0C to plus 260\u00b0C<\/li>\n<li>Rayon de courbure: 14 &#8211; 18 mm<\/li>\n<li>Couleur: transparent<\/li>\n<li>Forme: lisse<\/li>\n<li>Approbation de la FDA : oui<\/li>\n<li>Poids par 100 m\u00e8tres: 4,88 kg<\/li>\n<li>Pression d&rsquo;\u00e9clatement en bar (20\u00b0C): 77 Bar<\/li>\n<li>Pression de service (20\u00b0C): 15 Bar*<\/li>\n<\/ul>\n<h4>Le PFA (perfluoroalcoxy) poss\u00e8de des propri\u00e9t\u00e9s uniques:<\/h4>\n<ul>\n<li>Transparent<\/li>\n<li>Fusionnable<\/li>\n<li>Inerte chimiquement<\/li>\n<li>Large plage de temp\u00e9rature: -200C tot +260C<\/li>\n<li>Pas d&rsquo;adh\u00e9rence\/tr\u00e8s faible frottement<\/li>\n<li>Hydrofuge<\/li>\n<li>Approuv\u00e9 par la FDA<\/li>\n<li>Bonnes valeurs d&rsquo;isolation<\/li>\n<\/ul>\n<h5 style=\"text-align: center;\">Toutes les caract\u00e9ristiques des produits sont donn\u00e9es \u00e0 titre indicatif. Les conditions d&rsquo;utilisation peuvent avoir une incidence, et, en cons\u00e9quence, nous recommandons toujours de proc\u00e9der \u00e0 des essais pouss\u00e9s.<\/h5>\n<p>* Le rapport entre la pression d&rsquo;\u00e9clatement et la pression de service est g\u00e9n\u00e9ralement de 3 \u00e0 1 ou de 5 \u00e0 1 en fonction de la temp\u00e9rature, du fluide en contact avec le tuyau en PFA, de l&rsquo;analyse des risques et d&rsquo;autres facteurs.<\/p>\n<h3>Commandez un tuyau PFA haute puret\u00e9 de 6 mm x 8 mm et profitez de 8 avantages \u01c0 PTFEtubeshop.com<\/h3>\n<h4>Ce tuyau PFA de 6 mm x 8 mm est fourni dans le respect de nos 8 valeurs fondamentales:<\/h4>\n<p>1) Exp\u00e9dition dans les 24 heures s&rsquo;il est en stock<br \/>\n2) Tuyau PFA, qualit\u00e9 de premi\u00e8re classe avec des tol\u00e9rances serr\u00e9es<br \/>\n3) Commande en ligne \u00e0 partir de 1 m\u00e8tre ou coup\u00e9 selon vos exigences<br \/>\n4) Stock sp\u00e9cifique au client et livraison juste \u00e0 temps ; <a href=\"https:\/\/pfatubeshop.com\/fr\/contact\/\">contactez-nous<\/a> pour discuter des options<br \/>\n5) Livraison sur facture. Contactez-nous ou envoyez-nous un bon de commande par e-mail et nous verrons si nous pouvons envisager une livraison sur facture<br \/>\n6) Livraison dans le monde entier. Indiquez l&rsquo;adresse de livraison au moment du paiement et le syst\u00e8me calculera les frais d&rsquo;exp\u00e9dition<br \/>\n7) R\u00e9duction des \u00e9missions de CO2. Nous plantons un arbre pour chaque tranche de 20 kilos de mat\u00e9riau vendu<br \/>\n8) Prix. Au cas o\u00f9 notre prix ne serait pas juste, faites-le nous savoir et nous verrons si nous pouvons vous satisfaire<\/p>\n<p>D\u00e9couvrez les performances et la durabilit\u00e9 in\u00e9gal\u00e9es de nos tuyaux PFA HP de haute qualit\u00e9. Que votre activit\u00e9 rel\u00e8ve de l&rsquo;industrie chimique, pharmaceutique, a\u00e9rospatiale ou d&rsquo;autres secteurs exigeants, nos tuyaux PFA vous offrent des solutions fiables pour vos applications critiques. En offrant une excellente r\u00e9sistance aux produits chimiques, une tol\u00e9rance aux temp\u00e9ratures extr\u00eames et en \u00e9tant disponibles dans une large gamme de tailles et de longueurs, nos produits r\u00e9pondent aux normes les plus strictes en mati\u00e8re de performance et de fiabilit\u00e9. Si vous avez d&rsquo;autres questions ou si vous recherchez un diam\u00e8tre alternatif, <a href=\"https:\/\/pfatubeshop.com\/fr\/demander-une-offre\/\">contactez-nous<\/a> d\u00e8s aujourd&rsquo;hui pour plus d&rsquo;informations.<\/p>\n<h3>Teflon\u2122 PFA<\/h3>\n<p>Teflon\u2122 est une marque d\u00e9pos\u00e9e de Chemours pour ses granul\u00e9s, rev\u00eatements, films (etc.) fluoroplastiques. La marque Teflon\u2122 fait l&rsquo;objet d&rsquo;une licence accord\u00e9e par Chemours en liaison avec des applications approuv\u00e9es. Sans licence de marque, nous ne pouvons pas identifier nos produits avec le nom de marque Teflon, car nous ne disposons pas d&rsquo;une licence de marque Teflon. C&rsquo;est pourquoi nous n&rsquo;utilisons que le code Chemours 451HP pour nos tuyaux de haute puret\u00e9 et non Teflon 451HP.<\/p>\n<h3>Tableau des prix du tuyau PFA HP451 6 mm x 8 mm<\/h3>\n","protected":false},"excerpt":{"rendered":"<p><strong><span style=\"color: #c51230;\">\u221a<i class=\"far fa-check\"><\/i> <\/span>Mat\u00e9riau Chemours PFA<\/strong><br \/>\n<i class=\"far fa-check\"><\/i><\/p>\n<p><strong><span style=\"color: #c51230;\">\u221a <\/span>Granul\u00e9s 451 HP &#8211; HAUTE PURET\u00c9<\/strong><br \/>\n<i class=\"far fa-check\"><\/i><\/p>\n<p><strong><span style=\"color: #c51230;\">\u221a\u00a0<\/span>Exp\u00e9di\u00e9 dans les 24 heures, \u00e0 partir de 1 m\u00e8tre<\/strong><br \/>\n<i class=\"far fa-check\"><\/i><\/p>\n<p><strong><span style=\"color: #c51230;\">\u221a\u00a0<\/span>Tol\u00e9rances tr\u00e8s serr\u00e9es<\/strong><b>toleranties<\/b><\/p>\n<div id=\"ConnectiveDocSignExtentionInstalled\" data-extension-version=\"1.0.4\"><\/div>\n","protected":false},"featured_media":41449,"template":"","meta":[],"product_brand":[],"product_cat":[13056],"product_tag":[14282],"class_list":{"0":"post-45648","1":"product","2":"type-product","3":"status-publish","4":"has-post-thumbnail","6":"type-high-purity-pfa-fr","7":"sizing-mm-fr-2","8":"product_cat-products-fr","9":"product_tag-tube-hp-4x6-pfa","11":"first","12":"instock","13":"taxable","14":"shipping-taxable","15":"purchasable","16":"product-type-variable"},"_links":{"self":[{"href":"https:\/\/pfatubeshop.com\/fr\/wp-json\/wp\/v2\/product\/45648","targetHints":{"allow":["GET"]}}],"collection":[{"href":"https:\/\/pfatubeshop.com\/fr\/wp-json\/wp\/v2\/product"}],"about":[{"href":"https:\/\/pfatubeshop.com\/fr\/wp-json\/wp\/v2\/types\/product"}],"wp:featuredmedia":[{"embeddable":true,"href":"https:\/\/pfatubeshop.com\/fr\/wp-json\/wp\/v2\/media\/41449"}],"wp:attachment":[{"href":"https:\/\/pfatubeshop.com\/fr\/wp-json\/wp\/v2\/media?parent=45648"}],"wp:term":[{"taxonomy":"product_brand","embeddable":true,"href":"https:\/\/pfatubeshop.com\/fr\/wp-json\/wp\/v2\/product_brand?post=45648"},{"taxonomy":"product_cat","embeddable":true,"href":"https:\/\/pfatubeshop.com\/fr\/wp-json\/wp\/v2\/product_cat?post=45648"},{"taxonomy":"product_tag","embeddable":true,"href":"https:\/\/pfatubeshop.com\/fr\/wp-json\/wp\/v2\/product_tag?post=45648"}],"curies":[{"name":"wp","href":"https:\/\/api.w.org\/{rel}","templated":true}]}}