{"id":45410,"date":"2024-01-18T15:57:47","date_gmt":"2024-01-18T14:57:47","guid":{"rendered":"https:\/\/pfatubeshop.com\/product\/pfa-slang-451-high-purity-3-mm-x-4-mm\/"},"modified":"2024-06-05T13:32:28","modified_gmt":"2024-06-05T11:32:28","slug":"tube-pfa-451-haute-purete-3-mm-x-4-mm","status":"publish","type":"product","link":"https:\/\/pfatubeshop.com\/fr\/produit\/tube-pfa-451-haute-purete-3-mm-x-4-mm\/","title":{"rendered":"Tuyau PFA 451 haute puret\u00e9 3 mm x 4 mm"},"content":{"rendered":"<h1>Tuyau en PFA HAUTE PURIT\u00c9 3 mm x 4 mm<\/h1>\n<p>Ce tuyau en PFA est fabriqu\u00e9 \u00e0 partir de <strong>granul\u00e9s Chemours 451 HP <\/strong>. Le tuyau a un diam\u00e8tre ext\u00e9rieur de 4 mm (OD), un diam\u00e8tre int\u00e9rieur de 3 mm (ID) et une \u00e9paisseur de paroi de 0,5 mm.<\/p>\n<p>Les tuyaux en PFA 451HP sont souvent utilis\u00e9s comme tuyaux pour la production de produits chimiques ultra-purs, comme composants pour le transport de liquides dans l&rsquo;industrie des semi-conducteurs et comme syst\u00e8mes de dosage de produits chimiques \u00e0 haute performance o\u00f9 la puret\u00e9 est la plus grande exigence.<\/p>\n<p>Les tuyaux en PFA 451HP ont une surface encore plus lisse que les tuyaux en PFA standard et sont utilis\u00e9s lorsque les plus hauts niveaux de r\u00e9sistance chimique et de puret\u00e9 sont requis.<\/p>\n<p>Les produits fabriqu\u00e9s \u00e0 partir de granul\u00e9s\/r\u00e9sine PFA 451HP r\u00e9pondent aux exigences en mati\u00e8re de contact alimentaire conform\u00e9ment \u00e0 la norme FDA 21 CFR 177.1550 et au r\u00e8glement europ\u00e9en (UE) n\u00b0 10\/2011. Des informations compl\u00e8tes sont disponibles sur le site de <a href=\"https:\/\/www.teflon.com\/en\/-\/media\/files\/teflon\/teflon-pfa-451hp-product-info.pdf?rev=1a7aa238a39543218468304f57b6c73c&amp;hash=0E3C9255CCAC4D0E33F6B2AD380CE8ED\" rel=\"noopener\">Chemours<\/a>.<\/p>\n<p><strong>Ce tuyau en PFA haute puret\u00e9 pr\u00e9sente les caract\u00e9ristiques suivantes :<\/strong><\/p>\n<ul>\n<li>Diam\u00e8tre int\u00e9rieur (ID) : 3,0 mm +\/- 0,1 mm<\/li>\n<li>Diam\u00e8tre ext\u00e9rieur (OD) : 4,0 mm +\/- 0,1 mm<\/li>\n<li>\u00c9paisseur de la paroi : 0,5 mm +\/- 0,1 mm<\/li>\n<li>Plage de temp\u00e9rature : de moins 200\u00b0C \u00e0 plus 260\u00b0C<\/li>\n<li>Rayon de courbure : 10 &#8211; 12 mm<\/li>\n<li>Couleur : transparent<\/li>\n<li>Forme : lisse<\/li>\n<li>Approbation de la FDA : Oui<\/li>\n<li>Poids pour 100 m\u00e8tres : 1,34 kg<\/li>\n<li>Pression d&rsquo;\u00e9clatement en Bar (20\u00b0C) : 77 Bar<\/li>\n<li>Pression de travail (20\u00b0C) : 15 Bar*.<\/li>\n<\/ul>\n<p>Le PFA (perfluoroalcoxy) poss\u00e8de des propri\u00e9t\u00e9s uniques :<\/p>\n<ul>\n<li>Transparent<\/li>\n<li>Fusible \/ soudable<\/li>\n<li>Chimiquement inerte<\/li>\n<li>Large gamme de temp\u00e9ratures -200C \u00e0 +260C<\/li>\n<li>Pas d&rsquo;adh\u00e9rence \/ tr\u00e8s faible friction<\/li>\n<li>D\u00e9perlante<\/li>\n<li>Approuv\u00e9 par la FDA<\/li>\n<li>Bonnes valeurs d&rsquo;isolation<\/li>\n<\/ul>\n<p style=\"text-align: center;\"><b>Toutes les caract\u00e9ristiques des produits sont donn\u00e9es \u00e0 titre indicatif. Les conditions d&rsquo;utilisation peuvent avoir une incidence, c&rsquo;est pourquoi nous recommandons toujours de proc\u00e9der \u00e0 des essais approfondis.<\/b><\/p>\n<p>* Le rapport entre la pression d&rsquo;\u00e9clatement et la pression de service est g\u00e9n\u00e9ralement de 3 \u00e0 1 ou de 5 \u00e0 1 en fonction de la temp\u00e9rature, du fluide en contact avec le tube PFA, de l&rsquo;analyse des risques et d&rsquo;autres facteurs.<\/p>\n<p><span style=\"color: #1a1a1a; font-size: 1.4rem; letter-spacing: -0.02em;\">Commandez le tuyau PFA haute puret\u00e9 de 3 mm x 4 mm avec 8 avantages \u01c0 PTFEtubeshop.com<\/span><\/p>\n<p>Ce tuyau en PFA 3 mm x 4 mm est fourni conform\u00e9ment \u00e0 nos 8 valeurs fondamentales :<\/p>\n<p>1) Exp\u00e9dition dans les 24 heures si le produit est en stock<br \/>\n2) Tuyau en PFA, de premi\u00e8re qualit\u00e9 avec des tol\u00e9rances serr\u00e9es<br \/>\n3) Commandez en ligne \u00e0 partir de 1 m\u00e8tre ou demandez des options de tuyaux personnalis\u00e9s.<br \/>\n4) Stock sp\u00e9cifique au client et livraison juste \u00e0 temps ; <a href=\"https:\/\/pfatubeshop.com\/contact\/\">contactez-nous<\/a> pour discuter des options.<br \/>\n5) Livraison sur facture. Prenez contact avec nous ou envoyez-nous un bon de commande par courrier \u00e9lectronique et nous verrons si nous pouvons commencer \u00e0 livrer sur facture.<br \/>\n6) Livraison dans le monde entier, entrez l&rsquo;adresse de livraison au moment du paiement et le syst\u00e8me calculera les frais d&rsquo;exp\u00e9dition.<br \/>\n7) R\u00e9duction des \u00e9missions de CO2, nous plantons un arbre pour chaque 20 kg de mat\u00e9riel que nous vendons.<br \/>\n8) Le prix, au cas o\u00f9 notre prix ne serait finalement pas le bon. Faites-le nous savoir et nous verrons si nous pouvons vous accommoder.<\/p>\n<p>D\u00e9couvrez les performances et la durabilit\u00e9 in\u00e9gal\u00e9es de nos tuyaux HP en PFA de haute qualit\u00e9. Que vous travailliez dans l&rsquo;industrie chimique, pharmaceutique, a\u00e9rospatiale ou dans d&rsquo;autres secteurs exigeants, nos tuyaux en PFA offrent des solutions fiables pour vos applications critiques. Avec une excellente r\u00e9sistance aux produits chimiques, une tol\u00e9rance aux temp\u00e9ratures extr\u00eames et une gamme de tailles et de longueurs disponibles, nos produits r\u00e9pondent aux normes les plus \u00e9lev\u00e9es en mati\u00e8re de performance et de fiabilit\u00e9. Si vous avez d&rsquo;autres questions ou si vous \u00eates \u00e0 la recherche d&rsquo;un diam\u00e8tre alternatif, <a style=\"font-size: 16px;\" href=\"https:\/\/pfatubeshop.com\/offerte-aanvragen\/\">contactez-nous<\/a> d\u00e8s aujourd&rsquo;hui<span style=\"font-size: 16px;\"> pour plus d&rsquo;informations<\/span>.<\/p>\n<h3>Teflon\u2122 PFA<\/h3>\n<p>Teflon\u2122 est une marque d\u00e9pos\u00e9e de Chemours pour ses granul\u00e9s, rev\u00eatements et films fluoroplastiques, etc. La marque Teflon\u2122 est utilis\u00e9e sous licence par Chemours dans le cadre d&rsquo;applications approuv\u00e9es. Sans licence de marque, nous ne pouvons pas identifier nos produits avec la marque Teflon, car nous n&rsquo;avons pas de licence de marque Teflon. C&rsquo;est pourquoi nous n&rsquo;utilisons que le code Chemours 451HP pour nos tuyaux de haute puret\u00e9 et non le Teflon 451HP.<\/p>\n<h3>Tableau des prix Tuyau PFA HP451 3 mm x 4 mm<\/h3>\n<div id=\"ConnectiveDocSignExtentionInstalled\" data-extension-version=\"1.0.4\"><\/div>\n","protected":false},"excerpt":{"rendered":"<p><strong><span style=\"color: #c51230;\"><i class=\"far fa-check\"><\/i> \u221a Mat\u00e9riau Chemours PFA <\/span><span style=\"color: #c51230;\"> <\/span><\/strong><br \/>\n<i class=\"far fa-check\"><\/i><\/p>\n<p><strong><span style=\"color: #c51230;\">\u221a<\/span> 451 HP granul\u00e9s &#8211; HAUTE PURIT\u00c9<\/strong><br \/>\n<i class=\"far fa-check\"><\/i><\/p>\n<p><strong><span style=\"color: #c51230;\">\u221a <\/span>Envoy\u00e9 dans les 24 heures \u00e0 partir de 1 m\u00e8tre<\/strong><br \/>\n<i class=\"far fa-check\"><\/i><\/p>\n<p><strong><span style=\"color: #c51230;\">\u221a <\/span>Tol\u00e9rances tr\u00e8s serr\u00e9es <\/strong><b>tol\u00e9rances<\/b><\/p>\n<div id=\"ConnectiveDocSignExtentionInstalled\" data-extension-version=\"1.0.4\"><\/div>\n","protected":false},"featured_media":41449,"template":"","meta":[],"product_brand":[],"product_cat":[13056],"product_tag":[],"class_list":{"0":"post-45410","1":"product","2":"type-product","3":"status-publish","4":"has-post-thumbnail","6":"type-high-purity-pfa-fr","7":"sizing-mm-fr-2","8":"product_cat-products-fr","10":"first","11":"instock","12":"taxable","13":"shipping-taxable","14":"purchasable","15":"product-type-variable"},"_links":{"self":[{"href":"https:\/\/pfatubeshop.com\/fr\/wp-json\/wp\/v2\/product\/45410","targetHints":{"allow":["GET"]}}],"collection":[{"href":"https:\/\/pfatubeshop.com\/fr\/wp-json\/wp\/v2\/product"}],"about":[{"href":"https:\/\/pfatubeshop.com\/fr\/wp-json\/wp\/v2\/types\/product"}],"wp:featuredmedia":[{"embeddable":true,"href":"https:\/\/pfatubeshop.com\/fr\/wp-json\/wp\/v2\/media\/41449"}],"wp:attachment":[{"href":"https:\/\/pfatubeshop.com\/fr\/wp-json\/wp\/v2\/media?parent=45410"}],"wp:term":[{"taxonomy":"product_brand","embeddable":true,"href":"https:\/\/pfatubeshop.com\/fr\/wp-json\/wp\/v2\/product_brand?post=45410"},{"taxonomy":"product_cat","embeddable":true,"href":"https:\/\/pfatubeshop.com\/fr\/wp-json\/wp\/v2\/product_cat?post=45410"},{"taxonomy":"product_tag","embeddable":true,"href":"https:\/\/pfatubeshop.com\/fr\/wp-json\/wp\/v2\/product_tag?post=45410"}],"curies":[{"name":"wp","href":"https:\/\/api.w.org\/{rel}","templated":true}]}}