{"id":40649,"date":"2023-06-29T14:36:19","date_gmt":"2023-06-29T12:36:19","guid":{"rendered":"https:\/\/pfatubeshop.com\/?post_type=product&#038;p=40649"},"modified":"2024-03-25T07:29:50","modified_gmt":"2024-03-25T06:29:50","slug":"pfa-tube-7-8-x-10-222-mm-x-254-mm","status":"publish","type":"product","link":"https:\/\/pfatubeshop.com\/fr\/produit\/pfa-tube-7-8-x-10-222-mm-x-254-mm\/","title":{"rendered":"PFA tube 7\/8&Prime; x 1,0&Prime; &#8211; (22,2 mm x 25,4 mm)"},"content":{"rendered":"<h1>PFA tube 7\/8&Prime; x 1,0&Prime; &#8211; (22,2 mm x 25,4 mm)<\/h1>\n<p>Ce tube PFA offre un diam\u00e8tre ext\u00e9rieur de 22,2 mm (OD), un diam\u00e8tre int\u00e9rieur de 25,4 mm (ID) &#8211; 7\/8\u2033 x 1,0\u2033, et une \u00e9paisseur de paroi de 1,58 mm. Nos tubes PFA sont exclusivement fabriqu\u00e9s \u00e0 partir de granul\u00e9s de PFA pur \u00e0 100 %. Le tube PFA (perfluoroalkoxy) est un tube utilis\u00e9 dans un large \u00e9ventail d\u2019applications, notamment dans les environnements industriels et chimiques, du fait de ses propri\u00e9t\u00e9s uniques :<\/p>\n<ul>\n<li>Transparent<\/li>\n<li>Fusible\/soudable<\/li>\n<li>Chimiquement inerte<\/li>\n<li>Large plage de temp\u00e9rature : -200 \u00e0 +260 \u00b0C<\/li>\n<li>Non adh\u00e9sif\/tr\u00e8s faible coefficient de friction<\/li>\n<li>Hydrophobe (hydrofuge)<\/li>\n<li>Approuv\u00e9 par la FDA<\/li>\n<li>Bonnes propri\u00e9t\u00e9s isolantes<\/li>\n<\/ul>\n<p>&nbsp;<\/p>\n<p>Le PFA trouve de nombreuses applications dans diff\u00e9rents secteurs, notamment dans l\u2019industrie m\u00e9dicale, l\u2019a\u00e9rospatiale, la p\u00e9trochimie, l\u2019industrie des semi-conducteurs ainsi que l\u2019industrie de l\u2019emballage et le secteur de l\u2019alimentation.<\/p>\n<h4>Ce tube PFA offre les caract\u00e9ristiques suivantes :<\/h4>\n<ul>\n<li>Diam\u00e8tre int\u00e9rieur (ID) : 22,2 mm +\/- 0,35 mm<\/li>\n<li>Diam\u00e8tre ext\u00e9rieur (OD) : 25,4 mm +\/- 0,35 mm<\/li>\n<li>\u00c9paisseur de paroi : 1,58 mm +\/- 0,2 mm<\/li>\n<li>Plage de temp\u00e9rature : -200 \u00e0 +260 \u00b0C<\/li>\n<li>Rayon de cintrage :\u00a0 mm<\/li>\n<li>Couleur : Transparent<\/li>\n<li>Aspect : Lisse<\/li>\n<li>Homologation FDA: Oui<\/li>\n<li>Poids au 100 m : 26,32 kg<\/li>\n<li>Pression d&rsquo;\u00e9clatement en Bar (20 \u00b0C) :\u00a0 bar<\/li>\n<li><span class=\"zw-portion zw-text-portion\" data-text-len=\"36\">Pression de service (20 \u00b0C) :\u00a0 Bar<\/span><span class=\"zw-portion zeroSize\" data-text-len=\"1\"><img id=\"zw_bm_0\" class=\"spacer zw-range-start bookmark\" data-bookmark-name=\"_Hlk149145542\" \/><\/span><span class=\"zw-portion zw-text-portion\" data-text-len=\"1\">*<\/span><span class=\"zw-portion zeroSize\" data-text-len=\"1\"><img class=\"spacer zw-range-end noprint\" \/><\/span><\/li>\n<\/ul>\n<div class=\"zw-paragraph\" data-width=\"604.992\" data-tabpoints=\"[{&quot;leader&quot;:0,&quot;id&quot;:&quot;0&quot;,&quot;align&quot;:0,&quot;point&quot;:&quot;0.491in&quot;}]\" data-textformat=\"{&quot;size&quot;:11}\">\n<div class=\"zw-line-div\"><\/div>\n<\/div>\n<p>&nbsp;<\/p>\n<h4 style=\"text-align: center;\">Toutes les caract\u00e9ristiques du produit sont fournies \u00e0 titre informatif uniquement, les conditions d\u2019utilisation sont susceptibles d\u2019avoir un impact sur son comportement, nous recommandons donc toujours d\u2019effectuer des tests approfondis.<\/h4>\n<p>* Le rapport entre la pression d&rsquo;\u00e9clatement et la pression de service est g\u00e9n\u00e9ralement de 3 ou de 5 pour 1, en fonction de la temp\u00e9rature, du fluide en contact avec le tube PFA, de l&rsquo;analyse des risques et d&rsquo;autres facteurs.<\/p>\n<p>Si vous souhaitez davantage d&rsquo;informations sur le mat\u00e9riau PFA, la description compl\u00e8te de ses propri\u00e9t\u00e9s sur Wikip\u00e9dia peut vous int\u00e9resser: <a href=\"https:\/\/en.wikipedia.org\/wiki\/Perfluoroalkoxy_alkane\" rel=\"noopener\">Perfluoroalkoxy alkane &#8211; Wikipedia<\/a><\/p>\n<h4>Commandez un tube PFA 7\/8&Prime; x 1,0&Prime; &#8211; (22,2 mm x 25,4 mm) et b\u00e9n\u00e9ficiez de 8 avantages | PTFEtubeshop.com<\/h4>\n<p>Ce tube PFA de 7\/8&Prime; x 1,0&Prime; &#8211; (22,2 mm x 25,4 mm) est livr\u00e9 conform\u00e9ment \u00e0 nos 8 valeurs fondamentales:<\/p>\n<p>1) Exp\u00e9dition sous 24 heures sous r\u00e9serve de disponibilit\u00e9 en stock.<br \/>\n2) Tube PFA, haute qualit\u00e9 haut avec tol\u00e9rances strictes.<br \/>\n3) Disponible pour les commandes en ligne en longueurs \u00e0 partir de 1 m\u00e8tre, ou renseignez-vous sur les options de commande de tubes en longueurs sur mesure.<br \/>\n4) Stock sp\u00e9cifique au client et livraison juste-\u00e0-temps, <a href=\"https:\/\/pfatubeshop.com\/fr\/contact\/\">contactez-nous<\/a> pour discuter des possibilit\u00e9s.<br \/>\n5) Livraison \u00e0 cr\u00e9dit. Merci de nous contacter ou de nous envoyer un bon de commande afin que nous envisagerons une livraison avec facturation \u00e0 30 jours.<br \/>\n6) Exp\u00e9dition dans le monde entier. Lors du paiement, entrez l\u2019adresse de livraison et le syst\u00e8me calculera les frais d\u2019exp\u00e9dition.<br \/>\n7) R\u00e9duction des \u00e9missions de CO2. Nous plantons un arbre tous les 20 kg de mat\u00e9riau vendus.<br \/>\n8) Prix : si notre prix ne vous apparait pas comp\u00e9titif, signalez-le-nous et nous envisagerons un moyen de vous satisfaire.<\/p>\n<p>D\u00e9couvrez les performances et la durabilit\u00e9 in\u00e9gal\u00e9es de nos tubes PFA haute qualit\u00e9. Que vous \u00e9voluiez dans l&rsquo;industrie chimique, le secteur pharmaceutique, l&rsquo;a\u00e9rospatiale ou d&rsquo;autres domaines exigeants, nos tubes PFA constituent des solutions fiables pour toutes vos applications critiques. Offrant une excellente r\u00e9sistance aux produits chimiques, une grande tol\u00e9rance aux temp\u00e9ratures extr\u00eames et disponibles dans un large \u00e9ventail de tailles et de longueurs disponibles, nos produits r\u00e9pondent aux normes les plus \u00e9lev\u00e9es en mati\u00e8re de performances et de fiabilit\u00e9. En cas de questions ou si vous recherchez un autre diam\u00e8tre, nous vous invitons \u00e0 <a href=\"https:\/\/pfatubeshop.com\/fr\/contact\/\">Nous contacter<\/a> d\u00e8s aujourd&rsquo;hui pour plus d&rsquo;informations.<\/p>\n<h3>Tableau des prix des tubes PFA 7\/8&Prime; x 1,0&Prime; &#8211; (22,2 mm x 25,4 mm)<\/h3>\n","protected":false},"excerpt":{"rendered":"<p><strong><span style=\"color: #c51230;\">\u221a<i class=\"far fa-check\"><\/i><\/span>Fabriqu\u00e9 en PFA 100 % pur<\/strong><br \/>\n<i class=\"far fa-check\"><\/i><\/p>\n<p><strong><span style=\"color: #c51230;\">\u221a<\/span>Disponible en longueurs \u00e0 partir de 1 m\u00e8tre<\/strong><br \/>\n<i class=\"far fa-check\"><\/i><\/p>\n<p><strong><span style=\"color: #c51230;\">\u221a<\/span>Tol\u00e9rance serr\u00e9e sur le diam\u00e8tre<\/strong><br \/>\n<i class=\"far fa-check\"><\/i><\/p>\n<p><strong><span style=\"color: #c51230;\">\u221a<\/span>Exp\u00e9dition sous 24 heures<\/strong><\/p>\n<div id=\"ConnectiveDocSignExtentionInstalled\" data-extension-version=\"1.0.4\"><\/div>\n<p>\u2219<\/p>\n","protected":false},"featured_media":41449,"template":"","meta":[],"product_brand":[],"product_cat":[13056],"product_tag":[],"class_list":{"0":"post-40649","1":"product","2":"type-product","3":"status-publish","4":"has-post-thumbnail","6":"type-standard-pfa-fr","7":"sizing-inch-fr-2","8":"product_cat-products-fr","10":"first","11":"instock","12":"taxable","13":"shipping-taxable","14":"purchasable","15":"product-type-variable"},"_links":{"self":[{"href":"https:\/\/pfatubeshop.com\/fr\/wp-json\/wp\/v2\/product\/40649","targetHints":{"allow":["GET"]}}],"collection":[{"href":"https:\/\/pfatubeshop.com\/fr\/wp-json\/wp\/v2\/product"}],"about":[{"href":"https:\/\/pfatubeshop.com\/fr\/wp-json\/wp\/v2\/types\/product"}],"wp:featuredmedia":[{"embeddable":true,"href":"https:\/\/pfatubeshop.com\/fr\/wp-json\/wp\/v2\/media\/41449"}],"wp:attachment":[{"href":"https:\/\/pfatubeshop.com\/fr\/wp-json\/wp\/v2\/media?parent=40649"}],"wp:term":[{"taxonomy":"product_brand","embeddable":true,"href":"https:\/\/pfatubeshop.com\/fr\/wp-json\/wp\/v2\/product_brand?post=40649"},{"taxonomy":"product_cat","embeddable":true,"href":"https:\/\/pfatubeshop.com\/fr\/wp-json\/wp\/v2\/product_cat?post=40649"},{"taxonomy":"product_tag","embeddable":true,"href":"https:\/\/pfatubeshop.com\/fr\/wp-json\/wp\/v2\/product_tag?post=40649"}],"curies":[{"name":"wp","href":"https:\/\/api.w.org\/{rel}","templated":true}]}}