{"id":47807,"date":"2024-06-07T12:34:18","date_gmt":"2024-06-07T10:34:18","guid":{"rendered":"https:\/\/pfatubeshop.com\/politique-de-confidentialite\/"},"modified":"2024-06-07T12:34:19","modified_gmt":"2024-06-07T10:34:19","slug":"politique-de-confidentialite","status":"publish","type":"page","link":"https:\/\/pfatubeshop.com\/fr\/politique-de-confidentialite\/","title":{"rendered":"Politique de confidentialit\u00e9"},"content":{"rendered":"\n<h1>Bienvenue dans notre d\u00e9claration de confidentialit\u00e9<\/h1>\n<h3>Votre vie priv\u00e9e est importante pour nous<\/h3>\n<p>PFA Tube Shop est situ\u00e9 \u00e0 :<\/p>\n<address>Boutique PFA Tube<br\/>Baarschot 20B Breda<br\/>4817 ZZ &#8211; Brabant-Septentrional, Pays-Bas<br\/>+31 76 201 1487<\/address>\n<p>La politique de PFA Tube Shop est de respecter votre vie priv\u00e9e en ce qui concerne les informations que nous pouvons collecter lors de l&rsquo;utilisation de notre site web. La pr\u00e9sente d\u00e9claration de confidentialit\u00e9 s&rsquo;applique \u00e0 <a href=\"https:\/\/pfatubeshop.com\/fr\/\">pfatubeshop.com<\/a> (ci-apr\u00e8s \u00ab\u00a0nous\u00a0\u00bb, \u00ab\u00a0nous\u00a0\u00bb ou \u00ab\u00a0pfatubeshop.com\u00a0\u00bb). Nous respectons votre vie priv\u00e9e et nous nous engageons \u00e0 prot\u00e9ger toute information personnelle identifiable que vous pourriez nous fournir par l&rsquo;interm\u00e9diaire du site web. Nous avons adopt\u00e9 la pr\u00e9sente d\u00e9claration de confidentialit\u00e9 (\u00ab\u00a0D\u00e9claration de confidentialit\u00e9\u00a0\u00bb) pour expliquer quelles informations peuvent \u00eatre collect\u00e9es sur notre site web, comment nous utilisons ces informations et dans quelles circonstances nous pouvons les divulguer \u00e0 des tiers. La pr\u00e9sente d\u00e9claration de confidentialit\u00e9 s&rsquo;applique uniquement aux informations que nous recueillons par l&rsquo;interm\u00e9diaire du site web et ne s&rsquo;applique pas \u00e0 la collecte d&rsquo;informations provenant d&rsquo;autres sources.<\/p>\n<p>La pr\u00e9sente d\u00e9claration de confidentialit\u00e9, ainsi que les conditions g\u00e9n\u00e9rales publi\u00e9es sur notre site web, d\u00e9finissent les r\u00e8gles et politiques g\u00e9n\u00e9rales concernant votre utilisation de notre site web. En fonction de vos activit\u00e9s lors de votre visite sur notre site web, il se peut que vous deviez accepter des conditions de service suppl\u00e9mentaires.<\/p>\n<h2>Visiteurs du site web<\/h2>\n<p>Comme la plupart des op\u00e9rateurs de sites web, PFA Tube Shop recueille des informations d&rsquo;identification non personnelles du type de celles que les navigateurs et serveurs web mettent g\u00e9n\u00e9ralement \u00e0 disposition, telles que le type de navigateur, la pr\u00e9f\u00e9rence linguistique, le site de r\u00e9f\u00e9rence, ainsi que la date et l&rsquo;heure de chaque demande du visiteur. L&rsquo;objectif de PFA Tube Shop en collectant des informations non personnelles est de mieux comprendre comment les visiteurs de PFA Tube Shop utilisent le site web. De temps \u00e0 autre, PFA Tube Shop peut publier des informations non personnellement identifiables sous forme agr\u00e9g\u00e9e, par exemple en publiant un rapport sur les tendances de l&rsquo;utilisation du site web.<\/p>\n<p>PFA Tube Shop recueille \u00e9galement des informations potentiellement nominatives telles que les adresses IP des utilisateurs connect\u00e9s et des utilisateurs qui laissent des commentaires sur les articles de blog \u00e0 l&rsquo;adresse https:\/\/pfatubeshop.com\/. PFA Tube Shop ne divulgue les adresses IP des utilisateurs connect\u00e9s et des commentateurs que dans les m\u00eames circonstances que celles dans lesquelles elle utilise et divulgue les informations d&rsquo;identification personnelle d\u00e9crites ci-dessous.<\/p>\n<h2>Collecte d&rsquo;informations personnelles identifiables<\/h2>\n<p>Certains visiteurs des sites web de PFA Tube Shop choisissent d&rsquo;interagir avec PFA Tube Shop d&rsquo;une mani\u00e8re qui exige que PFA Tube Shop recueille des informations d&rsquo;identification personnelle. La quantit\u00e9 et le type d&rsquo;informations collect\u00e9es par PFA Tube Shop d\u00e9pendent de la nature de l&rsquo;interaction. Par exemple, nous demandons aux visiteurs qui s&rsquo;inscrivent \u00e0 un blog sur https:\/\/pfatubeshop.com\/ de fournir un nom d&rsquo;utilisateur et une adresse \u00e9lectronique.<\/p>\n<h2>S\u00e9curit\u00e9<\/h2>\n<p>La s\u00e9curit\u00e9 de vos informations personnelles est importante pour nous, mais n&rsquo;oubliez pas qu&rsquo;aucune m\u00e9thode de transmission sur Internet ou de stockage \u00e9lectronique n&rsquo;est s\u00fbre \u00e0 100 %. Bien que nous nous efforcions d&rsquo;utiliser des moyens commercialement acceptables pour prot\u00e9ger vos informations personnelles, nous ne pouvons pas garantir leur s\u00e9curit\u00e9 absolue.<\/p>\n<h2>Publicit\u00e9<\/h2>\n<p>Les publicit\u00e9s apparaissant sur notre site web peuvent \u00eatre diffus\u00e9es aux utilisateurs par des partenaires publicitaires, qui peuvent installer des cookies. Ces cookies permettent au serveur publicitaire de reconna\u00eetre votre ordinateur chaque fois qu&rsquo;il vous envoie une publicit\u00e9 en ligne et de collecter des informations sur vous ou sur d&rsquo;autres personnes utilisant votre ordinateur. Ces informations permettent aux r\u00e9seaux publicitaires de diffuser, entre autres, des publicit\u00e9s cibl\u00e9es qui, selon eux, vous int\u00e9ressent le plus. Cette d\u00e9claration de confidentialit\u00e9 couvre l&rsquo;utilisation des cookies par PFA Tube Shop et ne couvre pas l&rsquo;utilisation des cookies par les annonceurs.<\/p>\n<h2>Liens vers des sites externes<\/h2>\n<p>Notre service peut contenir des liens vers des sites web externes qui ne sont pas exploit\u00e9s par nous. Si vous cliquez sur le lien d&rsquo;un tiers, vous serez redirig\u00e9 vers le site web de ce tiers. Nous vous encourageons vivement \u00e0 consulter la d\u00e9claration de confidentialit\u00e9 et les conditions g\u00e9n\u00e9rales de chaque site que vous visitez.<\/p>\n<p>Nous n&rsquo;avons aucun contr\u00f4le et n&rsquo;assumons aucune responsabilit\u00e9 quant au contenu, aux politiques de confidentialit\u00e9 ou aux pratiques des sites web, produits ou services externes.<\/p>\n<h2>PFA Tube Shop utilise Google AdWords pour le remarketing<\/h2>\n<p>PFA Tube Shop utilise des services de remarketing pour faire de la publicit\u00e9 sur des sites web de tiers (y compris Google) aupr\u00e8s des visiteurs qui ont d\u00e9j\u00e0 visit\u00e9 notre site. Il peut s&rsquo;agir de faire de la publicit\u00e9 aupr\u00e8s de visiteurs qui n&rsquo;ont pas accompli une t\u00e2che sur notre site, par exemple en utilisant le formulaire de contact pour poser une question. Il peut s&rsquo;agir d&rsquo;une annonce sur la page de r\u00e9sultats de recherche de Google ou sur un site du R\u00e9seau Display de Google. Des tiers, dont Google, utilisent des cookies pour diffuser des annonces en fonction des visites pr\u00e9c\u00e9dentes. Bien entendu, toutes les donn\u00e9es collect\u00e9es seront utilis\u00e9es conform\u00e9ment \u00e0 notre politique de confidentialit\u00e9 et \u00e0 celle de Google.<\/p>\n<p>Vous pouvez d\u00e9finir vos pr\u00e9f\u00e9rences quant \u00e0 la mani\u00e8re dont Google vous fait de la publicit\u00e9 par le biais de Google Ad\n\nSi vous le souhaitez, vous pouvez d\u00e9sactiver compl\u00e8tement les publicit\u00e9s bas\u00e9es sur les centres d&rsquo;int\u00e9r\u00eat par le biais des param\u00e8tres des cookies ou de mani\u00e8re permanente en utilisant un plugin de navigateur.<\/p>\n<h2>Statistiques agr\u00e9g\u00e9es<\/h2>\n<p>PFA Tube Shop peut recueillir des statistiques sur le comportement des visiteurs de son site web. PFA Tube Shop peut afficher ces informations publiquement ou les fournir \u00e0 d&rsquo;autres. Cependant, PFA Tube Shop ne divulgue aucune information personnelle identifiable vous concernant.<\/p>\n<h2>Cookies<\/h2>\n<p>Pour enrichir et am\u00e9liorer votre exp\u00e9rience en ligne, PFA Tube Shop utilise des \u00ab\u00a0cookies\u00a0\u00bb, des technologies similaires et des services fournis par d&rsquo;autres pour afficher un contenu personnalis\u00e9, afficher des publicit\u00e9s appropri\u00e9es et enregistrer vos pr\u00e9f\u00e9rences sur votre ordinateur.<\/p>\n<p>Un cookie est une cha\u00eene d&rsquo;informations qu&rsquo;un site web stocke sur l&rsquo;ordinateur d&rsquo;un visiteur et que le navigateur du visiteur fournit au site web \u00e0 chaque fois qu&rsquo;il le visite. PFA Tube Shop utilise des cookies pour identifier et suivre les visiteurs, leur utilisation de https:\/\/pfatubeshop.com\/ et leurs pr\u00e9f\u00e9rences d&rsquo;acc\u00e8s au site web. Les visiteurs de PFA Tube Shop qui ne souhaitent pas que des cookies soient plac\u00e9s sur leur ordinateur doivent configurer leur navigateur de mani\u00e8re \u00e0 refuser les cookies avant d&rsquo;utiliser les sites Web de PFA Tube Shop, avec l&rsquo;inconv\u00e9nient que certaines fonctions des sites Web de PFA Tube Shop peuvent ne pas fonctionner correctement sans l&rsquo;aide des cookies.<\/p>\n<p>En continuant \u00e0 utiliser notre site web sans modifier vos param\u00e8tres de cookies, vous reconnaissez et acceptez l&rsquo;utilisation de cookies par PFA Tube Shop.<\/p>\n<h2>Commerce \u00e9lectronique<\/h2>\n<p>Les personnes qui effectuent des transactions avec PFA Tube Shop &#8211; en achetant des services ou des produits de PFA Tube Shop &#8211; sont invit\u00e9es \u00e0 fournir des informations suppl\u00e9mentaires, y compris les informations personnelles et financi\u00e8res n\u00e9cessaires au traitement de ces transactions. Dans chaque cas, PFA Tube Shop ne recueille ces informations que dans la mesure o\u00f9 elles sont n\u00e9cessaires ou appropri\u00e9es pour atteindre l&rsquo;objectif de l&rsquo;interaction du visiteur avec PFA Tube Shop. PFA Tube Shop ne divulgue des informations personnelles identifiables que selon les modalit\u00e9s d\u00e9crites ci-dessous. Les visiteurs peuvent toujours refuser de fournir des informations personnellement identifiables, en pr\u00e9cisant que cela peut les emp\u00eacher de participer \u00e0 certaines activit\u00e9s li\u00e9es au site web.<\/p>\n<h2>Modifications de la politique de confidentialit\u00e9<\/h2>\n<p>Bien que la plupart des changements soient mineurs, PFA Tube Shop peut modifier sa d\u00e9claration de confidentialit\u00e9 de temps en temps et \u00e0 la seule discr\u00e9tion de PFA Tube Shop. PFA Tube Shop encourage les visiteurs \u00e0 consulter fr\u00e9quemment cette page pour prendre connaissance des \u00e9ventuelles modifications apport\u00e9es \u00e0 la politique de confidentialit\u00e9. En continuant \u00e0 utiliser ce site apr\u00e8s une modification de la politique de confidentialit\u00e9, vous acceptez cette modification.<\/p>\n<h2>Cr\u00e9dit et coordonn\u00e9es<\/h2>\nSi vous avez des questions concernant notre politique de protection de la vie priv\u00e9e, veuillez nous contacter par <a href=\"mailto:info@pfatubeshop.com\">courrier \u00e9lectronique<\/a> ou par <a href=\"tel:+312076202%2076%\">t\u00e9l\u00e9phone<\/a>.\n","protected":false},"excerpt":{"rendered":"<p>Bienvenue dans notre d\u00e9claration de confidentialit\u00e9 Votre vie priv\u00e9e est importante pour nous PFA Tube Shop est situ\u00e9 \u00e0 : Boutique PFA TubeBaarschot 20B Breda4817 ZZ &#8211; Brabant-Septentrional, Pays-Bas+31 76 201 1487 La politique de PFA Tube Shop est de respecter votre vie priv\u00e9e en ce qui concerne les informations que nous pouvons collecter lors [&hellip;]<\/p>\n","protected":false},"author":2,"featured_media":0,"parent":0,"menu_order":0,"comment_status":"closed","ping_status":"open","template":"","meta":{"footnotes":""},"class_list":["post-47807","page","type-page","status-publish","hentry"],"_links":{"self":[{"href":"https:\/\/pfatubeshop.com\/fr\/wp-json\/wp\/v2\/pages\/47807","targetHints":{"allow":["GET"]}}],"collection":[{"href":"https:\/\/pfatubeshop.com\/fr\/wp-json\/wp\/v2\/pages"}],"about":[{"href":"https:\/\/pfatubeshop.com\/fr\/wp-json\/wp\/v2\/types\/page"}],"author":[{"embeddable":true,"href":"https:\/\/pfatubeshop.com\/fr\/wp-json\/wp\/v2\/users\/2"}],"replies":[{"embeddable":true,"href":"https:\/\/pfatubeshop.com\/fr\/wp-json\/wp\/v2\/comments?post=47807"}],"version-history":[{"count":0,"href":"https:\/\/pfatubeshop.com\/fr\/wp-json\/wp\/v2\/pages\/47807\/revisions"}],"wp:attachment":[{"href":"https:\/\/pfatubeshop.com\/fr\/wp-json\/wp\/v2\/media?parent=47807"}],"curies":[{"name":"wp","href":"https:\/\/api.w.org\/{rel}","templated":true}]}}