{"id":47776,"date":"2024-06-07T12:33:56","date_gmt":"2024-06-07T10:33:56","guid":{"rendered":"https:\/\/pfatubeshop.com\/retour\/"},"modified":"2024-06-07T12:34:01","modified_gmt":"2024-06-07T10:34:01","slug":"retour","status":"publish","type":"page","link":"https:\/\/pfatubeshop.com\/fr\/retour\/","title":{"rendered":"Retour"},"content":{"rendered":"\n<p><strong>Puis-je retourner mes articles ?<\/strong><\/p>\n\n<p>Nous utilisons deux cat\u00e9gories : les pi\u00e8ces coup\u00e9es \u00e0 dimension et les rouleaux complets.<\/p>\n\n<p>R\u00e9cup\u00e9r\u00e9 \u00e0 partir de <strong>\n  <em>pi\u00e8ces d\u00e9coup\u00e9es<\/em>\n<\/strong> ne peuvent en principe pas \u00eatre renvoy\u00e9s. Ils seront personnalis\u00e9s pour vous. La seule exception \u00e0 cette r\u00e8gle est la fourniture d&rsquo;une longueur ou d&rsquo;un diam\u00e8tre incorrect.<\/p>\n\n<p>Pour <strong>\n  <em>rouleaux complets<\/em>\n<\/strong> ils peuvent \u00eatre renvoy\u00e9s. Le d\u00e9lai l\u00e9gal est de 14 jours \u00e0 compter de la r\u00e9ception. Les rouleaux complets ont une longueur de 50 m\u00e8tres ou des multiples de cette longueur.<\/p>\n\n<p><strong>Les retours sont-ils gratuits ?<\/strong><\/p>\n\n<p>Non, les frais de retour sont \u00e0 la charge de l&rsquo;acheteur.<\/p>\n\n<p><strong>Quand recevrai-je l&rsquo;argent ?<\/strong><\/p>\n\n<p>Une fois le retour re\u00e7u et accept\u00e9, nous vous rembourserons le montant du retour dans les 5 jours ouvrables.<\/p>\n\n<p><strong>Puis-je annuler une commande ?<\/strong><\/p>\n\n<p>Oui, vous pouvez annuler tant que l&rsquo;article n&rsquo;a pas \u00e9t\u00e9 exp\u00e9di\u00e9 ou coup\u00e9 \u00e0 la taille voulue. Mais comme nous travaillons \u00e0 la vitesse de l&rsquo;\u00e9clair, il est pr\u00e9f\u00e9rable de nous contacter par t\u00e9l\u00e9phone.<\/p>\n","protected":false},"excerpt":{"rendered":"<p>Puis-je retourner mes articles ? Nous utilisons deux cat\u00e9gories : les pi\u00e8ces coup\u00e9es \u00e0 dimension et les rouleaux complets. R\u00e9cup\u00e9r\u00e9 \u00e0 partir de pi\u00e8ces d\u00e9coup\u00e9es ne peuvent en principe pas \u00eatre renvoy\u00e9s. Ils seront personnalis\u00e9s pour vous. La seule exception \u00e0 cette r\u00e8gle est la fourniture d&rsquo;une longueur ou d&rsquo;un diam\u00e8tre incorrect. Pour rouleaux complets [&hellip;]<\/p>\n","protected":false},"author":2,"featured_media":0,"parent":0,"menu_order":0,"comment_status":"closed","ping_status":"closed","template":"","meta":{"footnotes":""},"class_list":["post-47776","page","type-page","status-publish","hentry"],"_links":{"self":[{"href":"https:\/\/pfatubeshop.com\/fr\/wp-json\/wp\/v2\/pages\/47776","targetHints":{"allow":["GET"]}}],"collection":[{"href":"https:\/\/pfatubeshop.com\/fr\/wp-json\/wp\/v2\/pages"}],"about":[{"href":"https:\/\/pfatubeshop.com\/fr\/wp-json\/wp\/v2\/types\/page"}],"author":[{"embeddable":true,"href":"https:\/\/pfatubeshop.com\/fr\/wp-json\/wp\/v2\/users\/2"}],"replies":[{"embeddable":true,"href":"https:\/\/pfatubeshop.com\/fr\/wp-json\/wp\/v2\/comments?post=47776"}],"version-history":[{"count":0,"href":"https:\/\/pfatubeshop.com\/fr\/wp-json\/wp\/v2\/pages\/47776\/revisions"}],"wp:attachment":[{"href":"https:\/\/pfatubeshop.com\/fr\/wp-json\/wp\/v2\/media?parent=47776"}],"curies":[{"name":"wp","href":"https:\/\/api.w.org\/{rel}","templated":true}]}}