{"id":47632,"date":"2024-06-07T12:26:18","date_gmt":"2024-06-07T10:26:18","guid":{"rendered":"https:\/\/pfatubeshop.com\/panier\/"},"modified":"2024-06-07T12:26:20","modified_gmt":"2024-06-07T10:26:20","slug":"panier","status":"publish","type":"page","link":"https:\/\/pfatubeshop.com\/fr\/panier\/","title":{"rendered":"Panier"},"content":{"rendered":"\t\t<div data-elementor-type=\"wp-page\" data-elementor-id=\"47632\" class=\"elementor elementor-47632 elementor-10\" data-elementor-post-type=\"page\">\n\t\t\t\t<div class=\"elementor-element elementor-element-fb01104 e-flex e-con-boxed e-con e-parent\" data-id=\"fb01104\" data-element_type=\"container\" data-e-type=\"container\">\n\t\t\t\t\t<div class=\"e-con-inner\">\n\t\t\t\t\t<\/div>\n\t\t\t\t<\/div>\n\t\t<div class=\"elementor-element elementor-element-408614b e-flex e-con-boxed e-con e-parent\" data-id=\"408614b\" data-element_type=\"container\" data-e-type=\"container\">\n\t\t\t\t\t<div class=\"e-con-inner\">\n\t\t\t\t<div class=\"elementor-element elementor-element-422e42c elementor-widget elementor-widget-text-editor\" data-id=\"422e42c\" data-element_type=\"widget\" data-e-type=\"widget\" data-widget_type=\"text-editor.default\">\n\t\t\t\t<div class=\"elementor-widget-container\">\n\t\t\t\t\t\t\t\t\t<h2> <\/h2>\n<h2 class=\"elementor-heading-title elementor-size-default\" style=\"text-align: center;\"><strong>Achetez un tuyau en PFA avec ces 8 avantages<\/strong><\/h2>\n<\/p>\n<ol>\n<li><strong>Exp\u00e9dition<\/strong> rapide et efficace <strong>dans un d\u00e9lai d&rsquo;un jour ouvrable<\/strong><\/li>\n<li>Qualit\u00e9 sup\u00e9rieure avec des <strong>tol\u00e9rances serr\u00e9es<\/strong><\/li>\n<li>Longueurs <strong>\u00e0 partir de 1 m\u00e8tre<\/strong><\/li>\n<li>Stock sp\u00e9cifique au client et livraison juste \u00e0 temps<\/li>\n<li>Facturation sur facture<\/li>\n<li>Livraison mondiale<\/li>\n<li>Durabilit\u00e9 et <strong>r\u00e9duction des \u00e9missions de CO2<\/strong><\/li>\n<li><strong>Des prix \u00e9lev\u00e9s<\/strong><\/li>\n<\/ol>\n\t\t\t\t\t\t\t\t<\/div>\n\t\t\t\t<\/div>\n\t\t\t\t\t<\/div>\n\t\t\t\t<\/div>\n\t\t\t\t<\/div>\n\t\t","protected":false},"excerpt":{"rendered":"<p>Achetez un tuyau en PFA avec ces 8 avantages Exp\u00e9dition rapide et efficace dans un d\u00e9lai d&rsquo;un jour ouvrable Qualit\u00e9 sup\u00e9rieure avec des tol\u00e9rances serr\u00e9es Longueurs \u00e0 partir de 1 m\u00e8tre Stock sp\u00e9cifique au client et livraison juste \u00e0 temps Facturation sur facture Livraison mondiale Durabilit\u00e9 et r\u00e9duction des \u00e9missions de CO2 Des prix \u00e9lev\u00e9s<\/p>\n","protected":false},"author":2,"featured_media":0,"parent":0,"menu_order":0,"comment_status":"closed","ping_status":"closed","template":"","meta":{"footnotes":""},"class_list":["post-47632","page","type-page","status-publish","hentry"],"_links":{"self":[{"href":"https:\/\/pfatubeshop.com\/fr\/wp-json\/wp\/v2\/pages\/47632","targetHints":{"allow":["GET"]}}],"collection":[{"href":"https:\/\/pfatubeshop.com\/fr\/wp-json\/wp\/v2\/pages"}],"about":[{"href":"https:\/\/pfatubeshop.com\/fr\/wp-json\/wp\/v2\/types\/page"}],"author":[{"embeddable":true,"href":"https:\/\/pfatubeshop.com\/fr\/wp-json\/wp\/v2\/users\/2"}],"replies":[{"embeddable":true,"href":"https:\/\/pfatubeshop.com\/fr\/wp-json\/wp\/v2\/comments?post=47632"}],"version-history":[{"count":0,"href":"https:\/\/pfatubeshop.com\/fr\/wp-json\/wp\/v2\/pages\/47632\/revisions"}],"wp:attachment":[{"href":"https:\/\/pfatubeshop.com\/fr\/wp-json\/wp\/v2\/media?parent=47632"}],"curies":[{"name":"wp","href":"https:\/\/api.w.org\/{rel}","templated":true}]}}