{"id":47602,"date":"2024-06-07T12:23:50","date_gmt":"2024-06-07T10:23:50","guid":{"rendered":"https:\/\/pfatubeshop.com\/options-de-paiement\/"},"modified":"2026-03-25T12:39:51","modified_gmt":"2026-03-25T11:39:51","slug":"options-de-paiement","status":"publish","type":"page","link":"https:\/\/pfatubeshop.com\/fr\/options-de-paiement\/","title":{"rendered":"Options de paiement"},"content":{"rendered":"\n<p>Nous utilisons les options suivantes pour effectuer des paiements s\u00e9curis\u00e9s en ligne :<\/p>\n\n<ul class=\"wp-block-list\">\n<li>iDEAL | Wero<\/li>\n\n\n\n<li>Carte de cr\u00e9dit<\/li>\n\n\n\n<li>Transfert Sepa<\/li>\n\n\n\n<li>Belfius Direct<\/li>\n\n\n\n<li>PayPal<\/li>\n<\/ul>\n\n<p>Tous ces paiements passent par notre partenaire de paiement Mollie, qui vous garantit une solution de paiement s\u00fbre et simple.<\/p>\n\n<p><strong>Paiement sur facture :<\/strong><\/p>\n\n<p>Votre entreprise peut peut-\u00eatre b\u00e9n\u00e9ficier de la livraison sur facture. Si vous souhaitez payer sur facture, nous pourrons peut-\u00eatre vous ouvrir un compte avec un cr\u00e9dit de 30 jours. En fonction du r\u00e9sultat de l&rsquo;enqu\u00eate de solvabilit\u00e9, il sera d\u00e9cid\u00e9 si cela est \u00e9galement possible pour votre organisation.<\/p>\n\n<p>Veuillez renvoyer le dossier de <a href=\"https:\/\/pfatubeshop.com\/wp-content\/uploads\/2019\/11\/PTFE-op-rekening.docx\">paiement sur facture<\/a> d\u00fbment compl\u00e9t\u00e9 et sign\u00e9 \u00e0 <a href=\"mailto:info@pfatubeshop.com\">info@pfatubeshop.com<\/a>.<\/p>\n\n<p>Si vous \u00eates tr\u00e8s press\u00e9, nous vous recommandons de payer votre premi\u00e8re commande en ligne, car l&rsquo;approbation prendra 1 \u00e0 2 jours.<\/p>\n\n<p><strong>Facture<\/strong><\/p>\n\n<p>Chaque livraison est accompagn\u00e9e d&rsquo;une facture correcte. En outre, la facture est \u00e9galement envoy\u00e9e par courrier \u00e9lectronique. Si ce n&rsquo;est pas tout \u00e0 fait clair, vous pouvez bien s\u00fbr toujours nous contacter.<\/p>\n\n<p><strong>Exon\u00e9ration de la TVA<\/strong><\/p>\n\n<p>Les livraisons commerciales \u00e0 l&rsquo;\u00e9tranger peuvent souvent \u00eatre exempt\u00e9es de la T.V.A. Notre syst\u00e8me de commande en ligne le pr\u00e9voit \u00e9galement.<\/p>\n\n<p>Si vous indiquez un num\u00e9ro de TVA correct lors du paiement, le syst\u00e8me d\u00e9terminera automatiquement si la TVA doit \u00eatre factur\u00e9e.<\/p>\n","protected":false},"excerpt":{"rendered":"<p>Nous utilisons les options suivantes pour effectuer des paiements s\u00e9curis\u00e9s en ligne : Tous ces paiements passent par notre partenaire de paiement Mollie, qui vous garantit une solution de paiement s\u00fbre et simple. Paiement sur facture : Votre entreprise peut peut-\u00eatre b\u00e9n\u00e9ficier de la livraison sur facture. Si vous souhaitez payer sur facture, nous pourrons [&hellip;]<\/p>\n","protected":false},"author":2,"featured_media":0,"parent":0,"menu_order":0,"comment_status":"closed","ping_status":"closed","template":"","meta":{"footnotes":""},"class_list":["post-47602","page","type-page","status-publish","hentry"],"_links":{"self":[{"href":"https:\/\/pfatubeshop.com\/fr\/wp-json\/wp\/v2\/pages\/47602","targetHints":{"allow":["GET"]}}],"collection":[{"href":"https:\/\/pfatubeshop.com\/fr\/wp-json\/wp\/v2\/pages"}],"about":[{"href":"https:\/\/pfatubeshop.com\/fr\/wp-json\/wp\/v2\/types\/page"}],"author":[{"embeddable":true,"href":"https:\/\/pfatubeshop.com\/fr\/wp-json\/wp\/v2\/users\/2"}],"replies":[{"embeddable":true,"href":"https:\/\/pfatubeshop.com\/fr\/wp-json\/wp\/v2\/comments?post=47602"}],"version-history":[{"count":2,"href":"https:\/\/pfatubeshop.com\/fr\/wp-json\/wp\/v2\/pages\/47602\/revisions"}],"predecessor-version":[{"id":49542,"href":"https:\/\/pfatubeshop.com\/fr\/wp-json\/wp\/v2\/pages\/47602\/revisions\/49542"}],"wp:attachment":[{"href":"https:\/\/pfatubeshop.com\/fr\/wp-json\/wp\/v2\/media?parent=47602"}],"curies":[{"name":"wp","href":"https:\/\/api.w.org\/{rel}","templated":true}]}}