{"id":45525,"date":"2023-10-31T15:03:08","date_gmt":"2023-10-31T14:03:08","guid":{"rendered":"https:\/\/pfatubeshop.com\/over-ons\/"},"modified":"2024-06-24T22:01:50","modified_gmt":"2024-06-24T20:01:50","slug":"a-propos-de-nous","status":"publish","type":"page","link":"https:\/\/pfatubeshop.com\/fr\/a-propos-de-nous\/","title":{"rendered":"\u00c0 propos de nous"},"content":{"rendered":"\t\t<div data-elementor-type=\"wp-page\" data-elementor-id=\"45525\" class=\"elementor elementor-45525 elementor-35961\" data-elementor-post-type=\"page\">\n\t\t\t\t<div class=\"elementor-element elementor-element-3c847250 e-con-full e-flex e-con e-parent\" data-id=\"3c847250\" data-element_type=\"container\" data-e-type=\"container\">\n\t\t\t\t<div class=\"elementor-element elementor-element-234a7da4 elementor-widget elementor-widget-text-editor\" data-id=\"234a7da4\" data-element_type=\"widget\" data-e-type=\"widget\" data-widget_type=\"text-editor.default\">\n\t\t\t\t<div class=\"elementor-widget-container\">\n\t\t\t\t\t\t\t\t\t<h1 style=\"text-align: center;\">Sp\u00e9cialiste des tubes et tuyaux PFA<\/h1>\n<\/p>\n<p>PFA Tube Shop est une extension fiable de <span style=\"text-decoration: underline;\"><a href=\"https:\/\/ptfetubeshop.com\/\" rel=\"noopener\">PTFE<img fetchpriority=\"high\" decoding=\"async\" class=\" wp-image-28753 alignright\" src=\"https:\/\/pfatubeshop.com\/wp-content\/uploads\/2022\/09\/Jeroen_productspecialist_PTFE-Tube-Shop-6.jpg\" alt=\"\" width=\"517\" height=\"919\" srcset=\"https:\/\/pfatubeshop.com\/wp-content\/uploads\/2022\/09\/Jeroen_productspecialist_PTFE-Tube-Shop-6.jpg 1152w, https:\/\/pfatubeshop.com\/wp-content\/uploads\/2022\/09\/Jeroen_productspecialist_PTFE-Tube-Shop-6-600x1067.jpg 600w, https:\/\/pfatubeshop.com\/wp-content\/uploads\/2022\/09\/Jeroen_productspecialist_PTFE-Tube-Shop-6-169x300.jpg 169w, https:\/\/pfatubeshop.com\/wp-content\/uploads\/2022\/09\/Jeroen_productspecialist_PTFE-Tube-Shop-6-576x1024.jpg 576w\" sizes=\"(max-width: 517px) 100vw, 517px\" \/> Tube Shop<\/a><\/span>, et constitue une branche sp\u00e9cialis\u00e9e au sein de notre entreprise qui se concentre enti\u00e8rement sur la fourniture de tubes et tuyaux PFA de haute qualit\u00e9. En tant que segment d\u00e9di\u00e9 de notre organisation, nous nous sommes fix\u00e9s pour objectif de r\u00e9pondre aux besoins de nos clients en mati\u00e8re de mat\u00e9riaux PFA avec la plus grande pr\u00e9cision et rapidit\u00e9.<\/p>\n<h3>Tuyaux PFA livr\u00e9s en stock:<\/h3>\n<p>Nous maintenons un large stock de tuyaux PFA standard et High Purity. Disponible en tailles imp\u00e9riales et m\u00e9triques:<\/p>\n<\/p>\n<ul>\n<li><span style=\"text-decoration: underline;\"><a href=\"https:\/\/pfatubeshop.com\/type\/standard-pfa\/?_sizing=mm\">Tuyaux PFA standard m\u00e9triques<\/a><\/span><\/li>\n<li><span style=\"text-decoration: underline;\"><a href=\"https:\/\/pfatubeshop.com\/type\/standard-pfa\/?_sizing=mm\">Tuyaux PFA standard en pouces<\/a><\/span><\/li>\n<li><span style=\"text-decoration: underline;\"><a href=\"https:\/\/pfatubeshop.com\/type\/high-purity-pfa\/?_sizing=mm\">Tuyaux PFA High Purity m\u00e9triques<\/a><\/span><\/li>\n<li><span style=\"text-decoration: underline;\"><a href=\"https:\/\/pfatubeshop.com\/type\/high-purity-pfa\/?_sizing=inch\">Tuyaux PFA High Purity en pouces<\/a><\/span><\/li>\n<\/ul>\n<h3> <\/h3>\n<h3>Pourquoi PFA Tube Shop?<\/h3>\n<p>PFA Tube Shop est votre partenaire de confiance pour des tuyaux PFA de haute qualit\u00e9:<\/p>\n<ul>\n<li><em>Tuyaux PFA et High Purity PFA de qualit\u00e9 exceptionnelle<\/em><\/li>\n<li><em>Exp\u00e9di\u00e9 sous 1 jour ouvrable<\/em><\/li>\n<li><em>Livraison \u00e0 partir de 1 m\u00e8tre<\/em><\/li>\n<li><em>Commande facile en ligne ou sur facture si d\u00e9sir\u00e9<\/em><\/li>\n<li><em>Prix comp\u00e9titifs et large assortiment<\/em><\/li>\n<\/ul>\n<p>Nous sommes fiers de m\u00e9riter votre confiance en fournissant des produits de la plus haute qualit\u00e9, un service client in\u00e9gal\u00e9 et des livraisons rapides et efficaces. Bien s\u00fbr, nos sp\u00e9cialistes produits Paul et Jeroen sont toujours pr\u00eats \u00e0 vous assister en cas de questions ou si vous avez besoin de support technique.<\/p>\n<p>Avec des ann\u00e9es d&rsquo;exp\u00e9rience et une expertise approfondie dans le travail avec les fluoropolym\u00e8res, y compris le PFA, nous comprenons les exigences et les d\u00e9fis uniques des industries allant du traitement chimique et pharmaceutique \u00e0 l&rsquo;a\u00e9rospatiale et \u00e0 la fabrication de semi-conducteurs. Notre engagement envers la qualit\u00e9 se traduit non seulement par notre vaste gamme de tubes et tuyaux PFA avec divers diam\u00e8tres et \u00e9paisseurs de paroi, mais aussi par notre capacit\u00e9 \u00e0 offrir des solutions sur mesure qui r\u00e9pondent pr\u00e9cis\u00e9ment aux sp\u00e9cifications et exigences de nos clients.<\/p>\n<p>Chez PFA Tube Shop, nous adoptons une approche qui va au-del\u00e0 de la simple fourniture de produits. Nos sp\u00e9cialistes produits d\u00e9di\u00e9s Paul et Jeroen sont pr\u00eats \u00e0 vous fournir un support technique, des conseils et une assistance tout au long de votre projet.<\/p>\n<h2>Large stock de tubes et tuyaux PFA<\/h2>\n<p>Chez PFA Tube Shop, nous nous effor\u00e7ons constamment d&rsquo;avoir les bons tubes en stock. Si toutefois le tuyau souhait\u00e9 n&rsquo;est pas disponible, <span style=\"text-decoration: underline;\"><a href=\"https:\/\/pfatubeshop.com\/contact\/\">contactez-nous<\/a><\/span> afin que nous puissions faire une offre appropri\u00e9e.<\/p>\n\t\t\t\t\t\t\t\t<\/div>\n\t\t\t\t<\/div>\n\t\t\t\t<\/div>\n\t\t<div class=\"elementor-element elementor-element-9c27782 e-flex e-con-boxed e-con e-parent\" data-id=\"9c27782\" data-element_type=\"container\" data-e-type=\"container\">\n\t\t\t\t\t<div class=\"e-con-inner\">\n\t\t\t\t\t<\/div>\n\t\t\t\t<\/div>\n\t\t\t\t<\/div>\n\t\t","protected":false},"excerpt":{"rendered":"<p>Sp\u00e9cialiste des tubes et tuyaux PFA PFA Tube Shop est une extension fiable de PTFE Tube Shop, et constitue une branche sp\u00e9cialis\u00e9e au sein de notre entreprise qui se concentre enti\u00e8rement sur la fourniture de tubes et tuyaux PFA de haute qualit\u00e9. En tant que segment d\u00e9di\u00e9 de notre organisation, nous nous sommes fix\u00e9s pour [&hellip;]<\/p>\n","protected":false},"author":2,"featured_media":0,"parent":0,"menu_order":0,"comment_status":"closed","ping_status":"closed","template":"","meta":{"footnotes":""},"class_list":["post-45525","page","type-page","status-publish","hentry"],"_links":{"self":[{"href":"https:\/\/pfatubeshop.com\/fr\/wp-json\/wp\/v2\/pages\/45525","targetHints":{"allow":["GET"]}}],"collection":[{"href":"https:\/\/pfatubeshop.com\/fr\/wp-json\/wp\/v2\/pages"}],"about":[{"href":"https:\/\/pfatubeshop.com\/fr\/wp-json\/wp\/v2\/types\/page"}],"author":[{"embeddable":true,"href":"https:\/\/pfatubeshop.com\/fr\/wp-json\/wp\/v2\/users\/2"}],"replies":[{"embeddable":true,"href":"https:\/\/pfatubeshop.com\/fr\/wp-json\/wp\/v2\/comments?post=45525"}],"version-history":[{"count":0,"href":"https:\/\/pfatubeshop.com\/fr\/wp-json\/wp\/v2\/pages\/45525\/revisions"}],"wp:attachment":[{"href":"https:\/\/pfatubeshop.com\/fr\/wp-json\/wp\/v2\/media?parent=45525"}],"curies":[{"name":"wp","href":"https:\/\/api.w.org\/{rel}","templated":true}]}}