{"id":46164,"date":"2024-01-14T11:42:38","date_gmt":"2024-01-14T10:42:38","guid":{"rendered":"https:\/\/pfatubeshop.com\/?post_type=product&#038;p=46164"},"modified":"2024-04-30T07:43:57","modified_gmt":"2024-04-30T05:43:57","slug":"tubo-pfa-451-maxima-pureza-1-4%e2%80%b3-x-3-8%e2%80%b3-635-mm-x-953-mm","status":"publish","type":"product","link":"https:\/\/pfatubeshop.com\/es\/producto\/tubo-pfa-451-maxima-pureza-1-4%e2%80%b3-x-3-8%e2%80%b3-635-mm-x-953-mm\/","title":{"rendered":"Tubo PFA 451 M\u00e1xima Pureza 1\/4\u2033 x 3\/8\u2033 &#8211; 6,35 mm x 9,53 mm"},"content":{"rendered":"<h1>Tubo PFA 451 M\u00c1XIMA PUREZA de 1\/4\u2033 x 3\/8\u2033 &#8211; (6,35 mm x 9,53 mm)<\/h1>\n<p>Este tubo de PFA est\u00e1 fabricado con <strong>granulado Chemours 451 HP<\/strong>. El tubo tiene un di\u00e1metro externo de 9,53 mm (OD), un di\u00e1metro interno de 6,35 mm (ID) &#8211; 1\/4\u2033 x 3\/8\u2033,\u00a0 y un grosor de pared de 1,6 mm.<\/p>\n<p>Los tubos de PFA 451 HP se utilizan com\u00fanmente como tuber\u00edas de transporte en la producci\u00f3n de sustancias qu\u00edmicas de ultrapureza, componentes para transportar l\u00edquidos en el sector de los semiconductores y sistemas de dosificaci\u00f3n de sustancias qu\u00edmicas de gran rendimiento en los que la pureza es el requisito principal.<\/p>\n<p>La uniformidad de la superficie de los tubos de PFA 451 HP es mucho mejor si se la compara con las mangueras de PFA est\u00e1ndar y se usan cuando se necesita el nivel m\u00e1s alto de resistencia qu\u00edmica y pureza.<\/p>\n<p>Los productos fabricados con gr\u00e1nulos\/resina de PFA 451 HP satisfacen los requisitos de contacto con alimentos seg\u00fan FDA 21, CFR 177.1550 y la reglamentaci\u00f3n europea (UE) N.\u00ba 10\/2011. Encontrar\u00e1 m\u00e1s informaci\u00f3n en el sitio web de <a href=\"https:\/\/www.teflon.com\/en\/-\/media\/files\/teflon\/teflon-pfa-451hp-product-info.pdf?rev=1a7aa238a39543218468304f57b6c73c&amp;hash=0E3C9255CCAC4D0E33F6B2AD380CE8ED\" rel=\"noopener\">Chemours.<\/a><\/p>\n<p><strong>Las caracter\u00edsticas de este tubo de PFA de m\u00e1xima pureza son las siguientes:<\/strong><\/p>\n<ul>\n<li>Di\u00e1metro interno (ID): 6,35 mm +\/- 0,15 mm<\/li>\n<li>Di\u00e1metro externo (OD): 9,5 mm +\/- 0,15 mm<\/li>\n<li>Grosor de pared: 1,58 mm +\/- 0,1 mm<\/li>\n<li>Rango de temperatura: &#8211; 200 \u00baC a + 260 \u00baC<\/li>\n<li>Radio de doblado: 40 &#8211; 45 mm<\/li>\n<li>Color: transparente<\/li>\n<li>Forma: uniforme<\/li>\n<li>Aprobado por la FDA: s\u00ed<\/li>\n<li>Peso cada 100 metros: 8,69 kg<\/li>\n<li>Presi\u00f3n de ruptura (20 \u00baC): 106 Bar<\/li>\n<li>Presi\u00f3n de trabajo (20 \u00baC): 21 Bar*<\/li>\n<\/ul>\n<p>&nbsp;<\/p>\n<p><strong>El PFA (perfluoroalquiloxy) tiene propiedades \u00fanicas:<\/strong><\/p>\n<ul>\n<li>Transparente<\/li>\n<li>Fundible<\/li>\n<li>Qu\u00edmicamente inerte<\/li>\n<li>Gran rango de temperatura &#8211; 200 \u00baC a +260 \u00baC<\/li>\n<li>No adhesivo \/ muy baja fricci\u00f3n<\/li>\n<li>Repelente al agua<\/li>\n<li>Aprobado por la FDA<\/li>\n<li>Buenos valores de aislamiento<\/li>\n<\/ul>\n<p>&nbsp;<\/p>\n<p style=\"text-align: center;\"><strong>Todas las caracter\u00edsticas del producto se suministran como referencia; las condiciones de uso pueden influir por lo que siempre recomendamos realizar pruebas exhaustivas.<\/strong><\/p>\n<p>* La relaci\u00f3n entre la presi\u00f3n de ruptura y la presi\u00f3n de trabajo es, por lo general, 3 a 1 o 5 a 1, dependiendo de la temperatura, el medio en contacto con el tubo de PFA, el an\u00e1lisis de riesgos y otros factores.<\/p>\n<h4>Pida mangueras de PFA de m\u00e1xima pureza de 1\/4\u2033 x 3\/8\u2033 &#8211; (6,35 mm x 9,53 mm) con 8 beneficios \u01c0 PTFEtubeshop.com<\/h4>\n<p>Esta manguera de PFA, de 1\/4\u2033 x 3\/8\u2033 &#8211; (6,35 mm x 9,53 mm), se entrega cumpliendo con nuestros 8 valores centrales:<\/p>\n<p>1) Env\u00edos en 24 horas si disponemos de inventario.<br \/>\n2) Manguera de PFA, calidad de primera, con tolerancias justas<br \/>\n3) Pedidos en l\u00ednea a partir de 1 metro o cortes seg\u00fan los requisitos del cliente<br \/>\n4) En caso de necesitar art\u00edculos espec\u00edficos y entrega programada <a href=\"https:\/\/pfatubeshop.com\/es\/pongase-en-contacto-con\/\">comun\u00edquese con nosotros<\/a> para conversar sobre las opciones.<br \/>\n5) Entrega en cuenta: comun\u00edquese con nosotros o env\u00ede una orden de compra por correo electr\u00f3nico y analizaremos si es posible comenzar a entregar en cuenta.<br \/>\n6) Entregas internacionales: introduzca la direcci\u00f3n de entrega en la salida y el sistema calcular\u00e1 los costes de env\u00edo.<br \/>\n7) Reducci\u00f3n de CO2: plantamos un \u00e1rbol por cada 20 kilogramos de material que vendemos.<br \/>\n8) Precio, en caso de que el precio no sea el correcto, inf\u00f3rmenos y veremos si podemos adaptarnos.<\/p>\n<p>Descubra el rendimiento y la durabilidad sin igual de nuestras mangueras de PFA de m\u00e1xima calidad. Ya sea que est\u00e9 en el sector qu\u00edmico, farmac\u00e9utico, aeroespacial u otras industrias de gran demanda, nuestros tubos de PFA le ofrecen soluciones fiables para aplicaciones cruciales. Con excelente resistencia qu\u00edmica, tolerancia a temperatura extrema y una variedad de tama\u00f1os y longitudes disponibles, nuestros productos cumplen con las m\u00e1s altas normas de rendimiento y confiabilidad. Si tiene alguna pregunta o busca un di\u00e1metro alternativo, <a href=\"https:\/\/pfatubeshop.com\/es\/solicitar-un-presupuesto\/\">comun\u00edquese hoy con nosotros<\/a> para obtener m\u00e1s informaci\u00f3n.<\/p>\n<h3>Teflon\u2122 PFA<\/h3>\n<p>Teflon\u2122 es la marca comercial registrada de Chemours de sus gr\u00e1nulos, recubrimientos y pel\u00edculas fluoropl\u00e1sticas. Chemours licencia la marca Teflon\u2122 junto con las aplicaciones aprobadas. Sin la licencia de marca, no podemos identificar nuestros productos con la marca Teflon ya que no contamos con una licencia de la marca comercial Teflon. Por lo tanto, solo usamos el c\u00f3digo de material 451 HP de Chemours en nuestras mangueras de m\u00e1xima pureza en lugar de Teflon 451 HP.<\/p>\n<h3>Tabla de precios de las mangueras de PFA HP451 de 1\/4\u2033 x 3\/8\u2033 &#8211; (6,35 mm x 9,53 mm)<\/h3>\n<div id=\"ConnectiveDocSignExtentionInstalled\" data-extension-version=\"1.0.4\"><\/div>\n","protected":false},"excerpt":{"rendered":"<p><strong><span style=\"color: #c51230;\">\u221a<i class=\"far fa-check\"><\/i> <\/span>Material PFA de Chemours<\/strong><br \/>\n<i class=\"far fa-check\"><\/i><\/p>\n<p><strong><span style=\"color: #c51230;\">\u221a<\/span> Granulado 451 HP &#8211; M\u00c1XIMA PUREZA<\/strong><br \/>\n<i class=\"far fa-check\"><\/i><\/p>\n<p><strong><span style=\"color: #c51230;\">\u221a\u00a0<\/span>Env\u00edos en 24 horas a partir de 1 metro<\/strong><br \/>\n<i class=\"far fa-check\"><\/i><\/p>\n<p><strong><span style=\"color: #c51230;\">\u221a\u00a0<\/span>Tolerancias muy justas\u00a0<\/strong><\/p>\n<div id=\"ConnectiveDocSignExtentionInstalled\" data-extension-version=\"1.0.4\"><\/div>\n","protected":false},"featured_media":41455,"template":"","meta":[],"product_brand":[],"product_cat":[13084],"product_tag":[],"class_list":{"0":"post-46164","1":"product","2":"type-product","3":"status-publish","4":"has-post-thumbnail","6":"type-high-purity-pfa-es","7":"sizing-inch-es","8":"product_cat-productos","10":"first","11":"instock","12":"taxable","13":"shipping-taxable","14":"purchasable","15":"product-type-variable"},"_links":{"self":[{"href":"https:\/\/pfatubeshop.com\/es\/wp-json\/wp\/v2\/product\/46164","targetHints":{"allow":["GET"]}}],"collection":[{"href":"https:\/\/pfatubeshop.com\/es\/wp-json\/wp\/v2\/product"}],"about":[{"href":"https:\/\/pfatubeshop.com\/es\/wp-json\/wp\/v2\/types\/product"}],"wp:featuredmedia":[{"embeddable":true,"href":"https:\/\/pfatubeshop.com\/es\/wp-json\/wp\/v2\/media\/41455"}],"wp:attachment":[{"href":"https:\/\/pfatubeshop.com\/es\/wp-json\/wp\/v2\/media?parent=46164"}],"wp:term":[{"taxonomy":"product_brand","embeddable":true,"href":"https:\/\/pfatubeshop.com\/es\/wp-json\/wp\/v2\/product_brand?post=46164"},{"taxonomy":"product_cat","embeddable":true,"href":"https:\/\/pfatubeshop.com\/es\/wp-json\/wp\/v2\/product_cat?post=46164"},{"taxonomy":"product_tag","embeddable":true,"href":"https:\/\/pfatubeshop.com\/es\/wp-json\/wp\/v2\/product_tag?post=46164"}],"curies":[{"name":"wp","href":"https:\/\/api.w.org\/{rel}","templated":true}]}}