{"id":45946,"date":"2024-01-16T16:16:32","date_gmt":"2024-01-16T15:16:32","guid":{"rendered":"https:\/\/pfatubeshop.com\/?post_type=product&#038;p=45946"},"modified":"2024-06-05T14:44:53","modified_gmt":"2024-06-05T12:44:53","slug":"tubo-pfa-451-maxima-pureza-4-mm-x-6-mm","status":"publish","type":"product","link":"https:\/\/pfatubeshop.com\/es\/producto\/tubo-pfa-451-maxima-pureza-4-mm-x-6-mm\/","title":{"rendered":"Manguera PFA 451 Alta Pureza 4 mm x 6 mm"},"content":{"rendered":"<h1>Manguera PFA ALTA PUREZA 4 mm x 6 mm<\/h1>\n<p>Esta manguera de PFA est\u00e1 fabricada con <strong>granulado Chemours 451 HP. <\/strong>La manguera tiene un di\u00e1metro exterior de 6 mm (DE), un di\u00e1metro interior de 4 mm (DI) y un grosor de pared de 1,0 mm.<\/p>\n<p>Las mangueras PFA 451HP se utilizan a menudo como tuber\u00edas para la producci\u00f3n de productos qu\u00edmicos ultrapuros, componentes para el transporte de l\u00edquidos en la industria de semiconductores y sistemas de dosificaci\u00f3n de productos qu\u00edmicos de alto rendimiento en los que la pureza es el requisito m\u00e1s exigente.<\/p>\n<p>Las mangueras de PFA 451HP tienen una superficie a\u00fan m\u00e1s lisa que las mangueras de PFA est\u00e1ndar y se utilizan cuando se requieren los niveles m\u00e1s altos de resistencia qu\u00edmica y pureza.<\/p>\n<p>Los productos fabricados con gr\u00e1nulos\/resina de PFA 451HP cumplen los requisitos de contacto con alimentos seg\u00fan la norma FDA 21 CFR 177.1550 y el Reglamento Europeo (UE) n\u00ba 10\/2011. Puedes encontrar informaci\u00f3n completa en el sitio web de <a href=\"https:\/\/www.teflon.com\/en\/-\/media\/files\/teflon\/teflon-pfa-451hp-product-info.pdf?rev=1a7aa238a39543218468304f57b6c73c&amp;hash=0E3C9255CCAC4D0E33F6B2AD380CE8ED\" rel=\"noopener\">Chemours.<\/a><\/p>\n<p><strong>Esta manguera PFA de alta pureza tiene las siguientes caracter\u00edsticas:<\/strong><\/p>\n<ul>\n<li>Di\u00e1metro interior (DI): 4,0 mm +\/- 0,1 mm<\/li>\n<li>Di\u00e1metro exterior (DE): 6,0 mm +\/- 0,1 mm<\/li>\n<li>Grosor de la pared: 1,0 mm +\/- 0,1 mm<\/li>\n<li>Rango de temperatura: de menos 200\u00b0C a m\u00e1s 260\u00b0C<\/li>\n<li>Radio de curvatura: 12 &#8211; 16 mm<\/li>\n<li>Color: Transparente<\/li>\n<li>Forma: Liso<\/li>\n<li>Aprobaci\u00f3n de la FDA: S\u00ed<\/li>\n<li>Peso por 100 metros: 2,48 kg<\/li>\n<li>Presi\u00f3n de rotura en Bar (20\u00b0C): 106 Bar<\/li>\n<li>Presi\u00f3n de trabajo (20\u00b0C): 21 Bar*.<\/li>\n<\/ul>\n<p>El PFA (perfluoroalcoxi) tiene propiedades \u00fanicas:<\/p>\n<ul>\n<li>Transparente<\/li>\n<li>Fusible \/ soldable<\/li>\n<li>Qu\u00edmicamente inerte<\/li>\n<li>Amplio rango de temperatura -200C a +260C<\/li>\n<li>Sin adherencia \/ muy baja fricci\u00f3n<\/li>\n<li>Repelente al agua<\/li>\n<li>Aprobado por la FDA<\/li>\n<li>Buenos valores de aislamiento<\/li>\n<\/ul>\n<p style=\"text-align: center;\"><b>Todas las caracter\u00edsticas del producto son orientativas, las condiciones de uso pueden afectar, por lo que siempre recomendamos realizar pruebas exhaustivas.<\/b><\/p>\n<p>* La relaci\u00f3n entre la presi\u00f3n de rotura y la presi\u00f3n de trabajo suele ser de 3 a 1 o de 5 a 1, seg\u00fan la temperatura, el medio en contacto con el tubo de PFA, el an\u00e1lisis de riesgos y otros factores.<\/p>\n<p><span style=\"color: #1a1a1a; font-size: 1.4rem; letter-spacing: -0.02em;\">Encargar manguera PFA de alta pureza de 4 mm x 6 mm con 8 ventajas \u01c0 PTFEtubeshop.com<\/span><\/p>\n<p>Esta manguera de PFA de 4 mm x 6 mm se suministra seg\u00fan nuestros 8 valores fundamentales:<\/p>\n<p>1) Env\u00edo en 24 horas si est\u00e1 en stock<br \/>\n2) Manguera de PFA, calidad de primera clase con tolerancias estrechas<br \/>\n3) Haz tu pedido en l\u00ednea a partir de 1 metro o pregunta por las opciones de manguera personalizada<br \/>\n4) Stock espec\u00edfico para el cliente y entrega justo a tiempo; ponte en <a href=\"https:\/\/pfatubeshop.com\/contact\/\">contacto<\/a> para hablar de las opciones<br \/>\n5) Entrega a cuenta. Ponte en contacto con nosotros o env\u00edanos un pedido por correo electr\u00f3nico y veremos si podemos empezar a entregar a cuenta<br \/>\n6) Env\u00edo a todo el mundo, introduce la direcci\u00f3n de env\u00edo al realizar el pedido y el sistema calcular\u00e1 los gastos de env\u00edo<br \/>\n7) Reducci\u00f3n de CO2, plantamos un \u00e1rbol por cada 20 kilos de material que vendemos<br \/>\n8) Precio, en caso de que nuestro precio no sea el correcto despu\u00e9s de todo. H\u00e1znoslo saber y veremos si podemos complacerte<\/p>\n<p>Descubre el incomparable rendimiento y durabilidad de nuestras mangueras PFA HP de alta calidad. Tanto si trabajas en la industria qu\u00edmica, farmac\u00e9utica, aeroespacial u otras industrias exigentes, nuestras mangueras de PFA ofrecen soluciones fiables para tus aplicaciones cr\u00edticas. Con una excelente resistencia qu\u00edmica, tolerancia a temperaturas extremas y una gama de tama\u00f1os y longitudes disponibles, nuestros productos cumplen las normas m\u00e1s exigentes de rendimiento y fiabilidad. Si tienes m\u00e1s preguntas o buscas un di\u00e1metro alternativo, ponte en contacto con <a style=\"font-size: 16px;\" href=\"https:\/\/pfatubeshop.com\/offerte-aanvragen\/\">nosotros<\/a> hoy mismo<span style=\"font-size: 16px;\"> para obtener m\u00e1s informaci\u00f3n.<\/span><\/p>\n<h3>Teflon\u2122 PFA<\/h3>\n<p>Teflon\u2122 es una marca registrada de Chemours para sus granulados, revestimientos y pel\u00edculas fluoropl\u00e1sticos, etc. La marca Teflon\u2122 est\u00e1 autorizada por Chemours junto con aplicaciones aprobadas. Sin una licencia de marca, no podemos identificar nuestros productos con la marca Teflon, ya que no disponemos de una licencia de marca Teflon. Por lo tanto, s\u00f3lo utilizamos el c\u00f3digo de material Chemours 451HP para nuestras mangueras de alta pureza y no Tefl\u00f3n 451HP.<\/p>\n<h3>Tabla de precios Manguera PFA HP451 4 mm x 6 mm<\/h3>\n","protected":false},"excerpt":{"rendered":"<p><strong><span style=\"color: #c51230;\"><i class=\"far fa-check\"><\/i> \u221a Material PFA Chemours <\/span><span style=\"color: #c51230;\"> <\/span><\/strong><br \/>\n<i class=\"far fa-check\"><\/i><br \/>\n<strong><span style=\"color: #c51230;\">\u221a<\/span> 451 HP granulado &#8211; ALTA PUREZA<\/strong><br \/>\n<i class=\"far fa-check\"><\/i><\/p>\n<p><strong><span style=\"color: #c51230;\">\u221a <\/span>Enviado en 24 horas desde 1 metro<\/strong><br \/>\n<i class=\"far fa-check\"><\/i><\/p>\n<p><strong><span style=\"color: #c51230;\">\u221a <\/span>Tolerancias <\/strong><b>tolerancias<\/b><\/p>\n<div id=\"ConnectiveDocSignExtentionInstalled\" data-extension-version=\"1.0.4\"><\/div>\n","protected":false},"featured_media":41455,"template":"","meta":[],"product_brand":[],"product_cat":[13084],"product_tag":[14285],"class_list":{"0":"post-45946","1":"product","2":"type-product","3":"status-publish","4":"has-post-thumbnail","6":"type-high-purity-pfa-es","7":"sizing-mm-es","8":"product_cat-productos","9":"product_tag-tubo-hp-4x6-pfa-es","11":"first","12":"instock","13":"taxable","14":"shipping-taxable","15":"purchasable","16":"product-type-variable"},"_links":{"self":[{"href":"https:\/\/pfatubeshop.com\/es\/wp-json\/wp\/v2\/product\/45946","targetHints":{"allow":["GET"]}}],"collection":[{"href":"https:\/\/pfatubeshop.com\/es\/wp-json\/wp\/v2\/product"}],"about":[{"href":"https:\/\/pfatubeshop.com\/es\/wp-json\/wp\/v2\/types\/product"}],"wp:featuredmedia":[{"embeddable":true,"href":"https:\/\/pfatubeshop.com\/es\/wp-json\/wp\/v2\/media\/41455"}],"wp:attachment":[{"href":"https:\/\/pfatubeshop.com\/es\/wp-json\/wp\/v2\/media?parent=45946"}],"wp:term":[{"taxonomy":"product_brand","embeddable":true,"href":"https:\/\/pfatubeshop.com\/es\/wp-json\/wp\/v2\/product_brand?post=45946"},{"taxonomy":"product_cat","embeddable":true,"href":"https:\/\/pfatubeshop.com\/es\/wp-json\/wp\/v2\/product_cat?post=45946"},{"taxonomy":"product_tag","embeddable":true,"href":"https:\/\/pfatubeshop.com\/es\/wp-json\/wp\/v2\/product_tag?post=45946"}],"curies":[{"name":"wp","href":"https:\/\/api.w.org\/{rel}","templated":true}]}}