{"id":45057,"date":"2023-10-08T03:08:11","date_gmt":"2023-10-08T01:08:11","guid":{"rendered":"https:\/\/pfatubeshop.com\/?post_type=product&#038;p=45057"},"modified":"2024-04-10T08:29:12","modified_gmt":"2024-04-10T06:29:12","slug":"tubos-de-pfa-3-8%e2%80%b3-x-1-2%e2%80%b3-95-mm-x-127-mm","status":"publish","type":"product","link":"https:\/\/pfatubeshop.com\/es\/producto\/tubos-de-pfa-3-8%e2%80%b3-x-1-2%e2%80%b3-95-mm-x-127-mm\/","title":{"rendered":"Tubos de PFA 3\/8\u2033 x 1\/2\u2033 &#8211; (9,5 mm x 12,7 mm)"},"content":{"rendered":"<h1>Tubos de PFA 3\/8\u2033 x 1\/2\u2033 &#8211; (9,5 mm x 12,7 mm)<\/h1>\n<p>Estos tubos de PFA tienen un di\u00e1metro externo (OD) de 12,7 mm, un di\u00e1metro interno (ID) de 9,5 mm &#8211; 3\/8\u2033 x 1\/2\u2033,\u00a0 y un grosor de pared de 1,8 mm. Nuestros tubos de PFA se fabrican exclusivamente con gr\u00e1nulos de PFA 100 % puros. Los tubos de PFA (perfluoroalquilo) son un tipo de tubos que se usan en distintas aplicaciones, en especial en entornos industriales y qu\u00edmicos, debido a sus propiedades \u00fanicas:<\/p>\n<ul>\n<li>Transparencia<\/li>\n<li>Fundible\/soldable<\/li>\n<li>Inerte qu\u00edmicamente<\/li>\n<li>Amplia gama de temperatura: -200 \u00b0C a +260 \u00b0C<\/li>\n<li>No adhesivo \/ muy baja fricci\u00f3n<\/li>\n<li>Hidr\u00f3fobo (repele el agua)<\/li>\n<li>Aprobado por la FDA<\/li>\n<li>Buenas propiedades de aislamiento<\/li>\n<\/ul>\n<p>&nbsp;<\/p>\n<p>El PFA tiene amplias aplicaciones en distintos sectores, incluidos m\u00e9dico, aeroespacial, petroqu\u00edmico, semiconductores y los sectores alimentario y de empaques.<\/p>\n<h4>Las caracter\u00edsticas de producto de los tubos de PFA son las siguientes:<\/h4>\n<ul>\n<li>Di\u00e1metro interno (ID): 9,5 mm +\/- 0,20 mm<\/li>\n<li>Di\u00e1metro externo (OD): 12,7 mm +\/- 0,20 mm<\/li>\n<li>Grosor de pared: 1,8 mm +\/- 0,1 mm<\/li>\n<li>Rango de temperatura: -200 \u00b0C a +260 \u00b0C<\/li>\n<li>Radio de doblado: 75 a 85 mm<\/li>\n<li>Color: transparente<\/li>\n<li>Forma: uniforme<\/li>\n<li>Aprobado por la FDA: s\u00ed<\/li>\n<li>Peso cada 100 metros: 12,36 kg<\/li>\n<li>Presi\u00f3n de ruptura (20 \u00b0C): 77 Bar<\/li>\n<li>Presi\u00f3n de trabajo (20 \u00b0C): 15 Bar*<\/li>\n<\/ul>\n<p>&nbsp;<\/p>\n<h4 style=\"text-align: center;\">Todas las caracter\u00edsticas de producto se indican como referencia; siempre recomendamos pruebas<br \/>\nexhaustivas ya que las condiciones de funcionamiento pueden influir.<\/h4>\n<p>* La relaci\u00f3n entre la presi\u00f3n de ruptura y la presi\u00f3n de trabajo es, por lo general, de 3 a 1 o 5 a 1, dependiendo de la temperatura, el medio en contacto con el tubo de PFA, el an\u00e1lisis de riesgos y otros factores.<\/p>\n<p>Si busca m\u00e1s informaci\u00f3n sobre el material PFA \u00fanico, puede interesarle la descripci\u00f3n completa de las propiedades del PFA en Wikipedia: <a href=\"https:\/\/en.wikipedia.org\/wiki\/Perfluoroalkoxy_alkane\" rel=\"noopener\">Perfluoroalkoxy alkane &#8211; Wikipedia<\/a><\/p>\n<h3>Pida tubos de PFA de 3\/8\u2033 x 1\/2\u2033 &#8211; (9,5 mm x 12,7 mm) con 8 beneficios | PTFEtubeshop.com<\/h3>\n<p>Estos tubos de PFA, de 3\/8\u2033 x 1\/2\u2033 &#8211; (9,5 mm x 12,7 mm), se entregan cumpliendo con nuestros 8 valores centrales:<\/p>\n<p>1) Env\u00edos en 24 horas si disponemos de stock.<br \/>\n2) Tubos de PFA de primera calidad con tolerancias estrictas.<br \/>\n3) Disponible para pedidos en l\u00ednea a partir de 1 metro o consulte las opciones para pedir tubos a medida.<br \/>\n4) Stock espec\u00edfico del cliente y entregas a tiempo, <a href=\"https:\/\/pfatubeshop.com\/es\/pongase-en-contacto-con\/\">comun\u00edquese<\/a> con nosotros para conversar sobre las opciones.<br \/>\n5) Entrega en cuenta: comun\u00edquese con nosotros o env\u00ede una orden de compra y consideraremos entregar con una factura a 30 d\u00edas.<br \/>\n6) Env\u00edos internacionales: en la salida, introduzca la direcci\u00f3n de env\u00edo y el sistema calcular\u00e1 el costo correspondiente.<br \/>\n7) Reducci\u00f3n de CO2: plantamos un \u00e1rbol por cada 20 kilogramos de material que vendemos.<br \/>\n8) Precio: si nuestro precio no es competitivo, inf\u00f3rmenos y veremos si podemos adaptarlo.<\/p>\n<p>Descubra el rendimiento y la durabilidad sin igual de nuestros tubos de PFA de \u00f3ptima calidad. Ya sea que est\u00e9 en el sector qu\u00edmico, farmac\u00e9utico, aeroespacial u otros campos de gran demanda, nuestros tubos de PFA le ofrecen soluciones confiables para aplicaciones cruciales. Con excelente resistencia qu\u00edmica, tolerancia a temperatura extrema y una variedad de tama\u00f1os y longitudes disponibles, nuestros productos cumplen con las m\u00e1s altas normas de rendimiento y confiabilidad. Si tiene alguna pregunta o busca un di\u00e1metro alternativo, <a href=\"https:\/\/pfatubeshop.com\/es\/solicitar-un-presupuesto\/\">comun\u00edquese hoy<\/a> con nosotros para obtener m\u00e1s<br \/>\ninformaci\u00f3n.<\/p>\n<h3>Tabla de precios de los tubos de PFA de 3\/8\u2033 x 1\/2\u2033 &#8211; (9,5 mm x 12,7 mm)<\/h3>\n","protected":false},"excerpt":{"rendered":"<p><strong><span style=\"color: #c51230;\">\u221a<i class=\"far fa-check\"><\/i> <\/span>Fabricados con PFA 100 % puro<\/strong><br \/>\n<i class=\"far fa-check\"><\/i><\/p>\n<p><strong><span style=\"color: #c51230;\">\u221a <\/span>Disponibles a partir de 1 metro<\/strong><br \/>\n<i class=\"far fa-check\"><\/i><\/p>\n<p><strong><span style=\"color: #c51230;\">\u221a\u00a0<\/span>Tolerancia justa en el di\u00e1metro<\/strong><br \/>\n<i class=\"far fa-check\"><\/i><\/p>\n<p><strong><span style=\"color: #c51230;\">\u221a\u00a0<\/span>Env\u00edos en 24 horas<\/strong><\/p>\n<div id=\"ConnectiveDocSignExtentionInstalled\" data-extension-version=\"1.0.4\"><\/div>\n","protected":false},"featured_media":41455,"template":"","meta":[],"product_brand":[],"product_cat":[13084],"product_tag":[],"class_list":{"0":"post-45057","1":"product","2":"type-product","3":"status-publish","4":"has-post-thumbnail","6":"type-standard-pfa-es","7":"sizing-inch-es","8":"product_cat-productos","10":"first","11":"instock","12":"taxable","13":"shipping-taxable","14":"purchasable","15":"product-type-variable"},"_links":{"self":[{"href":"https:\/\/pfatubeshop.com\/es\/wp-json\/wp\/v2\/product\/45057","targetHints":{"allow":["GET"]}}],"collection":[{"href":"https:\/\/pfatubeshop.com\/es\/wp-json\/wp\/v2\/product"}],"about":[{"href":"https:\/\/pfatubeshop.com\/es\/wp-json\/wp\/v2\/types\/product"}],"wp:featuredmedia":[{"embeddable":true,"href":"https:\/\/pfatubeshop.com\/es\/wp-json\/wp\/v2\/media\/41455"}],"wp:attachment":[{"href":"https:\/\/pfatubeshop.com\/es\/wp-json\/wp\/v2\/media?parent=45057"}],"wp:term":[{"taxonomy":"product_brand","embeddable":true,"href":"https:\/\/pfatubeshop.com\/es\/wp-json\/wp\/v2\/product_brand?post=45057"},{"taxonomy":"product_cat","embeddable":true,"href":"https:\/\/pfatubeshop.com\/es\/wp-json\/wp\/v2\/product_cat?post=45057"},{"taxonomy":"product_tag","embeddable":true,"href":"https:\/\/pfatubeshop.com\/es\/wp-json\/wp\/v2\/product_tag?post=45057"}],"curies":[{"name":"wp","href":"https:\/\/api.w.org\/{rel}","templated":true}]}}