{"id":47816,"date":"2024-06-07T12:34:26","date_gmt":"2024-06-07T10:34:26","guid":{"rendered":"https:\/\/pfatubeshop.com\/politica-de-privacidad\/"},"modified":"2024-06-07T12:34:28","modified_gmt":"2024-06-07T10:34:28","slug":"politica-de-privacidad","status":"publish","type":"page","link":"https:\/\/pfatubeshop.com\/es\/politica-de-privacidad\/","title":{"rendered":"Pol\u00edtica de privacidad"},"content":{"rendered":"\n<h1>Bienvenido a nuestra Declaraci\u00f3n de privacidad<\/h1>\n<h3>Tu privacidad es importante para nosotros<\/h3>\n<p>PFA Tube Shop se encuentra en:<\/p>\n<address>Tienda de tubos PFA<br\/>Baarschot 20B Breda<br\/>4817 ZZ &#8211; Brabante Septentrional, Pa\u00edses Bajos<br\/>+31 76 201 1487<\/address>\n<p>La pol\u00edtica de PFA Tube Shop es respetar tu privacidad con respecto a cualquier informaci\u00f3n que podamos recoger al utilizar nuestro sitio web. Esta Declaraci\u00f3n de Privacidad se aplica a <a href=\"https:\/\/pfatubeshop.com\/es\/\">pfatubeshop.com<\/a> (en adelante \u00abnosotros\u00bb, \u00abnos\u00bb o \u00abpfatubeshop.com\u00bb). Respetamos tu privacidad y nos comprometemos a proteger cualquier informaci\u00f3n personal identificable que puedas proporcionarnos a trav\u00e9s del Sitio Web. Hemos adoptado esta declaraci\u00f3n de privacidad (\u00abDeclaraci\u00f3n de Privacidad\u00bb) para explicar qu\u00e9 informaci\u00f3n puede recogerse en nuestro Sitio Web, c\u00f3mo utilizamos esa informaci\u00f3n y en qu\u00e9 circunstancias podemos revelar la informaci\u00f3n a terceros. Esta Declaraci\u00f3n de Privacidad s\u00f3lo se aplica a la informaci\u00f3n que recopilamos a trav\u00e9s del Sitio Web y no se aplica a nuestra recopilaci\u00f3n de informaci\u00f3n de otras fuentes.<\/p>\n<p>Esta Declaraci\u00f3n de Privacidad, junto con los T\u00e9rminos y Condiciones publicados en nuestro Sitio Web, establecen las normas y pol\u00edticas generales relativas a tu uso de nuestro Sitio Web. Dependiendo de las actividades que realices al visitar nuestro Sitio Web, es posible que tengas que aceptar condiciones de servicio adicionales.<\/p>\n<h2>Visitantes del sitio web<\/h2>\n<p>Al igual que la mayor\u00eda de los operadores de sitios web, PFA Tube Shop recopila informaci\u00f3n de identificaci\u00f3n no personal del tipo que los navegadores y servidores web suelen poner a disposici\u00f3n, como el tipo de navegador, la preferencia de idioma, el sitio de referencia y la fecha y hora de cada solicitud de visitante. El prop\u00f3sito de PFA Tube Shop al recoger informaci\u00f3n no personal identificable es comprender mejor c\u00f3mo utilizan el sitio web los visitantes de PFA Tube Shop. De vez en cuando, PFA Tube Shop puede divulgar informaci\u00f3n no identificable personalmente de forma agregada, por ejemplo, publicando un informe sobre las tendencias de uso del sitio web.<\/p>\n<p>PFA Tube Shop tambi\u00e9n recopila informaci\u00f3n potencial de identificaci\u00f3n personal, como las direcciones IP de los usuarios registrados y de los usuarios que dejan comentarios en las entradas del blog en https:\/\/pfatubeshop.com\/. PFA Tube Shop s\u00f3lo revela las direcciones IP de los usuarios registrados y de los comentaristas en las mismas circunstancias en que utiliza y revela la informaci\u00f3n de identificaci\u00f3n personal, tal y como se describe a continuaci\u00f3n.<\/p>\n<h2>Recogida de informaci\u00f3n personal identificable<\/h2>\n<p>Algunos visitantes de los sitios web de PFA Tube Shop eligen interactuar con PFA Tube Shop de formas que requieren que PFA Tube Shop recopile informaci\u00f3n de identificaci\u00f3n personal. La cantidad y el tipo de informaci\u00f3n recogida por PFA Tube Shop depende de la naturaleza de la interacci\u00f3n. Por ejemplo, pedimos a los visitantes que se suscriben a un blog en https:\/\/pfatubeshop.com\/ que proporcionen un nombre de usuario y una direcci\u00f3n de correo electr\u00f3nico.<\/p>\n<h2>Seguridad<\/h2>\n<p>La seguridad de tu informaci\u00f3n personal es importante para nosotros, pero recuerda que ning\u00fan m\u00e9todo de transmisi\u00f3n por Internet o de almacenamiento electr\u00f3nico es seguro al 100%. Aunque nos esforzamos por utilizar medios comercialmente aceptables para proteger tu informaci\u00f3n personal, no podemos garantizar su seguridad absoluta.<\/p>\n<h2>Anuncios<\/h2>\n<p>Los anuncios que aparecen en nuestro sitio web pueden ser enviados a los usuarios por socios publicitarios, que pueden instalar cookies. Estas cookies permiten al servidor de anuncios reconocer tu ordenador cada vez que te env\u00edan un anuncio en l\u00ednea y recopilar informaci\u00f3n sobre ti o sobre otras personas que utilizan tu ordenador. Esta informaci\u00f3n permite a las redes publicitarias ofrecer, entre otras cosas, anuncios espec\u00edficos que creen que ser\u00e1n de mayor inter\u00e9s para ti. Esta Declaraci\u00f3n de Privacidad cubre el uso de cookies por parte de PFA Tube Shop y no cubre el uso de cookies por parte de los anunciantes.<\/p>\n<h2>Enlaces a sitios externos<\/h2>\n<p>Nuestro Servicio puede contener enlaces a sitios web externos que no son operados por nosotros. Si haces clic en un enlace de terceros, ser\u00e1s redirigido al sitio web de ese tercero. Te recomendamos encarecidamente que revises la Declaraci\u00f3n de Privacidad y los T\u00e9rminos y Condiciones de cada sitio que visites.<\/p>\n<p>No tenemos ning\u00fan control ni asumimos ninguna responsabilidad por el contenido, las pol\u00edticas de privacidad o las pr\u00e1cticas de los sitios web, productos o servicios externos.<\/p>\n<h2>PFA Tube Shop utiliza Google AdWords para remarketing<\/h2>\n<p>PFA Tube Shop utiliza servicios de remarketing para anunciarse en sitios web de terceros (incluido Google) a visitantes que han visitado previamente nuestro sitio. Esto podr\u00eda significar hacer publicidad a visitantes que no han completado una tarea en nuestro sitio, como utilizar el formulario de contacto para hacer una pregunta. Puede ser en forma de anuncio en la p\u00e1gina de resultados de b\u00fasqueda de Google o en un sitio de la Red de Display de Google. Terceros, incluido Google, utilizan cookies para mostrar anuncios basados en visitas anteriores. Por supuesto, todos los datos recogidos se utilizar\u00e1n de acuerdo con nuestra propia pol\u00edtica de privacidad y la pol\u00edtica de privacidad de Google.<\/p>\n<p>Puedes establecer preferencias sobre la forma en que Google te hace publicidad a trav\u00e9s de los anuncios de Google\n\nSi lo deseas, puedes excluirte completamente de los anuncios basados en intereses a trav\u00e9s de la configuraci\u00f3n de las cookies o de forma permanente mediante un complemento del navegador.<\/p>\n<h2>Estad\u00edsticas agregadas<\/h2>\n<p>PFA Tube Shop puede recopilar estad\u00edsticas sobre el comportamiento de los visitantes de su sitio web. PFA Tube Shop puede mostrar esta informaci\u00f3n p\u00fablicamente o facilit\u00e1rsela a otros. Sin embargo, PFA Tube Shop no revela ninguna informaci\u00f3n personal identificable sobre ti.<\/p>\n<h2>Cookies<\/h2>\n<p>Para enriquecer y mejorar tu experiencia online, PFA Tube Shop utiliza \u00abCookies\u00bb, tecnolog\u00edas similares y servicios prestados por terceros para mostrar contenidos personalizados, mostrar anuncios adecuados y almacenar tus preferencias en tu ordenador.<\/p>\n<p>Una cookie es una cadena de informaci\u00f3n que un sitio web almacena en el ordenador de un visitante y que el navegador del visitante proporciona al sitio web cada vez que lo visita. PFA Tube Shop utiliza cookies para identificar y rastrear a los visitantes, su uso de https:\/\/pfatubeshop.com\/ y sus preferencias para acceder al sitio web. Los visitantes de PFA Tube Shop que no deseen que se instalen cookies en sus ordenadores deben configurar sus navegadores para que rechacen las cookies antes de utilizar los sitios web de PFA Tube Shop, con la desventaja de que ciertas caracter\u00edsticas de los sitios web de PFA Tube Shop pueden no funcionar correctamente sin la ayuda de las cookies.<\/p>\n<p>Si contin\u00faas utilizando nuestro sitio web sin cambiar la configuraci\u00f3n de cookies, reconoces y aceptas el uso de cookies por parte de PFA Tube Shop.<\/p>\n<h2>Comercio electr\u00f3nico<\/h2>\n<p>A quienes realizan transacciones con PFA Tube Shop -comprando servicios o productos de PFA Tube Shop- se les pide que proporcionen informaci\u00f3n adicional, incluida la informaci\u00f3n personal y financiera necesaria para procesar dichas transacciones. En cada caso, PFA Tube Shop recoge dicha informaci\u00f3n s\u00f3lo en la medida necesaria o apropiada para cumplir el prop\u00f3sito de la interacci\u00f3n del visitante con PFA Tube Shop. PFA Tube Shop divulga informaci\u00f3n de identificaci\u00f3n personal s\u00f3lo como se describe a continuaci\u00f3n. Y los visitantes siempre pueden negarse a facilitar informaci\u00f3n personal identificable, teniendo en cuenta que esto puede impedirles participar en determinadas actividades relacionadas con el sitio web.<\/p>\n<h2>Cambios en la pol\u00edtica de privacidad<\/h2>\n<p>Aunque es probable que la mayor\u00eda de los cambios sean menores, PFA Tube Shop puede cambiar su Declaraci\u00f3n de Privacidad de vez en cuando, y a la entera discreci\u00f3n de PFA Tube Shop. PFA Tube Shop anima a sus visitantes a que comprueben con frecuencia esta p\u00e1gina para ver si se han producido cambios en la Pol\u00edtica de Privacidad. El uso continuado de este sitio despu\u00e9s de un cambio en esta Pol\u00edtica de Privacidad constituir\u00e1 tu aceptaci\u00f3n de dicho cambio.<\/p>\n<h2>Informaci\u00f3n de cr\u00e9dito y contacto<\/h2>\nSi tienes alguna pregunta sobre nuestra Pol\u00edtica de privacidad, ponte en contacto con nosotros por <a href=\"mailto:info@pfatubeshop.com\">correo electr\u00f3nico<\/a> o por <a href=\"tel:+312076202%2076%\">tel\u00e9fono<\/a>.\n","protected":false},"excerpt":{"rendered":"<p>Bienvenido a nuestra Declaraci\u00f3n de privacidad Tu privacidad es importante para nosotros PFA Tube Shop se encuentra en: Tienda de tubos PFABaarschot 20B Breda4817 ZZ &#8211; Brabante Septentrional, Pa\u00edses Bajos+31 76 201 1487 La pol\u00edtica de PFA Tube Shop es respetar tu privacidad con respecto a cualquier informaci\u00f3n que podamos recoger al utilizar nuestro sitio [&hellip;]<\/p>\n","protected":false},"author":2,"featured_media":0,"parent":0,"menu_order":0,"comment_status":"closed","ping_status":"open","template":"","meta":{"footnotes":""},"class_list":["post-47816","page","type-page","status-publish","hentry"],"_links":{"self":[{"href":"https:\/\/pfatubeshop.com\/es\/wp-json\/wp\/v2\/pages\/47816","targetHints":{"allow":["GET"]}}],"collection":[{"href":"https:\/\/pfatubeshop.com\/es\/wp-json\/wp\/v2\/pages"}],"about":[{"href":"https:\/\/pfatubeshop.com\/es\/wp-json\/wp\/v2\/types\/page"}],"author":[{"embeddable":true,"href":"https:\/\/pfatubeshop.com\/es\/wp-json\/wp\/v2\/users\/2"}],"replies":[{"embeddable":true,"href":"https:\/\/pfatubeshop.com\/es\/wp-json\/wp\/v2\/comments?post=47816"}],"version-history":[{"count":0,"href":"https:\/\/pfatubeshop.com\/es\/wp-json\/wp\/v2\/pages\/47816\/revisions"}],"wp:attachment":[{"href":"https:\/\/pfatubeshop.com\/es\/wp-json\/wp\/v2\/media?parent=47816"}],"curies":[{"name":"wp","href":"https:\/\/api.w.org\/{rel}","templated":true}]}}