{"id":47792,"date":"2024-06-07T12:34:00","date_gmt":"2024-06-07T10:34:00","guid":{"rendered":"https:\/\/pfatubeshop.com\/devuelve\/"},"modified":"2024-06-07T12:34:01","modified_gmt":"2024-06-07T10:34:01","slug":"devuelve","status":"publish","type":"page","link":"https:\/\/pfatubeshop.com\/es\/devuelve\/","title":{"rendered":"Devuelve"},"content":{"rendered":"\n<p><strong>\u00bfPuedo devolver mis art\u00edculos?<\/strong><\/p>\n\n<p>Utilizamos 2 categor\u00edas, piezas cortadas a medida y rollos completos.<\/p>\n\n<p>Obtenido de <strong>\n  <em>piezas cortadas a medida<\/em>\n<\/strong> en principio no se pueden devolver. Se personalizar\u00e1n para ti. La excepci\u00f3n es si se suministra una longitud o un di\u00e1metro incorrectos.<\/p>\n\n<p>Para <strong>\n  <em>rollos completos<\/em>\n<\/strong> se pueden devolver. Esto est\u00e1 sujeto a un plazo legal de 14 d\u00edas tras la recepci\u00f3n. Los rollos completos miden 50 metros o m\u00faltiplos.<\/p>\n\n<p><strong>\u00bfSon gratuitas las devoluciones?<\/strong><\/p>\n\n<p>No, los gastos de devoluci\u00f3n corren a cargo del comprador.<\/p>\n\n<p><strong>\u00bfCu\u00e1ndo me devolver\u00e1n el dinero?<\/strong><\/p>\n\n<p>Una vez recibida y aceptada la devoluci\u00f3n, te reembolsaremos el importe de la devoluci\u00f3n en un plazo de 5 d\u00edas laborables.<\/p>\n\n<p><strong>\u00bfPuedo anular un pedido?<\/strong><\/p>\n\n<p>S\u00ed puedes, siempre que el art\u00edculo no haya sido enviado o cortado a medida, puedes cancelarlo. Pero trabajamos a la velocidad del rayo, as\u00ed que en este caso lo m\u00e1s conveniente es que te pongas en contacto con nosotros por tel\u00e9fono.<\/p>\n","protected":false},"excerpt":{"rendered":"<p>\u00bfPuedo devolver mis art\u00edculos? Utilizamos 2 categor\u00edas, piezas cortadas a medida y rollos completos. Obtenido de piezas cortadas a medida en principio no se pueden devolver. Se personalizar\u00e1n para ti. La excepci\u00f3n es si se suministra una longitud o un di\u00e1metro incorrectos. Para rollos completos se pueden devolver. Esto est\u00e1 sujeto a un plazo legal [&hellip;]<\/p>\n","protected":false},"author":2,"featured_media":0,"parent":0,"menu_order":0,"comment_status":"closed","ping_status":"closed","template":"","meta":{"footnotes":""},"class_list":["post-47792","page","type-page","status-publish","hentry"],"_links":{"self":[{"href":"https:\/\/pfatubeshop.com\/es\/wp-json\/wp\/v2\/pages\/47792","targetHints":{"allow":["GET"]}}],"collection":[{"href":"https:\/\/pfatubeshop.com\/es\/wp-json\/wp\/v2\/pages"}],"about":[{"href":"https:\/\/pfatubeshop.com\/es\/wp-json\/wp\/v2\/types\/page"}],"author":[{"embeddable":true,"href":"https:\/\/pfatubeshop.com\/es\/wp-json\/wp\/v2\/users\/2"}],"replies":[{"embeddable":true,"href":"https:\/\/pfatubeshop.com\/es\/wp-json\/wp\/v2\/comments?post=47792"}],"version-history":[{"count":0,"href":"https:\/\/pfatubeshop.com\/es\/wp-json\/wp\/v2\/pages\/47792\/revisions"}],"wp:attachment":[{"href":"https:\/\/pfatubeshop.com\/es\/wp-json\/wp\/v2\/media?parent=47792"}],"curies":[{"name":"wp","href":"https:\/\/api.w.org\/{rel}","templated":true}]}}