{"id":47673,"date":"2024-06-07T12:27:17","date_gmt":"2024-06-07T10:27:17","guid":{"rendered":"https:\/\/pfatubeshop.com\/cesta\/"},"modified":"2024-06-07T12:27:19","modified_gmt":"2024-06-07T10:27:19","slug":"cesta","status":"publish","type":"page","link":"https:\/\/pfatubeshop.com\/es\/cesta\/","title":{"rendered":"Cesta"},"content":{"rendered":"\t\t<div data-elementor-type=\"wp-page\" data-elementor-id=\"47673\" class=\"elementor elementor-47673 elementor-10\" data-elementor-post-type=\"page\">\n\t\t\t\t<div class=\"elementor-element elementor-element-fb01104 e-flex e-con-boxed e-con e-parent\" data-id=\"fb01104\" data-element_type=\"container\" data-e-type=\"container\">\n\t\t\t\t\t<div class=\"e-con-inner\">\n\t\t\t\t\t<\/div>\n\t\t\t\t<\/div>\n\t\t<div class=\"elementor-element elementor-element-408614b e-flex e-con-boxed e-con e-parent\" data-id=\"408614b\" data-element_type=\"container\" data-e-type=\"container\">\n\t\t\t\t\t<div class=\"e-con-inner\">\n\t\t\t\t<div class=\"elementor-element elementor-element-422e42c elementor-widget elementor-widget-text-editor\" data-id=\"422e42c\" data-element_type=\"widget\" data-e-type=\"widget\" data-widget_type=\"text-editor.default\">\n\t\t\t\t<div class=\"elementor-widget-container\">\n\t\t\t\t\t\t\t\t\t<h2> <\/h2>\n<h2 class=\"elementor-heading-title elementor-size-default\" style=\"text-align: center;\"><strong>Compra manguera PFA con estas 8 ventajas<\/strong><\/h2>\n<\/p>\n<ol>\n<li><strong>Env\u00edo<\/strong> r\u00e1pido y eficaz <strong>en 1 d\u00eda laborable<\/strong><\/li>\n<li>Calidad superior con <strong>tolerancias ajustadas<\/strong><\/li>\n<li>Longitudes <strong>a partir de 1 metro<\/strong><\/li>\n<li>Stock espec\u00edfico del cliente y entrega justo a tiempo<\/li>\n<li>Facturaci\u00f3n a cuenta<\/li>\n<li>Entrega global<\/li>\n<li>Sostenibilidad y <strong>reducci\u00f3n de CO2<\/strong><\/li>\n<li><strong>Precios elevados<\/strong><\/li>\n<\/ol>\n\t\t\t\t\t\t\t\t<\/div>\n\t\t\t\t<\/div>\n\t\t\t\t\t<\/div>\n\t\t\t\t<\/div>\n\t\t\t\t<\/div>\n\t\t","protected":false},"excerpt":{"rendered":"<p>Compra manguera PFA con estas 8 ventajas Env\u00edo r\u00e1pido y eficaz en 1 d\u00eda laborable Calidad superior con tolerancias ajustadas Longitudes a partir de 1 metro Stock espec\u00edfico del cliente y entrega justo a tiempo Facturaci\u00f3n a cuenta Entrega global Sostenibilidad y reducci\u00f3n de CO2 Precios elevados<\/p>\n","protected":false},"author":2,"featured_media":0,"parent":0,"menu_order":0,"comment_status":"closed","ping_status":"closed","template":"","meta":{"footnotes":""},"class_list":["post-47673","page","type-page","status-publish","hentry"],"_links":{"self":[{"href":"https:\/\/pfatubeshop.com\/es\/wp-json\/wp\/v2\/pages\/47673","targetHints":{"allow":["GET"]}}],"collection":[{"href":"https:\/\/pfatubeshop.com\/es\/wp-json\/wp\/v2\/pages"}],"about":[{"href":"https:\/\/pfatubeshop.com\/es\/wp-json\/wp\/v2\/types\/page"}],"author":[{"embeddable":true,"href":"https:\/\/pfatubeshop.com\/es\/wp-json\/wp\/v2\/users\/2"}],"replies":[{"embeddable":true,"href":"https:\/\/pfatubeshop.com\/es\/wp-json\/wp\/v2\/comments?post=47673"}],"version-history":[{"count":0,"href":"https:\/\/pfatubeshop.com\/es\/wp-json\/wp\/v2\/pages\/47673\/revisions"}],"wp:attachment":[{"href":"https:\/\/pfatubeshop.com\/es\/wp-json\/wp\/v2\/media?parent=47673"}],"curies":[{"name":"wp","href":"https:\/\/api.w.org\/{rel}","templated":true}]}}