{"id":47620,"date":"2024-06-07T12:24:11","date_gmt":"2024-06-07T10:24:11","guid":{"rendered":"https:\/\/pfatubeshop.com\/formas-de-pago\/"},"modified":"2026-03-25T12:40:26","modified_gmt":"2026-03-25T11:40:26","slug":"formas-de-pago","status":"publish","type":"page","link":"https:\/\/pfatubeshop.com\/es\/formas-de-pago\/","title":{"rendered":"Formas de pago"},"content":{"rendered":"\n<p>Utilizamos las siguientes opciones para pagar en l\u00ednea de forma segura:<\/p>\n\n<ul class=\"wp-block-list\">\n<li>iDEAL | Wero<\/li>\n\n\n\n<li>Tarjeta de cr\u00e9dito<\/li>\n\n\n\n<li>Transferencia Sepa<\/li>\n\n\n\n<li>Belfius Directo<\/li>\n\n\n\n<li>PayPal<\/li>\n<\/ul>\n\n<p>Todos estos pagos se realizan a trav\u00e9s de nuestro socio de pagos Mollie, que garantiza una soluci\u00f3n de pago segura y sencilla.<\/p>\n\n<p><strong>Pago a cuenta:<\/strong><\/p>\n\n<p>Quiz\u00e1 tu empresa pueda optar a la entrega a cuenta. Si quieres pagar a cuenta, podemos abrirte una cuenta con cr\u00e9dito a 30 d\u00edas. En funci\u00f3n del resultado de una verificaci\u00f3n de cr\u00e9dito, se decidir\u00e1 si esto tambi\u00e9n es posible para tu organizaci\u00f3n.<\/p>\n\n<p>Devuelve el siguiente archivo: <a href=\"https:\/\/pfatubeshop.com\/wp-content\/uploads\/2019\/11\/PTFE-op-rekening.docx\">Pago a cuenta<\/a> cumplimentado y firmado a <a href=\"mailto:info@pfatubeshop.com\">info@pfatubeshop.com<\/a><\/p>\n\n<p>Si tienes mucha urgencia, te recomendamos que pagues tu primer pedido en l\u00ednea, ya que la aprobaci\u00f3n tardar\u00e1 de 1 a 2 d\u00edas.<\/p>\n\n<p><strong>Factura<\/strong><\/p>\n\n<p>Cada entrega ir\u00e1 acompa\u00f1ada de una factura correcta. Adem\u00e1s, la factura tambi\u00e9n se env\u00eda por correo electr\u00f3nico. Si no est\u00e1 del todo claro, por supuesto siempre puedes ponerte en contacto con nosotros<\/p>\n\n<p><strong>Exenci\u00f3n del IVA<\/strong><\/p>\n\n<p>Los env\u00edos comerciales a pa\u00edses extranjeros a menudo pueden quedar exentos del I.V.A. Nuestro sistema de pedidos en l\u00ednea tambi\u00e9n lo contempla.<\/p>\n\n<p>Si facilitas un n\u00famero de I.V.A. correcto al realizar el pago, el sistema determinar\u00e1 autom\u00e1ticamente si debe cobrarse el I.V.A.<\/p>\n","protected":false},"excerpt":{"rendered":"<p>Utilizamos las siguientes opciones para pagar en l\u00ednea de forma segura: Todos estos pagos se realizan a trav\u00e9s de nuestro socio de pagos Mollie, que garantiza una soluci\u00f3n de pago segura y sencilla. Pago a cuenta: Quiz\u00e1 tu empresa pueda optar a la entrega a cuenta. Si quieres pagar a cuenta, podemos abrirte una cuenta [&hellip;]<\/p>\n","protected":false},"author":2,"featured_media":0,"parent":0,"menu_order":0,"comment_status":"closed","ping_status":"closed","template":"","meta":{"footnotes":""},"class_list":["post-47620","page","type-page","status-publish","hentry"],"_links":{"self":[{"href":"https:\/\/pfatubeshop.com\/es\/wp-json\/wp\/v2\/pages\/47620","targetHints":{"allow":["GET"]}}],"collection":[{"href":"https:\/\/pfatubeshop.com\/es\/wp-json\/wp\/v2\/pages"}],"about":[{"href":"https:\/\/pfatubeshop.com\/es\/wp-json\/wp\/v2\/types\/page"}],"author":[{"embeddable":true,"href":"https:\/\/pfatubeshop.com\/es\/wp-json\/wp\/v2\/users\/2"}],"replies":[{"embeddable":true,"href":"https:\/\/pfatubeshop.com\/es\/wp-json\/wp\/v2\/comments?post=47620"}],"version-history":[{"count":2,"href":"https:\/\/pfatubeshop.com\/es\/wp-json\/wp\/v2\/pages\/47620\/revisions"}],"predecessor-version":[{"id":49550,"href":"https:\/\/pfatubeshop.com\/es\/wp-json\/wp\/v2\/pages\/47620\/revisions\/49550"}],"wp:attachment":[{"href":"https:\/\/pfatubeshop.com\/es\/wp-json\/wp\/v2\/media?parent=47620"}],"curies":[{"name":"wp","href":"https:\/\/api.w.org\/{rel}","templated":true}]}}