{"id":47593,"date":"2024-06-07T12:23:42","date_gmt":"2024-06-07T10:23:42","guid":{"rendered":"https:\/\/pfatubeshop.com\/pedido-y-entrega-f-a-q\/"},"modified":"2024-06-07T12:23:45","modified_gmt":"2024-06-07T10:23:45","slug":"pedido-y-entrega-f-a-q","status":"publish","type":"page","link":"https:\/\/pfatubeshop.com\/es\/pedido-y-entrega-f-a-q\/","title":{"rendered":"Pedido y entrega &#8211; F.A.Q."},"content":{"rendered":"\n<p><strong>\u00bfCu\u00e1ndo recibir\u00e9 mi pedido?<\/strong><\/p>\n\n<p>Nuestro objetivo es ofrecer tu pedido a PostNL o GLS en las 24 horas siguientes a la recepci\u00f3n del pago, si est\u00e1 en stock. Seg\u00fan el pa\u00eds de entrega, se a\u00f1aden varios d\u00edas de entrega. Una vez que hayamos enviado el paquete, recibir\u00e1s un c\u00f3digo de seguimiento que te permitir\u00e1 rastrearlo.<\/p>\n\n<p><strong>\u00bfCu\u00e1les son los costes de los pedidos peque\u00f1os?<\/strong><\/p>\n\n<p>Los pedidos inferiores a 20 euros est\u00e1n sujetos a un recargo de 10 euros por pedido peque\u00f1o. Consejo: a menudo es ventajoso pedir un poco m\u00e1s para que se caigan.<\/p>\n\n<p><strong>\u00bfEn cu\u00e1nto tiempo recibir\u00e9 mi pedido?<\/strong><\/p>\n\n<p>Los paquetes dentro de Europa se env\u00edan generalmente por GLS. Todos los sobres y paquetes fuera de Europa con Postnl.<\/p>\n\n<p>Consulta aqu\u00ed los plazos de entrega actuales por transportista:<\/p>\n\n<ul class=\"wp-block-list\">\n<li><a href=\"https:\/\/gls-group.eu\/NL\/nl\/verzendinformatie\/verzenden-binnen-de-eu\" target=\"_blank\" rel=\"noreferrer noopener\">GLS<\/a><\/li>\n\n\n\n<li><a href=\"https:\/\/www.postnl.nl\/versturen\/pakket-versturen\/pakket-buitenland\/bezorgtijd-naar-buitenland\/\" target=\"_blank\" rel=\"noreferrer noopener\">PostNL<\/a><\/li>\n<\/ul>\n\n<p><strong>Necesito recibir mi paquete m\u00e1s r\u00e1pido, \u00bfes posible?<\/strong><\/p>\n\n<p>Si quieres recibir un paquete m\u00e1s r\u00e1pidamente, podr\u00edamos reservarlo a trav\u00e9s de otros socios log\u00edsticos m\u00e1s r\u00e1pidos o con el n\u00famero de cuenta de tu transportista. Cualquier coste adicional correr\u00e1 a cargo del comprador.<\/p>\n\n<p><strong>\u00bfEs cara la entrega?<\/strong><\/p>\n\n<p>Dentro de la Uni\u00f3n Europea, aplicamos tipos fijos bajos. No importa si haces un pedido peque\u00f1o o muy grande.<\/p>\n\n<figure class=\"wp-block-table\"><table><tbody><tr><td>Pa\u00edses Bajos<\/td><td>  \u20ac 6,25<\/td><td><\/td><td>Irlanda<\/td><td>  \u20ac 16,95<\/td><td><\/td><td>Hungr\u00eda<\/td><td>  \u20ac 22,50<\/td><\/tr><tr><td>B\u00e9lgica<\/td><td>  \u20ac 7,50<\/td><td><\/td><td>Italia<\/td><td>  \u20ac 16,95<\/td><td><\/td><td>Croacia<\/td><td>  \u20ac 22,50<\/td><\/tr><tr><td>Alemania<\/td><td>  \u20ac 8,70<\/td><td><\/td><td>Polonia<\/td><td>  \u20ac 16,95<\/td><td><\/td><td>Letonia<\/td><td>  \u20ac 22,50<\/td><\/tr><tr><td>Dinamarca<\/td><td>  \u20ac 12,50<\/td><td><\/td><td>Portugal<\/td><td>  \u20ac 16,95<\/td><td><\/td><td>Lituania<\/td><td>  \u20ac 22,50<\/td><\/tr><tr><td>Francia<\/td><td>  \u20ac 12,50<\/td><td><\/td><td>Espa\u00f1a<\/td><td>  \u20ac 16,95<\/td><td><\/td><td>Ruman\u00eda<\/td><td>  \u20ac 22,50<\/td><\/tr><tr><td>Luxemburgo<\/td><td>  \u20ac 12,50<\/td><td><\/td><td>Suecia<\/td><td>  \u20ac 22,50<\/td><td><\/td><td>Eslovenia<\/td><td>  \u20ac 22,50<\/td><\/tr><tr><td>Austria<\/td><td>  \u20ac 12,50<\/td><td><\/td><td>Bulgaria<\/td><td>  \u20ac 22,50<\/td><td><\/td><td>Eslovaquia<\/td><td>  \u20ac 22,50<\/td><\/tr><tr><td>Reino Unido<\/td><td>  \u20ac 12,50<\/td><td><\/td><td>Estonia<\/td><td>  \u20ac 22,50<\/td><td><\/td><td>Rep\u00fablica Checa<\/td><td>  \u20ac 22,50<\/td><\/tr><tr><td>Finlandia<\/td><td>  \u20ac 16,95<\/td><td><\/td><td><\/td><td><\/td><td><\/td><td><\/td><td><\/td><\/tr><\/tbody><\/table><\/figure>\n\n<p>Fuera de la Uni\u00f3n Europea, los gastos de env\u00edo se calculan por peso:<\/p>\n\n<figure class=\"wp-block-table\"><table><tbody><tr><td>0 a 999 gr<\/td><td>  \u20ac 50,00<\/td><td><\/td><td>8 kg. hasta 8999 gr<\/td><td>  \u20ac 103,00<\/td><\/tr><tr><td>1 kg. hasta 1999 gr<\/td><td>  \u20ac 55,00<\/td><td><\/td><td>9 kg. hasta 9999 gr<\/td><td>  \u20ac 107,00<\/td><\/tr><tr><td>2 kg. hasta 2999 gr<\/td><td>  \u20ac 60,00<\/td><td><\/td><td>10 kg. hasta 10999 gr<\/td><td>  \u20ac 117,00<\/td><\/tr><tr><td>3 kg. hasta 3999 gr<\/td><td>  \u20ac 65,00<\/td><td><\/td><td>11 kg. hasta 11999 gr<\/td><td>  \u20ac 122,00<\/td><\/tr><tr><td>4 kg. hasta 4999 gr<\/td><td>  \u20ac 73,80<\/td><td><\/td><td>12 kg. hasta 12999 gr<\/td><td>  \u20ac 135,00<\/td><\/tr><tr><td>5 kg. hasta 5999 gr<\/td><td>  \u20ac 78,00<\/td><td><\/td><td>13 kg. hasta 13999 gr<\/td><td>  \u20ac 137,00<\/td><\/tr><tr><td>6 kg. hasta 6999 gr<\/td><td>  \u20ac 84,00<\/td><td><\/td><td>14 kg. hasta 14999 gr<\/td><td>  \u20ac 142,00<\/td><\/tr><tr><td>7 kg. hasta 7999 gr<\/td><td>  \u20ac 93,00<\/td><td><\/td><td>15 kg. hasta 15999 gr<\/td><td>  \u20ac 148,00<\/td><\/tr><\/tbody><\/table><\/figure>\n\n<p><strong>Me gustar\u00eda hacer un pedido, pero \u00bftiene que ser a cuenta?<\/strong><\/p>\n\n<p>Por lo general, esto no supone ning\u00fan problema. Bas\u00e1ndonos en una comprobaci\u00f3n de cr\u00e9dito, vemos si podemos entregar a cuenta. Si se aprueba, simplemente recibir\u00e1s una factura que deber\u00e1s pagar en un plazo de 30 d\u00edas. Env\u00edanos un correo electr\u00f3nico con los datos de tu empresa y la orden de compra, \u00a1y te abriremos una cuenta!<\/p>\n\n<p><strong>\u00bfLa manguera se entrega siempre de una pieza?<\/strong><\/p>\n\n<p>Nos esforzamos por entregar tu pedido en el menor n\u00famero de piezas posible, pero en 1 pieza no siempre es posible. As\u00ed, puede ocurrir que un pedido de, digamos, 70 metros se entregue en una pieza de 50 metros y otra de 20 metros, o de 40 + 30 metros, en funci\u00f3n de las existencias. Generalmente, nuestros rollos completos tienen una longitud de 50 \u00f3 100 metros, seg\u00fan el di\u00e1metro solicitado.<\/p>\n","protected":false},"excerpt":{"rendered":"<p>\u00bfCu\u00e1ndo recibir\u00e9 mi pedido? Nuestro objetivo es ofrecer tu pedido a PostNL o GLS en las 24 horas siguientes a la recepci\u00f3n del pago, si est\u00e1 en stock. Seg\u00fan el pa\u00eds de entrega, se a\u00f1aden varios d\u00edas de entrega. Una vez que hayamos enviado el paquete, recibir\u00e1s un c\u00f3digo de seguimiento que te permitir\u00e1 rastrearlo. [&hellip;]<\/p>\n","protected":false},"author":2,"featured_media":0,"parent":0,"menu_order":0,"comment_status":"closed","ping_status":"closed","template":"","meta":{"footnotes":""},"class_list":["post-47593","page","type-page","status-publish","hentry"],"_links":{"self":[{"href":"https:\/\/pfatubeshop.com\/es\/wp-json\/wp\/v2\/pages\/47593","targetHints":{"allow":["GET"]}}],"collection":[{"href":"https:\/\/pfatubeshop.com\/es\/wp-json\/wp\/v2\/pages"}],"about":[{"href":"https:\/\/pfatubeshop.com\/es\/wp-json\/wp\/v2\/types\/page"}],"author":[{"embeddable":true,"href":"https:\/\/pfatubeshop.com\/es\/wp-json\/wp\/v2\/users\/2"}],"replies":[{"embeddable":true,"href":"https:\/\/pfatubeshop.com\/es\/wp-json\/wp\/v2\/comments?post=47593"}],"version-history":[{"count":0,"href":"https:\/\/pfatubeshop.com\/es\/wp-json\/wp\/v2\/pages\/47593\/revisions"}],"wp:attachment":[{"href":"https:\/\/pfatubeshop.com\/es\/wp-json\/wp\/v2\/media?parent=47593"}],"curies":[{"name":"wp","href":"https:\/\/api.w.org\/{rel}","templated":true}]}}